

{"id":67680,"date":"2025-04-17T08:19:27","date_gmt":"2025-04-17T13:19:27","guid":{"rendered":"https:\/\/www.zinpro.com\/?page_id=67680"},"modified":"2025-06-25T15:21:43","modified_gmt":"2025-06-25T20:21:43","slug":"garner-recruitment","status":"publish","type":"page","link":"https:\/\/www.zinpro.com\/pt\/garner-recruitment\/","title":{"rendered":"Recrutamento da Garner"},"content":{"rendered":"<div class=\"wp-block-uagb-container uagb-block-38ed6d21 alignfull uagb-is-root-container\"><div class=\"uagb-container-inner-blocks-wrap\">\n<div class=\"wp-block-uagb-advanced-heading uagb-block-604f4bf2\"><h1 class=\"uagb-heading-text\">Mostre o que voc\u00ea tem de melhor<\/h1><\/div>\n\n\n\n<div class=\"wp-block-buttons is-layout-flex wp-block-buttons-is-layout-flex\">\n<div class=\"wp-block-button\"><a class=\"wp-block-button__link wp-element-button\" href=\"https:\/\/www.zinpro.com\/pt\/careers\/current-openings\/\">Contrata\u00e7\u00e3o atual - Inscreva-se hoje<\/a><\/div>\n<\/div>\n<\/div><\/div>\n\n\n\n\n<div id=\"resp-spacer-block_f20e70c18d1417855cf490cfade61319\" class=\"zinpro-spacer-block\"><\/div>\n\n<style>\n#resp-spacer-block_f20e70c18d1417855cf490cfade61319 {\n\tmargin-top: 80px;\n}\n\n@media screen and (max-width: 1366px) {\n\t#resp-spacer-block_f20e70c18d1417855cf490cfade61319 {\n\t\tmargin-top: 60px;\n\t}\n}\n\n@media screen and (max-width: 960px) {\n\t#resp-spacer-block_f20e70c18d1417855cf490cfade61319 {\n\t\tmargin-top: 40px;\n\t}\n}\n<\/style>\n\n\n<div class=\"wp-block-uagb-container uagb-block-cc43c985 alignfull uagb-is-root-container\"><div class=\"uagb-container-inner-blocks-wrap\">\n<div class=\"wp-block-uagb-advanced-heading uagb-block-da2df73a\"><h3 class=\"uagb-heading-text\"><strong>Experimente o Zinpro<sup>\u00ae<\/sup> Equipe<\/strong><\/h3><\/div>\n\n\n\n<p>Por mais de 53 anos, a Zinpro tem melhorado a sa\u00fade e o bem-estar de animais e pessoas como pioneira na pesquisa e no desenvolvimento de minerais de desempenho e solu\u00e7\u00f5es inovadoras. Como uma empresa familiar, nosso crescimento constante \u00e9 resultado de produtos de qualidade, equipe especializada e compromisso em ajudar nossos clientes a ter sucesso.<\/p>\n<\/div><\/div>\n\n\n\n<div id=\"advance-together\" class=\"wp-block-uagb-container uagb-block-b152dd7b alignfull uagb-is-root-container\"><div class=\"uagb-container-inner-blocks-wrap\">\n<div data-aos= \"fade-up\" data-aos-duration=\"400\" data-aos-delay=\"0\" data-aos-easing=\"ease\" data-aos-once=\"true\" class=\"wp-block-uagb-container uagb-block-839de8f8\">\n<p class=\"quote-text\">\"A diferen\u00e7a entre trabalhar na Zinpro e em outras empresas de manufatura \u00e9 a nossa estabilidade. Os funcion\u00e1rios n\u00e3o s\u00f3 t\u00eam o benef\u00edcio de um emprego est\u00e1vel, mas tamb\u00e9m podem vir trabalhar todos os dias e fazer a diferen\u00e7a na nutri\u00e7\u00e3o animal em todo o mundo.\"<\/p>\n\n\n\n<p class=\"quote-name\" style=\"font-size: 1em; color: #0000ff;\"><img decoding=\"async\"  src=\"https:\/\/www.zinpro.com\/wp-content\/uploads\/2025\/04\/Adam-Hunter-6803-081.jpg\" alt=\"Adam Hunter\"><strong style=\"color: #000000;\">Adam Hunter<\/strong><br>Gerente de f\u00e1brica - Garner, Iowa<br>\n<span style=\"color:#1C1C1C;\">Corpora\u00e7\u00e3o Zinpro<\/span><\/p>\n<\/div>\n\n\n\n<div data-aos= \"fade-up\" data-aos-duration=\"400\" data-aos-delay=\"400\" data-aos-easing=\"ease\" data-aos-once=\"true\" class=\"wp-block-uagb-container uagb-block-5f36a2b7\">\n<div class=\"wp-block-getwid-video-popup garner-video garner-embed has-image has-animation-zoom-out has-foreground-0\"><a class=\"wp-block-getwid-video-popup__link\" href=\"https:\/\/youtu.be\/sIQv5YyJdwI?si=8Dsa1my8pfoSXX27\"><div class=\"wp-block-getwid-video-popup__wrapper\"><img loading=\"lazy\" decoding=\"async\" width=\"1238\" height=\"687\" src=\"https:\/\/www.zinpro.com\/wp-content\/uploads\/2025\/05\/Garner-vid-cover.png\" alt=\"\" class=\"wp-block-getwid-video-popup__image wp-block-getwid-video-popup__source wp-image-68011\" srcset=\"https:\/\/www.zinpro.com\/wp-content\/uploads\/2025\/05\/Garner-vid-cover.png 1238w, https:\/\/www.zinpro.com\/wp-content\/uploads\/2025\/05\/Garner-vid-cover-300x166.png 300w, https:\/\/www.zinpro.com\/wp-content\/uploads\/2025\/05\/Garner-vid-cover-1024x568.png 1024w, https:\/\/www.zinpro.com\/wp-content\/uploads\/2025\/05\/Garner-vid-cover-50x28.png 50w, https:\/\/www.zinpro.com\/wp-content\/uploads\/2025\/05\/Garner-vid-cover-18x10.png 18w\" sizes=\"auto, (max-width: 1238px) 100vw, 1238px\" \/><div class=\"wp-block-getwid-video-popup__button is-style-default has-animation-pulse is-size-small\"><div class=\"wp-block-getwid-video-popup__icon\"><i class=\"fas fa-play\" aria-hidden=\"true\"><\/i><\/div><\/div><\/div><\/a><div class=\"wp-block-getwid-video-popup__caption\"><\/div><\/div>\n<\/div>\n<\/div><\/div>\n\n\n\n<div class=\"wp-block-uagb-container uagb-block-9813922b alignfull uagb-is-root-container\"><div class=\"uagb-container-inner-blocks-wrap\">\n<div data-aos= \"fade-up\" data-aos-duration=\"400\" data-aos-delay=\"0\" data-aos-easing=\"ease\" data-aos-once=\"true\" class=\"wp-block-uagb-container uagb-block-e8bfb058 alignfull uagb-is-root-container\"><div class=\"uagb-container-inner-blocks-wrap\">\n<div class=\"wp-block-uagb-advanced-heading uagb-block-31de9e40\"><h2 class=\"uagb-heading-text\">Zinpro lhe d\u00e1 mais<\/h2><\/div>\n<\/div><\/div>\n\n\n\n<div class=\"wp-block-uagb-container uagb-block-afb02897\">\n<div data-aos= \"fade-up\" data-aos-duration=\"400\" data-aos-delay=\"0\" data-aos-easing=\"ease\" data-aos-once=\"true\" class=\"wp-block-uagb-container uagb-block-b6c9ab4b\">\n<div class=\"wp-block-uagb-advanced-heading uagb-block-7ce1ce45\"><h5 class=\"uagb-heading-text\">100% Seguro m\u00e9dico pago pelo empregador<\/h5><\/div>\n<\/div>\n\n\n\n<div data-aos= \"fade-up\" data-aos-duration=\"400\" data-aos-delay=\"200\" data-aos-easing=\"ease\" data-aos-once=\"true\" class=\"wp-block-uagb-container uagb-block-3a99b33e\">\n<div class=\"wp-block-uagb-advanced-heading uagb-block-ff238b5d\"><h5 class=\"uagb-heading-text\">$5.000 de aux\u00edlio anual para cuidados de dependentes<\/h5><\/div>\n<\/div>\n\n\n\n<div data-aos= \"fade-up\" data-aos-duration=\"400\" data-aos-delay=\"300\" data-aos-easing=\"ease\" data-aos-once=\"true\" class=\"wp-block-uagb-container uagb-block-94641fb5\">\n<div class=\"wp-block-uagb-advanced-heading uagb-block-2d6cd2f1\"><h5 class=\"uagb-heading-text\">At\u00e9 15% Contribui\u00e7\u00f5es 401(k)<\/h5><\/div>\n<\/div>\n\n\n\n<div data-aos= \"fade-up\" data-aos-duration=\"400\" data-aos-delay=\"400\" data-aos-easing=\"ease\" data-aos-once=\"true\" class=\"wp-block-uagb-container uagb-block-097abe62\">\n<div class=\"wp-block-uagb-advanced-heading uagb-block-19c93319\"><h5 class=\"uagb-heading-text\">$4.000 de b\u00f4nus de admiss\u00e3o e b\u00f4nus anual baseado no desempenho<\/h5><\/div>\n<\/div>\n\n\n\n<div data-aos= \"fade-up\" data-aos-duration=\"400\" data-aos-delay=\"500\" data-aos-easing=\"ease\" data-aos-once=\"true\" class=\"wp-block-uagb-container uagb-block-230c2328\">\n<div class=\"wp-block-uagb-advanced-heading uagb-block-6de52d30\"><h5 class=\"uagb-heading-text\">F\u00e9rias e feriados remunerados<\/h5><\/div>\n<\/div>\n<\/div>\n\n\n\n<div data-aos= \"fade-up\" data-aos-duration=\"400\" data-aos-delay=\"0\" data-aos-easing=\"ease\" data-aos-once=\"true\" class=\"wp-block-uagb-container uagb-block-027fd1cf alignfull uagb-is-root-container\"><div class=\"uagb-container-inner-blocks-wrap\">\n<div class=\"wp-block-buttons is-layout-flex wp-block-buttons-is-layout-flex\">\n<div class=\"wp-block-button\"><a class=\"wp-block-button__link wp-element-button\" href=\"https:\/\/www.zinpro.com\/pt\/employee-benefits\/\">Saiba mais sobre nossos benef\u00edcios para funcion\u00e1rios<\/a><\/div>\n<\/div>\n<\/div><\/div>\n<\/div><\/div>\n\n\n\n<div data-aos= \"fade-up\" data-aos-duration=\"400\" data-aos-delay=\"0\" data-aos-easing=\"ease\" data-aos-once=\"true\" class=\"wp-block-uagb-container uagb-block-6dac7234 alignfull uagb-is-root-container\"><div class=\"uagb-container-inner-blocks-wrap\">\n<div class=\"wp-block-uagb-advanced-heading uagb-block-9cd43e26\"><h3 class=\"uagb-heading-text\">Junte-se \u00e0 nossa equipe na sua comunidade<\/h3><\/div>\n<\/div><\/div>\n\n\n\n<div class=\"wp-block-uagb-container uagb-block-0e18f44c alignfull uagb-is-root-container\"><div class=\"uagb-container-inner-blocks-wrap\">\n<div data-aos= \"fade-up\" data-aos-duration=\"400\" data-aos-delay=\"0\" data-aos-easing=\"ease\" data-aos-once=\"true\" class=\"wp-block-uagb-container uagb-block-d6cdeb03\">\n<div class=\"wp-block-uagb-container uagb-block-7a30d56c\"><\/div>\n\n\n\n<div class=\"wp-block-uagb-container uagb-block-28550718\">\n<div class=\"wp-block-uagb-advanced-heading uagb-block-43a37bfc\"><h4 class=\"uagb-heading-text\">Operador de f\u00e1brica<\/h4><\/div>\n\n\n\n<ul class=\"wp-block-list\">\n<li>Ganhe at\u00e9 $34\/hora<\/li>\n\n\n\n<li>Definir estrutura de turnos com diferencial de turno de $2\/hora<\/li>\n\n\n\n<li>Opera e mant\u00e9m o maquin\u00e1rio de produ\u00e7\u00e3o para misturar, combinar, processar, secar e embalar nossos produtos minerais inovadores com base cient\u00edfica<\/li>\n\n\n\n<li>40 horas\/semana mais horas extras ocasionais<\/li>\n<\/ul>\n<\/div>\n<\/div>\n\n\n\n<div data-aos= \"fade-up\" data-aos-duration=\"400\" data-aos-delay=\"200\" data-aos-easing=\"ease\" data-aos-once=\"true\" class=\"wp-block-uagb-container uagb-block-3f4f7ee5\">\n<div class=\"wp-block-uagb-container uagb-block-863ec401\"><\/div>\n\n\n\n<div class=\"wp-block-uagb-container uagb-block-2141babc\">\n<div class=\"wp-block-uagb-advanced-heading uagb-block-56d40f1e\"><h4 class=\"uagb-heading-text\">T\u00e9cnico de manuten\u00e7\u00e3o<\/h4><\/div>\n\n\n\n<ul class=\"wp-block-list\">\n<li>Ganhe at\u00e9 $44\/hora<\/li>\n\n\n\n<li>Mant\u00e9m, repara e instala sistemas de produ\u00e7\u00e3o da f\u00e1brica e realiza uma variedade de atividades de manuten\u00e7\u00e3o do local<\/li>\n\n\n\n<li>40 horas\/semana mais horas extras ocasionais<\/li>\n<\/ul>\n<\/div>\n<\/div>\n<\/div><\/div>\n\n\n\n<div data-aos= \"fade-up\" data-aos-duration=\"400\" data-aos-delay=\"0\" data-aos-easing=\"ease\" data-aos-once=\"true\" class=\"wp-block-uagb-container uagb-block-ea937d12 alignfull uagb-is-root-container\"><div class=\"uagb-container-inner-blocks-wrap\">\n<div class=\"wp-block-buttons is-layout-flex wp-block-buttons-is-layout-flex\">\n<div class=\"wp-block-button\"><a class=\"wp-block-button__link wp-element-button\" href=\"https:\/\/www.zinpro.com\/pt\/careers\/current-openings\/\">Inscreva-se agora<\/a><\/div>\n<\/div>\n<\/div><\/div>\n\n\n\n<div class=\"wp-block-uagb-container uagb-block-1c95bcf6 alignfull uagb-is-root-container\"><div class=\"uagb-container-inner-blocks-wrap\">\n<div data-aos= \"fade-up\" data-aos-duration=\"500\" data-aos-delay=\"0\" data-aos-easing=\"ease\" data-aos-once=\"true\" class=\"wp-block-uagb-container uagb-block-6eaa8f8f default uagb-is-root-container\">\n<h1 class=\"wp-block-heading has-white-color has-text-color\" id=\"h-want-to-learn-more-about-being-part-of-the-zinpro-team\">Deseja saber mais sobre <br>fazer parte da equipe Zinpro?<\/h1>\n\n\n\n<div class=\"wp-block-buttons is-layout-flex wp-block-buttons-is-layout-flex\">\n<div class=\"wp-block-button\"><a class=\"wp-block-button__link wp-element-button\" href=\"https:\/\/www.zinpro.com\/pt\/careers\/\">Saiba Mais<\/a><\/div>\n<\/div>\n<\/div>\n<\/div><\/div>","protected":false},"excerpt":{"rendered":"<p>Bring Out Your Best<\/p>\n<p><a class=\"wp-block-button__link wp-element-button\" href=\"https:\/\/www.zinpro.com\/careers\/current-openings\/\">Now Hiring \u2013 Apply Today<\/a><\/p>\n<p>#resp-spacer-block_f20e70c18d1417855cf490cfade61319 {<br \/>\n\tmargin-top: 80px;<br \/>\n}<\/p>\n<p>@media screen and (max-width: 1366px) {<br \/>\n\t#resp-spacer-block_f20e70c18d1417855cf490cfade61319 {<br \/>\n\t\tmargin-top: 60px;<br \/>\n\t}<br \/>\n}<\/p>\n<p>@media screen and (max-width: 960px) {<br \/>\n\t#resp-spacer-block_f20e70c18d1417855cf490cfade61319 [&#8230;]<\/p>\n","protected":false},"author":8,"featured_media":0,"parent":0,"menu_order":0,"comment_status":"closed","ping_status":"closed","template":"","meta":{"_acf_changed":false,"_tec_requires_first_save":true,"_eb_attr":"","_uag_custom_page_level_css":".fancybox-slide {\n    padding: 200px;\n}\n  p.quote-text {\nmargin: 0 !important;\n\tcolor: #ffffff !important;\n\tbackground-color: #0000ff !important;\n}\np.quote-name img {\n\t\t\tfloat: left;\n\t\t\twidth: 90px;\n\t\t\theight: 90px;\n\t\t\tmargin-right: 20px;\n\t\t\tobject-fit: cover;\n\t\t\tborder-radius: 100%;\n}\np.quote-name:before {\n\t\t\ttop: -22px !important;\n\t\t\tleft: calc(67%) !important;\n\tborder-color: #0000ff transparent transparent transparent !important;\n}\n@media screen and (max-width:980px) {\n\tp.quote-name:before {\n\t\ttop: -20px;\n\t\tborder-width: 20px 20px 0 0;\n\t\tborder-color: #ffffff transparent transparent transparent;\n\t}\n.fancybox-slide {\n    padding: 20px;\n}\n\n}\n.epyt-video-wrapper iframe, .videoWrapper iframe, .wp-block-embed.is-type-video iframe,\n.epyt-facade img.epyt-facade-poster {\n\tborder-radius: 15px;\n}\n\n#evp {\noverflow: hidden;\n    position: absolute;\n    text-align: center;\n    top: 0;\n    transition-property: transform, opacity;\n    white-space: normal;\n    width: 100%;\n    z-index: 99994;\n}","_EventAllDay":false,"_EventTimezone":"","_EventStartDate":"","_EventEndDate":"","_EventStartDateUTC":"","_EventEndDateUTC":"","_EventShowMap":false,"_EventShowMapLink":false,"_EventURL":"","_EventCost":"","_EventCostDescription":"","_EventCurrencySymbol":"","_EventCurrencyCode":"","_EventCurrencyPosition":"","_EventDateTimeSeparator":"","_EventTimeRangeSeparator":"","_EventOrganizerID":[],"_EventVenueID":[],"_OrganizerEmail":"","_OrganizerPhone":"","_OrganizerWebsite":"","_VenueAddress":"","_VenueCity":"","_VenueCountry":"","_VenueProvince":"","_VenueState":"","_VenueZip":"","_VenuePhone":"","_VenueURL":"","_VenueStateProvince":"","_VenueLat":"","_VenueLng":"","_VenueShowMap":false,"_VenueShowMapLink":false,"_tribe_blocks_recurrence_rules":"","_tribe_blocks_recurrence_description":"","_tribe_blocks_recurrence_exclusions":"","_ecp_custom_2":"","footnotes":""},"class_list":["post-67680","page","type-page","status-publish","hentry"],"acf":[],"yoast_head":"<!-- This site is optimized with the Yoast SEO Premium plugin v27.5 (Yoast SEO v27.5) - https:\/\/yoast.com\/product\/yoast-seo-premium-wordpress\/ -->\n<title>Garner Recruitment &#8211; Zinpro\u00ae<\/title>\n<meta name=\"description\" content=\"Read more about Garner Recruitment and from Zinpro\u00ae here.\" \/>\n<meta name=\"robots\" content=\"index, follow, max-snippet:-1, max-image-preview:large, max-video-preview:-1\" \/>\n<link rel=\"canonical\" href=\"https:\/\/www.zinpro.com\/pt\/garner-recruitment\/\" \/>\n<meta property=\"og:locale\" content=\"pt_BR\" \/>\n<meta property=\"og:type\" content=\"article\" \/>\n<meta property=\"og:title\" content=\"Garner Recruitment &#8211; Zinpro\u00ae\" \/>\n<meta property=\"og:description\" content=\"Read more about Garner Recruitment and from Zinpro\u00ae here.\" \/>\n<meta property=\"og:url\" content=\"https:\/\/www.zinpro.com\/pt\/garner-recruitment\/\" \/>\n<meta property=\"og:site_name\" content=\"Zinpro\u00ae\" \/>\n<meta property=\"article:publisher\" content=\"https:\/\/www.facebook.com\/ZinproCorp\/\" \/>\n<meta property=\"article:modified_time\" content=\"2025-06-25T20:21:43+00:00\" \/>\n<meta property=\"og:image\" content=\"https:\/\/www.zinpro.com\/wp-content\/uploads\/2025\/04\/Adam-Hunter-6803-081.jpg\" \/>\n<meta name=\"twitter:card\" content=\"summary_large_image\" \/>\n<meta name=\"twitter:site\" content=\"@wdolezal\" \/>\n<meta name=\"twitter:label1\" content=\"Est. tempo de leitura\" \/>\n\t<meta name=\"twitter:data1\" content=\"2 minutos\" \/>\n<script type=\"application\/ld+json\" class=\"yoast-schema-graph\">{\"@context\":\"https:\\\/\\\/schema.org\",\"@graph\":[{\"@type\":\"WebPage\",\"@id\":\"https:\\\/\\\/www.zinpro.com\\\/garner-recruitment\\\/\",\"url\":\"https:\\\/\\\/www.zinpro.com\\\/garner-recruitment\\\/\",\"name\":\"Garner Recruitment &#8211; Zinpro\u00ae\",\"isPartOf\":{\"@id\":\"https:\\\/\\\/www.zinpro.com\\\/#website\"},\"primaryImageOfPage\":{\"@id\":\"https:\\\/\\\/www.zinpro.com\\\/garner-recruitment\\\/#primaryimage\"},\"image\":{\"@id\":\"https:\\\/\\\/www.zinpro.com\\\/garner-recruitment\\\/#primaryimage\"},\"thumbnailUrl\":\"https:\\\/\\\/www.zinpro.com\\\/wp-content\\\/uploads\\\/2025\\\/04\\\/Adam-Hunter-6803-081.jpg\",\"datePublished\":\"2025-04-17T13:19:27+00:00\",\"dateModified\":\"2025-06-25T20:21:43+00:00\",\"description\":\"Read more about Garner Recruitment and from Zinpro\u00ae here.\",\"inLanguage\":\"pt-BR\",\"potentialAction\":[{\"@type\":\"ReadAction\",\"target\":[\"https:\\\/\\\/www.zinpro.com\\\/garner-recruitment\\\/\"]}]},{\"@type\":\"ImageObject\",\"inLanguage\":\"pt-BR\",\"@id\":\"https:\\\/\\\/www.zinpro.com\\\/garner-recruitment\\\/#primaryimage\",\"url\":\"https:\\\/\\\/www.zinpro.com\\\/wp-content\\\/uploads\\\/2025\\\/04\\\/Adam-Hunter-6803-081.jpg\",\"contentUrl\":\"https:\\\/\\\/www.zinpro.com\\\/wp-content\\\/uploads\\\/2025\\\/04\\\/Adam-Hunter-6803-081.jpg\"},{\"@type\":\"WebSite\",\"@id\":\"https:\\\/\\\/www.zinpro.com\\\/#website\",\"url\":\"https:\\\/\\\/www.zinpro.com\\\/\",\"name\":\"Zinpro\u00ae\",\"description\":\"\",\"potentialAction\":[{\"@type\":\"SearchAction\",\"target\":{\"@type\":\"EntryPoint\",\"urlTemplate\":\"https:\\\/\\\/www.zinpro.com\\\/?s={search_term_string}\"},\"query-input\":{\"@type\":\"PropertyValueSpecification\",\"valueRequired\":true,\"valueName\":\"search_term_string\"}}],\"inLanguage\":\"pt-BR\"}]}<\/script>\n<!-- \/ Yoast SEO Premium plugin. -->","yoast_head_json":{"title":"Recrutamento da Garner - Zinpro","description":"Leia mais sobre o Garner Recruitment e sobre a Zinpro\u00ae aqui.","robots":{"index":"index","follow":"follow","max-snippet":"max-snippet:-1","max-image-preview":"max-image-preview:large","max-video-preview":"max-video-preview:-1"},"canonical":"https:\/\/www.zinpro.com\/pt\/garner-recruitment\/","og_locale":"pt_BR","og_type":"article","og_title":"Garner Recruitment &#8211; Zinpro\u00ae","og_description":"Read more about Garner Recruitment and from Zinpro\u00ae here.","og_url":"https:\/\/www.zinpro.com\/pt\/garner-recruitment\/","og_site_name":"Zinpro\u00ae","article_publisher":"https:\/\/www.facebook.com\/ZinproCorp\/","article_modified_time":"2025-06-25T20:21:43+00:00","og_image":[{"url":"https:\/\/www.zinpro.com\/wp-content\/uploads\/2025\/04\/Adam-Hunter-6803-081.jpg","type":"","width":"","height":""}],"twitter_card":"summary_large_image","twitter_site":"@wdolezal","twitter_misc":{"Est. tempo de leitura":"2 minutos"},"schema":{"@context":"https:\/\/schema.org","@graph":[{"@type":"WebPage","@id":"https:\/\/www.zinpro.com\/garner-recruitment\/","url":"https:\/\/www.zinpro.com\/garner-recruitment\/","name":"Recrutamento da Garner - Zinpro","isPartOf":{"@id":"https:\/\/www.zinpro.com\/#website"},"primaryImageOfPage":{"@id":"https:\/\/www.zinpro.com\/garner-recruitment\/#primaryimage"},"image":{"@id":"https:\/\/www.zinpro.com\/garner-recruitment\/#primaryimage"},"thumbnailUrl":"https:\/\/www.zinpro.com\/wp-content\/uploads\/2025\/04\/Adam-Hunter-6803-081.jpg","datePublished":"2025-04-17T13:19:27+00:00","dateModified":"2025-06-25T20:21:43+00:00","description":"Leia mais sobre o Garner Recruitment e sobre a Zinpro\u00ae aqui.","inLanguage":"pt-BR","potentialAction":[{"@type":"ReadAction","target":["https:\/\/www.zinpro.com\/garner-recruitment\/"]}]},{"@type":"ImageObject","inLanguage":"pt-BR","@id":"https:\/\/www.zinpro.com\/garner-recruitment\/#primaryimage","url":"https:\/\/www.zinpro.com\/wp-content\/uploads\/2025\/04\/Adam-Hunter-6803-081.jpg","contentUrl":"https:\/\/www.zinpro.com\/wp-content\/uploads\/2025\/04\/Adam-Hunter-6803-081.jpg"},{"@type":"WebSite","@id":"https:\/\/www.zinpro.com\/#website","url":"https:\/\/www.zinpro.com\/","name":"Zinpro","description":"","potentialAction":[{"@type":"SearchAction","target":{"@type":"EntryPoint","urlTemplate":"https:\/\/www.zinpro.com\/?s={search_term_string}"},"query-input":{"@type":"PropertyValueSpecification","valueRequired":true,"valueName":"search_term_string"}}],"inLanguage":"pt-BR"}]}},"spectra_custom_meta":{"_eb_reusable_block_ids":["a:0:{}"],"_edit_lock":["1759258150:8"],"_edit_last":["14"],"ss_social_share_disable":[""],"_yoast_wpseo_content_score":["90"],"_yoast_wpseo_focuskeywords":["[]"],"_yoast_wpseo_keywordsynonyms":["[\"\"]"],"_yoast_wpseo_estimated-reading-time-minutes":["2"],"_yoast_wpseo_wordproof_timestamp":[""],"footnotes":[""],"_eb_attr":[""],"_uag_custom_page_level_css":[".fancybox-slide {\n    padding: 200px;\n}\n  p.quote-text {\nmargin: 0 !important;\n\tcolor: #ffffff !important;\n\tbackground-color: #0000ff !important;\n}\np.quote-name img {\n\t\t\tfloat: left;\n\t\t\twidth: 90px;\n\t\t\theight: 90px;\n\t\t\tmargin-right: 20px;\n\t\t\tobject-fit: cover;\n\t\t\tborder-radius: 100%;\n}\np.quote-name:before {\n\t\t\ttop: -22px !important;\n\t\t\tleft: calc(67%) !important;\n\tborder-color: #0000ff transparent transparent transparent !important;\n}\n@media screen and (max-width:980px) {\n\tp.quote-name:before {\n\t\ttop: -20px;\n\t\tborder-width: 20px 20px 0 0;\n\t\tborder-color: #ffffff transparent transparent transparent;\n\t}\n.fancybox-slide {\n    padding: 20px;\n}\n\n}\n.epyt-video-wrapper iframe, .videoWrapper iframe, .wp-block-embed.is-type-video iframe,\n.epyt-facade img.epyt-facade-poster {\n\tborder-radius: 15px;\n}\n\n#evp {\noverflow: hidden;\n    position: absolute;\n    text-align: center;\n    top: 0;\n    transition-property: transform, opacity;\n    white-space: normal;\n    width: 100%;\n    z-index: 99994;\n}"],"_EventAllDay":[""],"_EventTimezone":[""],"_EventStartDate":[""],"_EventEndDate":[""],"_EventStartDateUTC":[""],"_EventEndDateUTC":[""],"_EventShowMap":[""],"_EventShowMapLink":[""],"_EventURL":[""],"_EventCost":[""],"_EventCostDescription":[""],"_EventCurrencySymbol":[""],"_EventCurrencyCode":[""],"_EventCurrencyPosition":[""],"_EventDateTimeSeparator":[""],"_EventTimeRangeSeparator":[""],"_OrganizerEmail":[""],"_OrganizerPhone":[""],"_OrganizerWebsite":[""],"_VenueAddress":[""],"_VenueCity":[""],"_VenueCountry":[""],"_VenueProvince":[""],"_VenueState":[""],"_VenueZip":[""],"_VenuePhone":[""],"_VenueURL":[""],"_VenueStateProvince":[""],"_VenueLat":[""],"_VenueLng":[""],"_VenueShowMap":[""],"_VenueShowMapLink":[""],"_tribe_blocks_recurrence_rules":[""],"_tribe_blocks_recurrence_exclusions":[""],"_ecp_custom_2":[""],"_uag_css_file_name":["uag-css-67680.css"],"_uagb_previous_block_counts":["a:90:{s:21:\"uagb\/advanced-heading\";i:11;s:15:\"uagb\/blockquote\";i:0;s:12:\"uagb\/buttons\";i:0;s:18:\"uagb\/buttons-child\";i:0;s:19:\"uagb\/call-to-action\";i:0;s:15:\"uagb\/cf7-styler\";i:0;s:11:\"uagb\/column\";i:0;s:12:\"uagb\/columns\";i:0;s:14:\"uagb\/container\";i:25;s:21:\"uagb\/content-timeline\";i:0;s:27:\"uagb\/content-timeline-child\";i:0;s:14:\"uagb\/countdown\";i:0;s:12:\"uagb\/counter\";i:0;s:8:\"uagb\/faq\";i:0;s:14:\"uagb\/faq-child\";i:0;s:10:\"uagb\/forms\";i:0;s:17:\"uagb\/forms-accept\";i:0;s:19:\"uagb\/forms-checkbox\";i:0;s:15:\"uagb\/forms-date\";i:0;s:16:\"uagb\/forms-email\";i:0;s:17:\"uagb\/forms-hidden\";i:0;s:15:\"uagb\/forms-name\";i:0;s:16:\"uagb\/forms-phone\";i:0;s:16:\"uagb\/forms-radio\";i:0;s:17:\"uagb\/forms-select\";i:0;s:19:\"uagb\/forms-textarea\";i:0;s:17:\"uagb\/forms-toggle\";i:0;s:14:\"uagb\/forms-url\";i:0;s:14:\"uagb\/gf-styler\";i:0;s:15:\"uagb\/google-map\";i:0;s:11:\"uagb\/how-to\";i:0;s:16:\"uagb\/how-to-step\";i:0;s:9:\"uagb\/icon\";i:0;s:14:\"uagb\/icon-list\";i:0;s:20:\"uagb\/icon-list-child\";i:0;s:10:\"uagb\/image\";i:0;s:18:\"uagb\/image-gallery\";i:0;s:13:\"uagb\/info-box\";i:0;s:18:\"uagb\/inline-notice\";i:0;s:11:\"uagb\/lottie\";i:0;s:21:\"uagb\/marketing-button\";i:0;s:10:\"uagb\/modal\";i:0;s:18:\"uagb\/popup-builder\";i:0;s:16:\"uagb\/post-button\";i:0;s:18:\"uagb\/post-carousel\";i:0;s:17:\"uagb\/post-excerpt\";i:0;s:14:\"uagb\/post-grid\";i:0;s:15:\"uagb\/post-image\";i:0;s:17:\"uagb\/post-masonry\";i:0;s:14:\"uagb\/post-meta\";i:0;s:18:\"uagb\/post-taxonomy\";i:0;s:18:\"uagb\/post-timeline\";i:0;s:15:\"uagb\/post-title\";i:0;s:20:\"uagb\/restaurant-menu\";i:0;s:26:\"uagb\/restaurant-menu-child\";i:0;s:11:\"uagb\/review\";i:0;s:12:\"uagb\/section\";i:0;s:14:\"uagb\/separator\";i:0;s:11:\"uagb\/slider\";i:0;s:17:\"uagb\/slider-child\";i:0;s:17:\"uagb\/social-share\";i:0;s:23:\"uagb\/social-share-child\";i:0;s:16:\"uagb\/star-rating\";i:0;s:23:\"uagb\/sure-cart-checkout\";i:0;s:22:\"uagb\/sure-cart-product\";i:0;s:15:\"uagb\/sure-forms\";i:0;s:22:\"uagb\/table-of-contents\";i:0;s:9:\"uagb\/tabs\";i:0;s:15:\"uagb\/tabs-child\";i:0;s:18:\"uagb\/taxonomy-list\";i:0;s:9:\"uagb\/team\";i:0;s:16:\"uagb\/testimonial\";i:0;s:14:\"uagb\/wp-search\";i:0;s:19:\"uagb\/instagram-feed\";i:0;s:10:\"uagb\/login\";i:0;s:17:\"uagb\/loop-builder\";i:0;s:18:\"uagb\/loop-category\";i:0;s:20:\"uagb\/loop-pagination\";i:0;s:15:\"uagb\/loop-reset\";i:0;s:16:\"uagb\/loop-search\";i:0;s:14:\"uagb\/loop-sort\";i:0;s:17:\"uagb\/loop-wrapper\";i:0;s:13:\"uagb\/register\";i:0;s:19:\"uagb\/register-email\";i:0;s:24:\"uagb\/register-first-name\";i:0;s:23:\"uagb\/register-last-name\";i:0;s:22:\"uagb\/register-password\";i:0;s:30:\"uagb\/register-reenter-password\";i:0;s:19:\"uagb\/register-terms\";i:0;s:22:\"uagb\/register-username\";i:0;}"],"_uagb_last_spectra_edit":["1777183691"]},"uagb_featured_image_src":{"full":false,"thumbnail":false,"medium":false,"medium_large":false,"large":false,"gs-tiny":false,"xl":false,"xxl":false,"xxxl":false,"xxxxl":false,"xxxxxl":false,"1536x1536":false,"2048x2048":false,"trp-custom-language-flag":false,"gform-image-choice-sm":false,"gform-image-choice-md":false,"gform-image-choice-lg":false,"menu-24x24":false,"menu-36x36":false,"menu-48x48":false},"uagb_author_info":{"display_name":"Matt Wolleat","author_link":"https:\/\/www.zinpro.com\/pt\/resource-center\/author\/mwolleatzinpro-com\/"},"uagb_comment_info":0,"uagb_excerpt":"Bring Out Your Best Now Hiring \u2013 Apply Today #resp-spacer-block_f20e70c18d1417855cf490cfade61319 { margin-top: 80px; } @media screen and (max-width: 1366px) { #resp-spacer-block_f20e70c18d1417855cf490cfade61319 { margin-top: 60px; } } @media screen and (max-width: 960px) { #resp-spacer-block_f20e70c18d1417855cf490cfade61319 [...]","_links":{"self":[{"href":"https:\/\/www.zinpro.com\/pt\/wp-json\/wp\/v2\/pages\/67680","targetHints":{"allow":["GET"]}}],"collection":[{"href":"https:\/\/www.zinpro.com\/pt\/wp-json\/wp\/v2\/pages"}],"about":[{"href":"https:\/\/www.zinpro.com\/pt\/wp-json\/wp\/v2\/types\/page"}],"author":[{"embeddable":true,"href":"https:\/\/www.zinpro.com\/pt\/wp-json\/wp\/v2\/users\/8"}],"replies":[{"embeddable":true,"href":"https:\/\/www.zinpro.com\/pt\/wp-json\/wp\/v2\/comments?post=67680"}],"version-history":[{"count":0,"href":"https:\/\/www.zinpro.com\/pt\/wp-json\/wp\/v2\/pages\/67680\/revisions"}],"wp:attachment":[{"href":"https:\/\/www.zinpro.com\/pt\/wp-json\/wp\/v2\/media?parent=67680"}],"curies":[{"name":"wp","href":"https:\/\/api.w.org\/{rel}","templated":true}]}}