{"id":636,"date":"2022-08-29T15:13:58","date_gmt":"2022-08-29T15:13:58","guid":{"rendered":"http:\/\/localhost:10048\/?page_id=636"},"modified":"2023-07-19T15:02:27","modified_gmt":"2023-07-19T20:02:27","slug":"our-commitment-to-quality","status":"publish","type":"page","link":"https:\/\/www.zinpro.com\/pt\/our-commitment-to-quality\/","title":{"rendered":"Qualidade"},"content":{"rendered":"<div class=\"wp-block-cover alignfull is-light\"><span aria-hidden=\"true\" class=\"wp-block-cover__background has-background-dim-10 has-background-dim\"><\/span><img loading=\"lazy\" decoding=\"async\" width=\"2400\" height=\"950\" class=\"wp-block-cover__image-background wp-image-48229\" alt=\"\" src=\"https:\/\/www.zinpro.com\/wp-content\/uploads\/2023\/04\/QualityHero.jpg\" data-object-fit=\"cover\" srcset=\"https:\/\/www.zinpro.com\/wp-content\/uploads\/2023\/04\/QualityHero.jpg 2400w, https:\/\/www.zinpro.com\/wp-content\/uploads\/2023\/04\/QualityHero-300x119.jpg 300w, https:\/\/www.zinpro.com\/wp-content\/uploads\/2023\/04\/QualityHero-1024x405.jpg 1024w, https:\/\/www.zinpro.com\/wp-content\/uploads\/2023\/04\/QualityHero-1600x633.jpg 1600w, https:\/\/www.zinpro.com\/wp-content\/uploads\/2023\/04\/QualityHero-1536x608.jpg 1536w, https:\/\/www.zinpro.com\/wp-content\/uploads\/2023\/04\/QualityHero-2048x811.jpg 2048w, https:\/\/www.zinpro.com\/wp-content\/uploads\/2023\/04\/QualityHero-18x7.jpg 18w\" sizes=\"auto, (max-width: 2400px) 100vw, 2400px\" \/><div class=\"wp-block-cover__inner-container is-layout-flow wp-block-cover-is-layout-flow\">\n<h1 class=\"wp-block-heading has-text-align-left has-white-color has-text-color\" id=\"h-quality-solutions-for-advanced-performance\">Solu\u00e7\u00f5es de qualidade para <br>Desempenho avan\u00e7ado<\/h1>\n<\/div><\/div>\n\n\n\n\n<div id=\"resp-spacer-block_01bdd938e9935997bff0d5e1fcab3040\" class=\"zinpro-spacer-block\"><\/div>\n\n<style>\n#resp-spacer-block_01bdd938e9935997bff0d5e1fcab3040 {\n\tmargin-top: 80px;\n}\n\n@media screen and (max-width: 1366px) {\n\t#resp-spacer-block_01bdd938e9935997bff0d5e1fcab3040 {\n\t\tmargin-top: 60px;\n\t}\n}\n\n@media screen and (max-width: 960px) {\n\t#resp-spacer-block_01bdd938e9935997bff0d5e1fcab3040 {\n\t\tmargin-top: 40px;\n\t}\n}\n<\/style>\n\n\n<h3 class=\"wp-block-heading\" id=\"h-our-quality-associations\">Nossas Associa\u00e7\u00f5es de Qualidade<\/h3>\n\n\n\n<p>N\u00f3s conquistamos os seguintes certificados de qualidade e seguran\u00e7a alimentar, demonstrando o nosso \u00eaxito em atender aos padr\u00f5es de qualidade e seguran\u00e7a alimentar americanos e internacionais.<\/p>\n\n\n\n\n<div id=\"resp-spacer-block_01bdd938e9935997bff0d5e1fcab3040\" class=\"zinpro-spacer-block\"><\/div>\n\n<style>\n#resp-spacer-block_01bdd938e9935997bff0d5e1fcab3040 {\n\tmargin-top: 80px;\n}\n\n@media screen and (max-width: 1366px) {\n\t#resp-spacer-block_01bdd938e9935997bff0d5e1fcab3040 {\n\t\tmargin-top: 60px;\n\t}\n}\n\n@media screen and (max-width: 960px) {\n\t#resp-spacer-block_01bdd938e9935997bff0d5e1fcab3040 {\n\t\tmargin-top: 40px;\n\t}\n}\n<\/style>\n\n\n<div class=\"wp-block-columns is-layout-flex wp-container-core-columns-is-layout-9d6595d7 wp-block-columns-is-layout-flex\">\n<div class=\"wp-block-column is-layout-flow wp-block-column-is-layout-flow\">\n<figure class=\"wp-block-image aligncenter size-full\"><img loading=\"lazy\" decoding=\"async\" width=\"360\" height=\"240\" src=\"http:\/\/www.zinpro.com\/wp-content\/uploads\/2022\/08\/SGS-Tile-1.png\" alt=\"\" class=\"wp-image-653\" srcset=\"https:\/\/www.zinpro.com\/wp-content\/uploads\/2022\/08\/SGS-Tile-1.png 360w, https:\/\/www.zinpro.com\/wp-content\/uploads\/2022\/08\/SGS-Tile-1-300x200.png 300w, https:\/\/www.zinpro.com\/wp-content\/uploads\/2022\/08\/SGS-Tile-1-18x12.png 18w\" sizes=\"auto, (max-width: 360px) 100vw, 360px\" \/><\/figure>\n\n\n\n<h6 class=\"wp-block-heading\" id=\"h-international-organization-for-standardization-iso-9001\">Organiza\u00e7\u00e3o Internacional para Padroniza\u00e7\u00e3o ISO 9001<\/h6>\n\n\n\n<p>A Organiza\u00e7\u00e3o Internacional para Padroniza\u00e7\u00e3o certifica que as institui\u00e7\u00f5es atendem aos requerimentos de padr\u00f5es espec\u00edficos do setor. A designa\u00e7\u00e3o ISO 9001 reconhece que a institui\u00e7\u00e3o atendeu a rigorosos padr\u00f5es de sistemas de controle de qualidade.<\/p>\n<\/div>\n\n\n\n<div class=\"wp-block-column is-layout-flow wp-block-column-is-layout-flow\">\n<figure class=\"wp-block-image aligncenter size-full\"><img loading=\"lazy\" decoding=\"async\" width=\"300\" height=\"200\" src=\"http:\/\/www.zinpro.com\/wp-content\/uploads\/2022\/08\/fami.jpg\" alt=\"\" class=\"wp-image-638\" srcset=\"https:\/\/www.zinpro.com\/wp-content\/uploads\/2022\/08\/fami.jpg 300w, https:\/\/www.zinpro.com\/wp-content\/uploads\/2022\/08\/fami-18x12.jpg 18w\" sizes=\"auto, (max-width: 300px) 100vw, 300px\" \/><\/figure>\n\n\n\n<h6 class=\"wp-block-heading\" id=\"h-the-feed-additives-and-premixtures-quality-system-fami-qs\">Sistema de Qualidade de Aditivos Alimentares e Pr\u00e9-Misturas (FAMI-QS)<\/h6>\n\n\n\n<p>O c\u00f3digo de pr\u00e1ticas FAMI-QS certifica que os requerimentos de Boas Pr\u00e1ticas de Fabrica\u00e7\u00e3o e o Programa de An\u00e1lise de Perigos e Pontos Cr\u00edticos est\u00e3o sendo implementados. Ele tamb\u00e9m inclui sugest\u00f5es de melhorias cont\u00ednuas para o gerenciamento das opera\u00e7\u00f5es, com o objetivo de manter a seguran\u00e7a e a qualidade dos alimentos.<\/p>\n<\/div>\n\n\n\n<div class=\"wp-block-column is-layout-flow wp-block-column-is-layout-flow\">\n<figure class=\"wp-block-image aligncenter size-full\"><img loading=\"lazy\" decoding=\"async\" width=\"360\" height=\"240\" src=\"http:\/\/www.zinpro.com\/wp-content\/uploads\/2022\/08\/SQF-Tile.png\" alt=\"\" class=\"wp-image-639\" srcset=\"https:\/\/www.zinpro.com\/wp-content\/uploads\/2022\/08\/SQF-Tile.png 360w, https:\/\/www.zinpro.com\/wp-content\/uploads\/2022\/08\/SQF-Tile-300x200.png 300w, https:\/\/www.zinpro.com\/wp-content\/uploads\/2022\/08\/SQF-Tile-18x12.png 18w\" sizes=\"auto, (max-width: 360px) 100vw, 360px\" \/><\/figure>\n\n\n\n<h6 class=\"wp-block-heading\" id=\"h-safe-quality-food-code-for-manufacturing-sqf\">C\u00f3digo para Fabrica\u00e7\u00e3o de Alimentos Seguros e de Qualidade (SQF)<\/h6>\n\n\n\n<p>O Programa de Certifica\u00e7\u00e3o do C\u00f3digo para Fabrica\u00e7\u00e3o de Alimentos Seguros e de Qualidade fornece um sistema rigoroso para gerenciar os riscos de seguran\u00e7a alimentar, bem como produtos seguros para o uso em empresas no setor aliment\u00edcio. Nossa f\u00e1brica em Garner \u00e9 certificada para a Categoria de Setor aliment\u00edcio (FSC) 32, Fabrica\u00e7\u00e3o de alimentos para pets.<\/p>\n<\/div>\n<\/div>\n\n\n\n\n<div id=\"resp-spacer-block_01bdd938e9935997bff0d5e1fcab3040\" class=\"zinpro-spacer-block\"><\/div>\n\n<style>\n#resp-spacer-block_01bdd938e9935997bff0d5e1fcab3040 {\n\tmargin-top: 80px;\n}\n\n@media screen and (max-width: 1366px) {\n\t#resp-spacer-block_01bdd938e9935997bff0d5e1fcab3040 {\n\t\tmargin-top: 60px;\n\t}\n}\n\n@media screen and (max-width: 960px) {\n\t#resp-spacer-block_01bdd938e9935997bff0d5e1fcab3040 {\n\t\tmargin-top: 40px;\n\t}\n}\n<\/style>\n\n\n<div class=\"wp-block-columns is-layout-flex wp-container-core-columns-is-layout-9d6595d7 wp-block-columns-is-layout-flex\">\n<div class=\"wp-block-column is-layout-flow wp-block-column-is-layout-flow\">\n<figure class=\"wp-block-image aligncenter size-full\"><img loading=\"lazy\" decoding=\"async\" width=\"400\" height=\"267\" src=\"https:\/\/www.zinpro.com\/wp-content\/uploads\/2023\/04\/Validus-WFCF-RUPP-logo-1.jpg\" alt=\"\" class=\"wp-image-48065\" srcset=\"https:\/\/www.zinpro.com\/wp-content\/uploads\/2023\/04\/Validus-WFCF-RUPP-logo-1.jpg 400w, https:\/\/www.zinpro.com\/wp-content\/uploads\/2023\/04\/Validus-WFCF-RUPP-logo-1-300x200.jpg 300w, https:\/\/www.zinpro.com\/wp-content\/uploads\/2023\/04\/Validus-WFCF-RUPP-logo-1-18x12.jpg 18w\" sizes=\"auto, (max-width: 400px) 100vw, 400px\" \/><\/figure>\n\n\n\n<h6 class=\"wp-block-heading\" id=\"h-restricted-use-protein-products-rupp\">Produtos proteicos de uso restrito (RUPP)<\/h6>\n\n\n\n<p>A certifica\u00e7\u00e3o de Produtos de Prote\u00edna de Uso Restrito indica que existe um padr\u00e3o de pontos de verifica\u00e7\u00e3o de controle de qualidade por escrito para aumentar a confian\u00e7a do consumidor no fornecimento de ra\u00e7\u00e3o e alimentos espec\u00edfico para reduzir a possibilidade de contamina\u00e7\u00e3o cruzada. Essa certifica\u00e7\u00e3o incorpora o programa de inspe\u00e7\u00e3o da FDA para conformidade com o T\u00edtulo 21, CFR \u00a7 589.2000 - Prote\u00ednas animais proibidas em ra\u00e7\u00f5es para ruminantes e T\u00edtulo 21 CFR \u00a7 589.2001 - Materiais bovinos proibidos em ra\u00e7\u00f5es ou alimentos para animais para evitar a transmiss\u00e3o da encefalopatia espongiforme bovina (BSE).<\/p>\n<\/div>\n\n\n\n<div class=\"wp-block-column is-layout-flow wp-block-column-is-layout-flow\">\n<figure class=\"wp-block-image aligncenter size-full\"><img loading=\"lazy\" decoding=\"async\" width=\"400\" height=\"267\" src=\"http:\/\/www.zinpro.com\/wp-content\/uploads\/2022\/08\/HACCP-tile.jpg\" alt=\"\" class=\"wp-image-648\" srcset=\"https:\/\/www.zinpro.com\/wp-content\/uploads\/2022\/08\/HACCP-tile.jpg 400w, https:\/\/www.zinpro.com\/wp-content\/uploads\/2022\/08\/HACCP-tile-300x200.jpg 300w, https:\/\/www.zinpro.com\/wp-content\/uploads\/2022\/08\/HACCP-tile-18x12.jpg 18w\" sizes=\"auto, (max-width: 400px) 100vw, 400px\" \/><\/figure>\n\n\n\n<h6 class=\"wp-block-heading\" id=\"h-hazard-analysis-and-critical-control-point-haccp\">An\u00e1lise de Perigos e Pontos Cr\u00edticos de Controle (APPCC)<\/h6>\n\n\n\n<p>A An\u00e1lise de Perigos e Pontos Cr\u00edticos de Controle \u00e9 um sistema de gerenciamento reconhecido internacionalmente para assegurar a seguran\u00e7a alimentar. Seus princ\u00edpios incluem an\u00e1lise de perigos, identifica\u00e7\u00e3o de pontos cr\u00edticos de controle, estabelecimento de limites cr\u00edticos, procedimentos de monitoramento, a\u00e7\u00f5es corretivas, procedimentos de verifica\u00e7\u00e3o e manuten\u00e7\u00e3o de registros e documenta\u00e7\u00e3o. \u00d3rg\u00e3os de certifica\u00e7\u00e3o independentes auditam e avaliam instala\u00e7\u00f5es de produ\u00e7\u00e3o de alimentos para se verificar se h\u00e1 conformidade.<\/p>\n<\/div>\n\n\n\n<div class=\"wp-block-column is-layout-flow wp-block-column-is-layout-flow\">\n<figure class=\"wp-block-image aligncenter size-full\"><img loading=\"lazy\" decoding=\"async\" width=\"360\" height=\"240\" src=\"http:\/\/www.zinpro.com\/wp-content\/uploads\/2022\/08\/AFIA-Tile.png\" alt=\"\" class=\"wp-image-650\" srcset=\"https:\/\/www.zinpro.com\/wp-content\/uploads\/2022\/08\/AFIA-Tile.png 360w, https:\/\/www.zinpro.com\/wp-content\/uploads\/2022\/08\/AFIA-Tile-300x200.png 300w, https:\/\/www.zinpro.com\/wp-content\/uploads\/2022\/08\/AFIA-Tile-18x12.png 18w\" sizes=\"auto, (max-width: 360px) 100vw, 360px\" \/><\/figure>\n\n\n\n<h6 class=\"wp-block-heading\" id=\"h-american-feed-industry-association-and-feed-additives-and-premixtures-association-international-safe-feed-and-safe-food\">Ra\u00e7\u00f5es Seguras e Alimentos Seguros \u2013 Internacional, pela Associa\u00e7\u00e3o Americana de F\u00e1bricas de Ra\u00e7\u00e3o e Associa\u00e7\u00e3o de Aditivos Nutricionais e Pr\u00e9-misturas<\/h6>\n\n\n\n<p>Esse programa \u00e9 regulado pela Associa\u00e7\u00e3o Americana de F\u00e1bricas de Ra\u00e7\u00e3o, em coopera\u00e7\u00e3o com sua equivalente europeia, a Associa\u00e7\u00e3o de Aditivos Nutricionais e Pr\u00e9-misturas. A certifica\u00e7\u00e3o \u201cInternational Safe Feed\/Safe Food\u201d reconhece que uma instala\u00e7\u00e3o demonstrou e assegurou melhoria cont\u00ednua na produ\u00e7\u00e3o de suprimentos nutricionais seguros e ben\u00e9ficos para o crescimento e cuidados dos animais, de acordo com os padr\u00f5es estabelecidos pelos \u00f3rg\u00e3os reguladores.<\/p>\n<\/div>\n<\/div>\n\n\n\n\n<div id=\"resp-spacer-block_01bdd938e9935997bff0d5e1fcab3040\" class=\"zinpro-spacer-block\"><\/div>\n\n<style>\n#resp-spacer-block_01bdd938e9935997bff0d5e1fcab3040 {\n\tmargin-top: 80px;\n}\n\n@media screen and (max-width: 1366px) {\n\t#resp-spacer-block_01bdd938e9935997bff0d5e1fcab3040 {\n\t\tmargin-top: 60px;\n\t}\n}\n\n@media screen and (max-width: 960px) {\n\t#resp-spacer-block_01bdd938e9935997bff0d5e1fcab3040 {\n\t\tmargin-top: 40px;\n\t}\n}\n<\/style>","protected":false},"excerpt":{"rendered":"<p>Quality Solutions for <br \/>Advanced Performance<\/p>\n<p>#resp-spacer-block_01bdd938e9935997bff0d5e1fcab3040 {<br \/>\n\tmargin-top: 80px;<br \/>\n}<\/p>\n<p>@media screen and (max-width: 1366px) {<br \/>\n\t#resp-spacer-block_01bdd938e9935997bff0d5e1fcab3040 {<br \/>\n\t\tmargin-top: 60px;<br \/>\n\t}<br \/>\n}<\/p>\n<p>@media screen and (max-width: 960px) {<br \/>\n\t#resp-spacer-block_01bdd938e9935997bff0d5e1fcab3040 {<br \/>\n\t\tmargin-top: 40px;<br \/>\n\t}<br \/>\n}<\/p>\n<p>Our&nbsp;Quality Associations<\/p>\n<p>We have sought and [&#8230;]<\/p>\n","protected":false},"author":2,"featured_media":0,"parent":0,"menu_order":0,"comment_status":"closed","ping_status":"closed","template":"","meta":{"_acf_changed":false,"_tec_requires_first_save":true,"_eb_attr":"","_uag_custom_page_level_css":"","_EventAllDay":false,"_EventTimezone":"","_EventStartDate":"","_EventEndDate":"","_EventStartDateUTC":"","_EventEndDateUTC":"","_EventShowMap":false,"_EventShowMapLink":false,"_EventURL":"","_EventCost":"","_EventCostDescription":"","_EventCurrencySymbol":"","_EventCurrencyCode":"","_EventCurrencyPosition":"","_EventDateTimeSeparator":"","_EventTimeRangeSeparator":"","_EventOrganizerID":[],"_EventVenueID":[],"_OrganizerEmail":"","_OrganizerPhone":"","_OrganizerWebsite":"","_VenueAddress":"","_VenueCity":"","_VenueCountry":"","_VenueProvince":"","_VenueState":"","_VenueZip":"","_VenuePhone":"","_VenueURL":"","_VenueStateProvince":"","_VenueLat":"","_VenueLng":"","_VenueShowMap":false,"_VenueShowMapLink":false,"_tribe_blocks_recurrence_rules":"","_tribe_blocks_recurrence_description":"","_tribe_blocks_recurrence_exclusions":"","_ecp_custom_2":"","footnotes":""},"class_list":["post-636","page","type-page","status-publish","hentry"],"acf":[],"yoast_head":"<!-- This site is optimized with the Yoast SEO Premium plugin v27.3 (Yoast SEO v27.3) - https:\/\/yoast.com\/product\/yoast-seo-premium-wordpress\/ -->\n<title>Quality &#8211; Zinpro\u00ae<\/title>\n<meta name=\"description\" content=\"Read more about Quality and from Zinpro\u00ae here.\" \/>\n<meta name=\"robots\" content=\"index, follow, max-snippet:-1, max-image-preview:large, max-video-preview:-1\" \/>\n<link rel=\"canonical\" href=\"https:\/\/www.zinpro.com\/pt\/our-commitment-to-quality\/\" \/>\n<meta property=\"og:locale\" content=\"pt_BR\" \/>\n<meta property=\"og:type\" content=\"article\" \/>\n<meta property=\"og:title\" content=\"Quality &#8211; Zinpro\u00ae\" \/>\n<meta property=\"og:description\" content=\"Read more about Quality and from Zinpro\u00ae here.\" \/>\n<meta property=\"og:url\" content=\"https:\/\/www.zinpro.com\/pt\/our-commitment-to-quality\/\" \/>\n<meta property=\"og:site_name\" content=\"Zinpro\u00ae\" \/>\n<meta property=\"article:publisher\" content=\"https:\/\/www.facebook.com\/ZinproCorp\/\" \/>\n<meta property=\"article:modified_time\" content=\"2023-07-19T20:02:27+00:00\" \/>\n<meta property=\"og:image\" content=\"https:\/\/www.zinpro.com\/wp-content\/uploads\/2023\/04\/QualityHero.jpg\" \/>\n<meta name=\"twitter:card\" content=\"summary_large_image\" \/>\n<meta name=\"twitter:site\" content=\"@wdolezal\" \/>\n<meta name=\"twitter:label1\" content=\"Est. tempo de leitura\" \/>\n\t<meta name=\"twitter:data1\" content=\"4 minutos\" \/>\n<script type=\"application\/ld+json\" class=\"yoast-schema-graph\">{\"@context\":\"https:\\\/\\\/schema.org\",\"@graph\":[{\"@type\":\"WebPage\",\"@id\":\"https:\\\/\\\/www.zinpro.com\\\/our-commitment-to-quality\\\/\",\"url\":\"https:\\\/\\\/www.zinpro.com\\\/our-commitment-to-quality\\\/\",\"name\":\"Quality &#8211; Zinpro\u00ae\",\"isPartOf\":{\"@id\":\"https:\\\/\\\/www.zinpro.com\\\/#website\"},\"primaryImageOfPage\":{\"@id\":\"https:\\\/\\\/www.zinpro.com\\\/our-commitment-to-quality\\\/#primaryimage\"},\"image\":{\"@id\":\"https:\\\/\\\/www.zinpro.com\\\/our-commitment-to-quality\\\/#primaryimage\"},\"thumbnailUrl\":\"https:\\\/\\\/www.zinpro.com\\\/wp-content\\\/uploads\\\/2023\\\/04\\\/QualityHero.jpg\",\"datePublished\":\"2022-08-29T15:13:58+00:00\",\"dateModified\":\"2023-07-19T20:02:27+00:00\",\"description\":\"Read more about Quality and from Zinpro\u00ae here.\",\"inLanguage\":\"pt-BR\",\"potentialAction\":[{\"@type\":\"ReadAction\",\"target\":[\"https:\\\/\\\/www.zinpro.com\\\/our-commitment-to-quality\\\/\"]}]},{\"@type\":\"ImageObject\",\"inLanguage\":\"pt-BR\",\"@id\":\"https:\\\/\\\/www.zinpro.com\\\/our-commitment-to-quality\\\/#primaryimage\",\"url\":\"https:\\\/\\\/www.zinpro.com\\\/wp-content\\\/uploads\\\/2023\\\/04\\\/QualityHero.jpg\",\"contentUrl\":\"https:\\\/\\\/www.zinpro.com\\\/wp-content\\\/uploads\\\/2023\\\/04\\\/QualityHero.jpg\"},{\"@type\":\"WebSite\",\"@id\":\"https:\\\/\\\/www.zinpro.com\\\/#website\",\"url\":\"https:\\\/\\\/www.zinpro.com\\\/\",\"name\":\"Zinpro\u00ae\",\"description\":\"\",\"potentialAction\":[{\"@type\":\"SearchAction\",\"target\":{\"@type\":\"EntryPoint\",\"urlTemplate\":\"https:\\\/\\\/www.zinpro.com\\\/?s={search_term_string}\"},\"query-input\":{\"@type\":\"PropertyValueSpecification\",\"valueRequired\":true,\"valueName\":\"search_term_string\"}}],\"inLanguage\":\"pt-BR\"}]}<\/script>\n<!-- \/ Yoast SEO Premium plugin. -->","yoast_head_json":{"title":"Qualidade - Zinpro","description":"Leia mais sobre Qualidade e sobre a Zinpro\u00ae aqui.","robots":{"index":"index","follow":"follow","max-snippet":"max-snippet:-1","max-image-preview":"max-image-preview:large","max-video-preview":"max-video-preview:-1"},"canonical":"https:\/\/www.zinpro.com\/pt\/our-commitment-to-quality\/","og_locale":"pt_BR","og_type":"article","og_title":"Quality &#8211; Zinpro\u00ae","og_description":"Read more about Quality and from Zinpro\u00ae here.","og_url":"https:\/\/www.zinpro.com\/pt\/our-commitment-to-quality\/","og_site_name":"Zinpro\u00ae","article_publisher":"https:\/\/www.facebook.com\/ZinproCorp\/","article_modified_time":"2023-07-19T20:02:27+00:00","og_image":[{"url":"https:\/\/www.zinpro.com\/wp-content\/uploads\/2023\/04\/QualityHero.jpg","type":"","width":"","height":""}],"twitter_card":"summary_large_image","twitter_site":"@wdolezal","twitter_misc":{"Est. tempo de leitura":"4 minutos"},"schema":{"@context":"https:\/\/schema.org","@graph":[{"@type":"WebPage","@id":"https:\/\/www.zinpro.com\/our-commitment-to-quality\/","url":"https:\/\/www.zinpro.com\/our-commitment-to-quality\/","name":"Qualidade - Zinpro","isPartOf":{"@id":"https:\/\/www.zinpro.com\/#website"},"primaryImageOfPage":{"@id":"https:\/\/www.zinpro.com\/our-commitment-to-quality\/#primaryimage"},"image":{"@id":"https:\/\/www.zinpro.com\/our-commitment-to-quality\/#primaryimage"},"thumbnailUrl":"https:\/\/www.zinpro.com\/wp-content\/uploads\/2023\/04\/QualityHero.jpg","datePublished":"2022-08-29T15:13:58+00:00","dateModified":"2023-07-19T20:02:27+00:00","description":"Leia mais sobre Qualidade e sobre a Zinpro\u00ae aqui.","inLanguage":"pt-BR","potentialAction":[{"@type":"ReadAction","target":["https:\/\/www.zinpro.com\/our-commitment-to-quality\/"]}]},{"@type":"ImageObject","inLanguage":"pt-BR","@id":"https:\/\/www.zinpro.com\/our-commitment-to-quality\/#primaryimage","url":"https:\/\/www.zinpro.com\/wp-content\/uploads\/2023\/04\/QualityHero.jpg","contentUrl":"https:\/\/www.zinpro.com\/wp-content\/uploads\/2023\/04\/QualityHero.jpg"},{"@type":"WebSite","@id":"https:\/\/www.zinpro.com\/#website","url":"https:\/\/www.zinpro.com\/","name":"Zinpro","description":"","potentialAction":[{"@type":"SearchAction","target":{"@type":"EntryPoint","urlTemplate":"https:\/\/www.zinpro.com\/?s={search_term_string}"},"query-input":{"@type":"PropertyValueSpecification","valueRequired":true,"valueName":"search_term_string"}}],"inLanguage":"pt-BR"}]}},"spectra_custom_meta":{"_edit_lock":["1689797530:8"],"_edit_last":["8"],"_yoast_wpseo_content_score":["30"],"_yoast_wpseo_estimated-reading-time-minutes":["4"],"_yoast_wpseo_wordproof_timestamp":[""],"ss_social_share_disable":[""],"_yoast_wpseo_focuskeywords":["[]"],"_yoast_wpseo_keywordsynonyms":["[\"\"]"],"_eb_reusable_block_ids":["a:0:{}"],"_uag_css_file_name":["uag-css-636.css"],"_uag_page_assets":["a:9:{s:3:\"css\";s:263:\".uag-blocks-common-selector{z-index:var(--z-index-desktop) !important}@media (max-width: 976px){.uag-blocks-common-selector{z-index:var(--z-index-tablet) !important}}@media (max-width: 767px){.uag-blocks-common-selector{z-index:var(--z-index-mobile) !important}}\n\";s:2:\"js\";s:0:\"\";s:18:\"current_block_list\";a:16:{i:0;s:10:\"core\/cover\";i:1;s:12:\"core\/heading\";i:2;s:24:\"zinpro\/responsive-spacer\";i:3;s:14:\"core\/paragraph\";i:4;s:12:\"core\/columns\";i:5;s:11:\"core\/column\";i:6;s:10:\"core\/image\";i:7;s:11:\"core\/search\";i:8;s:10:\"core\/group\";i:9;s:17:\"core\/latest-posts\";i:10;s:20:\"core\/latest-comments\";i:11;s:13:\"core\/archives\";i:12;s:15:\"core\/categories\";i:13;s:17:\"core\/social-links\";i:14;s:16:\"core\/social-link\";i:15;s:11:\"core\/spacer\";}s:8:\"uag_flag\";b:0;s:11:\"uag_version\";s:10:\"1775686281\";s:6:\"gfonts\";a:0:{}s:10:\"gfonts_url\";s:0:\"\";s:12:\"gfonts_files\";a:0:{}s:14:\"uag_faq_layout\";b:0;}"]},"uagb_featured_image_src":{"full":false,"thumbnail":false,"medium":false,"medium_large":false,"large":false,"gs-tiny":false,"xl":false,"xxl":false,"xxxl":false,"xxxxl":false,"xxxxxl":false,"1536x1536":false,"2048x2048":false,"trp-custom-language-flag":false,"gform-image-choice-sm":false,"gform-image-choice-md":false,"gform-image-choice-lg":false,"menu-24x24":false,"menu-36x36":false,"menu-48x48":false},"uagb_author_info":{"display_name":"mrwolleat","author_link":"https:\/\/www.zinpro.com\/pt\/resource-center\/author\/mrwolleat\/"},"uagb_comment_info":0,"uagb_excerpt":"Quality Solutions for Advanced Performance #resp-spacer-block_01bdd938e9935997bff0d5e1fcab3040 { margin-top: 80px; } @media screen and (max-width: 1366px) { #resp-spacer-block_01bdd938e9935997bff0d5e1fcab3040 { margin-top: 60px; } } @media screen and (max-width: 960px) { #resp-spacer-block_01bdd938e9935997bff0d5e1fcab3040 { margin-top: 40px; } } Our&nbsp;Quality Associations We have sought and [...]","_links":{"self":[{"href":"https:\/\/www.zinpro.com\/pt\/wp-json\/wp\/v2\/pages\/636","targetHints":{"allow":["GET"]}}],"collection":[{"href":"https:\/\/www.zinpro.com\/pt\/wp-json\/wp\/v2\/pages"}],"about":[{"href":"https:\/\/www.zinpro.com\/pt\/wp-json\/wp\/v2\/types\/page"}],"author":[{"embeddable":true,"href":"https:\/\/www.zinpro.com\/pt\/wp-json\/wp\/v2\/users\/2"}],"replies":[{"embeddable":true,"href":"https:\/\/www.zinpro.com\/pt\/wp-json\/wp\/v2\/comments?post=636"}],"version-history":[{"count":0,"href":"https:\/\/www.zinpro.com\/pt\/wp-json\/wp\/v2\/pages\/636\/revisions"}],"wp:attachment":[{"href":"https:\/\/www.zinpro.com\/pt\/wp-json\/wp\/v2\/media?parent=636"}],"curies":[{"name":"wp","href":"https:\/\/api.w.org\/{rel}","templated":true}]}}