

{"id":629,"date":"2022-08-29T14:40:29","date_gmt":"2022-08-29T14:40:29","guid":{"rendered":"http:\/\/localhost:10048\/?page_id=629"},"modified":"2023-06-14T14:22:46","modified_gmt":"2023-06-14T14:22:46","slug":"company-statements","status":"publish","type":"page","link":"https:\/\/www.zinpro.com\/pt\/company-statements\/","title":{"rendered":"Declara\u00e7\u00f5es da empresa"},"content":{"rendered":"<div id=\"resp-spacer-block_cb03d1e077c69c45928a326e1bb4ea7c\" class=\"zinpro-spacer-block\"><\/div>\n\n<style>\n#resp-spacer-block_cb03d1e077c69c45928a326e1bb4ea7c {\n\tmargin-top: 80px;\n}\n\n@media screen and (max-width: 1366px) {\n\t#resp-spacer-block_cb03d1e077c69c45928a326e1bb4ea7c {\n\t\tmargin-top: 60px;\n\t}\n}\n\n@media screen and (max-width: 960px) {\n\t#resp-spacer-block_cb03d1e077c69c45928a326e1bb4ea7c {\n\t\tmargin-top: 40px;\n\t}\n}\n<\/style>\n\n\n<div class=\"wp-block-columns is-layout-flex wp-container-core-columns-is-layout-9d6595d7 wp-block-columns-is-layout-flex\">\n<div class=\"wp-block-column is-layout-flow wp-block-column-is-layout-flow\">\n<h2 class=\"wp-block-heading\">Declara\u00e7\u00f5es da empresa<\/h2>\n\n\n\n<h5 class=\"wp-block-heading\">Divulga\u00e7\u00f5es da cadeia de suprimentos<\/h5>\n\n\n\n<p>A Zinpro Corporation tem um compromisso com o cumprimento de todas as leis trabalhistas, c\u00f3digos de sa\u00fade, leis ambientais e pr\u00e1ticas \u00e9ticas de neg\u00f3cios referentes \u00e0s nossas opera\u00e7\u00f5es globais e aos materiais e m\u00e3o de obra usados na fabrica\u00e7\u00e3o de produtos. Tamb\u00e9m temos o compromisso de avaliar e abordar o potencial de tr\u00e1fico e escravid\u00e3o de pessoas nas nossas cadeias de suprimentos, e j\u00e1 pedimos aos nossos principais fornecedores que assumam o mesmo compromisso.<\/p>\n\n\n\n<p>De acordo com esse compromisso de conformidade, as declara\u00e7\u00f5es da Zinpro s\u00e3o as seguintes:<\/p>\n\n\n\n<ol class=\"wp-block-list\">\n<li>Verifica\u00e7\u00e3o. N\u00f3s esperamos que os nossos fornecedores sigam as leis trabalhistas globais relativas ao tr\u00e1fico e escravid\u00e3o de pessoas e estamos estudando como incluir isso por escrito nos futuros acordos contratuais.<\/li>\n\n\n\n<li>Auditoria. Estamos avaliando como expandir o nosso programa atual de auditoria para incorporar par\u00e2metros sobre tr\u00e1fico e escravid\u00e3o que possam incluir a condu\u00e7\u00e3o de auditorias presenciais.<\/li>\n\n\n\n<li>Certifica\u00e7\u00e3o. N\u00f3s requeremos que todos os nossos fabricantes e fornecedores contratados estejam em conformidade com todas as leis e regulamenta\u00e7\u00f5es governamentais, assim como com as pol\u00edticas e procedimentos da Zinpro.<\/li>\n\n\n\n<li>Responsabilidade. N\u00f3s cobramos responsabilidade dos nossos colaboradores para que cumpram o c\u00f3digo de conduta e os nossos par\u00e2metros relativos ao tr\u00e1fico e escravid\u00e3o de pessoas, como disposto na se\u00e7\u00e3o Expectativas dos colaboradores, no nosso Guia do colaborador.<\/li>\n\n\n\n<li>Treinamento. Temos o compromisso de treinar os colaboradores quanto \u00e0s nossas expectativas de conduta, inclusive em rela\u00e7\u00e3o ao tr\u00e1fico e escravid\u00e3o de pessoas e \u00e0s pol\u00edticas e procedimentos \u00e9ticos de abastecimento, por meio da plataforma de treinamento online \u201cCompliance Quest\u201d.<\/li>\n\n\n\n<li>O n\u00e3o cumprimento total de padr\u00f5es, pol\u00edticas e procedimentos da Zinpro Corporation, inclusive \u2013 por\u00e9m n\u00e3o apenas \u2013 leis relativas ao tr\u00e1fico e escravid\u00e3o de pessoas pelos vendedores ou fornecedores pode resultar em cancelamento de pedido(s), t\u00e9rmino do relacionamento com o fornecedor e\/ou a\u00e7\u00f5es legais por parte da Zinpro.<\/li>\n<\/ol>\n\n\n\n<p>Refer\u00eancias:<\/p>\n\n\n\n<ul class=\"wp-block-list\">\n<li><a href=\"https:\/\/www.unodc.org\/unodc\/en\/human-trafficking\/index.html\" target=\"_blank\" rel=\"noreferrer noopener\">http:\/\/www.unodc.org\/unodc\/en\/human-trafficking\/index.html<\/a><\/li>\n\n\n\n<li><a href=\"https:\/\/wrapcompliance.org\/\" target=\"_blank\" rel=\"noreferrer noopener\">http:\/\/www.wrapcompliance.org\/<\/a><\/li>\n<\/ul>\n\n\n\n<h3 class=\"wp-block-heading\">Procedimento de biosseguran\u00e7a para visitantes<\/h3>\n\n\n\n<h5 class=\"wp-block-heading\">Como visitante, voc\u00ea \u00e9 respons\u00e1vel por seguir as diretrizes de CGMP e biosseguran\u00e7a para evitar a dissemina\u00e7\u00e3o de doen\u00e7as animais e a contamina\u00e7\u00e3o do produto.<\/h5>\n\n\n\n<p><strong>Voc\u00ea deve:<\/strong><\/p>\n\n\n\n<ul class=\"wp-block-list\">\n<li>Use roupas e cal\u00e7ados que n\u00e3o tenham sido expostos ao gado.<\/li>\n\n\n\n<li>N\u00e3o visitei recentemente um pa\u00eds que est\u00e1 enfrentando um surto de doen\u00e7a animal.<\/li>\n\n\n\n<li>Guarde itens pessoais como mochilas, pastas, c\u00e2meras, computadores, tablets e telefones celulares no seu carro ou na recep\u00e7\u00e3o\/sala de confer\u00eancias.<\/li>\n\n\n\n<li>Seguir os procedimentos de qualidade e seguran\u00e7a alimentar da Zinpro.<\/li>\n\n\n\n<li>Estar adequadamente vestido, o que inclui, se aplic\u00e1vel, cal\u00e7ados de seguran\u00e7a, roupas de prote\u00e7\u00e3o, capacete, prote\u00e7\u00e3o ocular e prote\u00e7\u00e3o auditiva.<\/li>\n\n\n\n<li>Remova ou prenda joias e outros objetos que possam cair nos alimentos, equipamentos ou recipientes dos animais.<\/li>\n\n\n\n<li>Fumar somente em \u00e1reas designadas fora das instala\u00e7\u00f5es, o que inclui o uso de dispositivos eletr\u00f4nicos para fumar.<\/li>\n\n\n\n<li>Lavar\/desinfetar as m\u00e3os antes de entrar nas \u00e1reas de fabrica\u00e7\u00e3o.<\/li>\n\n\n\n<li>N\u00e3o comer, beber ou cuspir nas \u00e1reas de produ\u00e7\u00e3o.<\/li>\n\n\n\n<li>Use prote\u00e7\u00e3o se tiver cortes ou feridas abertas, para evitar a contamina\u00e7\u00e3o dos alimentos.<\/li>\n\n\n\n<li>Tome medidas preventivas para evitar a dissemina\u00e7\u00e3o se voc\u00ea tiver uma doen\u00e7a transmiss\u00edvel.<\/li>\n\n\n\n<li>N\u00e3o toque em equipamentos ou materiais, a menos que seja necess\u00e1rio para o prop\u00f3sito de sua visita.<\/li>\n\n\n\n<li>Esteja sempre acompanhado por um funcion\u00e1rio da Zinpro, a menos que voc\u00ea seja um empreiteiro ou prestador de servi\u00e7os que tenha lido e assinado o formul\u00e1rio de treinamento de servi\u00e7o de contrato.<\/li>\n\n\n\n<li>N\u00e3o transportar cont\u00eaineres n\u00e3o aprovados, produtos perigosos, medicamentos prescritos e\/ou c\u00e2meras para as instala\u00e7\u00f5es de produ\u00e7\u00e3o.<\/li>\n\n\n\n<li>Preencha e assine o Registro de Visitantes.<\/li>\n<\/ul>\n\n\n\n<p>Os funcion\u00e1rios da Zinpro que n\u00e3o est\u00e3o nas instala\u00e7\u00f5es e os prestadores de servi\u00e7os podem trazer itens pessoais, desde que n\u00e3o tenham sido expostos recentemente a animais de produ\u00e7\u00e3o.<\/p>\n\n\n\n<h3 class=\"wp-block-heading\">Declara\u00e7\u00e3o de neutralidade pol\u00edtica<\/h3>\n\n\n\n<p>A Zinpro Corporation tem um compromisso com a neutralidade pol\u00edtica em quest\u00f5es partid\u00e1rias. A Zinpro Corporation n\u00e3o endossa nem apoia ou promove nenhum partido pol\u00edtico, candidato ou funcion\u00e1rio p\u00fablico eleito.<\/p>\n<\/div>\n<\/div>\n\n\n\n\n<div id=\"resp-spacer-block_cb03d1e077c69c45928a326e1bb4ea7c\" class=\"zinpro-spacer-block\"><\/div>\n\n<style>\n#resp-spacer-block_cb03d1e077c69c45928a326e1bb4ea7c {\n\tmargin-top: 80px;\n}\n\n@media screen and (max-width: 1366px) {\n\t#resp-spacer-block_cb03d1e077c69c45928a326e1bb4ea7c {\n\t\tmargin-top: 60px;\n\t}\n}\n\n@media screen and (max-width: 960px) {\n\t#resp-spacer-block_cb03d1e077c69c45928a326e1bb4ea7c {\n\t\tmargin-top: 40px;\n\t}\n}\n<\/style>","protected":false},"excerpt":{"rendered":"<p>#resp-spacer-block_cb03d1e077c69c45928a326e1bb4ea7c {<br \/>\n\tmargin-top: 80px;<br \/>\n}<\/p>\n<p>@media screen and (max-width: 1366px) {<br \/>\n\t#resp-spacer-block_cb03d1e077c69c45928a326e1bb4ea7c {<br \/>\n\t\tmargin-top: 60px;<br \/>\n\t}<br \/>\n}<\/p>\n<p>@media screen and (max-width: 960px) {<br \/>\n\t#resp-spacer-block_cb03d1e077c69c45928a326e1bb4ea7c {<br \/>\n\t\tmargin-top: 40px;<br \/>\n\t}<br \/>\n}<\/p>\n<p>Company Statements<\/p>\n<p>Supply Chain Disclosures<\/p>\n<p>Zinpro Corporation is committed to compliance [&#8230;]<\/p>\n","protected":false},"author":2,"featured_media":0,"parent":0,"menu_order":0,"comment_status":"closed","ping_status":"closed","template":"","meta":{"_acf_changed":false,"_tec_requires_first_save":true,"_eb_attr":"","_uag_custom_page_level_css":"","_EventAllDay":false,"_EventTimezone":"","_EventStartDate":"","_EventEndDate":"","_EventStartDateUTC":"","_EventEndDateUTC":"","_EventShowMap":false,"_EventShowMapLink":false,"_EventURL":"","_EventCost":"","_EventCostDescription":"","_EventCurrencySymbol":"","_EventCurrencyCode":"","_EventCurrencyPosition":"","_EventDateTimeSeparator":"","_EventTimeRangeSeparator":"","_EventOrganizerID":[],"_EventVenueID":[],"_OrganizerEmail":"","_OrganizerPhone":"","_OrganizerWebsite":"","_VenueAddress":"","_VenueCity":"","_VenueCountry":"","_VenueProvince":"","_VenueState":"","_VenueZip":"","_VenuePhone":"","_VenueURL":"","_VenueStateProvince":"","_VenueLat":"","_VenueLng":"","_VenueShowMap":false,"_VenueShowMapLink":false,"_tribe_blocks_recurrence_rules":"","_tribe_blocks_recurrence_description":"","_tribe_blocks_recurrence_exclusions":"","_ecp_custom_2":"","footnotes":""},"class_list":["post-629","page","type-page","status-publish","hentry"],"acf":[],"yoast_head":"<!-- This site is optimized with the Yoast SEO Premium plugin v27.4 (Yoast SEO v27.4) - https:\/\/yoast.com\/product\/yoast-seo-premium-wordpress\/ -->\n<title>Company Statements &#8211; Zinpro\u00ae<\/title>\n<meta name=\"description\" content=\"Read more about Company Statements and from Zinpro\u00ae here.\" \/>\n<meta name=\"robots\" content=\"index, follow, max-snippet:-1, max-image-preview:large, max-video-preview:-1\" \/>\n<link rel=\"canonical\" href=\"https:\/\/www.zinpro.com\/pt\/company-statements\/\" \/>\n<meta property=\"og:locale\" content=\"pt_BR\" \/>\n<meta property=\"og:type\" content=\"article\" \/>\n<meta property=\"og:title\" content=\"Company Statements &#8211; Zinpro\u00ae\" \/>\n<meta property=\"og:description\" content=\"Read more about Company Statements and from Zinpro\u00ae here.\" \/>\n<meta property=\"og:url\" content=\"https:\/\/www.zinpro.com\/pt\/company-statements\/\" \/>\n<meta property=\"og:site_name\" content=\"Zinpro\u00ae\" \/>\n<meta property=\"article:publisher\" content=\"https:\/\/www.facebook.com\/ZinproCorp\/\" \/>\n<meta property=\"article:modified_time\" content=\"2023-06-14T14:22:46+00:00\" \/>\n<meta name=\"twitter:card\" content=\"summary_large_image\" \/>\n<meta name=\"twitter:site\" content=\"@wdolezal\" \/>\n<meta name=\"twitter:label1\" content=\"Est. tempo de leitura\" \/>\n\t<meta name=\"twitter:data1\" content=\"3 minutos\" \/>\n<script type=\"application\/ld+json\" class=\"yoast-schema-graph\">{\"@context\":\"https:\\\/\\\/schema.org\",\"@graph\":[{\"@type\":\"WebPage\",\"@id\":\"https:\\\/\\\/www.zinpro.com\\\/company-statements\\\/\",\"url\":\"https:\\\/\\\/www.zinpro.com\\\/company-statements\\\/\",\"name\":\"Company Statements &#8211; Zinpro\u00ae\",\"isPartOf\":{\"@id\":\"https:\\\/\\\/www.zinpro.com\\\/#website\"},\"datePublished\":\"2022-08-29T14:40:29+00:00\",\"dateModified\":\"2023-06-14T14:22:46+00:00\",\"description\":\"Read more about Company Statements and from Zinpro\u00ae here.\",\"inLanguage\":\"pt-BR\",\"potentialAction\":[{\"@type\":\"ReadAction\",\"target\":[\"https:\\\/\\\/www.zinpro.com\\\/company-statements\\\/\"]}]},{\"@type\":\"WebSite\",\"@id\":\"https:\\\/\\\/www.zinpro.com\\\/#website\",\"url\":\"https:\\\/\\\/www.zinpro.com\\\/\",\"name\":\"Zinpro\u00ae\",\"description\":\"\",\"potentialAction\":[{\"@type\":\"SearchAction\",\"target\":{\"@type\":\"EntryPoint\",\"urlTemplate\":\"https:\\\/\\\/www.zinpro.com\\\/?s={search_term_string}\"},\"query-input\":{\"@type\":\"PropertyValueSpecification\",\"valueRequired\":true,\"valueName\":\"search_term_string\"}}],\"inLanguage\":\"pt-BR\"}]}<\/script>\n<!-- \/ Yoast SEO Premium plugin. -->","yoast_head_json":{"title":"Declara\u00e7\u00f5es da empresa - Zinpro\u00ae.","description":"Leia mais sobre as declara\u00e7\u00f5es da empresa e da Zinpro\u00ae aqui.","robots":{"index":"index","follow":"follow","max-snippet":"max-snippet:-1","max-image-preview":"max-image-preview:large","max-video-preview":"max-video-preview:-1"},"canonical":"https:\/\/www.zinpro.com\/pt\/company-statements\/","og_locale":"pt_BR","og_type":"article","og_title":"Company Statements &#8211; Zinpro\u00ae","og_description":"Read more about Company Statements and from Zinpro\u00ae here.","og_url":"https:\/\/www.zinpro.com\/pt\/company-statements\/","og_site_name":"Zinpro\u00ae","article_publisher":"https:\/\/www.facebook.com\/ZinproCorp\/","article_modified_time":"2023-06-14T14:22:46+00:00","twitter_card":"summary_large_image","twitter_site":"@wdolezal","twitter_misc":{"Est. tempo de leitura":"3 minutos"},"schema":{"@context":"https:\/\/schema.org","@graph":[{"@type":"WebPage","@id":"https:\/\/www.zinpro.com\/company-statements\/","url":"https:\/\/www.zinpro.com\/company-statements\/","name":"Declara\u00e7\u00f5es da empresa - Zinpro\u00ae.","isPartOf":{"@id":"https:\/\/www.zinpro.com\/#website"},"datePublished":"2022-08-29T14:40:29+00:00","dateModified":"2023-06-14T14:22:46+00:00","description":"Leia mais sobre as declara\u00e7\u00f5es da empresa e da Zinpro\u00ae aqui.","inLanguage":"pt-BR","potentialAction":[{"@type":"ReadAction","target":["https:\/\/www.zinpro.com\/company-statements\/"]}]},{"@type":"WebSite","@id":"https:\/\/www.zinpro.com\/#website","url":"https:\/\/www.zinpro.com\/","name":"Zinpro","description":"","potentialAction":[{"@type":"SearchAction","target":{"@type":"EntryPoint","urlTemplate":"https:\/\/www.zinpro.com\/?s={search_term_string}"},"query-input":{"@type":"PropertyValueSpecification","valueRequired":true,"valueName":"search_term_string"}}],"inLanguage":"pt-BR"}]}},"spectra_custom_meta":{"_edit_lock":["1687887674:8"],"_edit_last":["8"],"ss_social_share_disable":[""],"_yoast_wpseo_content_score":["30"],"_yoast_wpseo_estimated-reading-time-minutes":["3"],"_yoast_wpseo_wordproof_timestamp":[""],"_eb_reusable_block_ids":["a:0:{}"],"_uag_css_file_name":["uag-css-629.css"],"_uagb_previous_block_counts":["a:90:{s:21:\"uagb\/advanced-heading\";i:0;s:15:\"uagb\/blockquote\";i:0;s:12:\"uagb\/buttons\";i:0;s:18:\"uagb\/buttons-child\";i:0;s:19:\"uagb\/call-to-action\";i:0;s:15:\"uagb\/cf7-styler\";i:0;s:11:\"uagb\/column\";i:0;s:12:\"uagb\/columns\";i:0;s:14:\"uagb\/container\";i:0;s:21:\"uagb\/content-timeline\";i:0;s:27:\"uagb\/content-timeline-child\";i:0;s:14:\"uagb\/countdown\";i:0;s:12:\"uagb\/counter\";i:0;s:8:\"uagb\/faq\";i:0;s:14:\"uagb\/faq-child\";i:0;s:10:\"uagb\/forms\";i:0;s:17:\"uagb\/forms-accept\";i:0;s:19:\"uagb\/forms-checkbox\";i:0;s:15:\"uagb\/forms-date\";i:0;s:16:\"uagb\/forms-email\";i:0;s:17:\"uagb\/forms-hidden\";i:0;s:15:\"uagb\/forms-name\";i:0;s:16:\"uagb\/forms-phone\";i:0;s:16:\"uagb\/forms-radio\";i:0;s:17:\"uagb\/forms-select\";i:0;s:19:\"uagb\/forms-textarea\";i:0;s:17:\"uagb\/forms-toggle\";i:0;s:14:\"uagb\/forms-url\";i:0;s:14:\"uagb\/gf-styler\";i:0;s:15:\"uagb\/google-map\";i:0;s:11:\"uagb\/how-to\";i:0;s:16:\"uagb\/how-to-step\";i:0;s:9:\"uagb\/icon\";i:0;s:14:\"uagb\/icon-list\";i:0;s:20:\"uagb\/icon-list-child\";i:0;s:10:\"uagb\/image\";i:0;s:18:\"uagb\/image-gallery\";i:0;s:13:\"uagb\/info-box\";i:0;s:18:\"uagb\/inline-notice\";i:0;s:11:\"uagb\/lottie\";i:0;s:21:\"uagb\/marketing-button\";i:0;s:10:\"uagb\/modal\";i:0;s:18:\"uagb\/popup-builder\";i:0;s:16:\"uagb\/post-button\";i:0;s:18:\"uagb\/post-carousel\";i:0;s:17:\"uagb\/post-excerpt\";i:0;s:14:\"uagb\/post-grid\";i:0;s:15:\"uagb\/post-image\";i:0;s:17:\"uagb\/post-masonry\";i:0;s:14:\"uagb\/post-meta\";i:0;s:18:\"uagb\/post-taxonomy\";i:0;s:18:\"uagb\/post-timeline\";i:0;s:15:\"uagb\/post-title\";i:0;s:20:\"uagb\/restaurant-menu\";i:0;s:26:\"uagb\/restaurant-menu-child\";i:0;s:11:\"uagb\/review\";i:0;s:12:\"uagb\/section\";i:0;s:14:\"uagb\/separator\";i:0;s:11:\"uagb\/slider\";i:0;s:17:\"uagb\/slider-child\";i:0;s:17:\"uagb\/social-share\";i:0;s:23:\"uagb\/social-share-child\";i:0;s:16:\"uagb\/star-rating\";i:0;s:23:\"uagb\/sure-cart-checkout\";i:0;s:22:\"uagb\/sure-cart-product\";i:0;s:15:\"uagb\/sure-forms\";i:0;s:22:\"uagb\/table-of-contents\";i:0;s:9:\"uagb\/tabs\";i:0;s:15:\"uagb\/tabs-child\";i:0;s:18:\"uagb\/taxonomy-list\";i:0;s:9:\"uagb\/team\";i:0;s:16:\"uagb\/testimonial\";i:0;s:14:\"uagb\/wp-search\";i:0;s:19:\"uagb\/instagram-feed\";i:0;s:10:\"uagb\/login\";i:0;s:17:\"uagb\/loop-builder\";i:0;s:18:\"uagb\/loop-category\";i:0;s:20:\"uagb\/loop-pagination\";i:0;s:15:\"uagb\/loop-reset\";i:0;s:16:\"uagb\/loop-search\";i:0;s:14:\"uagb\/loop-sort\";i:0;s:17:\"uagb\/loop-wrapper\";i:0;s:13:\"uagb\/register\";i:0;s:19:\"uagb\/register-email\";i:0;s:24:\"uagb\/register-first-name\";i:0;s:23:\"uagb\/register-last-name\";i:0;s:22:\"uagb\/register-password\";i:0;s:30:\"uagb\/register-reenter-password\";i:0;s:19:\"uagb\/register-terms\";i:0;s:22:\"uagb\/register-username\";i:0;}"],"_uag_page_assets":["a:9:{s:3:\"css\";s:260:\".uag-blocks-common-selector{z-index:var(--z-index-desktop) !important}@media(max-width: 976px){.uag-blocks-common-selector{z-index:var(--z-index-tablet) !important}}@media(max-width: 767px){.uag-blocks-common-selector{z-index:var(--z-index-mobile) !important}}\";s:2:\"js\";s:0:\"\";s:18:\"current_block_list\";a:17:{i:0;s:24:\"zinpro\/responsive-spacer\";i:1;s:12:\"core\/columns\";i:2;s:11:\"core\/column\";i:3;s:12:\"core\/heading\";i:4;s:14:\"core\/paragraph\";i:5;s:9:\"core\/list\";i:6;s:14:\"core\/list-item\";i:7;s:11:\"core\/search\";i:8;s:10:\"core\/group\";i:9;s:17:\"core\/latest-posts\";i:10;s:20:\"core\/latest-comments\";i:11;s:13:\"core\/archives\";i:12;s:15:\"core\/categories\";i:13;s:17:\"core\/social-links\";i:14;s:16:\"core\/social-link\";i:15;s:11:\"core\/spacer\";i:16;s:10:\"core\/image\";}s:8:\"uag_flag\";b:0;s:11:\"uag_version\";s:10:\"1777426717\";s:6:\"gfonts\";a:0:{}s:10:\"gfonts_url\";s:0:\"\";s:12:\"gfonts_files\";a:0:{}s:14:\"uag_faq_layout\";b:0;}"]},"uagb_featured_image_src":{"full":false,"thumbnail":false,"medium":false,"medium_large":false,"large":false,"gs-tiny":false,"xl":false,"xxl":false,"xxxl":false,"xxxxl":false,"xxxxxl":false,"1536x1536":false,"2048x2048":false,"trp-custom-language-flag":false,"gform-image-choice-sm":false,"gform-image-choice-md":false,"gform-image-choice-lg":false,"menu-24x24":false,"menu-36x36":false,"menu-48x48":false},"uagb_author_info":{"display_name":"mrwolleat","author_link":"https:\/\/www.zinpro.com\/pt\/resource-center\/author\/mrwolleat\/"},"uagb_comment_info":0,"uagb_excerpt":"#resp-spacer-block_cb03d1e077c69c45928a326e1bb4ea7c { margin-top: 80px; } @media screen and (max-width: 1366px) { #resp-spacer-block_cb03d1e077c69c45928a326e1bb4ea7c { margin-top: 60px; } } @media screen and (max-width: 960px) { #resp-spacer-block_cb03d1e077c69c45928a326e1bb4ea7c { margin-top: 40px; } } Company Statements Supply Chain Disclosures Zinpro Corporation is committed to compliance [...]","_links":{"self":[{"href":"https:\/\/www.zinpro.com\/pt\/wp-json\/wp\/v2\/pages\/629","targetHints":{"allow":["GET"]}}],"collection":[{"href":"https:\/\/www.zinpro.com\/pt\/wp-json\/wp\/v2\/pages"}],"about":[{"href":"https:\/\/www.zinpro.com\/pt\/wp-json\/wp\/v2\/types\/page"}],"author":[{"embeddable":true,"href":"https:\/\/www.zinpro.com\/pt\/wp-json\/wp\/v2\/users\/2"}],"replies":[{"embeddable":true,"href":"https:\/\/www.zinpro.com\/pt\/wp-json\/wp\/v2\/comments?post=629"}],"version-history":[{"count":0,"href":"https:\/\/www.zinpro.com\/pt\/wp-json\/wp\/v2\/pages\/629\/revisions"}],"wp:attachment":[{"href":"https:\/\/www.zinpro.com\/pt\/wp-json\/wp\/v2\/media?parent=629"}],"curies":[{"name":"wp","href":"https:\/\/api.w.org\/{rel}","templated":true}]}}