

{"id":58684,"date":"2023-07-11T20:59:24","date_gmt":"2023-07-11T20:59:24","guid":{"rendered":"https:\/\/www.zinpro.com\/?page_id=58684"},"modified":"2025-02-19T18:00:56","modified_gmt":"2025-02-19T23:00:56","slug":"feedzinpro-confirmation","status":"publish","type":"page","link":"https:\/\/www.zinpro.com\/pt\/feedzinpro-confirmation\/","title":{"rendered":"Confirma\u00e7\u00e3o do Feed Zinpro"},"content":{"rendered":"<div class=\"wp-block-cover is-light\"><span aria-hidden=\"true\" class=\"wp-block-cover__background has-background-dim-0 has-background-dim\"><\/span><img loading=\"lazy\" decoding=\"async\" width=\"1440\" height=\"420\" class=\"wp-block-cover__image-background wp-image-58680\" alt=\"\" src=\"https:\/\/www.zinpro.com\/wp-content\/uploads\/2023\/07\/WATT-FeedFormulation_1440x420.jpg\" data-object-fit=\"cover\" srcset=\"https:\/\/www.zinpro.com\/wp-content\/uploads\/2023\/07\/WATT-FeedFormulation_1440x420.jpg 1440w, https:\/\/www.zinpro.com\/wp-content\/uploads\/2023\/07\/WATT-FeedFormulation_1440x420-300x88.jpg 300w, https:\/\/www.zinpro.com\/wp-content\/uploads\/2023\/07\/WATT-FeedFormulation_1440x420-1024x299.jpg 1024w, https:\/\/www.zinpro.com\/wp-content\/uploads\/2023\/07\/WATT-FeedFormulation_1440x420-18x5.jpg 18w\" sizes=\"auto, (max-width: 1440px) 100vw, 1440px\" \/><div class=\"wp-block-cover__inner-container is-layout-flow wp-block-cover-is-layout-flow\">\n<p class=\"has-text-align-center has-large-font-size\"><\/p>\n\n\n\n<h1 class=\"wp-block-heading has-zinpro-blue-color has-text-color\" id=\"h-together-we-can-maximize-your-nutrients-and-minimize-your-costs\" style=\"font-style:normal;font-weight:700\">Juntos Podemos <br>Maximize seu <br>Nutrientes e <br>Minimize seus custos<\/h1>\n<\/div><\/div>\n\n\n\n\n<div id=\"resp-spacer-block_e5920dba23aeb82120f08163ed652fcb\" class=\"zinpro-spacer-block\"><\/div>\n\n<style>\n#resp-spacer-block_e5920dba23aeb82120f08163ed652fcb {\n\tmargin-top: 80px;\n}\n\n@media screen and (max-width: 1366px) {\n\t#resp-spacer-block_e5920dba23aeb82120f08163ed652fcb {\n\t\tmargin-top: 60px;\n\t}\n}\n\n@media screen and (max-width: 960px) {\n\t#resp-spacer-block_e5920dba23aeb82120f08163ed652fcb {\n\t\tmargin-top: 40px;\n\t}\n}\n<\/style>\n\n\n<h3 class=\"wp-block-heading\">Transforme seus obst\u00e1culos em oportunidades de crescimento<\/h3>\n\n\n\n<p>Esses n\u00e3o s\u00e3o desafios que voc\u00ea precisa enfrentar sozinho. Fizemos uma parceria com os principais especialistas do setor para trazer a voc\u00ea insights novos e pr\u00e1ticos. Saiba mais com esses especialistas em aves:<\/p>\n\n\n\n\n<div id=\"resp-spacer-block_e5920dba23aeb82120f08163ed652fcb\" class=\"zinpro-spacer-block\"><\/div>\n\n<style>\n#resp-spacer-block_e5920dba23aeb82120f08163ed652fcb {\n\tmargin-top: 80px;\n}\n\n@media screen and (max-width: 1366px) {\n\t#resp-spacer-block_e5920dba23aeb82120f08163ed652fcb {\n\t\tmargin-top: 60px;\n\t}\n}\n\n@media screen and (max-width: 960px) {\n\t#resp-spacer-block_e5920dba23aeb82120f08163ed652fcb {\n\t\tmargin-top: 40px;\n\t}\n}\n<\/style>\n\n\n<div class=\"wp-block-group alignfull has-dark-gray-background-color has-background is-layout-constrained wp-block-group-is-layout-constrained\">\n<div class=\"wp-block-columns is-layout-flex wp-container-core-columns-is-layout-9d6595d7 wp-block-columns-is-layout-flex\">\n<div class=\"wp-block-column is-vertically-aligned-center is-layout-flow wp-block-column-is-layout-flow\">\n<h4 class=\"wp-block-heading has-white-color has-text-color\">A import\u00e2ncia da FCR e das oportunidades de efici\u00eancia em nitrog\u00eanio<\/h4>\n\n\n\n<p class=\"has-white-color has-text-color\"><strong>Dr. Michael Kidd<\/strong>da Universidade de Arkansas, EUA, descobriu que a limita\u00e7\u00e3o de amino\u00e1cidos pode ajudar a equilibrar o uso de ingredientes e o custo da ra\u00e7\u00e3o. Ele compartilha como os produtores de aves podem equilibrar as dietas com uma matriz de ingredientes\/nutrientes para aliviar os altos pre\u00e7os da ra\u00e7\u00e3o e criar aves saud\u00e1veis e produtivas.<\/p>\n\n\n\n<div class=\"wp-block-buttons is-layout-flex wp-block-buttons-is-layout-flex\">\n<div class=\"wp-block-button is-style-fill\"><a class=\"wp-block-button__link has-zinpro-blue-background-color has-background wp-element-button\" href=\"https:\/\/www.zinpro.com\/wp-content\/uploads\/2025\/02\/Zinpro_CurrentState-17.pdf\" target=\"_blank\" rel=\"noreferrer noopener\">Leia mais<\/a><\/div>\n<\/div>\n<\/div>\n\n\n\n<div class=\"wp-block-column is-layout-flow wp-block-column-is-layout-flow\">\n<figure class=\"wp-block-image size-full\"><img loading=\"lazy\" decoding=\"async\" width=\"648\" height=\"504\" src=\"https:\/\/www.zinpro.com\/wp-content\/uploads\/2023\/07\/Increased_Daily-Gain-larger.jpg\" alt=\"\" class=\"wp-image-58685\" srcset=\"https:\/\/www.zinpro.com\/wp-content\/uploads\/2023\/07\/Increased_Daily-Gain-larger.jpg 648w, https:\/\/www.zinpro.com\/wp-content\/uploads\/2023\/07\/Increased_Daily-Gain-larger-300x233.jpg 300w, https:\/\/www.zinpro.com\/wp-content\/uploads\/2023\/07\/Increased_Daily-Gain-larger-15x12.jpg 15w\" sizes=\"auto, (max-width: 648px) 100vw, 648px\" \/><\/figure>\n<\/div>\n<\/div>\n\n\n\n<div class=\"wp-block-columns is-layout-flex wp-container-core-columns-is-layout-9d6595d7 wp-block-columns-is-layout-flex\">\n<div class=\"wp-block-column is-layout-flow wp-block-column-is-layout-flow\">\n<figure class=\"wp-block-image size-full\"><img loading=\"lazy\" decoding=\"async\" width=\"648\" height=\"504\" src=\"https:\/\/www.zinpro.com\/wp-content\/uploads\/2023\/07\/Profits-larger.jpg\" alt=\"\" class=\"wp-image-58686\" srcset=\"https:\/\/www.zinpro.com\/wp-content\/uploads\/2023\/07\/Profits-larger.jpg 648w, https:\/\/www.zinpro.com\/wp-content\/uploads\/2023\/07\/Profits-larger-300x233.jpg 300w, https:\/\/www.zinpro.com\/wp-content\/uploads\/2023\/07\/Profits-larger-15x12.jpg 15w\" sizes=\"auto, (max-width: 648px) 100vw, 648px\" \/><\/figure>\n<\/div>\n\n\n\n<div class=\"wp-block-column is-vertically-aligned-center is-layout-flow wp-block-column-is-layout-flow\">\n<h4 class=\"wp-block-heading has-white-color has-text-color\">A oportunidade do fosfato<\/h4>\n\n\n\n<p class=\"has-white-color has-text-color\"><strong>Kyle Venter<\/strong>Venter, Inc., Chemuniqu\u00e9, \u00c1frica do Sul, v\u00ea os altos pre\u00e7os recordes do fosfato como uma oportunidade de inova\u00e7\u00e3o nas dietas das aves. A necessidade de alimentar com fosfato e reduzir o pre\u00e7o levou a uma estrat\u00e9gia de alimenta\u00e7\u00e3o inovadora que Venter apresenta neste artigo.<\/p>\n\n\n\n<div class=\"wp-block-buttons is-layout-flex wp-block-buttons-is-layout-flex\">\n<div class=\"wp-block-button is-style-fill\"><a class=\"wp-block-button__link has-zinpro-blue-background-color has-background wp-element-button\" href=\"https:\/\/www.zinpro.com\/wp-content\/uploads\/2025\/02\/Zinpro_PhosphateOpportunity-2.pdf\" target=\"_blank\" rel=\"noreferrer noopener\">Leia mais<\/a><\/div>\n<\/div>\n<\/div>\n<\/div>\n\n\n\n<div class=\"wp-block-columns is-layout-flex wp-container-core-columns-is-layout-9d6595d7 wp-block-columns-is-layout-flex\">\n<div class=\"wp-block-column is-vertically-aligned-center is-layout-flow wp-block-column-is-layout-flow\">\n<h4 class=\"wp-block-heading has-white-color has-text-color\">Parceria com a Zinpro para enfrentar o dilema da formula\u00e7\u00e3o de ra\u00e7\u00f5es<\/h4>\n\n\n\n<p class=\"has-white-color has-text-color\"><strong>Dr. Leonardo Linares<\/strong>O Dr. Linares, diretor de servi\u00e7os t\u00e9cnicos globais da Zinpro, entende a import\u00e2ncia da confian\u00e7a e da parceria com base em sua experi\u00eancia de campo. Neste artigo, o Dr. Linares compartilha como ele ajuda seus clientes a seguir em frente, reduzindo o \u00f4nus dos desafios do setor av\u00edcola.<\/p>\n\n\n\n<div class=\"wp-block-buttons is-layout-flex wp-block-buttons-is-layout-flex\">\n<div class=\"wp-block-button is-style-fill\"><a class=\"wp-block-button__link has-zinpro-blue-background-color has-background wp-element-button\" href=\"https:\/\/www.zinpro.com\/wp-content\/uploads\/2025\/02\/Zinpro_PartneringWithZinpro-2.pdf\" target=\"_blank\" rel=\"noreferrer noopener\">Leia mais<\/a><\/div>\n<\/div>\n<\/div>\n\n\n\n<div class=\"wp-block-column is-layout-flow wp-block-column-is-layout-flow\">\n<figure class=\"wp-block-image size-full\"><img loading=\"lazy\" decoding=\"async\" width=\"648\" height=\"504\" src=\"https:\/\/www.zinpro.com\/wp-content\/uploads\/2023\/07\/Feed_Conversion-larger.jpg\" alt=\"\" class=\"wp-image-58687\" srcset=\"https:\/\/www.zinpro.com\/wp-content\/uploads\/2023\/07\/Feed_Conversion-larger.jpg 648w, https:\/\/www.zinpro.com\/wp-content\/uploads\/2023\/07\/Feed_Conversion-larger-300x233.jpg 300w, https:\/\/www.zinpro.com\/wp-content\/uploads\/2023\/07\/Feed_Conversion-larger-15x12.jpg 15w\" sizes=\"auto, (max-width: 648px) 100vw, 648px\" \/><\/figure>\n<\/div>\n<\/div>\n<\/div>\n\n\n\n\n<div id=\"resp-spacer-block_e5920dba23aeb82120f08163ed652fcb\" class=\"zinpro-spacer-block\"><\/div>\n\n<style>\n#resp-spacer-block_e5920dba23aeb82120f08163ed652fcb {\n\tmargin-top: 80px;\n}\n\n@media screen and (max-width: 1366px) {\n\t#resp-spacer-block_e5920dba23aeb82120f08163ed652fcb {\n\t\tmargin-top: 60px;\n\t}\n}\n\n@media screen and (max-width: 960px) {\n\t#resp-spacer-block_e5920dba23aeb82120f08163ed652fcb {\n\t\tmargin-top: 40px;\n\t}\n}\n<\/style>\n\n\n<div class=\"wp-block-columns is-layout-flex wp-container-core-columns-is-layout-9d6595d7 wp-block-columns-is-layout-flex\">\n<div class=\"wp-block-column is-layout-flow wp-block-column-is-layout-flow\" style=\"flex-basis:66.66%\">\n<h4 class=\"wp-block-heading\">Juntos, podemos maximizar seus nutrientes e minimizar seus custos<\/h4>\n\n\n\n<p>H\u00e1 uma incerteza iminente causada por v\u00e1rios obst\u00e1culos de produ\u00e7\u00e3o que afetam o setor av\u00edcola. Isso exige aten\u00e7\u00e3o adicional a v\u00e1rias \u00e1reas em uma opera\u00e7\u00e3o, incluindo:<\/p>\n\n\n\n<ul class=\"wp-block-list\">\n<li>Melhoria da taxa de convers\u00e3o alimentar (FCR)<\/li>\n\n\n\n<li>Reten\u00e7\u00e3o de nitrog\u00eanio, oportunidades de fosfato<\/li>\n\n\n\n<li>Absor\u00e7\u00e3o de minerais<\/li>\n\n\n\n<li>Benef\u00edcios de substitui\u00e7\u00e3o total<\/li>\n\n\n\n<li>Pr\u00e1ticas sustent\u00e1veis<\/li>\n<\/ul>\n\n\n\n<p>Conecte-se com um especialista da Zinpro para ajud\u00e1-lo a enfrentar esses desafios e identificar as principais oportunidades de sucesso.<\/p>\n\n\n\n<div class=\"wp-block-buttons is-layout-flex wp-block-buttons-is-layout-flex\">\n<div class=\"wp-block-button\"><a class=\"wp-block-button__link wp-element-button\" href=\"https:\/\/www.zinpro.com\/pt\/contact-sales\/?_expert_type=representative\">Conecte-se com um especialista da Zinpro<\/a><\/div>\n<\/div>\n<\/div>\n\n\n\n<div class=\"wp-block-column is-layout-flow wp-block-column-is-layout-flow\" style=\"flex-basis:33.33%\"><\/div>\n<\/div>\n\n\n\n\n<div id=\"resp-spacer-block_e5920dba23aeb82120f08163ed652fcb\" class=\"zinpro-spacer-block\"><\/div>\n\n<style>\n#resp-spacer-block_e5920dba23aeb82120f08163ed652fcb {\n\tmargin-top: 80px;\n}\n\n@media screen and (max-width: 1366px) {\n\t#resp-spacer-block_e5920dba23aeb82120f08163ed652fcb {\n\t\tmargin-top: 60px;\n\t}\n}\n\n@media screen and (max-width: 960px) {\n\t#resp-spacer-block_e5920dba23aeb82120f08163ed652fcb {\n\t\tmargin-top: 40px;\n\t}\n}\n<\/style>","protected":false},"excerpt":{"rendered":"<p class=\"has-text-align-center has-large-font-size\">\n<p>Together We Can <br \/>Maximize Your <br \/>Nutrients and <br \/>Minimize Your Costs<\/p>\n<p>#resp-spacer-block_e5920dba23aeb82120f08163ed652fcb {<br \/>\n\tmargin-top: 80px;<br \/>\n}<\/p>\n<p>@media screen and (max-width: 1366px) {<br \/>\n\t#resp-spacer-block_e5920dba23aeb82120f08163ed652fcb {<br \/>\n\t\tmargin-top: 60px;<br \/>\n\t}<br \/>\n}<\/p>\n<p>@media screen and (max-width: 960px) [&#8230;]<\/p>\n","protected":false},"author":8,"featured_media":0,"parent":0,"menu_order":0,"comment_status":"closed","ping_status":"closed","template":"","meta":{"_acf_changed":false,"_tec_requires_first_save":true,"_eb_attr":"","_uag_custom_page_level_css":"","_EventAllDay":false,"_EventTimezone":"","_EventStartDate":"","_EventEndDate":"","_EventStartDateUTC":"","_EventEndDateUTC":"","_EventShowMap":false,"_EventShowMapLink":false,"_EventURL":"","_EventCost":"","_EventCostDescription":"","_EventCurrencySymbol":"","_EventCurrencyCode":"","_EventCurrencyPosition":"","_EventDateTimeSeparator":"","_EventTimeRangeSeparator":"","_EventOrganizerID":[],"_EventVenueID":[],"_OrganizerEmail":"","_OrganizerPhone":"","_OrganizerWebsite":"","_VenueAddress":"","_VenueCity":"","_VenueCountry":"","_VenueProvince":"","_VenueState":"","_VenueZip":"","_VenuePhone":"","_VenueURL":"","_VenueStateProvince":"","_VenueLat":"","_VenueLng":"","_VenueShowMap":false,"_VenueShowMapLink":false,"_tribe_blocks_recurrence_rules":"","_tribe_blocks_recurrence_description":"","_tribe_blocks_recurrence_exclusions":"","_ecp_custom_2":"","footnotes":""},"class_list":["post-58684","page","type-page","status-publish","hentry"],"acf":[],"yoast_head":"<!-- This site is optimized with the Yoast SEO Premium plugin v27.4 (Yoast SEO v27.4) - https:\/\/yoast.com\/product\/yoast-seo-premium-wordpress\/ -->\n<title>Feed Zinpro Confirmation &#8211; Zinpro\u00ae<\/title>\n<meta name=\"description\" content=\"Read more about Feed Zinpro Confirmation and from Zinpro\u00ae here.\" \/>\n<meta name=\"robots\" content=\"index, follow, max-snippet:-1, max-image-preview:large, max-video-preview:-1\" \/>\n<link rel=\"canonical\" href=\"https:\/\/www.zinpro.com\/pt\/feedzinpro-confirmation\/\" \/>\n<meta property=\"og:locale\" content=\"pt_BR\" \/>\n<meta property=\"og:type\" content=\"article\" \/>\n<meta property=\"og:title\" content=\"Feed Zinpro Confirmation &#8211; Zinpro\u00ae\" \/>\n<meta property=\"og:description\" content=\"Read more about Feed Zinpro Confirmation and from Zinpro\u00ae here.\" \/>\n<meta property=\"og:url\" content=\"https:\/\/www.zinpro.com\/pt\/feedzinpro-confirmation\/\" \/>\n<meta property=\"og:site_name\" content=\"Zinpro\u00ae\" \/>\n<meta property=\"article:publisher\" content=\"https:\/\/www.facebook.com\/ZinproCorp\/\" \/>\n<meta property=\"article:modified_time\" content=\"2025-02-19T23:00:56+00:00\" \/>\n<meta property=\"og:image\" content=\"https:\/\/www.zinpro.com\/wp-content\/uploads\/2023\/07\/WATT-FeedFormulation_1440x420.jpg\" \/>\n\t<meta property=\"og:image:width\" content=\"1440\" \/>\n\t<meta property=\"og:image:height\" content=\"420\" \/>\n\t<meta property=\"og:image:type\" content=\"image\/jpeg\" \/>\n<meta name=\"twitter:card\" content=\"summary_large_image\" \/>\n<meta name=\"twitter:site\" content=\"@wdolezal\" \/>\n<meta name=\"twitter:label1\" content=\"Est. tempo de leitura\" \/>\n\t<meta name=\"twitter:data1\" content=\"2 minutos\" \/>\n<script type=\"application\/ld+json\" class=\"yoast-schema-graph\">{\"@context\":\"https:\\\/\\\/schema.org\",\"@graph\":[{\"@type\":\"WebPage\",\"@id\":\"https:\\\/\\\/www.zinpro.com\\\/feedzinpro-confirmation\\\/\",\"url\":\"https:\\\/\\\/www.zinpro.com\\\/feedzinpro-confirmation\\\/\",\"name\":\"Feed Zinpro Confirmation &#8211; Zinpro\u00ae\",\"isPartOf\":{\"@id\":\"https:\\\/\\\/www.zinpro.com\\\/#website\"},\"primaryImageOfPage\":{\"@id\":\"https:\\\/\\\/www.zinpro.com\\\/feedzinpro-confirmation\\\/#primaryimage\"},\"image\":{\"@id\":\"https:\\\/\\\/www.zinpro.com\\\/feedzinpro-confirmation\\\/#primaryimage\"},\"thumbnailUrl\":\"https:\\\/\\\/www.zinpro.com\\\/wp-content\\\/uploads\\\/2023\\\/07\\\/WATT-FeedFormulation_1440x420.jpg\",\"datePublished\":\"2023-07-11T20:59:24+00:00\",\"dateModified\":\"2025-02-19T23:00:56+00:00\",\"description\":\"Read more about Feed Zinpro Confirmation and from Zinpro\u00ae here.\",\"inLanguage\":\"pt-BR\",\"potentialAction\":[{\"@type\":\"ReadAction\",\"target\":[\"https:\\\/\\\/www.zinpro.com\\\/feedzinpro-confirmation\\\/\"]}]},{\"@type\":\"ImageObject\",\"inLanguage\":\"pt-BR\",\"@id\":\"https:\\\/\\\/www.zinpro.com\\\/feedzinpro-confirmation\\\/#primaryimage\",\"url\":\"https:\\\/\\\/www.zinpro.com\\\/wp-content\\\/uploads\\\/2023\\\/07\\\/WATT-FeedFormulation_1440x420.jpg\",\"contentUrl\":\"https:\\\/\\\/www.zinpro.com\\\/wp-content\\\/uploads\\\/2023\\\/07\\\/WATT-FeedFormulation_1440x420.jpg\"},{\"@type\":\"WebSite\",\"@id\":\"https:\\\/\\\/www.zinpro.com\\\/#website\",\"url\":\"https:\\\/\\\/www.zinpro.com\\\/\",\"name\":\"Zinpro\u00ae\",\"description\":\"\",\"potentialAction\":[{\"@type\":\"SearchAction\",\"target\":{\"@type\":\"EntryPoint\",\"urlTemplate\":\"https:\\\/\\\/www.zinpro.com\\\/?s={search_term_string}\"},\"query-input\":{\"@type\":\"PropertyValueSpecification\",\"valueRequired\":true,\"valueName\":\"search_term_string\"}}],\"inLanguage\":\"pt-BR\"}]}<\/script>\n<!-- \/ Yoast SEO Premium plugin. -->","yoast_head_json":{"title":"Confirma\u00e7\u00e3o de alimenta\u00e7\u00e3o Zinpro - Zinpro\u00ae","description":"Leia mais sobre o Feed Zinpro Confirmation e sobre a Zinpro\u00ae aqui.","robots":{"index":"index","follow":"follow","max-snippet":"max-snippet:-1","max-image-preview":"max-image-preview:large","max-video-preview":"max-video-preview:-1"},"canonical":"https:\/\/www.zinpro.com\/pt\/feedzinpro-confirmation\/","og_locale":"pt_BR","og_type":"article","og_title":"Feed Zinpro Confirmation &#8211; Zinpro\u00ae","og_description":"Read more about Feed Zinpro Confirmation and from Zinpro\u00ae here.","og_url":"https:\/\/www.zinpro.com\/pt\/feedzinpro-confirmation\/","og_site_name":"Zinpro\u00ae","article_publisher":"https:\/\/www.facebook.com\/ZinproCorp\/","article_modified_time":"2025-02-19T23:00:56+00:00","og_image":[{"width":1440,"height":420,"url":"https:\/\/www.zinpro.com\/wp-content\/uploads\/2023\/07\/WATT-FeedFormulation_1440x420.jpg","type":"image\/jpeg"}],"twitter_card":"summary_large_image","twitter_site":"@wdolezal","twitter_misc":{"Est. tempo de leitura":"2 minutos"},"schema":{"@context":"https:\/\/schema.org","@graph":[{"@type":"WebPage","@id":"https:\/\/www.zinpro.com\/feedzinpro-confirmation\/","url":"https:\/\/www.zinpro.com\/feedzinpro-confirmation\/","name":"Confirma\u00e7\u00e3o de alimenta\u00e7\u00e3o Zinpro - Zinpro\u00ae","isPartOf":{"@id":"https:\/\/www.zinpro.com\/#website"},"primaryImageOfPage":{"@id":"https:\/\/www.zinpro.com\/feedzinpro-confirmation\/#primaryimage"},"image":{"@id":"https:\/\/www.zinpro.com\/feedzinpro-confirmation\/#primaryimage"},"thumbnailUrl":"https:\/\/www.zinpro.com\/wp-content\/uploads\/2023\/07\/WATT-FeedFormulation_1440x420.jpg","datePublished":"2023-07-11T20:59:24+00:00","dateModified":"2025-02-19T23:00:56+00:00","description":"Leia mais sobre o Feed Zinpro Confirmation e sobre a Zinpro\u00ae aqui.","inLanguage":"pt-BR","potentialAction":[{"@type":"ReadAction","target":["https:\/\/www.zinpro.com\/feedzinpro-confirmation\/"]}]},{"@type":"ImageObject","inLanguage":"pt-BR","@id":"https:\/\/www.zinpro.com\/feedzinpro-confirmation\/#primaryimage","url":"https:\/\/www.zinpro.com\/wp-content\/uploads\/2023\/07\/WATT-FeedFormulation_1440x420.jpg","contentUrl":"https:\/\/www.zinpro.com\/wp-content\/uploads\/2023\/07\/WATT-FeedFormulation_1440x420.jpg"},{"@type":"WebSite","@id":"https:\/\/www.zinpro.com\/#website","url":"https:\/\/www.zinpro.com\/","name":"Zinpro","description":"","potentialAction":[{"@type":"SearchAction","target":{"@type":"EntryPoint","urlTemplate":"https:\/\/www.zinpro.com\/?s={search_term_string}"},"query-input":{"@type":"PropertyValueSpecification","valueRequired":true,"valueName":"search_term_string"}}],"inLanguage":"pt-BR"}]}},"spectra_custom_meta":{"_edit_lock":["1740006238:14"],"_edit_last":["14"],"ss_social_share_disable":[""],"_yoast_wpseo_content_score":["90"],"_yoast_wpseo_focuskeywords":["[]"],"_yoast_wpseo_keywordsynonyms":["[\"\"]"],"_yoast_wpseo_estimated-reading-time-minutes":["2"],"_yoast_wpseo_wordproof_timestamp":[""],"_wp_page_template":["default"],"_eb_reusable_block_ids":["a:0:{}"],"_uag_css_file_name":["uag-css-58684.css"],"_uag_page_assets":["a:9:{s:3:\"css\";s:263:\".uag-blocks-common-selector{z-index:var(--z-index-desktop) !important}@media (max-width: 976px){.uag-blocks-common-selector{z-index:var(--z-index-tablet) !important}}@media (max-width: 767px){.uag-blocks-common-selector{z-index:var(--z-index-mobile) !important}}\n\";s:2:\"js\";s:0:\"\";s:18:\"current_block_list\";a:20:{i:0;s:10:\"core\/cover\";i:1;s:14:\"core\/paragraph\";i:2;s:12:\"core\/heading\";i:3;s:24:\"zinpro\/responsive-spacer\";i:4;s:10:\"core\/group\";i:5;s:12:\"core\/columns\";i:6;s:11:\"core\/column\";i:7;s:12:\"core\/buttons\";i:8;s:11:\"core\/button\";i:10;s:10:\"core\/image\";i:11;s:9:\"core\/list\";i:12;s:14:\"core\/list-item\";i:13;s:11:\"core\/search\";i:14;s:17:\"core\/latest-posts\";i:15;s:20:\"core\/latest-comments\";i:16;s:13:\"core\/archives\";i:17;s:15:\"core\/categories\";i:18;s:17:\"core\/social-links\";i:19;s:16:\"core\/social-link\";i:20;s:11:\"core\/spacer\";}s:8:\"uag_flag\";b:0;s:11:\"uag_version\";s:10:\"1777036462\";s:6:\"gfonts\";a:0:{}s:10:\"gfonts_url\";s:0:\"\";s:12:\"gfonts_files\";a:0:{}s:14:\"uag_faq_layout\";b:0;}"],"_uagb_previous_block_counts":["a:90:{s:21:\"uagb\/advanced-heading\";i:0;s:15:\"uagb\/blockquote\";i:0;s:12:\"uagb\/buttons\";i:0;s:18:\"uagb\/buttons-child\";i:0;s:19:\"uagb\/call-to-action\";i:0;s:15:\"uagb\/cf7-styler\";i:0;s:11:\"uagb\/column\";i:0;s:12:\"uagb\/columns\";i:0;s:14:\"uagb\/container\";i:0;s:21:\"uagb\/content-timeline\";i:0;s:27:\"uagb\/content-timeline-child\";i:0;s:14:\"uagb\/countdown\";i:0;s:12:\"uagb\/counter\";i:0;s:8:\"uagb\/faq\";i:0;s:14:\"uagb\/faq-child\";i:0;s:10:\"uagb\/forms\";i:0;s:17:\"uagb\/forms-accept\";i:0;s:19:\"uagb\/forms-checkbox\";i:0;s:15:\"uagb\/forms-date\";i:0;s:16:\"uagb\/forms-email\";i:0;s:17:\"uagb\/forms-hidden\";i:0;s:15:\"uagb\/forms-name\";i:0;s:16:\"uagb\/forms-phone\";i:0;s:16:\"uagb\/forms-radio\";i:0;s:17:\"uagb\/forms-select\";i:0;s:19:\"uagb\/forms-textarea\";i:0;s:17:\"uagb\/forms-toggle\";i:0;s:14:\"uagb\/forms-url\";i:0;s:14:\"uagb\/gf-styler\";i:0;s:15:\"uagb\/google-map\";i:0;s:11:\"uagb\/how-to\";i:0;s:16:\"uagb\/how-to-step\";i:0;s:9:\"uagb\/icon\";i:0;s:14:\"uagb\/icon-list\";i:0;s:20:\"uagb\/icon-list-child\";i:0;s:10:\"uagb\/image\";i:0;s:18:\"uagb\/image-gallery\";i:0;s:13:\"uagb\/info-box\";i:0;s:18:\"uagb\/inline-notice\";i:0;s:11:\"uagb\/lottie\";i:0;s:21:\"uagb\/marketing-button\";i:0;s:10:\"uagb\/modal\";i:0;s:18:\"uagb\/popup-builder\";i:0;s:16:\"uagb\/post-button\";i:0;s:18:\"uagb\/post-carousel\";i:0;s:17:\"uagb\/post-excerpt\";i:0;s:14:\"uagb\/post-grid\";i:0;s:15:\"uagb\/post-image\";i:0;s:17:\"uagb\/post-masonry\";i:0;s:14:\"uagb\/post-meta\";i:0;s:18:\"uagb\/post-taxonomy\";i:0;s:18:\"uagb\/post-timeline\";i:0;s:15:\"uagb\/post-title\";i:0;s:20:\"uagb\/restaurant-menu\";i:0;s:26:\"uagb\/restaurant-menu-child\";i:0;s:11:\"uagb\/review\";i:0;s:12:\"uagb\/section\";i:0;s:14:\"uagb\/separator\";i:0;s:11:\"uagb\/slider\";i:0;s:17:\"uagb\/slider-child\";i:0;s:17:\"uagb\/social-share\";i:0;s:23:\"uagb\/social-share-child\";i:0;s:16:\"uagb\/star-rating\";i:0;s:23:\"uagb\/sure-cart-checkout\";i:0;s:22:\"uagb\/sure-cart-product\";i:0;s:15:\"uagb\/sure-forms\";i:0;s:22:\"uagb\/table-of-contents\";i:0;s:9:\"uagb\/tabs\";i:0;s:15:\"uagb\/tabs-child\";i:0;s:18:\"uagb\/taxonomy-list\";i:0;s:9:\"uagb\/team\";i:0;s:16:\"uagb\/testimonial\";i:0;s:14:\"uagb\/wp-search\";i:0;s:19:\"uagb\/instagram-feed\";i:0;s:10:\"uagb\/login\";i:0;s:17:\"uagb\/loop-builder\";i:0;s:18:\"uagb\/loop-category\";i:0;s:20:\"uagb\/loop-pagination\";i:0;s:15:\"uagb\/loop-reset\";i:0;s:16:\"uagb\/loop-search\";i:0;s:14:\"uagb\/loop-sort\";i:0;s:17:\"uagb\/loop-wrapper\";i:0;s:13:\"uagb\/register\";i:0;s:19:\"uagb\/register-email\";i:0;s:24:\"uagb\/register-first-name\";i:0;s:23:\"uagb\/register-last-name\";i:0;s:22:\"uagb\/register-password\";i:0;s:30:\"uagb\/register-reenter-password\";i:0;s:19:\"uagb\/register-terms\";i:0;s:22:\"uagb\/register-username\";i:0;}"]},"uagb_featured_image_src":{"full":false,"thumbnail":false,"medium":false,"medium_large":false,"large":false,"gs-tiny":false,"xl":false,"xxl":false,"xxxl":false,"xxxxl":false,"xxxxxl":false,"1536x1536":false,"2048x2048":false,"trp-custom-language-flag":false,"gform-image-choice-sm":false,"gform-image-choice-md":false,"gform-image-choice-lg":false,"menu-24x24":false,"menu-36x36":false,"menu-48x48":false},"uagb_author_info":{"display_name":"Matt Wolleat","author_link":"https:\/\/www.zinpro.com\/pt\/resource-center\/author\/mwolleatzinpro-com\/"},"uagb_comment_info":0,"uagb_excerpt":"Together We Can Maximize Your Nutrients and Minimize Your Costs #resp-spacer-block_e5920dba23aeb82120f08163ed652fcb { margin-top: 80px; } @media screen and (max-width: 1366px) { #resp-spacer-block_e5920dba23aeb82120f08163ed652fcb { margin-top: 60px; } } @media screen and (max-width: 960px) [...]","_links":{"self":[{"href":"https:\/\/www.zinpro.com\/pt\/wp-json\/wp\/v2\/pages\/58684","targetHints":{"allow":["GET"]}}],"collection":[{"href":"https:\/\/www.zinpro.com\/pt\/wp-json\/wp\/v2\/pages"}],"about":[{"href":"https:\/\/www.zinpro.com\/pt\/wp-json\/wp\/v2\/types\/page"}],"author":[{"embeddable":true,"href":"https:\/\/www.zinpro.com\/pt\/wp-json\/wp\/v2\/users\/8"}],"replies":[{"embeddable":true,"href":"https:\/\/www.zinpro.com\/pt\/wp-json\/wp\/v2\/comments?post=58684"}],"version-history":[{"count":0,"href":"https:\/\/www.zinpro.com\/pt\/wp-json\/wp\/v2\/pages\/58684\/revisions"}],"wp:attachment":[{"href":"https:\/\/www.zinpro.com\/pt\/wp-json\/wp\/v2\/media?parent=58684"}],"curies":[{"name":"wp","href":"https:\/\/api.w.org\/{rel}","templated":true}]}}