{"id":58392,"date":"2023-07-05T18:28:20","date_gmt":"2023-07-05T18:28:20","guid":{"rendered":"https:\/\/www.zinpro.com\/?page_id=58392"},"modified":"2024-10-24T12:31:58","modified_gmt":"2024-10-24T17:31:58","slug":"availa-dairy-confirmation","status":"publish","type":"page","link":"https:\/\/www.zinpro.com\/pt\/na\/availa-dairy-confirmation\/","title":{"rendered":"Confirma\u00e7\u00e3o da Availa Dairy"},"content":{"rendered":"<div id=\"resp-spacer-block_c0fc7c1b1045749e4bf492c96aabf381\" class=\"zinpro-spacer-block\"><\/div>\n\n<style>\n#resp-spacer-block_c0fc7c1b1045749e4bf492c96aabf381 {\n\tmargin-top: 80px;\n}\n\n@media screen and (max-width: 1366px) {\n\t#resp-spacer-block_c0fc7c1b1045749e4bf492c96aabf381 {\n\t\tmargin-top: 60px;\n\t}\n}\n\n@media screen and (max-width: 960px) {\n\t#resp-spacer-block_c0fc7c1b1045749e4bf492c96aabf381 {\n\t\tmargin-top: 40px;\n\t}\n}\n<\/style>\n\n\n<h4 class=\"wp-block-heading\" id=\"h-thank-you-for-filling-out-our-form-you-will-be-contacted-shortly\">Obrigado por preencher nosso formul\u00e1rio! Voc\u00ea ser\u00e1 contatado em breve.<\/h4>\n\n\n\n<script>\n\ndocument.addEventListener('DOMContentLoaded', function() {\n    dataLayer.push({\n        'event': 'generic_event',\n        'eventCategory': 'page_engagement',\n        'eventAction': 'form-submit',\n        'eventLabelA': 'ready-to-get-started',\n        'eventLabelB': 'availa-dairy-form',\n        'eventFunnelStage': 'conversion',\n        'eventValue': '35'\n    });\n\n    console.log('dataLayer:', dataLayer);\n    console.log('Form ID submitted and event tracked.');\n\n});\n\n<\/script>","protected":false},"excerpt":{"rendered":"<p>#resp-spacer-block_c0fc7c1b1045749e4bf492c96aabf381 {<br \/>\n\tmargin-top: 80px;<br \/>\n}<\/p>\n<p>@media screen and (max-width: 1366px) {<br \/>\n\t#resp-spacer-block_c0fc7c1b1045749e4bf492c96aabf381 {<br \/>\n\t\tmargin-top: 60px;<br \/>\n\t}<br \/>\n}<\/p>\n<p>@media screen and (max-width: 960px) {<br \/>\n\t#resp-spacer-block_c0fc7c1b1045749e4bf492c96aabf381 {<br \/>\n\t\tmargin-top: 40px;<br \/>\n\t}<br \/>\n}<\/p>\n<p>Thank you for filling out our form! You will [&#8230;]<\/p>\n","protected":false},"author":8,"featured_media":0,"parent":58195,"menu_order":0,"comment_status":"closed","ping_status":"closed","template":"","meta":{"_acf_changed":false,"_tec_requires_first_save":true,"_eb_attr":"","_uag_custom_page_level_css":"","_EventAllDay":false,"_EventTimezone":"","_EventStartDate":"","_EventEndDate":"","_EventStartDateUTC":"","_EventEndDateUTC":"","_EventShowMap":false,"_EventShowMapLink":false,"_EventURL":"","_EventCost":"","_EventCostDescription":"","_EventCurrencySymbol":"","_EventCurrencyCode":"","_EventCurrencyPosition":"","_EventDateTimeSeparator":"","_EventTimeRangeSeparator":"","_EventOrganizerID":[],"_EventVenueID":[],"_OrganizerEmail":"","_OrganizerPhone":"","_OrganizerWebsite":"","_VenueAddress":"","_VenueCity":"","_VenueCountry":"","_VenueProvince":"","_VenueState":"","_VenueZip":"","_VenuePhone":"","_VenueURL":"","_VenueStateProvince":"","_VenueLat":"","_VenueLng":"","_VenueShowMap":false,"_VenueShowMapLink":false,"_tribe_blocks_recurrence_rules":"","_tribe_blocks_recurrence_description":"","_tribe_blocks_recurrence_exclusions":"","_ecp_custom_2":"","footnotes":""},"class_list":["post-58392","page","type-page","status-publish","hentry"],"acf":[],"yoast_head":"<!-- This site is optimized with the Yoast SEO Premium plugin v27.3 (Yoast SEO v27.3) - https:\/\/yoast.com\/product\/yoast-seo-premium-wordpress\/ -->\n<title>Availa Dairy Confirmation &#8211; Zinpro\u00ae<\/title>\n<meta name=\"description\" content=\"Read more about Availa Dairy Confirmation and from Zinpro\u00ae here.\" \/>\n<meta name=\"robots\" content=\"index, follow, max-snippet:-1, max-image-preview:large, max-video-preview:-1\" \/>\n<link rel=\"canonical\" href=\"https:\/\/www.zinpro.com\/pt\/na\/availa-dairy-confirmation\/\" \/>\n<meta property=\"og:locale\" content=\"pt_BR\" \/>\n<meta property=\"og:type\" content=\"article\" \/>\n<meta property=\"og:title\" content=\"Availa Dairy Confirmation &#8211; Zinpro\u00ae\" \/>\n<meta property=\"og:description\" content=\"Read more about Availa Dairy Confirmation and from Zinpro\u00ae here.\" \/>\n<meta property=\"og:url\" content=\"https:\/\/www.zinpro.com\/pt\/na\/availa-dairy-confirmation\/\" \/>\n<meta property=\"og:site_name\" content=\"Zinpro\u00ae\" \/>\n<meta property=\"article:publisher\" content=\"https:\/\/www.facebook.com\/ZinproCorp\/\" \/>\n<meta property=\"article:modified_time\" content=\"2024-10-24T17:31:58+00:00\" \/>\n<meta name=\"twitter:card\" content=\"summary_large_image\" \/>\n<meta name=\"twitter:site\" content=\"@wdolezal\" \/>\n<meta name=\"twitter:label1\" content=\"Est. tempo de leitura\" \/>\n\t<meta name=\"twitter:data1\" content=\"1 minuto\" \/>\n<script type=\"application\/ld+json\" class=\"yoast-schema-graph\">{\"@context\":\"https:\\\/\\\/schema.org\",\"@graph\":[{\"@type\":\"WebPage\",\"@id\":\"https:\\\/\\\/www.zinpro.com\\\/na\\\/availa-dairy-confirmation\\\/\",\"url\":\"https:\\\/\\\/www.zinpro.com\\\/na\\\/availa-dairy-confirmation\\\/\",\"name\":\"Availa Dairy Confirmation &#8211; Zinpro\u00ae\",\"isPartOf\":{\"@id\":\"https:\\\/\\\/www.zinpro.com\\\/#website\"},\"datePublished\":\"2023-07-05T18:28:20+00:00\",\"dateModified\":\"2024-10-24T17:31:58+00:00\",\"description\":\"Read more about Availa Dairy Confirmation and from Zinpro\u00ae here.\",\"breadcrumb\":{\"@id\":\"https:\\\/\\\/www.zinpro.com\\\/na\\\/availa-dairy-confirmation\\\/#breadcrumb\"},\"inLanguage\":\"pt-BR\",\"potentialAction\":[{\"@type\":\"ReadAction\",\"target\":[\"https:\\\/\\\/www.zinpro.com\\\/na\\\/availa-dairy-confirmation\\\/\"]}]},{\"@type\":\"BreadcrumbList\",\"@id\":\"https:\\\/\\\/www.zinpro.com\\\/na\\\/availa-dairy-confirmation\\\/#breadcrumb\",\"itemListElement\":[{\"@type\":\"ListItem\",\"position\":1,\"name\":\"North America\",\"item\":\"https:\\\/\\\/www.zinpro.com\\\/na\\\/\"},{\"@type\":\"ListItem\",\"position\":2,\"name\":\"Availa Dairy Confirmation\"}]},{\"@type\":\"WebSite\",\"@id\":\"https:\\\/\\\/www.zinpro.com\\\/#website\",\"url\":\"https:\\\/\\\/www.zinpro.com\\\/\",\"name\":\"Zinpro\u00ae\",\"description\":\"\",\"potentialAction\":[{\"@type\":\"SearchAction\",\"target\":{\"@type\":\"EntryPoint\",\"urlTemplate\":\"https:\\\/\\\/www.zinpro.com\\\/?s={search_term_string}\"},\"query-input\":{\"@type\":\"PropertyValueSpecification\",\"valueRequired\":true,\"valueName\":\"search_term_string\"}}],\"inLanguage\":\"pt-BR\"}]}<\/script>\n<!-- \/ Yoast SEO Premium plugin. -->","yoast_head_json":{"title":"Confirma\u00e7\u00e3o da Availa Dairy \u2013 Zinpro\u00ae","description":"Leia mais sobre a confirma\u00e7\u00e3o da Availa Dairy e sobre a Zinpro\u00ae aqui.","robots":{"index":"index","follow":"follow","max-snippet":"max-snippet:-1","max-image-preview":"max-image-preview:large","max-video-preview":"max-video-preview:-1"},"canonical":"https:\/\/www.zinpro.com\/pt\/na\/availa-dairy-confirmation\/","og_locale":"pt_BR","og_type":"article","og_title":"Availa Dairy Confirmation &#8211; Zinpro\u00ae","og_description":"Read more about Availa Dairy Confirmation and from Zinpro\u00ae here.","og_url":"https:\/\/www.zinpro.com\/pt\/na\/availa-dairy-confirmation\/","og_site_name":"Zinpro\u00ae","article_publisher":"https:\/\/www.facebook.com\/ZinproCorp\/","article_modified_time":"2024-10-24T17:31:58+00:00","twitter_card":"summary_large_image","twitter_site":"@wdolezal","twitter_misc":{"Est. tempo de leitura":"1 minuto"},"schema":{"@context":"https:\/\/schema.org","@graph":[{"@type":"WebPage","@id":"https:\/\/www.zinpro.com\/na\/availa-dairy-confirmation\/","url":"https:\/\/www.zinpro.com\/na\/availa-dairy-confirmation\/","name":"Confirma\u00e7\u00e3o da Availa Dairy \u2013 Zinpro\u00ae","isPartOf":{"@id":"https:\/\/www.zinpro.com\/#website"},"datePublished":"2023-07-05T18:28:20+00:00","dateModified":"2024-10-24T17:31:58+00:00","description":"Leia mais sobre a confirma\u00e7\u00e3o da Availa Dairy e sobre a Zinpro\u00ae aqui.","breadcrumb":{"@id":"https:\/\/www.zinpro.com\/na\/availa-dairy-confirmation\/#breadcrumb"},"inLanguage":"pt-BR","potentialAction":[{"@type":"ReadAction","target":["https:\/\/www.zinpro.com\/na\/availa-dairy-confirmation\/"]}]},{"@type":"BreadcrumbList","@id":"https:\/\/www.zinpro.com\/na\/availa-dairy-confirmation\/#breadcrumb","itemListElement":[{"@type":"ListItem","position":1,"name":"North America","item":"https:\/\/www.zinpro.com\/na\/"},{"@type":"ListItem","position":2,"name":"Availa Dairy Confirmation"}]},{"@type":"WebSite","@id":"https:\/\/www.zinpro.com\/#website","url":"https:\/\/www.zinpro.com\/","name":"Zinpro","description":"","potentialAction":[{"@type":"SearchAction","target":{"@type":"EntryPoint","urlTemplate":"https:\/\/www.zinpro.com\/?s={search_term_string}"},"query-input":{"@type":"PropertyValueSpecification","valueRequired":true,"valueName":"search_term_string"}}],"inLanguage":"pt-BR"}]}},"spectra_custom_meta":{"_edit_lock":["1729791125:14"],"_edit_last":["14"],"ss_social_share_disable":[""],"_yoast_wpseo_content_score":["90"],"_yoast_wpseo_focuskeywords":["[]"],"_yoast_wpseo_keywordsynonyms":["[\"\"]"],"_yoast_wpseo_estimated-reading-time-minutes":["1"],"_yoast_wpseo_wordproof_timestamp":[""],"_searchwp_excluded":["1"],"_uag_custom_page_level_css":[""],"_EventAllDay":[""],"_EventTimezone":[""],"_EventStartDate":[""],"_EventEndDate":[""],"_EventStartDateUTC":[""],"_EventEndDateUTC":[""],"_EventShowMap":[""],"_EventShowMapLink":[""],"_EventURL":[""],"_EventCost":[""],"_EventCostDescription":[""],"_EventCurrencySymbol":[""],"_EventCurrencyCode":[""],"_EventCurrencyPosition":[""],"_EventDateTimeSeparator":[""],"_EventTimeRangeSeparator":[""],"_OrganizerEmail":[""],"_OrganizerPhone":[""],"_OrganizerWebsite":[""],"_VenueAddress":[""],"_VenueCity":[""],"_VenueCountry":[""],"_VenueProvince":[""],"_VenueState":[""],"_VenueZip":[""],"_VenuePhone":[""],"_VenueURL":[""],"_VenueStateProvince":[""],"_VenueLat":[""],"_VenueLng":[""],"_VenueShowMap":[""],"_VenueShowMapLink":[""],"_tribe_blocks_recurrence_rules":[""],"_tribe_blocks_recurrence_exclusions":[""],"_ecp_custom_2":[""],"footnotes":[""],"_wp_page_template":["default"],"_eb_reusable_block_ids":["a:0:{}"],"_uag_css_file_name":["uag-css-58392.css"],"_uag_page_assets":["a:9:{s:3:\"css\";s:263:\".uag-blocks-common-selector{z-index:var(--z-index-desktop) !important}@media (max-width: 976px){.uag-blocks-common-selector{z-index:var(--z-index-tablet) !important}}@media (max-width: 767px){.uag-blocks-common-selector{z-index:var(--z-index-mobile) !important}}\n\";s:2:\"js\";s:0:\"\";s:18:\"current_block_list\";a:14:{i:0;s:24:\"zinpro\/responsive-spacer\";i:1;s:12:\"core\/heading\";i:2;s:9:\"core\/html\";i:3;s:11:\"core\/search\";i:4;s:10:\"core\/group\";i:5;s:17:\"core\/latest-posts\";i:6;s:20:\"core\/latest-comments\";i:7;s:13:\"core\/archives\";i:8;s:15:\"core\/categories\";i:9;s:14:\"core\/paragraph\";i:10;s:17:\"core\/social-links\";i:11;s:16:\"core\/social-link\";i:12;s:11:\"core\/spacer\";i:13;s:10:\"core\/image\";}s:8:\"uag_flag\";b:0;s:11:\"uag_version\";s:10:\"1775369630\";s:6:\"gfonts\";a:0:{}s:10:\"gfonts_url\";s:0:\"\";s:12:\"gfonts_files\";a:0:{}s:14:\"uag_faq_layout\";b:0;}"]},"uagb_featured_image_src":{"full":false,"thumbnail":false,"medium":false,"medium_large":false,"large":false,"gs-tiny":false,"xl":false,"xxl":false,"xxxl":false,"xxxxl":false,"xxxxxl":false,"1536x1536":false,"2048x2048":false,"trp-custom-language-flag":false,"gform-image-choice-sm":false,"gform-image-choice-md":false,"gform-image-choice-lg":false,"menu-24x24":false,"menu-36x36":false,"menu-48x48":false},"uagb_author_info":{"display_name":"Matt Wolleat","author_link":"https:\/\/www.zinpro.com\/pt\/resource-center\/author\/mwolleatzinpro-com\/"},"uagb_comment_info":0,"uagb_excerpt":"#resp-spacer-block_c0fc7c1b1045749e4bf492c96aabf381 { margin-top: 80px; } @media screen and (max-width: 1366px) { #resp-spacer-block_c0fc7c1b1045749e4bf492c96aabf381 { margin-top: 60px; } } @media screen and (max-width: 960px) { #resp-spacer-block_c0fc7c1b1045749e4bf492c96aabf381 { margin-top: 40px; } } Thank you for filling out our form! You will [...]","_links":{"self":[{"href":"https:\/\/www.zinpro.com\/pt\/wp-json\/wp\/v2\/pages\/58392","targetHints":{"allow":["GET"]}}],"collection":[{"href":"https:\/\/www.zinpro.com\/pt\/wp-json\/wp\/v2\/pages"}],"about":[{"href":"https:\/\/www.zinpro.com\/pt\/wp-json\/wp\/v2\/types\/page"}],"author":[{"embeddable":true,"href":"https:\/\/www.zinpro.com\/pt\/wp-json\/wp\/v2\/users\/8"}],"replies":[{"embeddable":true,"href":"https:\/\/www.zinpro.com\/pt\/wp-json\/wp\/v2\/comments?post=58392"}],"version-history":[{"count":0,"href":"https:\/\/www.zinpro.com\/pt\/wp-json\/wp\/v2\/pages\/58392\/revisions"}],"up":[{"embeddable":true,"href":"https:\/\/www.zinpro.com\/pt\/wp-json\/wp\/v2\/pages\/58195"}],"wp:attachment":[{"href":"https:\/\/www.zinpro.com\/pt\/wp-json\/wp\/v2\/media?parent=58392"}],"curies":[{"name":"wp","href":"https:\/\/api.w.org\/{rel}","templated":true}]}}