{"id":49884,"date":"2026-04-15T13:46:29","date_gmt":"2026-04-15T18:46:29","guid":{"rendered":"https:\/\/www.zinpro.com\/product\/zinpro-aqua-x-cell-starter\/"},"modified":"2026-04-15T13:46:29","modified_gmt":"2026-04-15T18:46:29","slug":"zinpro-aqua-x-cell-starter","status":"publish","type":"product","link":"https:\/\/www.zinpro.com\/pl\/product\/zinpro-aqua-x-cell-starter\/","title":{"rendered":"Zinpro\u00ae Aqua X-Cell\u00ae Starter"},"author":8,"featured_media":47345,"parent":0,"template":"","species":[942],"region":[2468],"product-line":[1224],"sub-species":[1216,1217,1262,1263],"class_list":["post-49884","product","type-product","status-publish","has-post-thumbnail","hentry"],"acf":[],"yoast_head":"<!-- This site is optimized with the Yoast SEO Premium plugin v27.3 (Yoast SEO v27.3) - https:\/\/yoast.com\/product\/yoast-seo-premium-wordpress\/ -->\n<title>Zinpro\u00ae Aqua X-Cell\u00ae Starter from Zinpro\u00ae<\/title>\n<meta name=\"description\" content=\"Learn about howZinpro\u00ae Aqua X-Cell\u00ae Starter delivers a Performance Solution.\" \/>\n<meta name=\"robots\" content=\"index, follow, max-snippet:-1, max-image-preview:large, max-video-preview:-1\" \/>\n<link rel=\"canonical\" href=\"https:\/\/www.zinpro.com\/pl\/product\/zinpro-aqua-x-cell-starter\/\" \/>\n<meta property=\"og:locale\" content=\"pl_PL\" \/>\n<meta property=\"og:type\" content=\"article\" \/>\n<meta property=\"og:title\" content=\"Zinpro\u00ae Aqua X-Cell\u00ae Starter from Zinpro\u00ae\" \/>\n<meta property=\"og:description\" content=\"Learn about howZinpro\u00ae Aqua X-Cell\u00ae Starter delivers a Performance Solution.\" \/>\n<meta property=\"og:url\" content=\"https:\/\/www.zinpro.com\/pl\/product\/zinpro-aqua-x-cell-starter\/\" \/>\n<meta property=\"og:site_name\" content=\"Zinpro\u00ae\" \/>\n<meta property=\"article:publisher\" content=\"https:\/\/www.facebook.com\/ZinproCorp\/\" \/>\n<meta property=\"og:image\" content=\"https:\/\/www.zinpro.com\/wp-content\/uploads\/2022\/11\/Zinpro_Aqua_XCell_Starter_Quart-370x550_front.png\" \/>\n\t<meta property=\"og:image:width\" content=\"370\" \/>\n\t<meta property=\"og:image:height\" content=\"550\" \/>\n\t<meta property=\"og:image:type\" content=\"image\/png\" \/>\n<meta name=\"twitter:card\" content=\"summary_large_image\" \/>\n<meta name=\"twitter:site\" content=\"@wdolezal\" \/>\n<meta name=\"twitter:label1\" content=\"Szacowany czas czytania\" \/>\n\t<meta name=\"twitter:data1\" content=\"1 minuta\" \/>\n<script type=\"application\/ld+json\" class=\"yoast-schema-graph\">{\"@context\":\"https:\\\/\\\/schema.org\",\"@graph\":[{\"@type\":\"WebPage\",\"@id\":\"https:\\\/\\\/www.zinpro.com\\\/product\\\/zinpro-aqua-x-cell-starter\\\/\",\"url\":\"https:\\\/\\\/www.zinpro.com\\\/product\\\/zinpro-aqua-x-cell-starter\\\/\",\"name\":\"Zinpro\u00ae Aqua X-Cell\u00ae Starter from Zinpro\u00ae\",\"isPartOf\":{\"@id\":\"https:\\\/\\\/www.zinpro.com\\\/#website\"},\"primaryImageOfPage\":{\"@id\":\"https:\\\/\\\/www.zinpro.com\\\/product\\\/zinpro-aqua-x-cell-starter\\\/#primaryimage\"},\"image\":{\"@id\":\"https:\\\/\\\/www.zinpro.com\\\/product\\\/zinpro-aqua-x-cell-starter\\\/#primaryimage\"},\"thumbnailUrl\":\"https:\\\/\\\/www.zinpro.com\\\/wp-content\\\/uploads\\\/2022\\\/11\\\/Zinpro_Aqua_XCell_Starter_Quart-370x550_front.png\",\"datePublished\":\"2026-04-15T18:46:29+00:00\",\"description\":\"Learn about howZinpro\u00ae Aqua X-Cell\u00ae Starter delivers a Performance Solution.\",\"inLanguage\":\"pl-PL\",\"potentialAction\":[{\"@type\":\"ReadAction\",\"target\":[\"https:\\\/\\\/www.zinpro.com\\\/product\\\/zinpro-aqua-x-cell-starter\\\/\"]}]},{\"@type\":\"ImageObject\",\"inLanguage\":\"pl-PL\",\"@id\":\"https:\\\/\\\/www.zinpro.com\\\/product\\\/zinpro-aqua-x-cell-starter\\\/#primaryimage\",\"url\":\"https:\\\/\\\/www.zinpro.com\\\/wp-content\\\/uploads\\\/2022\\\/11\\\/Zinpro_Aqua_XCell_Starter_Quart-370x550_front.png\",\"contentUrl\":\"https:\\\/\\\/www.zinpro.com\\\/wp-content\\\/uploads\\\/2022\\\/11\\\/Zinpro_Aqua_XCell_Starter_Quart-370x550_front.png\",\"width\":370,\"height\":550},{\"@type\":\"WebSite\",\"@id\":\"https:\\\/\\\/www.zinpro.com\\\/#website\",\"url\":\"https:\\\/\\\/www.zinpro.com\\\/\",\"name\":\"Zinpro\u00ae\",\"description\":\"\",\"potentialAction\":[{\"@type\":\"SearchAction\",\"target\":{\"@type\":\"EntryPoint\",\"urlTemplate\":\"https:\\\/\\\/www.zinpro.com\\\/?s={search_term_string}\"},\"query-input\":{\"@type\":\"PropertyValueSpecification\",\"valueRequired\":true,\"valueName\":\"search_term_string\"}}],\"inLanguage\":\"pl-PL\"}]}<\/script>\n<!-- \/ Yoast SEO Premium plugin. -->","yoast_head_json":{"title":"Zinpro\u00ae Aqua X-Cell\u00ae Starter od Zinpro\u00ae","description":"Dowiedz si\u0119, w jaki spos\u00f3b preparat Zinpro\u00ae Aqua X-Cell\u00ae Starter zapewnia rozwi\u0105zanie zwi\u0119kszaj\u0105ce wydajno\u015b\u0107.","robots":{"index":"index","follow":"follow","max-snippet":"max-snippet:-1","max-image-preview":"max-image-preview:large","max-video-preview":"max-video-preview:-1"},"canonical":"https:\/\/www.zinpro.com\/pl\/product\/zinpro-aqua-x-cell-starter\/","og_locale":"pl_PL","og_type":"article","og_title":"Zinpro\u00ae Aqua X-Cell\u00ae Starter from Zinpro\u00ae","og_description":"Learn about howZinpro\u00ae Aqua X-Cell\u00ae Starter delivers a Performance Solution.","og_url":"https:\/\/www.zinpro.com\/pl\/product\/zinpro-aqua-x-cell-starter\/","og_site_name":"Zinpro\u00ae","article_publisher":"https:\/\/www.facebook.com\/ZinproCorp\/","og_image":[{"width":370,"height":550,"url":"https:\/\/www.zinpro.com\/wp-content\/uploads\/2022\/11\/Zinpro_Aqua_XCell_Starter_Quart-370x550_front.png","type":"image\/png"}],"twitter_card":"summary_large_image","twitter_site":"@wdolezal","twitter_misc":{"Szacowany czas czytania":"1 minuta"},"schema":{"@context":"https:\/\/schema.org","@graph":[{"@type":"WebPage","@id":"https:\/\/www.zinpro.com\/product\/zinpro-aqua-x-cell-starter\/","url":"https:\/\/www.zinpro.com\/product\/zinpro-aqua-x-cell-starter\/","name":"Zinpro\u00ae Aqua X-Cell\u00ae Starter od Zinpro\u00ae","isPartOf":{"@id":"https:\/\/www.zinpro.com\/#website"},"primaryImageOfPage":{"@id":"https:\/\/www.zinpro.com\/product\/zinpro-aqua-x-cell-starter\/#primaryimage"},"image":{"@id":"https:\/\/www.zinpro.com\/product\/zinpro-aqua-x-cell-starter\/#primaryimage"},"thumbnailUrl":"https:\/\/www.zinpro.com\/wp-content\/uploads\/2022\/11\/Zinpro_Aqua_XCell_Starter_Quart-370x550_front.png","datePublished":"2026-04-15T18:46:29+00:00","description":"Dowiedz si\u0119, w jaki spos\u00f3b preparat Zinpro\u00ae Aqua X-Cell\u00ae Starter zapewnia rozwi\u0105zanie zwi\u0119kszaj\u0105ce wydajno\u015b\u0107.","inLanguage":"pl-PL","potentialAction":[{"@type":"ReadAction","target":["https:\/\/www.zinpro.com\/product\/zinpro-aqua-x-cell-starter\/"]}]},{"@type":"ImageObject","inLanguage":"pl-PL","@id":"https:\/\/www.zinpro.com\/product\/zinpro-aqua-x-cell-starter\/#primaryimage","url":"https:\/\/www.zinpro.com\/wp-content\/uploads\/2022\/11\/Zinpro_Aqua_XCell_Starter_Quart-370x550_front.png","contentUrl":"https:\/\/www.zinpro.com\/wp-content\/uploads\/2022\/11\/Zinpro_Aqua_XCell_Starter_Quart-370x550_front.png","width":370,"height":550},{"@type":"WebSite","@id":"https:\/\/www.zinpro.com\/#website","url":"https:\/\/www.zinpro.com\/","name":"Zinpro\u00ae","description":"","potentialAction":[{"@type":"SearchAction","target":{"@type":"EntryPoint","urlTemplate":"https:\/\/www.zinpro.com\/?s={search_term_string}"},"query-input":{"@type":"PropertyValueSpecification","valueRequired":true,"valueName":"search_term_string"}}],"inLanguage":"pl-PL"}]}},"spectra_custom_meta":{"_wp_page_template":["default"],"_description":["field_6361311da0b4e"],"description":["<span data-contrast=\"auto\">Zinpro\u00ae Aqua X-Cell\u00ae Starter is a concentrated phytonutrient blend of essential oils and extracts to be used as a natural flavoring and to support gut health and performance during extreme conditions. Zinpro Aqua X-Cell Starter was developed to support healthy immune, respiratory, digestive, and nervous systems in poultry for wellness, uniformity, and healthy growth. Made with Zinpro\u00ae Nutressence\u00ae, our proprietary, water soluble blend of essential oils and extracts, Zinpro Aqua X-Cell Starter is a concentrated natural flavoring designed for easy delivery through water proportioning systems to improve early chick activity, help reduce huddling, and reduce early mortality. When used in the first 8 days of life, Zinpro Aqua X-Cell Starter substantially increases water uptake and feed utilization in broilers, pullets, breeders, and layers to reduce the effects of stress and disease, increasing pounds of meat products per sq. ft. of housing.<\/span><span data-ccp-props=\"{&quot;201341983&quot;:0,&quot;335559685&quot;:720,&quot;335559739&quot;:160,&quot;335559740&quot;:259,&quot;469777462&quot;:[360,720],&quot;469777927&quot;:[0,0],&quot;469777928&quot;:[1,1]}\">\u00a0<\/span>\r\n\r\n<span data-contrast=\"auto\">Contact your Zinpro Sales Representative\u202ffor more information about how Zinpro Aqua X-Cell Starter can help your animals and your operation excel.<\/span><span data-ccp-props=\"{&quot;201341983&quot;:0,&quot;335559685&quot;:720,&quot;335559739&quot;:160,&quot;335559740&quot;:259,&quot;469777462&quot;:[360,720],&quot;469777927&quot;:[0,0],&quot;469777928&quot;:[1,1]}\">\u00a0<\/span>\r\n\r\n<i><span data-contrast=\"auto\">Note: Not all products are available in all markets. Please contact a Zinpro representative using the Let\u2019s Connect button at the top of the page to learn more.<\/span><\/i><span data-ccp-props=\"{&quot;201341983&quot;:0,&quot;335559685&quot;:720,&quot;335559739&quot;:160,&quot;335559740&quot;:259,&quot;469777462&quot;:[360,720],&quot;469777927&quot;:[0,0],&quot;469777928&quot;:[1,1]}\">\u00a0<\/span>"],"_product_sheets":["field_636131a3a0b50"],"product_sheets":["a:1:{i:0;s:5:\"47911\";}"],"_safe_handling_and_storage":["field_6361325ca0b51"],"safe_handling_and_storage":["<span data-contrast=\"auto\">When used correctly, there is no toxicity hazard in the use of Zinpro Aqua X-Cell\u202fZn-LQ. Store in a dark, cool, dry room (between 40 \u2013 80\u00b0F [4 \u2013 26\u00b0C]). Do not allow to freeze. Do not leave container open for long periods of time. Concentrated product! Use only as diluted product according to label directions. Shake well before use. Do not mix Zinpro Aqua X-Cell products with other supplements or chemicals without first testing for compatibility. Manufacturer accepts no liability for improper use, handling, or storage.<\/span><span data-ccp-props=\"{&quot;201341983&quot;:0,&quot;335559685&quot;:720,&quot;335559739&quot;:160,&quot;335559740&quot;:259,&quot;469777462&quot;:[360,720],&quot;469777927&quot;:[0,0],&quot;469777928&quot;:[1,1]}\">\u00a0<\/span>\r\n<h5>Warning<\/h5>\r\n<span data-contrast=\"auto\">Highly flammable liquid and vapor. May be harmful if swallowed. Causes skin irritation. Causes serious eye irritation. May cause allergy or asthma symptoms or breathing difficulties if inhaled. Keep away from heat\/sparks\/open flames\/hot surfaces - No smoking. Keep container tightly closed. Ground\/bond container and receiving equipment. Use explosion-proof electrical\/ventilating\/lighting equipment. Use only non-sparking tools. Take precautionary measures against static discharge. Wash thoroughly after handling. Wear protective gloves\/eye protection\/face protection<\/span><span data-contrast=\"none\">.<\/span><span data-ccp-props=\"{&quot;201341983&quot;:0,&quot;335559685&quot;:720,&quot;335559739&quot;:160,&quot;335559740&quot;:259,&quot;469777462&quot;:[360,720],&quot;469777927&quot;:[0,0],&quot;469777928&quot;:[1,1]}\">\u00a0<\/span>"],"_thumbnail_id":["47345"],"_product_image_gallery":[""],"_edit_lock":["1773174753:13"],"_edit_last":["14"],"product_features_and_benefits":[""],"_product_features_and_benefits":["field_649c98dd9fbc8"],"ss_social_share_disable":[""],"_yoast_wpseo_primary_species":[""],"_yoast_wpseo_primary_region":[""],"_yoast_wpseo_primary_sub-species":[""],"_yoast_wpseo_focuskeywords":["[]"],"_yoast_wpseo_keywordsynonyms":["[\"\"]"],"_yoast_wpseo_estimated-reading-time-minutes":["1"],"_yoast_wpseo_wordproof_timestamp":[""],"_uag_page_assets":["a:9:{s:3:\"css\";s:263:\".uag-blocks-common-selector{z-index:var(--z-index-desktop) !important}@media (max-width: 976px){.uag-blocks-common-selector{z-index:var(--z-index-tablet) !important}}@media (max-width: 767px){.uag-blocks-common-selector{z-index:var(--z-index-mobile) !important}}\n\";s:2:\"js\";s:0:\"\";s:18:\"current_block_list\";a:12:{i:0;s:11:\"core\/search\";i:1;s:10:\"core\/group\";i:2;s:12:\"core\/heading\";i:3;s:17:\"core\/latest-posts\";i:4;s:20:\"core\/latest-comments\";i:5;s:13:\"core\/archives\";i:6;s:15:\"core\/categories\";i:7;s:14:\"core\/paragraph\";i:8;s:17:\"core\/social-links\";i:9;s:16:\"core\/social-link\";i:10;s:11:\"core\/spacer\";i:11;s:10:\"core\/image\";}s:8:\"uag_flag\";b:0;s:11:\"uag_version\";s:10:\"1776282200\";s:6:\"gfonts\";a:0:{}s:10:\"gfonts_url\";s:0:\"\";s:12:\"gfonts_files\";a:0:{}s:14:\"uag_faq_layout\";b:0;}"],"_uag_css_file_name":["uag-css-49884.css"]},"uagb_featured_image_src":{"full":["https:\/\/www.zinpro.com\/wp-content\/uploads\/2022\/11\/Zinpro_Aqua_XCell_Starter_Quart-370x550_front.png",370,550,false],"thumbnail":["https:\/\/www.zinpro.com\/wp-content\/uploads\/2022\/11\/Zinpro_Aqua_XCell_Starter_Quart-370x550_front-150x150.png",150,150,true],"medium":["https:\/\/www.zinpro.com\/wp-content\/uploads\/2022\/11\/Zinpro_Aqua_XCell_Starter_Quart-370x550_front-202x300.png",202,300,true],"medium_large":["https:\/\/www.zinpro.com\/wp-content\/uploads\/2022\/11\/Zinpro_Aqua_XCell_Starter_Quart-370x550_front.png",370,550,false],"large":["https:\/\/www.zinpro.com\/wp-content\/uploads\/2022\/11\/Zinpro_Aqua_XCell_Starter_Quart-370x550_front.png",370,550,false],"gs-tiny":["https:\/\/www.zinpro.com\/wp-content\/uploads\/2022\/11\/Zinpro_Aqua_XCell_Starter_Quart-370x550_front.png",50,74,false],"xl":["https:\/\/www.zinpro.com\/wp-content\/uploads\/2022\/11\/Zinpro_Aqua_XCell_Starter_Quart-370x550_front.png",370,550,false],"xxl":["https:\/\/www.zinpro.com\/wp-content\/uploads\/2022\/11\/Zinpro_Aqua_XCell_Starter_Quart-370x550_front.png",370,550,false],"xxxl":["https:\/\/www.zinpro.com\/wp-content\/uploads\/2022\/11\/Zinpro_Aqua_XCell_Starter_Quart-370x550_front.png",370,550,false],"xxxxl":["https:\/\/www.zinpro.com\/wp-content\/uploads\/2022\/11\/Zinpro_Aqua_XCell_Starter_Quart-370x550_front.png",370,550,false],"xxxxxl":["https:\/\/www.zinpro.com\/wp-content\/uploads\/2022\/11\/Zinpro_Aqua_XCell_Starter_Quart-370x550_front.png",370,550,false],"1536x1536":["https:\/\/www.zinpro.com\/wp-content\/uploads\/2022\/11\/Zinpro_Aqua_XCell_Starter_Quart-370x550_front.png",370,550,false],"2048x2048":["https:\/\/www.zinpro.com\/wp-content\/uploads\/2022\/11\/Zinpro_Aqua_XCell_Starter_Quart-370x550_front.png",370,550,false],"trp-custom-language-flag":["https:\/\/www.zinpro.com\/wp-content\/uploads\/2022\/11\/Zinpro_Aqua_XCell_Starter_Quart-370x550_front-8x12.png",8,12,true],"gform-image-choice-sm":["https:\/\/www.zinpro.com\/wp-content\/uploads\/2022\/11\/Zinpro_Aqua_XCell_Starter_Quart-370x550_front.png",202,300,false],"gform-image-choice-md":["https:\/\/www.zinpro.com\/wp-content\/uploads\/2022\/11\/Zinpro_Aqua_XCell_Starter_Quart-370x550_front.png",269,400,false],"gform-image-choice-lg":["https:\/\/www.zinpro.com\/wp-content\/uploads\/2022\/11\/Zinpro_Aqua_XCell_Starter_Quart-370x550_front.png",370,550,false],"menu-24x24":["https:\/\/www.zinpro.com\/wp-content\/uploads\/2022\/11\/Zinpro_Aqua_XCell_Starter_Quart-370x550_front.png",16,24,false],"menu-36x36":["https:\/\/www.zinpro.com\/wp-content\/uploads\/2022\/11\/Zinpro_Aqua_XCell_Starter_Quart-370x550_front.png",24,36,false],"menu-48x48":["https:\/\/www.zinpro.com\/wp-content\/uploads\/2022\/11\/Zinpro_Aqua_XCell_Starter_Quart-370x550_front.png",32,48,false]},"uagb_author_info":{"display_name":"Matt Wolleat","author_link":"https:\/\/www.zinpro.com\/pl\/resource-center\/author\/mwolleatzinpro-com\/"},"uagb_comment_info":0,"uagb_excerpt":null,"_links":{"self":[{"href":"https:\/\/www.zinpro.com\/pl\/wp-json\/wp\/v2\/product\/49884","targetHints":{"allow":["GET"]}}],"collection":[{"href":"https:\/\/www.zinpro.com\/pl\/wp-json\/wp\/v2\/product"}],"about":[{"href":"https:\/\/www.zinpro.com\/pl\/wp-json\/wp\/v2\/types\/product"}],"author":[{"embeddable":true,"href":"https:\/\/www.zinpro.com\/pl\/wp-json\/wp\/v2\/users\/8"}],"version-history":[{"count":1,"href":"https:\/\/www.zinpro.com\/pl\/wp-json\/wp\/v2\/product\/49884\/revisions"}],"predecessor-version":[{"id":73408,"href":"https:\/\/www.zinpro.com\/pl\/wp-json\/wp\/v2\/product\/49884\/revisions\/73408"}],"wp:featuredmedia":[{"embeddable":true,"href":"https:\/\/www.zinpro.com\/pl\/wp-json\/wp\/v2\/media\/47345"}],"wp:attachment":[{"href":"https:\/\/www.zinpro.com\/pl\/wp-json\/wp\/v2\/media?parent=49884"}],"wp:term":[{"taxonomy":"species","embeddable":true,"href":"https:\/\/www.zinpro.com\/pl\/wp-json\/wp\/v2\/species?post=49884"},{"taxonomy":"region","embeddable":true,"href":"https:\/\/www.zinpro.com\/pl\/wp-json\/wp\/v2\/region?post=49884"},{"taxonomy":"product-line","embeddable":true,"href":"https:\/\/www.zinpro.com\/pl\/wp-json\/wp\/v2\/product-line?post=49884"},{"taxonomy":"sub-species","embeddable":true,"href":"https:\/\/www.zinpro.com\/pl\/wp-json\/wp\/v2\/sub-species?post=49884"}],"curies":[{"name":"wp","href":"https:\/\/api.w.org\/{rel}","templated":true}]}}