

{"id":629,"date":"2022-08-29T14:40:29","date_gmt":"2022-08-29T14:40:29","guid":{"rendered":"http:\/\/localhost:10048\/?page_id=629"},"modified":"2023-06-14T14:22:46","modified_gmt":"2023-06-14T14:22:46","slug":"company-statements","status":"publish","type":"page","link":"https:\/\/www.zinpro.com\/pl\/company-statements\/","title":{"rendered":"O\u015bwiadczenia sp\u00f3\u0142ki"},"content":{"rendered":"<div id=\"resp-spacer-block_cb03d1e077c69c45928a326e1bb4ea7c\" class=\"zinpro-spacer-block\"><\/div>\n\n<style>\n#resp-spacer-block_cb03d1e077c69c45928a326e1bb4ea7c {\n\tmargin-top: 80px;\n}\n\n@media screen and (max-width: 1366px) {\n\t#resp-spacer-block_cb03d1e077c69c45928a326e1bb4ea7c {\n\t\tmargin-top: 60px;\n\t}\n}\n\n@media screen and (max-width: 960px) {\n\t#resp-spacer-block_cb03d1e077c69c45928a326e1bb4ea7c {\n\t\tmargin-top: 40px;\n\t}\n}\n<\/style>\n\n\n<div class=\"wp-block-columns is-layout-flex wp-container-core-columns-is-layout-9d6595d7 wp-block-columns-is-layout-flex\">\n<div class=\"wp-block-column is-layout-flow wp-block-column-is-layout-flow\">\n<h2 class=\"wp-block-heading\">O\u015bwiadczenia sp\u00f3\u0142ki<\/h2>\n\n\n\n<h5 class=\"wp-block-heading\">Ujawnienia dotycz\u0105ce \u0142a\u0144cucha dostaw<\/h5>\n\n\n\n<p>Zinpro Corporation zobowi\u0105zuje si\u0119 do przestrzegania wszystkich globalnych przepis\u00f3w prawa pracy, kodeks\u00f3w zdrowia, przepis\u00f3w dotycz\u0105cych ochrony \u015brodowiska i etycznych praktyk biznesowych zwi\u0105zanych z nasz\u0105 globaln\u0105 dzia\u0142alno\u015bci\u0105 oraz materia\u0142ami i si\u0142\u0105 robocz\u0105 wykorzystywanymi do produkcji produkt\u00f3w. R\u00f3wnie mocno anga\u017cujemy si\u0119 w ocen\u0119 i rozwi\u0105zywanie potencjalnych przypadk\u00f3w handlu lud\u017ami i niewolnictwa w naszych \u0142a\u0144cuchach dostaw i poprosili\u015bmy naszych g\u0142\u00f3wnych dostawc\u00f3w o podj\u0119cie takiego samego zobowi\u0105zania.<\/p>\n\n\n\n<p>Zgodnie z tym zobowi\u0105zaniem Zinpro ujawnia nast\u0119puj\u0105ce informacje:<\/p>\n\n\n\n<ol class=\"wp-block-list\">\n<li>Weryfikacja. Oczekujemy, \u017ce nasi dostawcy b\u0119d\u0105 przestrzega\u0107 wszystkich globalnych przepis\u00f3w prawa pracy zwi\u0105zanych z handlem lud\u017ami i niewolnictwem i zastanawiamy si\u0119, jak zapisa\u0107 to w przysz\u0142ych umowach kontraktowych.<\/li>\n\n\n\n<li>Audyty. Obecnie oceniamy, w jaki spos\u00f3b rozszerzy\u0107 nasz istniej\u0105cy program audytu o standardy handlu lud\u017ami i niewolnictwa, kt\u00f3re mog\u0142yby obejmowa\u0107 przeprowadzanie audyt\u00f3w na miejscu.<\/li>\n\n\n\n<li>Certyfikacja. Od wszystkich naszych producent\u00f3w kontraktowych i dostawc\u00f3w wymagamy zgodno\u015bci ze wszystkimi przepisami i regulacjami rz\u0105dowymi, a tak\u017ce z zasadami i procedurami Zinpro.<\/li>\n\n\n\n<li>Odpowiedzialno\u015b\u0107. Zobowi\u0105zujemy naszych pracownik\u00f3w do przestrzegania naszego kodeksu post\u0119powania i naszych standard\u00f3w zwi\u0105zanych z handlem lud\u017ami i niewolnictwem, jak okre\u015blono w sekcji Oczekiwania wobec pracownik\u00f3w naszego Podr\u0119cznika dla pracownik\u00f3w.<\/li>\n\n\n\n<li>Szkolenia. Zobowi\u0105zujemy si\u0119 do szkolenia pracownik\u00f3w w zakresie naszych oczekiwa\u0144 dotycz\u0105cych post\u0119powania, w tym kwestii zwi\u0105zanych z handlem lud\u017ami i niewolnictwem oraz etycznymi procedurami i zasadami pozyskiwania, za po\u015brednictwem naszego internetowego systemu szkoleniowego Compliance Quest.<\/li>\n\n\n\n<li>Sprzedawcy i dostawcy, kt\u00f3rzy nie przestrzegaj\u0105 w pe\u0142ni standard\u00f3w, zasad i procedur Zinpro Corporation, w tym mi\u0119dzy innymi przepis\u00f3w dotycz\u0105cych handlu lud\u017ami i niewolnictwa, mog\u0105 spowodowa\u0107 anulowanie zam\u00f3wie\u0144 Zinpro, zako\u0144czenie relacji z dostawc\u0105 i\/lub podj\u0119cie krok\u00f3w prawnych.<\/li>\n<\/ol>\n\n\n\n<p>Cytaty:<\/p>\n\n\n\n<ul class=\"wp-block-list\">\n<li><a href=\"https:\/\/www.unodc.org\/unodc\/en\/human-trafficking\/index.html\" target=\"_blank\" rel=\"noreferrer noopener\">http:\/\/www.unodc.org\/unodc\/en\/human-trafficking\/index.html<\/a><\/li>\n\n\n\n<li><a href=\"https:\/\/wrapcompliance.org\/\" target=\"_blank\" rel=\"noreferrer noopener\">http:\/\/www.wrapcompliance.org\/<\/a><\/li>\n<\/ul>\n\n\n\n<h3 class=\"wp-block-heading\">Procedura bezpiecze\u0144stwa biologicznego go\u015bci<\/h3>\n\n\n\n<h5 class=\"wp-block-heading\">Jako odwiedzaj\u0105cy jeste\u015b odpowiedzialny za przestrzeganie wytycznych CGMP i bezpiecze\u0144stwa biologicznego, aby zapobiec rozprzestrzenianiu si\u0119 chor\u00f3b zwierz\u0105t i zanieczyszczeniu produktu.<\/h5>\n\n\n\n<p><strong>You Shall:<\/strong><\/p>\n\n\n\n<ul class=\"wp-block-list\">\n<li>Nosi\u0107 odzie\u017c i obuwie, kt\u00f3re nie by\u0142y nara\u017cone na kontakt z \u017cywym inwentarzem.<\/li>\n\n\n\n<li>Niedawno odwiedzi\u0142em kraj, w kt\u00f3rym wybuch\u0142a epidemia choroby zwierz\u0105t.<\/li>\n\n\n\n<li>Przedmioty osobiste, takie jak plecaki, teczki, aparaty fotograficzne, komputery, tablety i telefony kom\u00f3rkowe nale\u017cy przechowywa\u0107 w samochodzie lub w biurze\/sali konferencyjnej.<\/li>\n\n\n\n<li>Przestrzeganie procedur jako\u015bci i bezpiecze\u0144stwa \u017cywno\u015bci Zinpro.<\/li>\n\n\n\n<li>By\u0107 odpowiednio ubranym, co obejmuje, w stosownych przypadkach, obuwie ochronne, odzie\u017c ochronn\u0105, kask ochronny, ochron\u0119 oczu i s\u0142uchu.<\/li>\n\n\n\n<li>Zdejmij lub zabezpiecz bi\u017cuteri\u0119 i inne przedmioty, kt\u00f3re mog\u0105 wpa\u015b\u0107 do karmy dla zwierz\u0105t, sprz\u0119tu lub pojemnik\u00f3w.<\/li>\n\n\n\n<li>Pali\u0107 tylko w wyznaczonych miejscach poza obiektami, w tym u\u017cywa\u0107 elektronicznych urz\u0105dze\u0144 do palenia.<\/li>\n\n\n\n<li>Przed wej\u015bciem do obszar\u00f3w produkcyjnych nale\u017cy umy\u0107\/zdezynfekowa\u0107 r\u0119ce.<\/li>\n\n\n\n<li>Nie je\u015b\u0107, nie pi\u0107 i nie plu\u0107 w obszarach produkcyjnych.<\/li>\n\n\n\n<li>W przypadku otwartych ran lub skalecze\u0144 nale\u017cy nosi\u0107 ochraniacze, aby zapobiec zanieczyszczeniu \u017cywno\u015bci.<\/li>\n\n\n\n<li>Podejmij \u015brodki zapobiegawcze, aby zapobiec rozprzestrzenianiu si\u0119 choroby zaka\u017anej.<\/li>\n\n\n\n<li>Nie dotykaj sprz\u0119tu ani materia\u0142\u00f3w, chyba \u017ce jest to wymagane do cel\u00f3w wizyty.<\/li>\n\n\n\n<li>Zawsze powinien towarzyszy\u0107 ci pracownik Zinpro, chyba \u017ce jeste\u015b wykonawc\u0105 lub us\u0142ugodawc\u0105, kt\u00f3ry przeczyta\u0142 i podpisa\u0142 formularz szkolenia w zakresie obs\u0142ugi umowy.<\/li>\n\n\n\n<li>Zakaz wnoszenia na teren zak\u0142ad\u00f3w produkcyjnych niezatwierdzonych pojemnik\u00f3w, towar\u00f3w niebezpiecznych, lek\u00f3w na recept\u0119 i\/lub aparat\u00f3w fotograficznych.<\/li>\n\n\n\n<li>Wype\u0142nij i podpisz dziennik odwiedzin.<\/li>\n<\/ul>\n\n\n\n<p>Pracownicy firmy Zinpro nie przebywaj\u0105cy w obiekcie oraz podwykonawcy mog\u0105 wnosi\u0107 rzeczy osobiste, pod warunkiem, \u017ce nie byli ostatnio nara\u017ceni na kontakt z \u017cywym inwentarzem.<\/p>\n\n\n\n<h3 class=\"wp-block-heading\">O\u015bwiadczenie o neutralno\u015bci politycznej<\/h3>\n\n\n\n<p>Zinpro Corporation zobowi\u0105zuje si\u0119 do neutralno\u015bci politycznej w kwestiach polityki partyjnej. Zinpro Corporation nie popiera, nie wspiera ani nie promuje \u017cadnych partii politycznych, kandydat\u00f3w ani wybranych urz\u0119dnik\u00f3w pa\u0144stwowych.<\/p>\n<\/div>\n<\/div>\n\n\n\n\n<div id=\"resp-spacer-block_cb03d1e077c69c45928a326e1bb4ea7c\" class=\"zinpro-spacer-block\"><\/div>\n\n<style>\n#resp-spacer-block_cb03d1e077c69c45928a326e1bb4ea7c {\n\tmargin-top: 80px;\n}\n\n@media screen and (max-width: 1366px) {\n\t#resp-spacer-block_cb03d1e077c69c45928a326e1bb4ea7c {\n\t\tmargin-top: 60px;\n\t}\n}\n\n@media screen and (max-width: 960px) {\n\t#resp-spacer-block_cb03d1e077c69c45928a326e1bb4ea7c {\n\t\tmargin-top: 40px;\n\t}\n}\n<\/style>","protected":false},"excerpt":{"rendered":"<p>#resp-spacer-block_cb03d1e077c69c45928a326e1bb4ea7c {<br \/>\n\tmargin-top: 80px;<br \/>\n}<\/p>\n<p>@media screen and (max-width: 1366px) {<br \/>\n\t#resp-spacer-block_cb03d1e077c69c45928a326e1bb4ea7c {<br \/>\n\t\tmargin-top: 60px;<br \/>\n\t}<br \/>\n}<\/p>\n<p>@media screen and (max-width: 960px) {<br \/>\n\t#resp-spacer-block_cb03d1e077c69c45928a326e1bb4ea7c {<br \/>\n\t\tmargin-top: 40px;<br \/>\n\t}<br \/>\n}<\/p>\n<p>Company Statements<\/p>\n<p>Supply Chain Disclosures<\/p>\n<p>Zinpro Corporation is committed to compliance [&#8230;]<\/p>\n","protected":false},"author":2,"featured_media":0,"parent":0,"menu_order":0,"comment_status":"closed","ping_status":"closed","template":"","meta":{"_acf_changed":false,"_tec_requires_first_save":true,"_eb_attr":"","_uag_custom_page_level_css":"","_EventAllDay":false,"_EventTimezone":"","_EventStartDate":"","_EventEndDate":"","_EventStartDateUTC":"","_EventEndDateUTC":"","_EventShowMap":false,"_EventShowMapLink":false,"_EventURL":"","_EventCost":"","_EventCostDescription":"","_EventCurrencySymbol":"","_EventCurrencyCode":"","_EventCurrencyPosition":"","_EventDateTimeSeparator":"","_EventTimeRangeSeparator":"","_EventOrganizerID":[],"_EventVenueID":[],"_OrganizerEmail":"","_OrganizerPhone":"","_OrganizerWebsite":"","_VenueAddress":"","_VenueCity":"","_VenueCountry":"","_VenueProvince":"","_VenueState":"","_VenueZip":"","_VenuePhone":"","_VenueURL":"","_VenueStateProvince":"","_VenueLat":"","_VenueLng":"","_VenueShowMap":false,"_VenueShowMapLink":false,"_tribe_blocks_recurrence_rules":"","_tribe_blocks_recurrence_description":"","_tribe_blocks_recurrence_exclusions":"","_ecp_custom_2":"","footnotes":""},"class_list":["post-629","page","type-page","status-publish","hentry"],"acf":[],"yoast_head":"<!-- This site is optimized with the Yoast SEO Premium plugin v27.4 (Yoast SEO v27.4) - https:\/\/yoast.com\/product\/yoast-seo-premium-wordpress\/ -->\n<title>Company Statements &#8211; Zinpro\u00ae<\/title>\n<meta name=\"description\" content=\"Read more about Company Statements and from Zinpro\u00ae here.\" \/>\n<meta name=\"robots\" content=\"index, follow, max-snippet:-1, max-image-preview:large, max-video-preview:-1\" \/>\n<link rel=\"canonical\" href=\"https:\/\/www.zinpro.com\/pl\/company-statements\/\" \/>\n<meta property=\"og:locale\" content=\"pl_PL\" \/>\n<meta property=\"og:type\" content=\"article\" \/>\n<meta property=\"og:title\" content=\"Company Statements &#8211; Zinpro\u00ae\" \/>\n<meta property=\"og:description\" content=\"Read more about Company Statements and from Zinpro\u00ae here.\" \/>\n<meta property=\"og:url\" content=\"https:\/\/www.zinpro.com\/pl\/company-statements\/\" \/>\n<meta property=\"og:site_name\" content=\"Zinpro\u00ae\" \/>\n<meta property=\"article:publisher\" content=\"https:\/\/www.facebook.com\/ZinproCorp\/\" \/>\n<meta property=\"article:modified_time\" content=\"2023-06-14T14:22:46+00:00\" \/>\n<meta name=\"twitter:card\" content=\"summary_large_image\" \/>\n<meta name=\"twitter:site\" content=\"@wdolezal\" \/>\n<meta name=\"twitter:label1\" content=\"Szacowany czas czytania\" \/>\n\t<meta name=\"twitter:data1\" content=\"3 minuty\" \/>\n<script type=\"application\/ld+json\" class=\"yoast-schema-graph\">{\"@context\":\"https:\\\/\\\/schema.org\",\"@graph\":[{\"@type\":\"WebPage\",\"@id\":\"https:\\\/\\\/www.zinpro.com\\\/company-statements\\\/\",\"url\":\"https:\\\/\\\/www.zinpro.com\\\/company-statements\\\/\",\"name\":\"Company Statements &#8211; Zinpro\u00ae\",\"isPartOf\":{\"@id\":\"https:\\\/\\\/www.zinpro.com\\\/#website\"},\"datePublished\":\"2022-08-29T14:40:29+00:00\",\"dateModified\":\"2023-06-14T14:22:46+00:00\",\"description\":\"Read more about Company Statements and from Zinpro\u00ae here.\",\"inLanguage\":\"pl-PL\",\"potentialAction\":[{\"@type\":\"ReadAction\",\"target\":[\"https:\\\/\\\/www.zinpro.com\\\/company-statements\\\/\"]}]},{\"@type\":\"WebSite\",\"@id\":\"https:\\\/\\\/www.zinpro.com\\\/#website\",\"url\":\"https:\\\/\\\/www.zinpro.com\\\/\",\"name\":\"Zinpro\u00ae\",\"description\":\"\",\"potentialAction\":[{\"@type\":\"SearchAction\",\"target\":{\"@type\":\"EntryPoint\",\"urlTemplate\":\"https:\\\/\\\/www.zinpro.com\\\/?s={search_term_string}\"},\"query-input\":{\"@type\":\"PropertyValueSpecification\",\"valueRequired\":true,\"valueName\":\"search_term_string\"}}],\"inLanguage\":\"pl-PL\"}]}<\/script>\n<!-- \/ Yoast SEO Premium plugin. -->","yoast_head_json":{"title":"O\u015bwiadczenia firmy - Zinpro\u00ae","description":"Wi\u0119cej informacji na temat o\u015bwiadcze\u0144 firmy Zinpro\u00ae mo\u017cna znale\u017a\u0107 tutaj.","robots":{"index":"index","follow":"follow","max-snippet":"max-snippet:-1","max-image-preview":"max-image-preview:large","max-video-preview":"max-video-preview:-1"},"canonical":"https:\/\/www.zinpro.com\/pl\/company-statements\/","og_locale":"pl_PL","og_type":"article","og_title":"Company Statements &#8211; Zinpro\u00ae","og_description":"Read more about Company Statements and from Zinpro\u00ae here.","og_url":"https:\/\/www.zinpro.com\/pl\/company-statements\/","og_site_name":"Zinpro\u00ae","article_publisher":"https:\/\/www.facebook.com\/ZinproCorp\/","article_modified_time":"2023-06-14T14:22:46+00:00","twitter_card":"summary_large_image","twitter_site":"@wdolezal","twitter_misc":{"Szacowany czas czytania":"3 minuty"},"schema":{"@context":"https:\/\/schema.org","@graph":[{"@type":"WebPage","@id":"https:\/\/www.zinpro.com\/company-statements\/","url":"https:\/\/www.zinpro.com\/company-statements\/","name":"O\u015bwiadczenia firmy - Zinpro\u00ae","isPartOf":{"@id":"https:\/\/www.zinpro.com\/#website"},"datePublished":"2022-08-29T14:40:29+00:00","dateModified":"2023-06-14T14:22:46+00:00","description":"Wi\u0119cej informacji na temat o\u015bwiadcze\u0144 firmy Zinpro\u00ae mo\u017cna znale\u017a\u0107 tutaj.","inLanguage":"pl-PL","potentialAction":[{"@type":"ReadAction","target":["https:\/\/www.zinpro.com\/company-statements\/"]}]},{"@type":"WebSite","@id":"https:\/\/www.zinpro.com\/#website","url":"https:\/\/www.zinpro.com\/","name":"Zinpro\u00ae","description":"","potentialAction":[{"@type":"SearchAction","target":{"@type":"EntryPoint","urlTemplate":"https:\/\/www.zinpro.com\/?s={search_term_string}"},"query-input":{"@type":"PropertyValueSpecification","valueRequired":true,"valueName":"search_term_string"}}],"inLanguage":"pl-PL"}]}},"spectra_custom_meta":{"_edit_lock":["1687887674:8"],"_edit_last":["8"],"ss_social_share_disable":[""],"_yoast_wpseo_content_score":["30"],"_yoast_wpseo_estimated-reading-time-minutes":["3"],"_yoast_wpseo_wordproof_timestamp":[""],"_eb_reusable_block_ids":["a:0:{}"],"_uag_css_file_name":["uag-css-629.css"],"_uag_page_assets":["a:9:{s:3:\"css\";s:263:\".uag-blocks-common-selector{z-index:var(--z-index-desktop) !important}@media (max-width: 976px){.uag-blocks-common-selector{z-index:var(--z-index-tablet) !important}}@media (max-width: 767px){.uag-blocks-common-selector{z-index:var(--z-index-mobile) !important}}\n\";s:2:\"js\";s:0:\"\";s:18:\"current_block_list\";a:17:{i:0;s:24:\"zinpro\/responsive-spacer\";i:1;s:12:\"core\/columns\";i:2;s:11:\"core\/column\";i:3;s:12:\"core\/heading\";i:4;s:14:\"core\/paragraph\";i:5;s:9:\"core\/list\";i:6;s:14:\"core\/list-item\";i:7;s:11:\"core\/search\";i:8;s:10:\"core\/group\";i:9;s:17:\"core\/latest-posts\";i:10;s:20:\"core\/latest-comments\";i:11;s:13:\"core\/archives\";i:12;s:15:\"core\/categories\";i:13;s:17:\"core\/social-links\";i:14;s:16:\"core\/social-link\";i:15;s:11:\"core\/spacer\";i:16;s:10:\"core\/image\";}s:8:\"uag_flag\";b:0;s:11:\"uag_version\";s:10:\"1776721063\";s:6:\"gfonts\";a:0:{}s:10:\"gfonts_url\";s:0:\"\";s:12:\"gfonts_files\";a:0:{}s:14:\"uag_faq_layout\";b:0;}"]},"uagb_featured_image_src":{"full":false,"thumbnail":false,"medium":false,"medium_large":false,"large":false,"gs-tiny":false,"xl":false,"xxl":false,"xxxl":false,"xxxxl":false,"xxxxxl":false,"1536x1536":false,"2048x2048":false,"trp-custom-language-flag":false,"gform-image-choice-sm":false,"gform-image-choice-md":false,"gform-image-choice-lg":false,"menu-24x24":false,"menu-36x36":false,"menu-48x48":false},"uagb_author_info":{"display_name":"mrwolleat","author_link":"https:\/\/www.zinpro.com\/pl\/resource-center\/author\/mrwolleat\/"},"uagb_comment_info":0,"uagb_excerpt":"#resp-spacer-block_cb03d1e077c69c45928a326e1bb4ea7c { margin-top: 80px; } @media screen and (max-width: 1366px) { #resp-spacer-block_cb03d1e077c69c45928a326e1bb4ea7c { margin-top: 60px; } } @media screen and (max-width: 960px) { #resp-spacer-block_cb03d1e077c69c45928a326e1bb4ea7c { margin-top: 40px; } } Company Statements Supply Chain Disclosures Zinpro Corporation is committed to compliance [...]","_links":{"self":[{"href":"https:\/\/www.zinpro.com\/pl\/wp-json\/wp\/v2\/pages\/629","targetHints":{"allow":["GET"]}}],"collection":[{"href":"https:\/\/www.zinpro.com\/pl\/wp-json\/wp\/v2\/pages"}],"about":[{"href":"https:\/\/www.zinpro.com\/pl\/wp-json\/wp\/v2\/types\/page"}],"author":[{"embeddable":true,"href":"https:\/\/www.zinpro.com\/pl\/wp-json\/wp\/v2\/users\/2"}],"replies":[{"embeddable":true,"href":"https:\/\/www.zinpro.com\/pl\/wp-json\/wp\/v2\/comments?post=629"}],"version-history":[{"count":0,"href":"https:\/\/www.zinpro.com\/pl\/wp-json\/wp\/v2\/pages\/629\/revisions"}],"wp:attachment":[{"href":"https:\/\/www.zinpro.com\/pl\/wp-json\/wp\/v2\/media?parent=629"}],"curies":[{"name":"wp","href":"https:\/\/api.w.org\/{rel}","templated":true}]}}