{"id":244,"date":"2022-08-09T14:43:15","date_gmt":"2022-08-09T14:43:15","guid":{"rendered":"http:\/\/localhost:10048\/?page_id=244"},"modified":"2025-07-22T08:33:50","modified_gmt":"2025-07-22T13:33:50","slug":"leadership-team","status":"publish","type":"page","link":"https:\/\/www.zinpro.com\/pl\/leadership-team\/","title":{"rendered":"Zesp\u00f3\u0142 kierowniczy"},"content":{"rendered":"<div class=\"wp-block-cover alignfull\" style=\"min-height:507px;aspect-ratio:unset;\"><img loading=\"lazy\" decoding=\"async\" width=\"2300\" height=\"991\" class=\"wp-block-cover__image-background wp-image-70024 size-full\" alt=\"\" src=\"https:\/\/www.zinpro.com\/wp-content\/uploads\/2025\/07\/Headquarters-wide-1.jpg\" style=\"object-position:49% 74%\" data-object-fit=\"cover\" data-object-position=\"49% 74%\" srcset=\"https:\/\/www.zinpro.com\/wp-content\/uploads\/2025\/07\/Headquarters-wide-1.jpg 2300w, https:\/\/www.zinpro.com\/wp-content\/uploads\/2025\/07\/Headquarters-wide-1-300x129.jpg 300w, https:\/\/www.zinpro.com\/wp-content\/uploads\/2025\/07\/Headquarters-wide-1-1024x441.jpg 1024w, https:\/\/www.zinpro.com\/wp-content\/uploads\/2025\/07\/Headquarters-wide-1-50x22.jpg 50w, https:\/\/www.zinpro.com\/wp-content\/uploads\/2025\/07\/Headquarters-wide-1-1600x689.jpg 1600w, https:\/\/www.zinpro.com\/wp-content\/uploads\/2025\/07\/Headquarters-wide-1-1536x662.jpg 1536w, https:\/\/www.zinpro.com\/wp-content\/uploads\/2025\/07\/Headquarters-wide-1-2048x882.jpg 2048w, https:\/\/www.zinpro.com\/wp-content\/uploads\/2025\/07\/Headquarters-wide-1-18x8.jpg 18w, https:\/\/www.zinpro.com\/wp-content\/uploads\/2025\/07\/Headquarters-wide-1-24x10.jpg 24w, https:\/\/www.zinpro.com\/wp-content\/uploads\/2025\/07\/Headquarters-wide-1-36x16.jpg 36w, https:\/\/www.zinpro.com\/wp-content\/uploads\/2025\/07\/Headquarters-wide-1-48x21.jpg 48w\" sizes=\"auto, (max-width: 2300px) 100vw, 2300px\" \/><span aria-hidden=\"true\" class=\"wp-block-cover__background has-black-background-color has-background-dim-0 has-background-dim\"><\/span><div class=\"wp-block-cover__inner-container is-layout-flow wp-block-cover-is-layout-flow\">\n<div class=\"wp-block-uagb-advanced-heading uagb-block-07efc996 wow fadeInUp\"><h1 class=\"uagb-heading-text\">Poznaj nasz zesp\u00f3\u0142 lider\u00f3w<\/h1><\/div>\n<\/div><\/div>\n\n\n\n\n<div id=\"resp-spacer-block_88995e72c9896468140e050e24c716e2\" class=\"zinpro-spacer-block\"><\/div>\n\n<style>\n#resp-spacer-block_88995e72c9896468140e050e24c716e2 {\n\tmargin-top: 80px;\n}\n\n@media screen and (max-width: 1366px) {\n\t#resp-spacer-block_88995e72c9896468140e050e24c716e2 {\n\t\tmargin-top: 60px;\n\t}\n}\n\n@media screen and (max-width: 960px) {\n\t#resp-spacer-block_88995e72c9896468140e050e24c716e2 {\n\t\tmargin-top: 40px;\n\t}\n}\n<\/style>\n\n\n<h2 class=\"wp-block-heading wow fadeInUp\" id=\"h-led-by-industry-experts\">Prowadzony przez ekspert\u00f3w bran\u017cowych<\/h2>\n\n\n\n<p class=\"wow fadeInUp\">Nasza niezr\u00f3wnana wiedza specjalistyczna zaczyna si\u0119 na samym szczycie, od czo\u0142owych naukowc\u00f3w i partner\u00f3w biznesowych, kt\u00f3rzy nadaj\u0105 ton ca\u0142ej naszej dzia\u0142alno\u015bci.<\/p>\n\n\n\n\n<div id=\"resp-spacer-block_88995e72c9896468140e050e24c716e2\" class=\"zinpro-spacer-block\"><\/div>\n\n<style>\n#resp-spacer-block_88995e72c9896468140e050e24c716e2 {\n\tmargin-top: 80px;\n}\n\n@media screen and (max-width: 1366px) {\n\t#resp-spacer-block_88995e72c9896468140e050e24c716e2 {\n\t\tmargin-top: 60px;\n\t}\n}\n\n@media screen and (max-width: 960px) {\n\t#resp-spacer-block_88995e72c9896468140e050e24c716e2 {\n\t\tmargin-top: 40px;\n\t}\n}\n<\/style>\n\n\n<div class=\"wp-block-columns is-layout-flex wp-container-core-columns-is-layout-9d6595d7 wp-block-columns-is-layout-flex\">\n<div class=\"wp-block-column is-layout-flow wp-block-column-is-layout-flow\">\n<figure class=\"wp-block-image size-full wow fadeInUp\"><img loading=\"lazy\" decoding=\"async\" width=\"400\" height=\"400\" src=\"http:\/\/www.zinpro.com\/wp-content\/uploads\/2022\/08\/MikeAnderson.jpg\" alt=\"\" class=\"wp-image-245\" srcset=\"https:\/\/www.zinpro.com\/wp-content\/uploads\/2022\/08\/MikeAnderson.jpg 400w, https:\/\/www.zinpro.com\/wp-content\/uploads\/2022\/08\/MikeAnderson-300x300.jpg 300w, https:\/\/www.zinpro.com\/wp-content\/uploads\/2022\/08\/MikeAnderson-150x150.jpg 150w, https:\/\/www.zinpro.com\/wp-content\/uploads\/2022\/08\/MikeAnderson-12x12.jpg 12w\" sizes=\"auto, (max-width: 400px) 100vw, 400px\" \/><figcaption class=\"wp-element-caption\"><strong>Michael Anderson<\/strong><br>Prezes Zarz\u0105du<\/figcaption><\/figure>\n<\/div>\n\n\n\n<div class=\"wp-block-column wow fadeInUp anim-delay-300ms is-layout-flow wp-block-column-is-layout-flow\">\n<figure class=\"wp-block-image size-full\"><img loading=\"lazy\" decoding=\"async\" width=\"400\" height=\"400\" src=\"http:\/\/www.zinpro.com\/wp-content\/uploads\/2022\/08\/DebiAnderson.jpg\" alt=\"\" class=\"wp-image-246\" srcset=\"https:\/\/www.zinpro.com\/wp-content\/uploads\/2022\/08\/DebiAnderson.jpg 400w, https:\/\/www.zinpro.com\/wp-content\/uploads\/2022\/08\/DebiAnderson-300x300.jpg 300w, https:\/\/www.zinpro.com\/wp-content\/uploads\/2022\/08\/DebiAnderson-150x150.jpg 150w, https:\/\/www.zinpro.com\/wp-content\/uploads\/2022\/08\/DebiAnderson-12x12.jpg 12w\" sizes=\"auto, (max-width: 400px) 100vw, 400px\" \/><figcaption class=\"wp-element-caption translation-block\"><strong>Debra Anderson<\/strong><br>Prezes, Fundacja Anderson i dyrektor, Rada Dyrektor\u00f3w Zinpro<\/figcaption><\/figure>\n<\/div>\n\n\n\n<div class=\"wp-block-column wow fadeInUp anim-delay-600ms is-layout-flow wp-block-column-is-layout-flow\">\n<figure class=\"wp-block-image size-full\"><img loading=\"lazy\" decoding=\"async\" width=\"400\" height=\"400\" src=\"https:\/\/www.zinpro.com\/wp-content\/uploads\/2023\/04\/RobSheffer_400x400.jpg\" alt=\"\" class=\"wp-image-48064\" srcset=\"https:\/\/www.zinpro.com\/wp-content\/uploads\/2023\/04\/RobSheffer_400x400.jpg 400w, https:\/\/www.zinpro.com\/wp-content\/uploads\/2023\/04\/RobSheffer_400x400-300x300.jpg 300w, https:\/\/www.zinpro.com\/wp-content\/uploads\/2023\/04\/RobSheffer_400x400-150x150.jpg 150w, https:\/\/www.zinpro.com\/wp-content\/uploads\/2023\/04\/RobSheffer_400x400-12x12.jpg 12w\" sizes=\"auto, (max-width: 400px) 100vw, 400px\" \/><figcaption class=\"wp-element-caption\"><strong>Rob Sheffer<\/strong><br>Prezes i dyrektor generalny<\/figcaption><\/figure>\n<\/div>\n<\/div>\n\n\n\n\n<div id=\"resp-spacer-block_88995e72c9896468140e050e24c716e2\" class=\"zinpro-spacer-block\"><\/div>\n\n<style>\n#resp-spacer-block_88995e72c9896468140e050e24c716e2 {\n\tmargin-top: 80px;\n}\n\n@media screen and (max-width: 1366px) {\n\t#resp-spacer-block_88995e72c9896468140e050e24c716e2 {\n\t\tmargin-top: 60px;\n\t}\n}\n\n@media screen and (max-width: 960px) {\n\t#resp-spacer-block_88995e72c9896468140e050e24c716e2 {\n\t\tmargin-top: 40px;\n\t}\n}\n<\/style>\n\n\n<div class=\"wp-block-columns is-layout-flex wp-container-core-columns-is-layout-9d6595d7 wp-block-columns-is-layout-flex\">\n<div class=\"wp-block-column is-layout-flow wp-block-column-is-layout-flow\">\n<figure class=\"wp-block-image size-full wow fadeInUp\"><img loading=\"lazy\" decoding=\"async\" width=\"400\" height=\"400\" src=\"http:\/\/www.zinpro.com\/wp-content\/uploads\/2022\/08\/PatBrunner.jpg\" alt=\"\" class=\"wp-image-254\" srcset=\"https:\/\/www.zinpro.com\/wp-content\/uploads\/2022\/08\/PatBrunner.jpg 400w, https:\/\/www.zinpro.com\/wp-content\/uploads\/2022\/08\/PatBrunner-300x300.jpg 300w, https:\/\/www.zinpro.com\/wp-content\/uploads\/2022\/08\/PatBrunner-150x150.jpg 150w, https:\/\/www.zinpro.com\/wp-content\/uploads\/2022\/08\/PatBrunner-12x12.jpg 12w\" sizes=\"auto, (max-width: 400px) 100vw, 400px\" \/><figcaption class=\"wp-element-caption\"><strong>Pat Brunner<\/strong><br>Dyrektor operacyjny<\/figcaption><\/figure>\n<\/div>\n\n\n\n<div class=\"wp-block-column wow fadeInUp anim-delay-300ms is-layout-flow wp-block-column-is-layout-flow\">\n<figure class=\"wp-block-image size-full\"><img loading=\"lazy\" decoding=\"async\" width=\"400\" height=\"400\" src=\"http:\/\/www.zinpro.com\/wp-content\/uploads\/2022\/08\/CandyceTrautwein.jpg\" alt=\"\" class=\"wp-image-255\" srcset=\"https:\/\/www.zinpro.com\/wp-content\/uploads\/2022\/08\/CandyceTrautwein.jpg 400w, https:\/\/www.zinpro.com\/wp-content\/uploads\/2022\/08\/CandyceTrautwein-300x300.jpg 300w, https:\/\/www.zinpro.com\/wp-content\/uploads\/2022\/08\/CandyceTrautwein-150x150.jpg 150w, https:\/\/www.zinpro.com\/wp-content\/uploads\/2022\/08\/CandyceTrautwein-12x12.jpg 12w\" sizes=\"auto, (max-width: 400px) 100vw, 400px\" \/><figcaption class=\"wp-element-caption\"><strong><strong>Candyce Trautwein<\/strong><br><\/strong>Dyrektor finansowy<\/figcaption><\/figure>\n<\/div>\n\n\n\n<div class=\"wp-block-column wow fadeInUp anim-delay-600ms is-layout-flow wp-block-column-is-layout-flow\">\n<figure class=\"wp-block-image size-full\"><img loading=\"lazy\" decoding=\"async\" width=\"400\" height=\"400\" src=\"http:\/\/www.zinpro.com\/wp-content\/uploads\/2022\/08\/LaToyaJonesBurrell.jpg\" alt=\"\" class=\"wp-image-264\" srcset=\"https:\/\/www.zinpro.com\/wp-content\/uploads\/2022\/08\/LaToyaJonesBurrell.jpg 400w, https:\/\/www.zinpro.com\/wp-content\/uploads\/2022\/08\/LaToyaJonesBurrell-300x300.jpg 300w, https:\/\/www.zinpro.com\/wp-content\/uploads\/2022\/08\/LaToyaJonesBurrell-150x150.jpg 150w, https:\/\/www.zinpro.com\/wp-content\/uploads\/2022\/08\/LaToyaJonesBurrell-12x12.jpg 12w\" sizes=\"auto, (max-width: 400px) 100vw, 400px\" \/><figcaption class=\"wp-element-caption\"><strong>LaToya Burrell<\/strong><br>Radca prawny i dyrektor wykonawczy, Fundacja Andersona<\/figcaption><\/figure>\n<\/div>\n<\/div>\n\n\n\n\n<div id=\"resp-spacer-block_88995e72c9896468140e050e24c716e2\" class=\"zinpro-spacer-block\"><\/div>\n\n<style>\n#resp-spacer-block_88995e72c9896468140e050e24c716e2 {\n\tmargin-top: 80px;\n}\n\n@media screen and (max-width: 1366px) {\n\t#resp-spacer-block_88995e72c9896468140e050e24c716e2 {\n\t\tmargin-top: 60px;\n\t}\n}\n\n@media screen and (max-width: 960px) {\n\t#resp-spacer-block_88995e72c9896468140e050e24c716e2 {\n\t\tmargin-top: 40px;\n\t}\n}\n<\/style>\n\n\n<div class=\"wp-block-group alignfull has-background is-layout-constrained wp-block-group-is-layout-constrained\" style=\"background-color:#f7f7f7\">\n<div class=\"wp-block-cover is-light wow fadeInUp\"><img loading=\"lazy\" decoding=\"async\" width=\"1440\" height=\"675\" class=\"wp-block-cover__image-background wp-image-48138\" alt=\"\" src=\"http:\/\/www.zinpro.com\/wp-content\/uploads\/2023\/04\/Leadership_Experts_Footer_1440x675.png\" data-object-fit=\"cover\" srcset=\"https:\/\/www.zinpro.com\/wp-content\/uploads\/2023\/04\/Leadership_Experts_Footer_1440x675.png 1440w, https:\/\/www.zinpro.com\/wp-content\/uploads\/2023\/04\/Leadership_Experts_Footer_1440x675-300x141.png 300w, https:\/\/www.zinpro.com\/wp-content\/uploads\/2023\/04\/Leadership_Experts_Footer_1440x675-1024x480.png 1024w, https:\/\/www.zinpro.com\/wp-content\/uploads\/2023\/04\/Leadership_Experts_Footer_1440x675-18x8.png 18w, https:\/\/www.zinpro.com\/wp-content\/uploads\/2023\/04\/Leadership_Experts_Footer_1440x675-768x360.png 768w\" sizes=\"auto, (max-width: 1440px) 100vw, 1440px\" \/><span aria-hidden=\"true\" class=\"wp-block-cover__background has-background-dim-20 has-background-dim\"><\/span><div class=\"wp-block-cover__inner-container is-layout-flow wp-block-cover-is-layout-flow\">\n<h1 class=\"wp-block-heading has-white-color has-text-color\" id=\"h-get-connected-with-an-expert\">Znajd\u017a <br>eksperta<\/h1>\n<\/div><\/div>\n\n\n\n<div class=\"wp-block-group is-layout-constrained wp-container-core-group-is-layout-90ba889e wp-block-group-is-layout-constrained\">\n\n<div id=\"resp-spacer-block_4eac1396a3c77b92fdfead536975b7b4\" class=\"zinpro-spacer-block\"><\/div>\n\n<style>\n#resp-spacer-block_4eac1396a3c77b92fdfead536975b7b4 {\n\tmargin-top: 60px;\n}\n\n@media screen and (max-width: 1366px) {\n\t#resp-spacer-block_4eac1396a3c77b92fdfead536975b7b4 {\n\t\tmargin-top: 40px;\n\t}\n}\n\n@media screen and (max-width: 960px) {\n\t#resp-spacer-block_4eac1396a3c77b92fdfead536975b7b4 {\n\t\tmargin-top: 20px;\n\t}\n}\n<\/style>\n\n\n<h6 class=\"wp-block-heading wow fadeInUp\" id=\"h-learn-more-about-how-the-culture-commitment-and-science-at-zinpro-can-help-your-business\">Dowiedz si\u0119 wi\u0119cej o tym, jak kultura, zaanga\u017cowanie i nauka w Zinpro\u00ae mog\u0105 pom\u00f3c Twojej firmie.<\/h6>\n\n\n\n<div class=\"wp-block-buttons wow fadeInUp is-layout-flex wp-block-buttons-is-layout-flex\">\n<div class=\"wp-block-button\" id=\"wow-fadeInUp\"><a class=\"wp-block-button__link wp-element-button\" href=\"https:\/\/www.zinpro.com\/pl\/lets-connect\/\">Skontaktuj si\u0119 z nami<\/a><\/div>\n<\/div>\n<\/div>\n<\/div>","protected":false},"excerpt":{"rendered":"<p>Meet Our Leadership Team<\/p>\n<p>#resp-spacer-block_88995e72c9896468140e050e24c716e2 {<br \/>\n\tmargin-top: 80px;<br \/>\n}<\/p>\n<p>@media screen and (max-width: 1366px) {<br \/>\n\t#resp-spacer-block_88995e72c9896468140e050e24c716e2 {<br \/>\n\t\tmargin-top: 60px;<br \/>\n\t}<br \/>\n}<\/p>\n<p>@media screen and (max-width: 960px) {<br \/>\n\t#resp-spacer-block_88995e72c9896468140e050e24c716e2 {<br \/>\n\t\tmargin-top: 40px;<br \/>\n\t}<br \/>\n}<\/p>\n<p>Led by Industry Experts<\/p>\n<p class=\"wow fadeInUp\">Our [&#8230;]<\/p>\n","protected":false},"author":2,"featured_media":0,"parent":0,"menu_order":0,"comment_status":"closed","ping_status":"closed","template":"","meta":{"_acf_changed":false,"_tec_requires_first_save":true,"_eb_attr":"","_uag_custom_page_level_css":"","_EventAllDay":false,"_EventTimezone":"","_EventStartDate":"","_EventEndDate":"","_EventStartDateUTC":"","_EventEndDateUTC":"","_EventShowMap":false,"_EventShowMapLink":false,"_EventURL":"","_EventCost":"","_EventCostDescription":"","_EventCurrencySymbol":"","_EventCurrencyCode":"","_EventCurrencyPosition":"","_EventDateTimeSeparator":"","_EventTimeRangeSeparator":"","_EventOrganizerID":[],"_EventVenueID":[],"_OrganizerEmail":"","_OrganizerPhone":"","_OrganizerWebsite":"","_VenueAddress":"","_VenueCity":"","_VenueCountry":"","_VenueProvince":"","_VenueState":"","_VenueZip":"","_VenuePhone":"","_VenueURL":"","_VenueStateProvince":"","_VenueLat":"","_VenueLng":"","_VenueShowMap":false,"_VenueShowMapLink":false,"_tribe_blocks_recurrence_rules":"","_tribe_blocks_recurrence_description":"","_tribe_blocks_recurrence_exclusions":"","_ecp_custom_2":"","footnotes":""},"class_list":["post-244","page","type-page","status-publish","hentry"],"acf":[],"yoast_head":"<!-- This site is optimized with the Yoast SEO Premium plugin v27.3 (Yoast SEO v27.3) - https:\/\/yoast.com\/product\/yoast-seo-premium-wordpress\/ -->\n<title>Leadership Team &#8211; Zinpro\u00ae<\/title>\n<meta name=\"description\" content=\"Read more about Leadership Team and from Zinpro\u00ae here.\" \/>\n<meta name=\"robots\" content=\"index, follow, max-snippet:-1, max-image-preview:large, max-video-preview:-1\" \/>\n<link rel=\"canonical\" href=\"https:\/\/www.zinpro.com\/pl\/leadership-team\/\" \/>\n<meta property=\"og:locale\" content=\"pl_PL\" \/>\n<meta property=\"og:type\" content=\"article\" \/>\n<meta property=\"og:title\" content=\"Leadership Team &#8211; Zinpro\u00ae\" \/>\n<meta property=\"og:description\" content=\"Read more about Leadership Team and from Zinpro\u00ae here.\" \/>\n<meta property=\"og:url\" content=\"https:\/\/www.zinpro.com\/pl\/leadership-team\/\" \/>\n<meta property=\"og:site_name\" content=\"Zinpro\u00ae\" \/>\n<meta property=\"article:publisher\" content=\"https:\/\/www.facebook.com\/ZinproCorp\/\" \/>\n<meta property=\"article:modified_time\" content=\"2025-07-22T13:33:50+00:00\" \/>\n<meta property=\"og:image\" content=\"https:\/\/www.zinpro.com\/wp-content\/uploads\/2025\/07\/Headquarters-wide-1.jpg\" \/>\n\t<meta property=\"og:image:width\" content=\"2300\" \/>\n\t<meta property=\"og:image:height\" content=\"991\" \/>\n\t<meta property=\"og:image:type\" content=\"image\/jpeg\" \/>\n<meta name=\"twitter:card\" content=\"summary_large_image\" \/>\n<meta name=\"twitter:site\" content=\"@wdolezal\" \/>\n<meta name=\"twitter:label1\" content=\"Szacowany czas czytania\" \/>\n\t<meta name=\"twitter:data1\" content=\"3 minuty\" \/>\n<script type=\"application\/ld+json\" class=\"yoast-schema-graph\">{\"@context\":\"https:\\\/\\\/schema.org\",\"@graph\":[{\"@type\":\"WebPage\",\"@id\":\"https:\\\/\\\/www.zinpro.com\\\/leadership-team\\\/\",\"url\":\"https:\\\/\\\/www.zinpro.com\\\/leadership-team\\\/\",\"name\":\"Leadership Team &#8211; Zinpro\u00ae\",\"isPartOf\":{\"@id\":\"https:\\\/\\\/www.zinpro.com\\\/#website\"},\"primaryImageOfPage\":{\"@id\":\"https:\\\/\\\/www.zinpro.com\\\/leadership-team\\\/#primaryimage\"},\"image\":{\"@id\":\"https:\\\/\\\/www.zinpro.com\\\/leadership-team\\\/#primaryimage\"},\"thumbnailUrl\":\"https:\\\/\\\/www.zinpro.com\\\/wp-content\\\/uploads\\\/2025\\\/07\\\/Headquarters-wide-1.jpg\",\"datePublished\":\"2022-08-09T14:43:15+00:00\",\"dateModified\":\"2025-07-22T13:33:50+00:00\",\"description\":\"Read more about Leadership Team and from Zinpro\u00ae here.\",\"inLanguage\":\"pl-PL\",\"potentialAction\":[{\"@type\":\"ReadAction\",\"target\":[\"https:\\\/\\\/www.zinpro.com\\\/leadership-team\\\/\"]}]},{\"@type\":\"ImageObject\",\"inLanguage\":\"pl-PL\",\"@id\":\"https:\\\/\\\/www.zinpro.com\\\/leadership-team\\\/#primaryimage\",\"url\":\"https:\\\/\\\/www.zinpro.com\\\/wp-content\\\/uploads\\\/2025\\\/07\\\/Headquarters-wide-1.jpg\",\"contentUrl\":\"https:\\\/\\\/www.zinpro.com\\\/wp-content\\\/uploads\\\/2025\\\/07\\\/Headquarters-wide-1.jpg\"},{\"@type\":\"WebSite\",\"@id\":\"https:\\\/\\\/www.zinpro.com\\\/#website\",\"url\":\"https:\\\/\\\/www.zinpro.com\\\/\",\"name\":\"Zinpro\u00ae\",\"description\":\"\",\"potentialAction\":[{\"@type\":\"SearchAction\",\"target\":{\"@type\":\"EntryPoint\",\"urlTemplate\":\"https:\\\/\\\/www.zinpro.com\\\/?s={search_term_string}\"},\"query-input\":{\"@type\":\"PropertyValueSpecification\",\"valueRequired\":true,\"valueName\":\"search_term_string\"}}],\"inLanguage\":\"pl-PL\"}]}<\/script>\n<!-- \/ Yoast SEO Premium plugin. -->","yoast_head_json":{"title":"Zesp\u00f3\u0142 kierowniczy - Zinpro\u00ae","description":"Przeczytaj wi\u0119cej o Leadership Team i Zinpro\u00ae tutaj.","robots":{"index":"index","follow":"follow","max-snippet":"max-snippet:-1","max-image-preview":"max-image-preview:large","max-video-preview":"max-video-preview:-1"},"canonical":"https:\/\/www.zinpro.com\/pl\/leadership-team\/","og_locale":"pl_PL","og_type":"article","og_title":"Leadership Team &#8211; Zinpro\u00ae","og_description":"Read more about Leadership Team and from Zinpro\u00ae here.","og_url":"https:\/\/www.zinpro.com\/pl\/leadership-team\/","og_site_name":"Zinpro\u00ae","article_publisher":"https:\/\/www.facebook.com\/ZinproCorp\/","article_modified_time":"2025-07-22T13:33:50+00:00","og_image":[{"width":2300,"height":991,"url":"https:\/\/www.zinpro.com\/wp-content\/uploads\/2025\/07\/Headquarters-wide-1.jpg","type":"image\/jpeg"}],"twitter_card":"summary_large_image","twitter_site":"@wdolezal","twitter_misc":{"Szacowany czas czytania":"3 minuty"},"schema":{"@context":"https:\/\/schema.org","@graph":[{"@type":"WebPage","@id":"https:\/\/www.zinpro.com\/leadership-team\/","url":"https:\/\/www.zinpro.com\/leadership-team\/","name":"Zesp\u00f3\u0142 kierowniczy - Zinpro\u00ae","isPartOf":{"@id":"https:\/\/www.zinpro.com\/#website"},"primaryImageOfPage":{"@id":"https:\/\/www.zinpro.com\/leadership-team\/#primaryimage"},"image":{"@id":"https:\/\/www.zinpro.com\/leadership-team\/#primaryimage"},"thumbnailUrl":"https:\/\/www.zinpro.com\/wp-content\/uploads\/2025\/07\/Headquarters-wide-1.jpg","datePublished":"2022-08-09T14:43:15+00:00","dateModified":"2025-07-22T13:33:50+00:00","description":"Przeczytaj wi\u0119cej o Leadership Team i Zinpro\u00ae tutaj.","inLanguage":"pl-PL","potentialAction":[{"@type":"ReadAction","target":["https:\/\/www.zinpro.com\/leadership-team\/"]}]},{"@type":"ImageObject","inLanguage":"pl-PL","@id":"https:\/\/www.zinpro.com\/leadership-team\/#primaryimage","url":"https:\/\/www.zinpro.com\/wp-content\/uploads\/2025\/07\/Headquarters-wide-1.jpg","contentUrl":"https:\/\/www.zinpro.com\/wp-content\/uploads\/2025\/07\/Headquarters-wide-1.jpg"},{"@type":"WebSite","@id":"https:\/\/www.zinpro.com\/#website","url":"https:\/\/www.zinpro.com\/","name":"Zinpro\u00ae","description":"","potentialAction":[{"@type":"SearchAction","target":{"@type":"EntryPoint","urlTemplate":"https:\/\/www.zinpro.com\/?s={search_term_string}"},"query-input":{"@type":"PropertyValueSpecification","valueRequired":true,"valueName":"search_term_string"}}],"inLanguage":"pl-PL"}]}},"spectra_custom_meta":{"_edit_lock":["1770571620:8"],"_edit_last":["8"],"_yoast_wpseo_content_score":["90"],"_yoast_wpseo_estimated-reading-time-minutes":["3"],"_yoast_wpseo_wordproof_timestamp":[""],"ss_social_share_disable":[""],"_yoast_wpseo_focuskeywords":["[]"],"_yoast_wpseo_keywordsynonyms":["[\"\"]"],"_eb_reusable_block_ids":["a:0:{}"],"_uag_css_file_name":["uag-css-244.css"],"_uag_page_assets":["a:9:{s:3:\"css\";s:1982:\".wp-block-uagb-advanced-heading h1,.wp-block-uagb-advanced-heading h2,.wp-block-uagb-advanced-heading h3,.wp-block-uagb-advanced-heading h4,.wp-block-uagb-advanced-heading h5,.wp-block-uagb-advanced-heading h6,.wp-block-uagb-advanced-heading p,.wp-block-uagb-advanced-heading div{word-break:break-word}.wp-block-uagb-advanced-heading .uagb-heading-text{margin:0}.wp-block-uagb-advanced-heading .uagb-desc-text{margin:0}.wp-block-uagb-advanced-heading .uagb-separator{font-size:0;border-top-style:solid;display:inline-block;margin:0 0 10px 0}.wp-block-uagb-advanced-heading .uagb-highlight{color:#f78a0c;border:0;transition:all 0.3s ease}.uag-highlight-toolbar{border-left:0;border-top:0;border-bottom:0;border-radius:0;border-right-color:#1e1e1e}.uag-highlight-toolbar .components-button{border-radius:0;outline:none}.uag-highlight-toolbar .components-button.is-primary{color:#fff}\n.wp-block-uagb-advanced-heading.uagb-block-07efc996.wp-block-uagb-advanced-heading .uagb-heading-text{color: #ffffff;text-shadow: 0px 0px 22px rgba(33,33,33,0.66);}.wp-block-uagb-advanced-heading.uagb-block-07efc996.wp-block-uagb-advanced-heading .uagb-desc-text{margin-bottom: 15px;}.wp-block-uagb-advanced-heading.uagb-block-07efc996.wp-block-uagb-advanced-heading .uagb-highlight{font-style: normal;font-weight: Default;background: #007cba;color: #fff;-webkit-text-fill-color: #fff;}.wp-block-uagb-advanced-heading.uagb-block-07efc996.wp-block-uagb-advanced-heading .uagb-highlight::-moz-selection{color: #fff;background: #007cba;-webkit-text-fill-color: #fff;}.wp-block-uagb-advanced-heading.uagb-block-07efc996.wp-block-uagb-advanced-heading .uagb-highlight::selection{color: #fff;background: #007cba;-webkit-text-fill-color: #fff;}.uag-blocks-common-selector{z-index:var(--z-index-desktop) !important}@media (max-width: 976px){.uag-blocks-common-selector{z-index:var(--z-index-tablet) !important}}@media (max-width: 767px){.uag-blocks-common-selector{z-index:var(--z-index-mobile) !important}}\n\";s:2:\"js\";s:0:\"\";s:18:\"current_block_list\";a:19:{i:0;s:10:\"core\/cover\";i:1;s:21:\"uagb\/advanced-heading\";i:2;s:24:\"zinpro\/responsive-spacer\";i:3;s:12:\"core\/heading\";i:4;s:14:\"core\/paragraph\";i:5;s:12:\"core\/columns\";i:6;s:11:\"core\/column\";i:7;s:10:\"core\/image\";i:8;s:10:\"core\/group\";i:9;s:12:\"core\/buttons\";i:10;s:11:\"core\/button\";i:11;s:11:\"core\/search\";i:12;s:17:\"core\/latest-posts\";i:13;s:20:\"core\/latest-comments\";i:14;s:13:\"core\/archives\";i:15;s:15:\"core\/categories\";i:16;s:17:\"core\/social-links\";i:17;s:16:\"core\/social-link\";i:18;s:11:\"core\/spacer\";}s:8:\"uag_flag\";b:1;s:11:\"uag_version\";s:10:\"1775511378\";s:6:\"gfonts\";a:0:{}s:10:\"gfonts_url\";s:0:\"\";s:12:\"gfonts_files\";a:0:{}s:14:\"uag_faq_layout\";b:0;}"]},"uagb_featured_image_src":{"full":false,"thumbnail":false,"medium":false,"medium_large":false,"large":false,"gs-tiny":false,"xl":false,"xxl":false,"xxxl":false,"xxxxl":false,"xxxxxl":false,"1536x1536":false,"2048x2048":false,"trp-custom-language-flag":false,"gform-image-choice-sm":false,"gform-image-choice-md":false,"gform-image-choice-lg":false,"menu-24x24":false,"menu-36x36":false,"menu-48x48":false},"uagb_author_info":{"display_name":"mrwolleat","author_link":"https:\/\/www.zinpro.com\/pl\/resource-center\/author\/mrwolleat\/"},"uagb_comment_info":0,"uagb_excerpt":"Meet Our Leadership Team #resp-spacer-block_88995e72c9896468140e050e24c716e2 { margin-top: 80px; } @media screen and (max-width: 1366px) { #resp-spacer-block_88995e72c9896468140e050e24c716e2 { margin-top: 60px; } } @media screen and (max-width: 960px) { #resp-spacer-block_88995e72c9896468140e050e24c716e2 { margin-top: 40px; } } Led by Industry Experts Our [...]","_links":{"self":[{"href":"https:\/\/www.zinpro.com\/pl\/wp-json\/wp\/v2\/pages\/244","targetHints":{"allow":["GET"]}}],"collection":[{"href":"https:\/\/www.zinpro.com\/pl\/wp-json\/wp\/v2\/pages"}],"about":[{"href":"https:\/\/www.zinpro.com\/pl\/wp-json\/wp\/v2\/types\/page"}],"author":[{"embeddable":true,"href":"https:\/\/www.zinpro.com\/pl\/wp-json\/wp\/v2\/users\/2"}],"replies":[{"embeddable":true,"href":"https:\/\/www.zinpro.com\/pl\/wp-json\/wp\/v2\/comments?post=244"}],"version-history":[{"count":0,"href":"https:\/\/www.zinpro.com\/pl\/wp-json\/wp\/v2\/pages\/244\/revisions"}],"wp:attachment":[{"href":"https:\/\/www.zinpro.com\/pl\/wp-json\/wp\/v2\/media?parent=244"}],"curies":[{"name":"wp","href":"https:\/\/api.w.org\/{rel}","templated":true}]}}