

{"id":636,"date":"2022-08-29T15:13:58","date_gmt":"2022-08-29T15:13:58","guid":{"rendered":"http:\/\/localhost:10048\/?page_id=636"},"modified":"2023-07-19T15:02:27","modified_gmt":"2023-07-19T20:02:27","slug":"our-commitment-to-quality","status":"publish","type":"page","link":"https:\/\/www.zinpro.com\/fr\/our-commitment-to-quality\/","title":{"rendered":"Qualit\u00e9"},"content":{"rendered":"<div class=\"wp-block-cover alignfull is-light\"><span aria-hidden=\"true\" class=\"wp-block-cover__background has-background-dim-10 has-background-dim\"><\/span><img loading=\"lazy\" decoding=\"async\" width=\"2400\" height=\"950\" class=\"wp-block-cover__image-background wp-image-48229\" alt=\"\" src=\"https:\/\/www.zinpro.com\/wp-content\/uploads\/2023\/04\/QualityHero.jpg\" data-object-fit=\"cover\" srcset=\"https:\/\/www.zinpro.com\/wp-content\/uploads\/2023\/04\/QualityHero.jpg 2400w, https:\/\/www.zinpro.com\/wp-content\/uploads\/2023\/04\/QualityHero-300x119.jpg 300w, https:\/\/www.zinpro.com\/wp-content\/uploads\/2023\/04\/QualityHero-1024x405.jpg 1024w, https:\/\/www.zinpro.com\/wp-content\/uploads\/2023\/04\/QualityHero-1600x633.jpg 1600w, https:\/\/www.zinpro.com\/wp-content\/uploads\/2023\/04\/QualityHero-1536x608.jpg 1536w, https:\/\/www.zinpro.com\/wp-content\/uploads\/2023\/04\/QualityHero-2048x811.jpg 2048w, https:\/\/www.zinpro.com\/wp-content\/uploads\/2023\/04\/QualityHero-18x7.jpg 18w\" sizes=\"auto, (max-width: 2400px) 100vw, 2400px\" \/><div class=\"wp-block-cover__inner-container is-layout-flow wp-block-cover-is-layout-flow\">\n<h1 class=\"wp-block-heading has-text-align-left has-white-color has-text-color translation-block\" id=\"h-quality-solutions-for-advanced-performance\">Des solutions de qualit\u00e9 pour des performances accrues<\/h1>\n<\/div><\/div>\n\n\n\n\n<div id=\"resp-spacer-block_01bdd938e9935997bff0d5e1fcab3040\" class=\"zinpro-spacer-block\"><\/div>\n\n<style>\n#resp-spacer-block_01bdd938e9935997bff0d5e1fcab3040 {\n\tmargin-top: 80px;\n}\n\n@media screen and (max-width: 1366px) {\n\t#resp-spacer-block_01bdd938e9935997bff0d5e1fcab3040 {\n\t\tmargin-top: 60px;\n\t}\n}\n\n@media screen and (max-width: 960px) {\n\t#resp-spacer-block_01bdd938e9935997bff0d5e1fcab3040 {\n\t\tmargin-top: 40px;\n\t}\n}\n<\/style>\n\n\n<h3 class=\"wp-block-heading\" id=\"h-our-quality-associations\">Nos contr\u00f4leurs qualit\u00e9<\/h3>\n\n\n\n<p>Nous avons demand\u00e9 et obtenu les certifications de qualit\u00e9 et de s\u00e9curit\u00e9 alimentaire suivantes, qui attestent de notre capacit\u00e9 \u00e0 respecter les normes nationales et internationales en mati\u00e8re de qualit\u00e9 et de s\u00e9curit\u00e9 alimentaire.<\/p>\n\n\n\n\n<div id=\"resp-spacer-block_01bdd938e9935997bff0d5e1fcab3040\" class=\"zinpro-spacer-block\"><\/div>\n\n<style>\n#resp-spacer-block_01bdd938e9935997bff0d5e1fcab3040 {\n\tmargin-top: 80px;\n}\n\n@media screen and (max-width: 1366px) {\n\t#resp-spacer-block_01bdd938e9935997bff0d5e1fcab3040 {\n\t\tmargin-top: 60px;\n\t}\n}\n\n@media screen and (max-width: 960px) {\n\t#resp-spacer-block_01bdd938e9935997bff0d5e1fcab3040 {\n\t\tmargin-top: 40px;\n\t}\n}\n<\/style>\n\n\n<div class=\"wp-block-columns is-layout-flex wp-container-core-columns-is-layout-9d6595d7 wp-block-columns-is-layout-flex\">\n<div class=\"wp-block-column is-layout-flow wp-block-column-is-layout-flow\">\n<figure class=\"wp-block-image aligncenter size-full\"><img loading=\"lazy\" decoding=\"async\" width=\"360\" height=\"240\" src=\"http:\/\/www.zinpro.com\/wp-content\/uploads\/2022\/08\/SGS-Tile-1.png\" alt=\"\" class=\"wp-image-653\" srcset=\"https:\/\/www.zinpro.com\/wp-content\/uploads\/2022\/08\/SGS-Tile-1.png 360w, https:\/\/www.zinpro.com\/wp-content\/uploads\/2022\/08\/SGS-Tile-1-300x200.png 300w, https:\/\/www.zinpro.com\/wp-content\/uploads\/2022\/08\/SGS-Tile-1-18x12.png 18w\" sizes=\"auto, (max-width: 360px) 100vw, 360px\" \/><\/figure>\n\n\n\n<h6 class=\"wp-block-heading\" id=\"h-international-organization-for-standardization-iso-9001\">Organisation internationale de normalisation ISO 9001<\/h6>\n\n\n\n<p>L'Organisation internationale de normalisation certifie que les \u00e9tablissements r\u00e9pondent \u00e0 des normes industrielles sp\u00e9cifiques. La d\u00e9signation ISO 9001 atteste qu'un \u00e9tablissement a satisfait aux normes rigoureuses de l'ISO en mati\u00e8re de syst\u00e8mes de gestion de la qualit\u00e9.<\/p>\n<\/div>\n\n\n\n<div class=\"wp-block-column is-layout-flow wp-block-column-is-layout-flow\">\n<figure class=\"wp-block-image aligncenter size-full\"><img loading=\"lazy\" decoding=\"async\" width=\"300\" height=\"200\" src=\"http:\/\/www.zinpro.com\/wp-content\/uploads\/2022\/08\/fami.jpg\" alt=\"\" class=\"wp-image-638\" srcset=\"https:\/\/www.zinpro.com\/wp-content\/uploads\/2022\/08\/fami.jpg 300w, https:\/\/www.zinpro.com\/wp-content\/uploads\/2022\/08\/fami-18x12.jpg 18w\" sizes=\"auto, (max-width: 300px) 100vw, 300px\" \/><\/figure>\n\n\n\n<h6 class=\"wp-block-heading\" id=\"h-the-feed-additives-and-premixtures-quality-system-fami-qs\">Le syst\u00e8me de qualit\u00e9 des additifs et pr\u00e9m\u00e9langes pour l'alimentation animale (FAMI-QS)<\/h6>\n\n\n\n<p>Le code de pratique FAMI-QS certifie que les exigences relatives aux bonnes pratiques de fabrication et au programme d'analyse des risques et de ma\u00eetrise des points critiques sont mises en \u0153uvre. Il comprend \u00e9galement des suggestions d'am\u00e9lioration continue de la conception de la gestion des op\u00e9rations et des risques, dans le but de maintenir la s\u00e9curit\u00e9 et la qualit\u00e9 des aliments pour animaux.<\/p>\n<\/div>\n\n\n\n<div class=\"wp-block-column is-layout-flow wp-block-column-is-layout-flow\">\n<figure class=\"wp-block-image aligncenter size-full\"><img loading=\"lazy\" decoding=\"async\" width=\"360\" height=\"240\" src=\"http:\/\/www.zinpro.com\/wp-content\/uploads\/2022\/08\/SQF-Tile.png\" alt=\"\" class=\"wp-image-639\" srcset=\"https:\/\/www.zinpro.com\/wp-content\/uploads\/2022\/08\/SQF-Tile.png 360w, https:\/\/www.zinpro.com\/wp-content\/uploads\/2022\/08\/SQF-Tile-300x200.png 300w, https:\/\/www.zinpro.com\/wp-content\/uploads\/2022\/08\/SQF-Tile-18x12.png 18w\" sizes=\"auto, (max-width: 360px) 100vw, 360px\" \/><\/figure>\n\n\n\n<h6 class=\"wp-block-heading\" id=\"h-safe-quality-food-code-for-manufacturing-sqf\">Code de qualit\u00e9 des aliments pour la fabrication (SQF)<\/h6>\n\n\n\n<p>Le programme de certification Safe Quality Food Code for Manufacturing fournit un syst\u00e8me rigoureux pour g\u00e9rer les risques li\u00e9s \u00e0 la s\u00e9curit\u00e9 alimentaire et fournir des produits s\u00fbrs aux entreprises de l'industrie alimentaire. Notre usine de Garner est certifi\u00e9e pour la cat\u00e9gorie 32 du secteur alimentaire (FSC), fabrication d'aliments pour animaux de compagnie.<\/p>\n<\/div>\n<\/div>\n\n\n\n\n<div id=\"resp-spacer-block_01bdd938e9935997bff0d5e1fcab3040\" class=\"zinpro-spacer-block\"><\/div>\n\n<style>\n#resp-spacer-block_01bdd938e9935997bff0d5e1fcab3040 {\n\tmargin-top: 80px;\n}\n\n@media screen and (max-width: 1366px) {\n\t#resp-spacer-block_01bdd938e9935997bff0d5e1fcab3040 {\n\t\tmargin-top: 60px;\n\t}\n}\n\n@media screen and (max-width: 960px) {\n\t#resp-spacer-block_01bdd938e9935997bff0d5e1fcab3040 {\n\t\tmargin-top: 40px;\n\t}\n}\n<\/style>\n\n\n<div class=\"wp-block-columns is-layout-flex wp-container-core-columns-is-layout-9d6595d7 wp-block-columns-is-layout-flex\">\n<div class=\"wp-block-column is-layout-flow wp-block-column-is-layout-flow\">\n<figure class=\"wp-block-image aligncenter size-full\"><img loading=\"lazy\" decoding=\"async\" width=\"400\" height=\"267\" src=\"https:\/\/www.zinpro.com\/wp-content\/uploads\/2023\/04\/Validus-WFCF-RUPP-logo-1.jpg\" alt=\"\" class=\"wp-image-48065\" srcset=\"https:\/\/www.zinpro.com\/wp-content\/uploads\/2023\/04\/Validus-WFCF-RUPP-logo-1.jpg 400w, https:\/\/www.zinpro.com\/wp-content\/uploads\/2023\/04\/Validus-WFCF-RUPP-logo-1-300x200.jpg 300w, https:\/\/www.zinpro.com\/wp-content\/uploads\/2023\/04\/Validus-WFCF-RUPP-logo-1-18x12.jpg 18w\" sizes=\"auto, (max-width: 400px) 100vw, 400px\" \/><\/figure>\n\n\n\n<h6 class=\"wp-block-heading\" id=\"h-restricted-use-protein-products-rupp\">Produits prot\u00e9iques \u00e0 usage restreint (RUPP)<\/h6>\n\n\n\n<p>La certification \"Restricted Use Protein Products\" atteste qu'une norme \u00e9crite de points de contr\u00f4le de la qualit\u00e9 a \u00e9t\u00e9 mise en place pour renforcer la confiance des consommateurs dans l'approvisionnement en aliments pour animaux et en denr\u00e9es alimentaires, en vue de r\u00e9duire les risques de contamination crois\u00e9e. Cette certification int\u00e8gre le programme d'inspection de la FDA pour la conformit\u00e9 avec le titre 21, CFR \u00a7 589.2000 - Prot\u00e9ines animales interdites dans les aliments pour ruminants, et le titre 21 CFR \u00a7 589.2001 - Mati\u00e8res bovines interdites dans les denr\u00e9es alimentaires ou les aliments pour animaux afin de pr\u00e9venir la transmission de l'enc\u00e9phalopathie spongiforme bovine (ESB).<\/p>\n<\/div>\n\n\n\n<div class=\"wp-block-column is-layout-flow wp-block-column-is-layout-flow\">\n<figure class=\"wp-block-image aligncenter size-full\"><img loading=\"lazy\" decoding=\"async\" width=\"400\" height=\"267\" src=\"http:\/\/www.zinpro.com\/wp-content\/uploads\/2022\/08\/HACCP-tile.jpg\" alt=\"\" class=\"wp-image-648\" srcset=\"https:\/\/www.zinpro.com\/wp-content\/uploads\/2022\/08\/HACCP-tile.jpg 400w, https:\/\/www.zinpro.com\/wp-content\/uploads\/2022\/08\/HACCP-tile-300x200.jpg 300w, https:\/\/www.zinpro.com\/wp-content\/uploads\/2022\/08\/HACCP-tile-18x12.jpg 18w\" sizes=\"auto, (max-width: 400px) 100vw, 400px\" \/><\/figure>\n\n\n\n<h6 class=\"wp-block-heading\" id=\"h-hazard-analysis-and-critical-control-point-haccp\">Analyse des risques et ma\u00eetrise des points critiques (HACCP)<\/h6>\n\n\n\n<p>L'analyse des risques et la ma\u00eetrise des points critiques est un syst\u00e8me de gestion internationalement reconnu pour garantir la s\u00e9curit\u00e9 alimentaire. Ses principes comprennent l'analyse des risques, l'identification des points de contr\u00f4le critiques, l'\u00e9tablissement des limites critiques, les proc\u00e9dures de surveillance, les actions correctives, les proc\u00e9dures de v\u00e9rification, la tenue des registres et la documentation. Des organismes de certification tiers contr\u00f4lent et \u00e9valuent les installations de production alimentaire pour certifier leur conformit\u00e9.<\/p>\n<\/div>\n\n\n\n<div class=\"wp-block-column is-layout-flow wp-block-column-is-layout-flow\">\n<figure class=\"wp-block-image aligncenter size-full\"><img loading=\"lazy\" decoding=\"async\" width=\"360\" height=\"240\" src=\"http:\/\/www.zinpro.com\/wp-content\/uploads\/2022\/08\/AFIA-Tile.png\" alt=\"\" class=\"wp-image-650\" srcset=\"https:\/\/www.zinpro.com\/wp-content\/uploads\/2022\/08\/AFIA-Tile.png 360w, https:\/\/www.zinpro.com\/wp-content\/uploads\/2022\/08\/AFIA-Tile-300x200.png 300w, https:\/\/www.zinpro.com\/wp-content\/uploads\/2022\/08\/AFIA-Tile-18x12.png 18w\" sizes=\"auto, (max-width: 360px) 100vw, 360px\" \/><\/figure>\n\n\n\n<h6 class=\"wp-block-heading\" id=\"h-american-feed-industry-association-and-feed-additives-and-premixtures-association-international-safe-feed-and-safe-food\">American Feed Industry Association et Feed Additives and Premixtures Association International Safe Feed and Safe Food<\/h6>\n\n\n\n<p>Ce programme est r\u00e9glement\u00e9 par l'American Feed Industry Association, en coop\u00e9ration avec son homologue europ\u00e9en, la Feed Additives and Premixtures Association. La certification internationale Safe Feed\/Safe Food reconna\u00eet qu'un \u00e9tablissement a d\u00e9montr\u00e9 et assur\u00e9 une am\u00e9lioration continue de la fourniture d'aliments s\u00fbrs et sains pour la croissance et le soin des animaux, conform\u00e9ment aux normes \u00e9tablies par les organismes de r\u00e9glementation.<\/p>\n<\/div>\n<\/div>\n\n\n\n\n<div id=\"resp-spacer-block_01bdd938e9935997bff0d5e1fcab3040\" class=\"zinpro-spacer-block\"><\/div>\n\n<style>\n#resp-spacer-block_01bdd938e9935997bff0d5e1fcab3040 {\n\tmargin-top: 80px;\n}\n\n@media screen and (max-width: 1366px) {\n\t#resp-spacer-block_01bdd938e9935997bff0d5e1fcab3040 {\n\t\tmargin-top: 60px;\n\t}\n}\n\n@media screen and (max-width: 960px) {\n\t#resp-spacer-block_01bdd938e9935997bff0d5e1fcab3040 {\n\t\tmargin-top: 40px;\n\t}\n}\n<\/style>","protected":false},"excerpt":{"rendered":"<p>Quality Solutions for <br \/>Advanced Performance<\/p>\n<p>#resp-spacer-block_01bdd938e9935997bff0d5e1fcab3040 {<br \/>\n\tmargin-top: 80px;<br \/>\n}<\/p>\n<p>@media screen and (max-width: 1366px) {<br \/>\n\t#resp-spacer-block_01bdd938e9935997bff0d5e1fcab3040 {<br \/>\n\t\tmargin-top: 60px;<br \/>\n\t}<br \/>\n}<\/p>\n<p>@media screen and (max-width: 960px) {<br \/>\n\t#resp-spacer-block_01bdd938e9935997bff0d5e1fcab3040 {<br \/>\n\t\tmargin-top: 40px;<br \/>\n\t}<br \/>\n}<\/p>\n<p>Our&nbsp;Quality Associations<\/p>\n<p>We have sought and [&#8230;]<\/p>\n","protected":false},"author":2,"featured_media":0,"parent":0,"menu_order":0,"comment_status":"closed","ping_status":"closed","template":"","meta":{"_acf_changed":false,"_tec_requires_first_save":true,"_eb_attr":"","_uag_custom_page_level_css":"","_EventAllDay":false,"_EventTimezone":"","_EventStartDate":"","_EventEndDate":"","_EventStartDateUTC":"","_EventEndDateUTC":"","_EventShowMap":false,"_EventShowMapLink":false,"_EventURL":"","_EventCost":"","_EventCostDescription":"","_EventCurrencySymbol":"","_EventCurrencyCode":"","_EventCurrencyPosition":"","_EventDateTimeSeparator":"","_EventTimeRangeSeparator":"","_EventOrganizerID":[],"_EventVenueID":[],"_OrganizerEmail":"","_OrganizerPhone":"","_OrganizerWebsite":"","_VenueAddress":"","_VenueCity":"","_VenueCountry":"","_VenueProvince":"","_VenueState":"","_VenueZip":"","_VenuePhone":"","_VenueURL":"","_VenueStateProvince":"","_VenueLat":"","_VenueLng":"","_VenueShowMap":false,"_VenueShowMapLink":false,"_tribe_blocks_recurrence_rules":"","_tribe_blocks_recurrence_description":"","_tribe_blocks_recurrence_exclusions":"","_ecp_custom_2":"","footnotes":""},"class_list":["post-636","page","type-page","status-publish","hentry"],"acf":[],"yoast_head":"<!-- This site is optimized with the Yoast SEO Premium plugin v27.4 (Yoast SEO v27.4) - https:\/\/yoast.com\/product\/yoast-seo-premium-wordpress\/ -->\n<title>Quality &#8211; Zinpro\u00ae<\/title>\n<meta name=\"description\" content=\"Read more about Quality and from Zinpro\u00ae here.\" \/>\n<meta name=\"robots\" content=\"index, follow, max-snippet:-1, max-image-preview:large, max-video-preview:-1\" \/>\n<link rel=\"canonical\" href=\"https:\/\/www.zinpro.com\/fr\/our-commitment-to-quality\/\" \/>\n<meta property=\"og:locale\" content=\"fr_FR\" \/>\n<meta property=\"og:type\" content=\"article\" \/>\n<meta property=\"og:title\" content=\"Quality &#8211; Zinpro\u00ae\" \/>\n<meta property=\"og:description\" content=\"Read more about Quality and from Zinpro\u00ae here.\" \/>\n<meta property=\"og:url\" content=\"https:\/\/www.zinpro.com\/fr\/our-commitment-to-quality\/\" \/>\n<meta property=\"og:site_name\" content=\"Zinpro\u00ae\" \/>\n<meta property=\"article:publisher\" content=\"https:\/\/www.facebook.com\/ZinproCorp\/\" \/>\n<meta property=\"article:modified_time\" content=\"2023-07-19T20:02:27+00:00\" \/>\n<meta property=\"og:image\" content=\"https:\/\/www.zinpro.com\/wp-content\/uploads\/2023\/04\/QualityHero.jpg\" \/>\n<meta name=\"twitter:card\" content=\"summary_large_image\" \/>\n<meta name=\"twitter:site\" content=\"@wdolezal\" \/>\n<meta name=\"twitter:label1\" content=\"Dur\u00e9e de lecture estim\u00e9e\" \/>\n\t<meta name=\"twitter:data1\" content=\"4 minutes\" \/>\n<script type=\"application\/ld+json\" class=\"yoast-schema-graph\">{\"@context\":\"https:\\\/\\\/schema.org\",\"@graph\":[{\"@type\":\"WebPage\",\"@id\":\"https:\\\/\\\/www.zinpro.com\\\/our-commitment-to-quality\\\/\",\"url\":\"https:\\\/\\\/www.zinpro.com\\\/our-commitment-to-quality\\\/\",\"name\":\"Quality &#8211; Zinpro\u00ae\",\"isPartOf\":{\"@id\":\"https:\\\/\\\/www.zinpro.com\\\/#website\"},\"primaryImageOfPage\":{\"@id\":\"https:\\\/\\\/www.zinpro.com\\\/our-commitment-to-quality\\\/#primaryimage\"},\"image\":{\"@id\":\"https:\\\/\\\/www.zinpro.com\\\/our-commitment-to-quality\\\/#primaryimage\"},\"thumbnailUrl\":\"https:\\\/\\\/www.zinpro.com\\\/wp-content\\\/uploads\\\/2023\\\/04\\\/QualityHero.jpg\",\"datePublished\":\"2022-08-29T15:13:58+00:00\",\"dateModified\":\"2023-07-19T20:02:27+00:00\",\"description\":\"Read more about Quality and from Zinpro\u00ae here.\",\"inLanguage\":\"fr-FR\",\"potentialAction\":[{\"@type\":\"ReadAction\",\"target\":[\"https:\\\/\\\/www.zinpro.com\\\/our-commitment-to-quality\\\/\"]}]},{\"@type\":\"ImageObject\",\"inLanguage\":\"fr-FR\",\"@id\":\"https:\\\/\\\/www.zinpro.com\\\/our-commitment-to-quality\\\/#primaryimage\",\"url\":\"https:\\\/\\\/www.zinpro.com\\\/wp-content\\\/uploads\\\/2023\\\/04\\\/QualityHero.jpg\",\"contentUrl\":\"https:\\\/\\\/www.zinpro.com\\\/wp-content\\\/uploads\\\/2023\\\/04\\\/QualityHero.jpg\"},{\"@type\":\"WebSite\",\"@id\":\"https:\\\/\\\/www.zinpro.com\\\/#website\",\"url\":\"https:\\\/\\\/www.zinpro.com\\\/\",\"name\":\"Zinpro\u00ae\",\"description\":\"\",\"potentialAction\":[{\"@type\":\"SearchAction\",\"target\":{\"@type\":\"EntryPoint\",\"urlTemplate\":\"https:\\\/\\\/www.zinpro.com\\\/?s={search_term_string}\"},\"query-input\":{\"@type\":\"PropertyValueSpecification\",\"valueRequired\":true,\"valueName\":\"search_term_string\"}}],\"inLanguage\":\"fr-FR\"}]}<\/script>\n<!-- \/ Yoast SEO Premium plugin. -->","yoast_head_json":{"title":"Qualit\u00e9 - Zinpro","description":"Pour en savoir plus sur la qualit\u00e9 et sur Zinpro\u00ae, cliquez ici.","robots":{"index":"index","follow":"follow","max-snippet":"max-snippet:-1","max-image-preview":"max-image-preview:large","max-video-preview":"max-video-preview:-1"},"canonical":"https:\/\/www.zinpro.com\/fr\/our-commitment-to-quality\/","og_locale":"fr_FR","og_type":"article","og_title":"Quality &#8211; Zinpro\u00ae","og_description":"Read more about Quality and from Zinpro\u00ae here.","og_url":"https:\/\/www.zinpro.com\/fr\/our-commitment-to-quality\/","og_site_name":"Zinpro\u00ae","article_publisher":"https:\/\/www.facebook.com\/ZinproCorp\/","article_modified_time":"2023-07-19T20:02:27+00:00","og_image":[{"url":"https:\/\/www.zinpro.com\/wp-content\/uploads\/2023\/04\/QualityHero.jpg","type":"","width":"","height":""}],"twitter_card":"summary_large_image","twitter_site":"@wdolezal","twitter_misc":{"Dur\u00e9e de lecture estim\u00e9e":"4 minutes"},"schema":{"@context":"https:\/\/schema.org","@graph":[{"@type":"WebPage","@id":"https:\/\/www.zinpro.com\/our-commitment-to-quality\/","url":"https:\/\/www.zinpro.com\/our-commitment-to-quality\/","name":"Qualit\u00e9 - Zinpro","isPartOf":{"@id":"https:\/\/www.zinpro.com\/#website"},"primaryImageOfPage":{"@id":"https:\/\/www.zinpro.com\/our-commitment-to-quality\/#primaryimage"},"image":{"@id":"https:\/\/www.zinpro.com\/our-commitment-to-quality\/#primaryimage"},"thumbnailUrl":"https:\/\/www.zinpro.com\/wp-content\/uploads\/2023\/04\/QualityHero.jpg","datePublished":"2022-08-29T15:13:58+00:00","dateModified":"2023-07-19T20:02:27+00:00","description":"Pour en savoir plus sur la qualit\u00e9 et sur Zinpro\u00ae, cliquez ici.","inLanguage":"fr-FR","potentialAction":[{"@type":"ReadAction","target":["https:\/\/www.zinpro.com\/our-commitment-to-quality\/"]}]},{"@type":"ImageObject","inLanguage":"fr-FR","@id":"https:\/\/www.zinpro.com\/our-commitment-to-quality\/#primaryimage","url":"https:\/\/www.zinpro.com\/wp-content\/uploads\/2023\/04\/QualityHero.jpg","contentUrl":"https:\/\/www.zinpro.com\/wp-content\/uploads\/2023\/04\/QualityHero.jpg"},{"@type":"WebSite","@id":"https:\/\/www.zinpro.com\/#website","url":"https:\/\/www.zinpro.com\/","name":"Zinpro\u00ae","description":"","potentialAction":[{"@type":"SearchAction","target":{"@type":"EntryPoint","urlTemplate":"https:\/\/www.zinpro.com\/?s={search_term_string}"},"query-input":{"@type":"PropertyValueSpecification","valueRequired":true,"valueName":"search_term_string"}}],"inLanguage":"fr-FR"}]}},"spectra_custom_meta":{"_edit_lock":["1689797530:8"],"_edit_last":["8"],"_yoast_wpseo_content_score":["30"],"_yoast_wpseo_estimated-reading-time-minutes":["4"],"_yoast_wpseo_wordproof_timestamp":[""],"ss_social_share_disable":[""],"_yoast_wpseo_focuskeywords":["[]"],"_yoast_wpseo_keywordsynonyms":["[\"\"]"],"_eb_reusable_block_ids":["a:0:{}"],"_uag_css_file_name":["uag-css-636.css"],"_uagb_previous_block_counts":["a:90:{s:21:\"uagb\/advanced-heading\";i:0;s:15:\"uagb\/blockquote\";i:0;s:12:\"uagb\/buttons\";i:0;s:18:\"uagb\/buttons-child\";i:0;s:19:\"uagb\/call-to-action\";i:0;s:15:\"uagb\/cf7-styler\";i:0;s:11:\"uagb\/column\";i:0;s:12:\"uagb\/columns\";i:0;s:14:\"uagb\/container\";i:0;s:21:\"uagb\/content-timeline\";i:0;s:27:\"uagb\/content-timeline-child\";i:0;s:14:\"uagb\/countdown\";i:0;s:12:\"uagb\/counter\";i:0;s:8:\"uagb\/faq\";i:0;s:14:\"uagb\/faq-child\";i:0;s:10:\"uagb\/forms\";i:0;s:17:\"uagb\/forms-accept\";i:0;s:19:\"uagb\/forms-checkbox\";i:0;s:15:\"uagb\/forms-date\";i:0;s:16:\"uagb\/forms-email\";i:0;s:17:\"uagb\/forms-hidden\";i:0;s:15:\"uagb\/forms-name\";i:0;s:16:\"uagb\/forms-phone\";i:0;s:16:\"uagb\/forms-radio\";i:0;s:17:\"uagb\/forms-select\";i:0;s:19:\"uagb\/forms-textarea\";i:0;s:17:\"uagb\/forms-toggle\";i:0;s:14:\"uagb\/forms-url\";i:0;s:14:\"uagb\/gf-styler\";i:0;s:15:\"uagb\/google-map\";i:0;s:11:\"uagb\/how-to\";i:0;s:16:\"uagb\/how-to-step\";i:0;s:9:\"uagb\/icon\";i:0;s:14:\"uagb\/icon-list\";i:0;s:20:\"uagb\/icon-list-child\";i:0;s:10:\"uagb\/image\";i:0;s:18:\"uagb\/image-gallery\";i:0;s:13:\"uagb\/info-box\";i:0;s:18:\"uagb\/inline-notice\";i:0;s:11:\"uagb\/lottie\";i:0;s:21:\"uagb\/marketing-button\";i:0;s:10:\"uagb\/modal\";i:0;s:18:\"uagb\/popup-builder\";i:0;s:16:\"uagb\/post-button\";i:0;s:18:\"uagb\/post-carousel\";i:0;s:17:\"uagb\/post-excerpt\";i:0;s:14:\"uagb\/post-grid\";i:0;s:15:\"uagb\/post-image\";i:0;s:17:\"uagb\/post-masonry\";i:0;s:14:\"uagb\/post-meta\";i:0;s:18:\"uagb\/post-taxonomy\";i:0;s:18:\"uagb\/post-timeline\";i:0;s:15:\"uagb\/post-title\";i:0;s:20:\"uagb\/restaurant-menu\";i:0;s:26:\"uagb\/restaurant-menu-child\";i:0;s:11:\"uagb\/review\";i:0;s:12:\"uagb\/section\";i:0;s:14:\"uagb\/separator\";i:0;s:11:\"uagb\/slider\";i:0;s:17:\"uagb\/slider-child\";i:0;s:17:\"uagb\/social-share\";i:0;s:23:\"uagb\/social-share-child\";i:0;s:16:\"uagb\/star-rating\";i:0;s:23:\"uagb\/sure-cart-checkout\";i:0;s:22:\"uagb\/sure-cart-product\";i:0;s:15:\"uagb\/sure-forms\";i:0;s:22:\"uagb\/table-of-contents\";i:0;s:9:\"uagb\/tabs\";i:0;s:15:\"uagb\/tabs-child\";i:0;s:18:\"uagb\/taxonomy-list\";i:0;s:9:\"uagb\/team\";i:0;s:16:\"uagb\/testimonial\";i:0;s:14:\"uagb\/wp-search\";i:0;s:19:\"uagb\/instagram-feed\";i:0;s:10:\"uagb\/login\";i:0;s:17:\"uagb\/loop-builder\";i:0;s:18:\"uagb\/loop-category\";i:0;s:20:\"uagb\/loop-pagination\";i:0;s:15:\"uagb\/loop-reset\";i:0;s:16:\"uagb\/loop-search\";i:0;s:14:\"uagb\/loop-sort\";i:0;s:17:\"uagb\/loop-wrapper\";i:0;s:13:\"uagb\/register\";i:0;s:19:\"uagb\/register-email\";i:0;s:24:\"uagb\/register-first-name\";i:0;s:23:\"uagb\/register-last-name\";i:0;s:22:\"uagb\/register-password\";i:0;s:30:\"uagb\/register-reenter-password\";i:0;s:19:\"uagb\/register-terms\";i:0;s:22:\"uagb\/register-username\";i:0;}"],"_uag_page_assets":["a:9:{s:3:\"css\";s:260:\".uag-blocks-common-selector{z-index:var(--z-index-desktop) !important}@media(max-width: 976px){.uag-blocks-common-selector{z-index:var(--z-index-tablet) !important}}@media(max-width: 767px){.uag-blocks-common-selector{z-index:var(--z-index-mobile) !important}}\";s:2:\"js\";s:0:\"\";s:18:\"current_block_list\";a:16:{i:0;s:10:\"core\/cover\";i:1;s:12:\"core\/heading\";i:2;s:24:\"zinpro\/responsive-spacer\";i:3;s:14:\"core\/paragraph\";i:4;s:12:\"core\/columns\";i:5;s:11:\"core\/column\";i:6;s:10:\"core\/image\";i:7;s:11:\"core\/search\";i:8;s:10:\"core\/group\";i:9;s:17:\"core\/latest-posts\";i:10;s:20:\"core\/latest-comments\";i:11;s:13:\"core\/archives\";i:12;s:15:\"core\/categories\";i:13;s:17:\"core\/social-links\";i:14;s:16:\"core\/social-link\";i:15;s:11:\"core\/spacer\";}s:8:\"uag_flag\";b:0;s:11:\"uag_version\";s:10:\"1777426717\";s:6:\"gfonts\";a:0:{}s:10:\"gfonts_url\";s:0:\"\";s:12:\"gfonts_files\";a:0:{}s:14:\"uag_faq_layout\";b:0;}"]},"uagb_featured_image_src":{"full":false,"thumbnail":false,"medium":false,"medium_large":false,"large":false,"gs-tiny":false,"xl":false,"xxl":false,"xxxl":false,"xxxxl":false,"xxxxxl":false,"1536x1536":false,"2048x2048":false,"trp-custom-language-flag":false,"gform-image-choice-sm":false,"gform-image-choice-md":false,"gform-image-choice-lg":false,"menu-24x24":false,"menu-36x36":false,"menu-48x48":false},"uagb_author_info":{"display_name":"mrwolleat","author_link":"https:\/\/www.zinpro.com\/fr\/resource-center\/author\/mrwolleat\/"},"uagb_comment_info":0,"uagb_excerpt":"Quality Solutions for Advanced Performance #resp-spacer-block_01bdd938e9935997bff0d5e1fcab3040 { margin-top: 80px; } @media screen and (max-width: 1366px) { #resp-spacer-block_01bdd938e9935997bff0d5e1fcab3040 { margin-top: 60px; } } @media screen and (max-width: 960px) { #resp-spacer-block_01bdd938e9935997bff0d5e1fcab3040 { margin-top: 40px; } } Our&nbsp;Quality Associations We have sought and [...]","_links":{"self":[{"href":"https:\/\/www.zinpro.com\/fr\/wp-json\/wp\/v2\/pages\/636","targetHints":{"allow":["GET"]}}],"collection":[{"href":"https:\/\/www.zinpro.com\/fr\/wp-json\/wp\/v2\/pages"}],"about":[{"href":"https:\/\/www.zinpro.com\/fr\/wp-json\/wp\/v2\/types\/page"}],"author":[{"embeddable":true,"href":"https:\/\/www.zinpro.com\/fr\/wp-json\/wp\/v2\/users\/2"}],"replies":[{"embeddable":true,"href":"https:\/\/www.zinpro.com\/fr\/wp-json\/wp\/v2\/comments?post=636"}],"version-history":[{"count":0,"href":"https:\/\/www.zinpro.com\/fr\/wp-json\/wp\/v2\/pages\/636\/revisions"}],"wp:attachment":[{"href":"https:\/\/www.zinpro.com\/fr\/wp-json\/wp\/v2\/media?parent=636"}],"curies":[{"name":"wp","href":"https:\/\/api.w.org\/{rel}","templated":true}]}}