

{"id":629,"date":"2022-08-29T14:40:29","date_gmt":"2022-08-29T14:40:29","guid":{"rendered":"http:\/\/localhost:10048\/?page_id=629"},"modified":"2023-06-14T14:22:46","modified_gmt":"2023-06-14T14:22:46","slug":"company-statements","status":"publish","type":"page","link":"https:\/\/www.zinpro.com\/fr\/company-statements\/","title":{"rendered":"D\u00e9clarations d'entreprise"},"content":{"rendered":"<div id=\"resp-spacer-block_cb03d1e077c69c45928a326e1bb4ea7c\" class=\"zinpro-spacer-block\"><\/div>\n\n<style>\n#resp-spacer-block_cb03d1e077c69c45928a326e1bb4ea7c {\n\tmargin-top: 80px;\n}\n\n@media screen and (max-width: 1366px) {\n\t#resp-spacer-block_cb03d1e077c69c45928a326e1bb4ea7c {\n\t\tmargin-top: 60px;\n\t}\n}\n\n@media screen and (max-width: 960px) {\n\t#resp-spacer-block_cb03d1e077c69c45928a326e1bb4ea7c {\n\t\tmargin-top: 40px;\n\t}\n}\n<\/style>\n\n\n<div class=\"wp-block-columns is-layout-flex wp-container-core-columns-is-layout-9d6595d7 wp-block-columns-is-layout-flex\">\n<div class=\"wp-block-column is-layout-flow wp-block-column-is-layout-flow\">\n<h2 class=\"wp-block-heading\">D\u00e9clarations d'entreprise<\/h2>\n\n\n\n<h5 class=\"wp-block-heading\">Informations sur la cha\u00eene d'approvisionnement<\/h5>\n\n\n\n<p>Zinpro Corporation s'engage \u00e0 respecter l'ensemble des lois du travail, des codes de sant\u00e9, des lois environnementales et des pratiques \u00e9thiques commerciales li\u00e9es \u00e0 ses activit\u00e9s internationales et aux mat\u00e9riaux et \u00e0 la main-d'\u0153uvre utilis\u00e9s pour la fabrication de ses produits. Nous nous engageons \u00e9galement \u00e0 \u00e9valuer et \u00e0 traiter les risques de trafic d'\u00eatres humains et d'esclavage dans nos cha\u00eenes d'approvisionnement et avons demand\u00e9 \u00e0 nos principaux fournisseurs de prendre le m\u00eame engagement.<\/p>\n\n\n\n<p>Conform\u00e9ment \u00e0 cet engagement de conformit\u00e9, les informations communiqu\u00e9es par Zinpro sont les suivantes :<\/p>\n\n\n\n<ol class=\"wp-block-list\">\n<li>V\u00e9rification. Nous attendons de nos fournisseurs qu'ils respectent toutes les lois mondiales du travail relatives \u00e0 la traite des \u00eatres humains et \u00e0 l'esclavage, et nous r\u00e9fl\u00e9chissons \u00e0 la mani\u00e8re de mettre cela par \u00e9crit dans les futurs accords contractuels.<\/li>\n\n\n\n<li>Audit. Nous \u00e9valuons actuellement la mani\u00e8re d'\u00e9tendre notre programme d'audit existant afin d'y int\u00e9grer les normes relatives \u00e0 la traite des \u00eatres humains et \u00e0 l'esclavage, ce qui pourrait inclure la r\u00e9alisation d'audits sur place.<\/li>\n\n\n\n<li>Certification. Nous exigeons de tous nos fabricants et fournisseurs contractuels qu'ils respectent l'ensemble des lois et r\u00e9glementations gouvernementales ainsi que les politiques et proc\u00e9dures de Zinpro.<\/li>\n\n\n\n<li>Responsabilit\u00e9. Nous tenons nos employ\u00e9s responsables du respect de notre code de conduite et de nos normes relatives \u00e0 la traite des \u00eatres humains et \u00e0 l'esclavage, comme indiqu\u00e9 dans la section \"Attentes des employ\u00e9s\" de notre manuel de l'employ\u00e9.<\/li>\n\n\n\n<li>Formation. Nous nous engageons \u00e0 former nos employ\u00e9s sur nos attentes en mati\u00e8re de conduite, y compris sur les questions li\u00e9es \u00e0 la traite des \u00eatres humains et \u00e0 l'esclavage, ainsi que sur les proc\u00e9dures et politiques d'approvisionnement \u00e9thique, par le biais de notre syst\u00e8me de formation en ligne Compliance Quest.<\/li>\n\n\n\n<li>Les vendeurs et fournisseurs qui ne respectent pas pleinement les normes, politiques et proc\u00e9dures de Zinpro Corporation, y compris, mais sans s'y limiter, les lois relatives \u00e0 la traite des \u00eatres humains et \u00e0 l'esclavage, peuvent faire l'objet d'une ou de plusieurs annulations de commande de la part de Zinpro, d'une r\u00e9siliation de la relation avec le fournisseur et\/ou d'actions en justice.<\/li>\n<\/ol>\n\n\n\n<p>Citations :<\/p>\n\n\n\n<ul class=\"wp-block-list\">\n<li><a href=\"https:\/\/www.unodc.org\/unodc\/en\/human-trafficking\/index.html\" target=\"_blank\" rel=\"noreferrer noopener\">http:\/\/www.unodc.org\/unodc\/en\/human-trafficking\/index.html<\/a><\/li>\n\n\n\n<li><a href=\"https:\/\/wrapcompliance.org\/\" target=\"_blank\" rel=\"noreferrer noopener\">http:\/\/www.wrapcompliance.org\/<\/a><\/li>\n<\/ul>\n\n\n\n<h3 class=\"wp-block-heading\">Proc\u00e9dure de bios\u00e9curit\u00e9 pour les visiteurs<\/h3>\n\n\n\n<h5 class=\"wp-block-heading\">En tant que visiteur, vous \u00eates tenu de respecter les directives relatives aux bonnes pratiques de fabrication et \u00e0 la bios\u00e9curit\u00e9 afin d'\u00e9viter la propagation des maladies animales et la contamination des produits.<\/h5>\n\n\n\n<p><strong>Vous devez :<\/strong><\/p>\n\n\n\n<ul class=\"wp-block-list\">\n<li>Porter des v\u00eatements et des chaussures qui n'ont pas \u00e9t\u00e9 expos\u00e9s au b\u00e9tail.<\/li>\n\n\n\n<li>Vous n'avez pas visit\u00e9 r\u00e9cemment un pays o\u00f9 s\u00e9vit une maladie animale.<\/li>\n\n\n\n<li>Rangez vos objets personnels tels que sacs \u00e0 dos, porte-documents, appareils photo, ordinateurs, tablettes et t\u00e9l\u00e9phones portables dans votre voiture ou dans le bureau d'accueil\/la salle de conf\u00e9rence.<\/li>\n\n\n\n<li>Respecter les proc\u00e9dures de qualit\u00e9 et de s\u00e9curit\u00e9 alimentaire de Zinpro.<\/li>\n\n\n\n<li>Porter une tenue vestimentaire appropri\u00e9e, c'est-\u00e0-dire, le cas \u00e9ch\u00e9ant, des chaussures de s\u00e9curit\u00e9, des v\u00eatements de protection, un casque, des lunettes de protection et des protections auditives.<\/li>\n\n\n\n<li>Retirez ou fixez les bijoux et autres objets susceptibles de tomber dans la nourriture, l'\u00e9quipement ou les conteneurs des animaux.<\/li>\n\n\n\n<li>Ne fumer que dans les zones d\u00e9sign\u00e9es \u00e0 l'ext\u00e9rieur des installations, y compris l'utilisation de dispositifs \u00e9lectroniques.<\/li>\n\n\n\n<li>Se laver\/d\u00e9sinfecter les mains avant d'entrer dans les zones de fabrication.<\/li>\n\n\n\n<li>Ne pas manger, boire et cracher dans les zones de production.<\/li>\n\n\n\n<li>Portez une protection si vous avez des coupures ou des plaies ouvertes, afin d'\u00e9viter la contamination des aliments.<\/li>\n\n\n\n<li>Si vous \u00eates atteint d'une maladie transmissible, prenez des mesures pr\u00e9ventives pour \u00e9viter de la propager.<\/li>\n\n\n\n<li>Ne touchez pas \u00e0 l'\u00e9quipement ou au mat\u00e9riel, sauf si cela est n\u00e9cessaire \u00e0 l'objet de votre visite.<\/li>\n\n\n\n<li>Vous devez toujours \u00eatre accompagn\u00e9 d'un employ\u00e9 de Zinpro, sauf si vous \u00eates un entrepreneur ou un prestataire de services qui a lu et sign\u00e9 le formulaire de formation aux services contractuels.<\/li>\n\n\n\n<li>Ne pas transporter de conteneurs non approuv\u00e9s, de marchandises dangereuses, de m\u00e9dicaments sur ordonnance et\/ou d'appareils photo dans les installations de production.<\/li>\n\n\n\n<li>Remplir et signer le registre des visiteurs.<\/li>\n<\/ul>\n\n\n\n<p>Les employ\u00e9s de Zinpro qui ne travaillent pas dans l'\u00e9tablissement et les sous-traitants sont autoris\u00e9s \u00e0 apporter des objets personnels \u00e0 condition qu'ils n'aient pas \u00e9t\u00e9 r\u00e9cemment expos\u00e9s au b\u00e9tail.<\/p>\n\n\n\n<h3 class=\"wp-block-heading\">D\u00e9claration de neutralit\u00e9 politique<\/h3>\n\n\n\n<p>La soci\u00e9t\u00e9 Zinpro s'engage \u00e0 faire preuve de neutralit\u00e9 politique en mati\u00e8re de politique partisane. La soci\u00e9t\u00e9 Zinpro n'approuve, ne soutient ni ne promeut aucun parti politique, candidat ou repr\u00e9sentant \u00e9lu du gouvernement.<\/p>\n<\/div>\n<\/div>\n\n\n\n\n<div id=\"resp-spacer-block_cb03d1e077c69c45928a326e1bb4ea7c\" class=\"zinpro-spacer-block\"><\/div>\n\n<style>\n#resp-spacer-block_cb03d1e077c69c45928a326e1bb4ea7c {\n\tmargin-top: 80px;\n}\n\n@media screen and (max-width: 1366px) {\n\t#resp-spacer-block_cb03d1e077c69c45928a326e1bb4ea7c {\n\t\tmargin-top: 60px;\n\t}\n}\n\n@media screen and (max-width: 960px) {\n\t#resp-spacer-block_cb03d1e077c69c45928a326e1bb4ea7c {\n\t\tmargin-top: 40px;\n\t}\n}\n<\/style>","protected":false},"excerpt":{"rendered":"<p>#resp-spacer-block_cb03d1e077c69c45928a326e1bb4ea7c {<br \/>\n\tmargin-top: 80px;<br \/>\n}<\/p>\n<p>@media screen and (max-width: 1366px) {<br \/>\n\t#resp-spacer-block_cb03d1e077c69c45928a326e1bb4ea7c {<br \/>\n\t\tmargin-top: 60px;<br \/>\n\t}<br \/>\n}<\/p>\n<p>@media screen and (max-width: 960px) {<br \/>\n\t#resp-spacer-block_cb03d1e077c69c45928a326e1bb4ea7c {<br \/>\n\t\tmargin-top: 40px;<br \/>\n\t}<br \/>\n}<\/p>\n<p>Company Statements<\/p>\n<p>Supply Chain Disclosures<\/p>\n<p>Zinpro Corporation is committed to compliance [&#8230;]<\/p>\n","protected":false},"author":2,"featured_media":0,"parent":0,"menu_order":0,"comment_status":"closed","ping_status":"closed","template":"","meta":{"_acf_changed":false,"_tec_requires_first_save":true,"_eb_attr":"","_uag_custom_page_level_css":"","_EventAllDay":false,"_EventTimezone":"","_EventStartDate":"","_EventEndDate":"","_EventStartDateUTC":"","_EventEndDateUTC":"","_EventShowMap":false,"_EventShowMapLink":false,"_EventURL":"","_EventCost":"","_EventCostDescription":"","_EventCurrencySymbol":"","_EventCurrencyCode":"","_EventCurrencyPosition":"","_EventDateTimeSeparator":"","_EventTimeRangeSeparator":"","_EventOrganizerID":[],"_EventVenueID":[],"_OrganizerEmail":"","_OrganizerPhone":"","_OrganizerWebsite":"","_VenueAddress":"","_VenueCity":"","_VenueCountry":"","_VenueProvince":"","_VenueState":"","_VenueZip":"","_VenuePhone":"","_VenueURL":"","_VenueStateProvince":"","_VenueLat":"","_VenueLng":"","_VenueShowMap":false,"_VenueShowMapLink":false,"_tribe_blocks_recurrence_rules":"","_tribe_blocks_recurrence_description":"","_tribe_blocks_recurrence_exclusions":"","_ecp_custom_2":"","footnotes":""},"class_list":["post-629","page","type-page","status-publish","hentry"],"acf":[],"yoast_head":"<!-- This site is optimized with the Yoast SEO Premium plugin v27.4 (Yoast SEO v27.4) - https:\/\/yoast.com\/product\/yoast-seo-premium-wordpress\/ -->\n<title>Company Statements &#8211; Zinpro\u00ae<\/title>\n<meta name=\"description\" content=\"Read more about Company Statements and from Zinpro\u00ae here.\" \/>\n<meta name=\"robots\" content=\"index, follow, max-snippet:-1, max-image-preview:large, max-video-preview:-1\" \/>\n<link rel=\"canonical\" href=\"https:\/\/www.zinpro.com\/fr\/company-statements\/\" \/>\n<meta property=\"og:locale\" content=\"fr_FR\" \/>\n<meta property=\"og:type\" content=\"article\" \/>\n<meta property=\"og:title\" content=\"Company Statements &#8211; Zinpro\u00ae\" \/>\n<meta property=\"og:description\" content=\"Read more about Company Statements and from Zinpro\u00ae here.\" \/>\n<meta property=\"og:url\" content=\"https:\/\/www.zinpro.com\/fr\/company-statements\/\" \/>\n<meta property=\"og:site_name\" content=\"Zinpro\u00ae\" \/>\n<meta property=\"article:publisher\" content=\"https:\/\/www.facebook.com\/ZinproCorp\/\" \/>\n<meta property=\"article:modified_time\" content=\"2023-06-14T14:22:46+00:00\" \/>\n<meta name=\"twitter:card\" content=\"summary_large_image\" \/>\n<meta name=\"twitter:site\" content=\"@wdolezal\" \/>\n<meta name=\"twitter:label1\" content=\"Dur\u00e9e de lecture estim\u00e9e\" \/>\n\t<meta name=\"twitter:data1\" content=\"3 minutes\" \/>\n<script type=\"application\/ld+json\" class=\"yoast-schema-graph\">{\"@context\":\"https:\\\/\\\/schema.org\",\"@graph\":[{\"@type\":\"WebPage\",\"@id\":\"https:\\\/\\\/www.zinpro.com\\\/company-statements\\\/\",\"url\":\"https:\\\/\\\/www.zinpro.com\\\/company-statements\\\/\",\"name\":\"Company Statements &#8211; Zinpro\u00ae\",\"isPartOf\":{\"@id\":\"https:\\\/\\\/www.zinpro.com\\\/#website\"},\"datePublished\":\"2022-08-29T14:40:29+00:00\",\"dateModified\":\"2023-06-14T14:22:46+00:00\",\"description\":\"Read more about Company Statements and from Zinpro\u00ae here.\",\"inLanguage\":\"fr-FR\",\"potentialAction\":[{\"@type\":\"ReadAction\",\"target\":[\"https:\\\/\\\/www.zinpro.com\\\/company-statements\\\/\"]}]},{\"@type\":\"WebSite\",\"@id\":\"https:\\\/\\\/www.zinpro.com\\\/#website\",\"url\":\"https:\\\/\\\/www.zinpro.com\\\/\",\"name\":\"Zinpro\u00ae\",\"description\":\"\",\"potentialAction\":[{\"@type\":\"SearchAction\",\"target\":{\"@type\":\"EntryPoint\",\"urlTemplate\":\"https:\\\/\\\/www.zinpro.com\\\/?s={search_term_string}\"},\"query-input\":{\"@type\":\"PropertyValueSpecification\",\"valueRequired\":true,\"valueName\":\"search_term_string\"}}],\"inLanguage\":\"fr-FR\"}]}<\/script>\n<!-- \/ Yoast SEO Premium plugin. -->","yoast_head_json":{"title":"D\u00e9clarations de l'entreprise - Zinpro\u00ae - Zinpro\u00ae - Zinpro\u00ae - Zinpro\u00ae - Zinpro\u00ae","description":"Pour en savoir plus sur les d\u00e9clarations de l'entreprise et de Zinpro\u00ae, cliquez ici.","robots":{"index":"index","follow":"follow","max-snippet":"max-snippet:-1","max-image-preview":"max-image-preview:large","max-video-preview":"max-video-preview:-1"},"canonical":"https:\/\/www.zinpro.com\/fr\/company-statements\/","og_locale":"fr_FR","og_type":"article","og_title":"Company Statements &#8211; Zinpro\u00ae","og_description":"Read more about Company Statements and from Zinpro\u00ae here.","og_url":"https:\/\/www.zinpro.com\/fr\/company-statements\/","og_site_name":"Zinpro\u00ae","article_publisher":"https:\/\/www.facebook.com\/ZinproCorp\/","article_modified_time":"2023-06-14T14:22:46+00:00","twitter_card":"summary_large_image","twitter_site":"@wdolezal","twitter_misc":{"Dur\u00e9e de lecture estim\u00e9e":"3 minutes"},"schema":{"@context":"https:\/\/schema.org","@graph":[{"@type":"WebPage","@id":"https:\/\/www.zinpro.com\/company-statements\/","url":"https:\/\/www.zinpro.com\/company-statements\/","name":"D\u00e9clarations de l'entreprise - Zinpro\u00ae - Zinpro\u00ae - Zinpro\u00ae - Zinpro\u00ae - Zinpro\u00ae","isPartOf":{"@id":"https:\/\/www.zinpro.com\/#website"},"datePublished":"2022-08-29T14:40:29+00:00","dateModified":"2023-06-14T14:22:46+00:00","description":"Pour en savoir plus sur les d\u00e9clarations de l'entreprise et de Zinpro\u00ae, cliquez ici.","inLanguage":"fr-FR","potentialAction":[{"@type":"ReadAction","target":["https:\/\/www.zinpro.com\/company-statements\/"]}]},{"@type":"WebSite","@id":"https:\/\/www.zinpro.com\/#website","url":"https:\/\/www.zinpro.com\/","name":"Zinpro\u00ae","description":"","potentialAction":[{"@type":"SearchAction","target":{"@type":"EntryPoint","urlTemplate":"https:\/\/www.zinpro.com\/?s={search_term_string}"},"query-input":{"@type":"PropertyValueSpecification","valueRequired":true,"valueName":"search_term_string"}}],"inLanguage":"fr-FR"}]}},"spectra_custom_meta":{"_edit_lock":["1687887674:8"],"_edit_last":["8"],"ss_social_share_disable":[""],"_yoast_wpseo_content_score":["30"],"_yoast_wpseo_estimated-reading-time-minutes":["3"],"_yoast_wpseo_wordproof_timestamp":[""],"_eb_reusable_block_ids":["a:0:{}"],"_uag_css_file_name":["uag-css-629.css"],"_uagb_previous_block_counts":["a:90:{s:21:\"uagb\/advanced-heading\";i:0;s:15:\"uagb\/blockquote\";i:0;s:12:\"uagb\/buttons\";i:0;s:18:\"uagb\/buttons-child\";i:0;s:19:\"uagb\/call-to-action\";i:0;s:15:\"uagb\/cf7-styler\";i:0;s:11:\"uagb\/column\";i:0;s:12:\"uagb\/columns\";i:0;s:14:\"uagb\/container\";i:0;s:21:\"uagb\/content-timeline\";i:0;s:27:\"uagb\/content-timeline-child\";i:0;s:14:\"uagb\/countdown\";i:0;s:12:\"uagb\/counter\";i:0;s:8:\"uagb\/faq\";i:0;s:14:\"uagb\/faq-child\";i:0;s:10:\"uagb\/forms\";i:0;s:17:\"uagb\/forms-accept\";i:0;s:19:\"uagb\/forms-checkbox\";i:0;s:15:\"uagb\/forms-date\";i:0;s:16:\"uagb\/forms-email\";i:0;s:17:\"uagb\/forms-hidden\";i:0;s:15:\"uagb\/forms-name\";i:0;s:16:\"uagb\/forms-phone\";i:0;s:16:\"uagb\/forms-radio\";i:0;s:17:\"uagb\/forms-select\";i:0;s:19:\"uagb\/forms-textarea\";i:0;s:17:\"uagb\/forms-toggle\";i:0;s:14:\"uagb\/forms-url\";i:0;s:14:\"uagb\/gf-styler\";i:0;s:15:\"uagb\/google-map\";i:0;s:11:\"uagb\/how-to\";i:0;s:16:\"uagb\/how-to-step\";i:0;s:9:\"uagb\/icon\";i:0;s:14:\"uagb\/icon-list\";i:0;s:20:\"uagb\/icon-list-child\";i:0;s:10:\"uagb\/image\";i:0;s:18:\"uagb\/image-gallery\";i:0;s:13:\"uagb\/info-box\";i:0;s:18:\"uagb\/inline-notice\";i:0;s:11:\"uagb\/lottie\";i:0;s:21:\"uagb\/marketing-button\";i:0;s:10:\"uagb\/modal\";i:0;s:18:\"uagb\/popup-builder\";i:0;s:16:\"uagb\/post-button\";i:0;s:18:\"uagb\/post-carousel\";i:0;s:17:\"uagb\/post-excerpt\";i:0;s:14:\"uagb\/post-grid\";i:0;s:15:\"uagb\/post-image\";i:0;s:17:\"uagb\/post-masonry\";i:0;s:14:\"uagb\/post-meta\";i:0;s:18:\"uagb\/post-taxonomy\";i:0;s:18:\"uagb\/post-timeline\";i:0;s:15:\"uagb\/post-title\";i:0;s:20:\"uagb\/restaurant-menu\";i:0;s:26:\"uagb\/restaurant-menu-child\";i:0;s:11:\"uagb\/review\";i:0;s:12:\"uagb\/section\";i:0;s:14:\"uagb\/separator\";i:0;s:11:\"uagb\/slider\";i:0;s:17:\"uagb\/slider-child\";i:0;s:17:\"uagb\/social-share\";i:0;s:23:\"uagb\/social-share-child\";i:0;s:16:\"uagb\/star-rating\";i:0;s:23:\"uagb\/sure-cart-checkout\";i:0;s:22:\"uagb\/sure-cart-product\";i:0;s:15:\"uagb\/sure-forms\";i:0;s:22:\"uagb\/table-of-contents\";i:0;s:9:\"uagb\/tabs\";i:0;s:15:\"uagb\/tabs-child\";i:0;s:18:\"uagb\/taxonomy-list\";i:0;s:9:\"uagb\/team\";i:0;s:16:\"uagb\/testimonial\";i:0;s:14:\"uagb\/wp-search\";i:0;s:19:\"uagb\/instagram-feed\";i:0;s:10:\"uagb\/login\";i:0;s:17:\"uagb\/loop-builder\";i:0;s:18:\"uagb\/loop-category\";i:0;s:20:\"uagb\/loop-pagination\";i:0;s:15:\"uagb\/loop-reset\";i:0;s:16:\"uagb\/loop-search\";i:0;s:14:\"uagb\/loop-sort\";i:0;s:17:\"uagb\/loop-wrapper\";i:0;s:13:\"uagb\/register\";i:0;s:19:\"uagb\/register-email\";i:0;s:24:\"uagb\/register-first-name\";i:0;s:23:\"uagb\/register-last-name\";i:0;s:22:\"uagb\/register-password\";i:0;s:30:\"uagb\/register-reenter-password\";i:0;s:19:\"uagb\/register-terms\";i:0;s:22:\"uagb\/register-username\";i:0;}"],"_uag_page_assets":["a:9:{s:3:\"css\";s:260:\".uag-blocks-common-selector{z-index:var(--z-index-desktop) !important}@media(max-width: 976px){.uag-blocks-common-selector{z-index:var(--z-index-tablet) !important}}@media(max-width: 767px){.uag-blocks-common-selector{z-index:var(--z-index-mobile) !important}}\";s:2:\"js\";s:0:\"\";s:18:\"current_block_list\";a:17:{i:0;s:24:\"zinpro\/responsive-spacer\";i:1;s:12:\"core\/columns\";i:2;s:11:\"core\/column\";i:3;s:12:\"core\/heading\";i:4;s:14:\"core\/paragraph\";i:5;s:9:\"core\/list\";i:6;s:14:\"core\/list-item\";i:7;s:11:\"core\/search\";i:8;s:10:\"core\/group\";i:9;s:17:\"core\/latest-posts\";i:10;s:20:\"core\/latest-comments\";i:11;s:13:\"core\/archives\";i:12;s:15:\"core\/categories\";i:13;s:17:\"core\/social-links\";i:14;s:16:\"core\/social-link\";i:15;s:11:\"core\/spacer\";i:16;s:10:\"core\/image\";}s:8:\"uag_flag\";b:0;s:11:\"uag_version\";s:10:\"1777426717\";s:6:\"gfonts\";a:0:{}s:10:\"gfonts_url\";s:0:\"\";s:12:\"gfonts_files\";a:0:{}s:14:\"uag_faq_layout\";b:0;}"]},"uagb_featured_image_src":{"full":false,"thumbnail":false,"medium":false,"medium_large":false,"large":false,"gs-tiny":false,"xl":false,"xxl":false,"xxxl":false,"xxxxl":false,"xxxxxl":false,"1536x1536":false,"2048x2048":false,"trp-custom-language-flag":false,"gform-image-choice-sm":false,"gform-image-choice-md":false,"gform-image-choice-lg":false,"menu-24x24":false,"menu-36x36":false,"menu-48x48":false},"uagb_author_info":{"display_name":"mrwolleat","author_link":"https:\/\/www.zinpro.com\/fr\/resource-center\/author\/mrwolleat\/"},"uagb_comment_info":0,"uagb_excerpt":"#resp-spacer-block_cb03d1e077c69c45928a326e1bb4ea7c { margin-top: 80px; } @media screen and (max-width: 1366px) { #resp-spacer-block_cb03d1e077c69c45928a326e1bb4ea7c { margin-top: 60px; } } @media screen and (max-width: 960px) { #resp-spacer-block_cb03d1e077c69c45928a326e1bb4ea7c { margin-top: 40px; } } Company Statements Supply Chain Disclosures Zinpro Corporation is committed to compliance [...]","_links":{"self":[{"href":"https:\/\/www.zinpro.com\/fr\/wp-json\/wp\/v2\/pages\/629","targetHints":{"allow":["GET"]}}],"collection":[{"href":"https:\/\/www.zinpro.com\/fr\/wp-json\/wp\/v2\/pages"}],"about":[{"href":"https:\/\/www.zinpro.com\/fr\/wp-json\/wp\/v2\/types\/page"}],"author":[{"embeddable":true,"href":"https:\/\/www.zinpro.com\/fr\/wp-json\/wp\/v2\/users\/2"}],"replies":[{"embeddable":true,"href":"https:\/\/www.zinpro.com\/fr\/wp-json\/wp\/v2\/comments?post=629"}],"version-history":[{"count":0,"href":"https:\/\/www.zinpro.com\/fr\/wp-json\/wp\/v2\/pages\/629\/revisions"}],"wp:attachment":[{"href":"https:\/\/www.zinpro.com\/fr\/wp-json\/wp\/v2\/media?parent=629"}],"curies":[{"name":"wp","href":"https:\/\/api.w.org\/{rel}","templated":true}]}}