

{"id":59599,"date":"2023-11-28T12:12:03","date_gmt":"2023-11-28T17:12:03","guid":{"rendered":"https:\/\/www.zinpro.com\/?page_id=59599"},"modified":"2023-11-28T12:12:05","modified_gmt":"2023-11-28T17:12:05","slug":"post-ncbaemail","status":"publish","type":"page","link":"https:\/\/www.zinpro.com\/fr\/post-ncbaemail\/","title":{"rendered":"Post-NCBAEmail"},"content":{"rendered":"<div id=\"resp-spacer-block_55c1002c45fbfccbc3fc8011192cfc68\" class=\"zinpro-spacer-block\"><\/div>\n\n<style>\n#resp-spacer-block_55c1002c45fbfccbc3fc8011192cfc68 {\n\tmargin-top: 80px;\n}\n\n@media screen and (max-width: 1366px) {\n\t#resp-spacer-block_55c1002c45fbfccbc3fc8011192cfc68 {\n\t\tmargin-top: 60px;\n\t}\n}\n\n@media screen and (max-width: 960px) {\n\t#resp-spacer-block_55c1002c45fbfccbc3fc8011192cfc68 {\n\t\tmargin-top: 40px;\n\t}\n}\n<\/style>\n\n\n<div class=\"wp-block-columns is-layout-flex wp-container-core-columns-is-layout-9d6595d7 wp-block-columns-is-layout-flex\">\n<div class=\"wp-block-column is-layout-flow wp-block-column-is-layout-flow\">\n<p style=\"font-size:22px\">Vous vous \u00eates inscrit pour recevoir r\u00e9guli\u00e8rement des informations sur les activit\u00e9s et les produits de Zinpro dans le domaine de la viande bovine. N'h\u00e9sitez pas \u00e0 nous contacter si vous avez des questions ou des pr\u00e9occupations.<\/p>\n<\/div>\n<\/div>\n\n\n\n<p><\/p>","protected":false},"excerpt":{"rendered":"<p>#resp-spacer-block_55c1002c45fbfccbc3fc8011192cfc68 {<br \/>\n\tmargin-top: 80px;<br \/>\n}<\/p>\n<p>@media screen and (max-width: 1366px) {<br \/>\n\t#resp-spacer-block_55c1002c45fbfccbc3fc8011192cfc68 {<br \/>\n\t\tmargin-top: 60px;<br \/>\n\t}<br \/>\n}<\/p>\n<p>@media screen and (max-width: 960px) {<br \/>\n\t#resp-spacer-block_55c1002c45fbfccbc3fc8011192cfc68 {<br \/>\n\t\tmargin-top: 40px;<br \/>\n\t}<br \/>\n}<\/p>\n<p style=\"font-size:22px\">You have signed up to receive regular beef [&#8230;]<\/p>\n","protected":false},"author":27,"featured_media":0,"parent":0,"menu_order":0,"comment_status":"closed","ping_status":"closed","template":"","meta":{"_acf_changed":false,"_tec_requires_first_save":true,"_eb_attr":"","_uag_custom_page_level_css":"","_EventAllDay":false,"_EventTimezone":"","_EventStartDate":"","_EventEndDate":"","_EventStartDateUTC":"","_EventEndDateUTC":"","_EventShowMap":false,"_EventShowMapLink":false,"_EventURL":"","_EventCost":"","_EventCostDescription":"","_EventCurrencySymbol":"","_EventCurrencyCode":"","_EventCurrencyPosition":"","_EventDateTimeSeparator":"","_EventTimeRangeSeparator":"","_EventOrganizerID":[],"_EventVenueID":[],"_OrganizerEmail":"","_OrganizerPhone":"","_OrganizerWebsite":"","_VenueAddress":"","_VenueCity":"","_VenueCountry":"","_VenueProvince":"","_VenueState":"","_VenueZip":"","_VenuePhone":"","_VenueURL":"","_VenueStateProvince":"","_VenueLat":"","_VenueLng":"","_VenueShowMap":false,"_VenueShowMapLink":false,"_tribe_blocks_recurrence_rules":"","_tribe_blocks_recurrence_description":"","_tribe_blocks_recurrence_exclusions":"","_ecp_custom_2":"","footnotes":""},"class_list":["post-59599","page","type-page","status-publish","hentry"],"acf":[],"yoast_head":"<!-- This site is optimized with the Yoast SEO Premium plugin v27.4 (Yoast SEO v27.4) - https:\/\/yoast.com\/product\/yoast-seo-premium-wordpress\/ -->\n<title>Post-NCBAEmail &#8211; Zinpro\u00ae<\/title>\n<meta name=\"description\" content=\"Read more about Post-NCBAEmail and from Zinpro\u00ae here.\" \/>\n<meta name=\"robots\" content=\"index, follow, max-snippet:-1, max-image-preview:large, max-video-preview:-1\" \/>\n<link rel=\"canonical\" href=\"https:\/\/www.zinpro.com\/fr\/post-ncbaemail\/\" \/>\n<meta property=\"og:locale\" content=\"fr_FR\" \/>\n<meta property=\"og:type\" content=\"article\" \/>\n<meta property=\"og:title\" content=\"Post-NCBAEmail &#8211; Zinpro\u00ae\" \/>\n<meta property=\"og:description\" content=\"Read more about Post-NCBAEmail and from Zinpro\u00ae here.\" \/>\n<meta property=\"og:url\" content=\"https:\/\/www.zinpro.com\/fr\/post-ncbaemail\/\" \/>\n<meta property=\"og:site_name\" content=\"Zinpro\u00ae\" \/>\n<meta property=\"article:publisher\" content=\"https:\/\/www.facebook.com\/ZinproCorp\/\" \/>\n<meta property=\"article:modified_time\" content=\"2023-11-28T17:12:05+00:00\" \/>\n<meta name=\"twitter:card\" content=\"summary_large_image\" \/>\n<meta name=\"twitter:site\" content=\"@wdolezal\" \/>\n<meta name=\"twitter:label1\" content=\"Dur\u00e9e de lecture estim\u00e9e\" \/>\n\t<meta name=\"twitter:data1\" content=\"1 minute\" \/>\n<script type=\"application\/ld+json\" class=\"yoast-schema-graph\">{\"@context\":\"https:\\\/\\\/schema.org\",\"@graph\":[{\"@type\":\"WebPage\",\"@id\":\"https:\\\/\\\/www.zinpro.com\\\/post-ncbaemail\\\/\",\"url\":\"https:\\\/\\\/www.zinpro.com\\\/post-ncbaemail\\\/\",\"name\":\"Post-NCBAEmail &#8211; Zinpro\u00ae\",\"isPartOf\":{\"@id\":\"https:\\\/\\\/www.zinpro.com\\\/#website\"},\"datePublished\":\"2023-11-28T17:12:03+00:00\",\"dateModified\":\"2023-11-28T17:12:05+00:00\",\"description\":\"Read more about Post-NCBAEmail and from Zinpro\u00ae here.\",\"inLanguage\":\"fr-FR\",\"potentialAction\":[{\"@type\":\"ReadAction\",\"target\":[\"https:\\\/\\\/www.zinpro.com\\\/post-ncbaemail\\\/\"]}]},{\"@type\":\"WebSite\",\"@id\":\"https:\\\/\\\/www.zinpro.com\\\/#website\",\"url\":\"https:\\\/\\\/www.zinpro.com\\\/\",\"name\":\"Zinpro\u00ae\",\"description\":\"\",\"potentialAction\":[{\"@type\":\"SearchAction\",\"target\":{\"@type\":\"EntryPoint\",\"urlTemplate\":\"https:\\\/\\\/www.zinpro.com\\\/?s={search_term_string}\"},\"query-input\":{\"@type\":\"PropertyValueSpecification\",\"valueRequired\":true,\"valueName\":\"search_term_string\"}}],\"inLanguage\":\"fr-FR\"}]}<\/script>\n<!-- \/ Yoast SEO Premium plugin. -->","yoast_head_json":{"title":"Post-NCBAEmail - Zinpro\u00ae - (en anglais)","description":"Pour en savoir plus sur le Post-NCBAEmail et sur Zinpro\u00ae, cliquez ici.","robots":{"index":"index","follow":"follow","max-snippet":"max-snippet:-1","max-image-preview":"max-image-preview:large","max-video-preview":"max-video-preview:-1"},"canonical":"https:\/\/www.zinpro.com\/fr\/post-ncbaemail\/","og_locale":"fr_FR","og_type":"article","og_title":"Post-NCBAEmail &#8211; Zinpro\u00ae","og_description":"Read more about Post-NCBAEmail and from Zinpro\u00ae here.","og_url":"https:\/\/www.zinpro.com\/fr\/post-ncbaemail\/","og_site_name":"Zinpro\u00ae","article_publisher":"https:\/\/www.facebook.com\/ZinproCorp\/","article_modified_time":"2023-11-28T17:12:05+00:00","twitter_card":"summary_large_image","twitter_site":"@wdolezal","twitter_misc":{"Dur\u00e9e de lecture estim\u00e9e":"1 minute"},"schema":{"@context":"https:\/\/schema.org","@graph":[{"@type":"WebPage","@id":"https:\/\/www.zinpro.com\/post-ncbaemail\/","url":"https:\/\/www.zinpro.com\/post-ncbaemail\/","name":"Post-NCBAEmail - Zinpro\u00ae - (en anglais)","isPartOf":{"@id":"https:\/\/www.zinpro.com\/#website"},"datePublished":"2023-11-28T17:12:03+00:00","dateModified":"2023-11-28T17:12:05+00:00","description":"Pour en savoir plus sur le Post-NCBAEmail et sur Zinpro\u00ae, cliquez ici.","inLanguage":"fr-FR","potentialAction":[{"@type":"ReadAction","target":["https:\/\/www.zinpro.com\/post-ncbaemail\/"]}]},{"@type":"WebSite","@id":"https:\/\/www.zinpro.com\/#website","url":"https:\/\/www.zinpro.com\/","name":"Zinpro\u00ae","description":"","potentialAction":[{"@type":"SearchAction","target":{"@type":"EntryPoint","urlTemplate":"https:\/\/www.zinpro.com\/?s={search_term_string}"},"query-input":{"@type":"PropertyValueSpecification","valueRequired":true,"valueName":"search_term_string"}}],"inLanguage":"fr-FR"}]}},"spectra_custom_meta":{"_edit_lock":["1701191526:14"],"_edit_last":["14"],"ss_social_share_disable":[""],"_yoast_wpseo_content_score":["90"],"_yoast_wpseo_focuskeywords":["[]"],"_yoast_wpseo_keywordsynonyms":["[\"\"]"],"_yoast_wpseo_estimated-reading-time-minutes":["1"],"_yoast_wpseo_wordproof_timestamp":[""],"_eb_reusable_block_ids":["a:0:{}"],"_uag_css_file_name":["uag-css-59599.css"],"_uag_page_assets":["a:9:{s:3:\"css\";s:263:\".uag-blocks-common-selector{z-index:var(--z-index-desktop) !important}@media (max-width: 976px){.uag-blocks-common-selector{z-index:var(--z-index-tablet) !important}}@media (max-width: 767px){.uag-blocks-common-selector{z-index:var(--z-index-mobile) !important}}\n\";s:2:\"js\";s:0:\"\";s:18:\"current_block_list\";a:15:{i:0;s:24:\"zinpro\/responsive-spacer\";i:1;s:12:\"core\/columns\";i:2;s:11:\"core\/column\";i:3;s:14:\"core\/paragraph\";i:4;s:11:\"core\/search\";i:5;s:10:\"core\/group\";i:6;s:12:\"core\/heading\";i:7;s:17:\"core\/latest-posts\";i:8;s:20:\"core\/latest-comments\";i:9;s:13:\"core\/archives\";i:10;s:15:\"core\/categories\";i:11;s:17:\"core\/social-links\";i:12;s:16:\"core\/social-link\";i:13;s:11:\"core\/spacer\";i:14;s:10:\"core\/image\";}s:8:\"uag_flag\";b:0;s:11:\"uag_version\";s:10:\"1776787599\";s:6:\"gfonts\";a:0:{}s:10:\"gfonts_url\";s:0:\"\";s:12:\"gfonts_files\";a:0:{}s:14:\"uag_faq_layout\";b:0;}"]},"uagb_featured_image_src":{"full":false,"thumbnail":false,"medium":false,"medium_large":false,"large":false,"gs-tiny":false,"xl":false,"xxl":false,"xxxl":false,"xxxxl":false,"xxxxxl":false,"1536x1536":false,"2048x2048":false,"trp-custom-language-flag":false,"gform-image-choice-sm":false,"gform-image-choice-md":false,"gform-image-choice-lg":false,"menu-24x24":false,"menu-36x36":false,"menu-48x48":false},"uagb_author_info":{"display_name":"Administrator","author_link":"https:\/\/www.zinpro.com\/fr\/resource-center\/author\/administrator\/"},"uagb_comment_info":0,"uagb_excerpt":"#resp-spacer-block_55c1002c45fbfccbc3fc8011192cfc68 { margin-top: 80px; } @media screen and (max-width: 1366px) { #resp-spacer-block_55c1002c45fbfccbc3fc8011192cfc68 { margin-top: 60px; } } @media screen and (max-width: 960px) { #resp-spacer-block_55c1002c45fbfccbc3fc8011192cfc68 { margin-top: 40px; } } You have signed up to receive regular beef [...]","_links":{"self":[{"href":"https:\/\/www.zinpro.com\/fr\/wp-json\/wp\/v2\/pages\/59599","targetHints":{"allow":["GET"]}}],"collection":[{"href":"https:\/\/www.zinpro.com\/fr\/wp-json\/wp\/v2\/pages"}],"about":[{"href":"https:\/\/www.zinpro.com\/fr\/wp-json\/wp\/v2\/types\/page"}],"author":[{"embeddable":true,"href":"https:\/\/www.zinpro.com\/fr\/wp-json\/wp\/v2\/users\/27"}],"replies":[{"embeddable":true,"href":"https:\/\/www.zinpro.com\/fr\/wp-json\/wp\/v2\/comments?post=59599"}],"version-history":[{"count":0,"href":"https:\/\/www.zinpro.com\/fr\/wp-json\/wp\/v2\/pages\/59599\/revisions"}],"wp:attachment":[{"href":"https:\/\/www.zinpro.com\/fr\/wp-json\/wp\/v2\/media?parent=59599"}],"curies":[{"name":"wp","href":"https:\/\/api.w.org\/{rel}","templated":true}]}}