

{"id":58684,"date":"2023-07-11T20:59:24","date_gmt":"2023-07-11T20:59:24","guid":{"rendered":"https:\/\/www.zinpro.com\/?page_id=58684"},"modified":"2025-02-19T18:00:56","modified_gmt":"2025-02-19T23:00:56","slug":"feedzinpro-confirmation","status":"publish","type":"page","link":"https:\/\/www.zinpro.com\/fr\/feedzinpro-confirmation\/","title":{"rendered":"Confirmation de l'alimentation Zinpro"},"content":{"rendered":"<div class=\"wp-block-cover is-light\"><span aria-hidden=\"true\" class=\"wp-block-cover__background has-background-dim-0 has-background-dim\"><\/span><img loading=\"lazy\" decoding=\"async\" width=\"1440\" height=\"420\" class=\"wp-block-cover__image-background wp-image-58680\" alt=\"\" src=\"https:\/\/www.zinpro.com\/wp-content\/uploads\/2023\/07\/WATT-FeedFormulation_1440x420.jpg\" data-object-fit=\"cover\" srcset=\"https:\/\/www.zinpro.com\/wp-content\/uploads\/2023\/07\/WATT-FeedFormulation_1440x420.jpg 1440w, https:\/\/www.zinpro.com\/wp-content\/uploads\/2023\/07\/WATT-FeedFormulation_1440x420-300x88.jpg 300w, https:\/\/www.zinpro.com\/wp-content\/uploads\/2023\/07\/WATT-FeedFormulation_1440x420-1024x299.jpg 1024w, https:\/\/www.zinpro.com\/wp-content\/uploads\/2023\/07\/WATT-FeedFormulation_1440x420-18x5.jpg 18w\" sizes=\"auto, (max-width: 1440px) 100vw, 1440px\" \/><div class=\"wp-block-cover__inner-container is-layout-flow wp-block-cover-is-layout-flow\">\n<p class=\"has-text-align-center has-large-font-size\"><\/p>\n\n\n\n<h1 class=\"wp-block-heading has-zinpro-blue-color has-text-color\" id=\"h-together-we-can-maximize-your-nutrients-and-minimize-your-costs\" style=\"font-style:normal;font-weight:700\">Ensemble, nous pouvons <br>Maximisez votre <br>Nutriments et <br>R\u00e9duire les co\u00fbts<\/h1>\n<\/div><\/div>\n\n\n\n\n<div id=\"resp-spacer-block_e5920dba23aeb82120f08163ed652fcb\" class=\"zinpro-spacer-block\"><\/div>\n\n<style>\n#resp-spacer-block_e5920dba23aeb82120f08163ed652fcb {\n\tmargin-top: 80px;\n}\n\n@media screen and (max-width: 1366px) {\n\t#resp-spacer-block_e5920dba23aeb82120f08163ed652fcb {\n\t\tmargin-top: 60px;\n\t}\n}\n\n@media screen and (max-width: 960px) {\n\t#resp-spacer-block_e5920dba23aeb82120f08163ed652fcb {\n\t\tmargin-top: 40px;\n\t}\n}\n<\/style>\n\n\n<h3 class=\"wp-block-heading\">Transformez vos obstacles en opportunit\u00e9s de croissance<\/h3>\n\n\n\n<p>Ce ne sont pas des d\u00e9fis que vous devez relever seul. Nous nous sommes associ\u00e9s \u00e0 d'\u00e9minents experts du secteur pour vous apporter des informations fra\u00eeches et exploitables. D\u00e9couvrez-en plus aupr\u00e8s de ces experts de la volaille :<\/p>\n\n\n\n\n<div id=\"resp-spacer-block_e5920dba23aeb82120f08163ed652fcb\" class=\"zinpro-spacer-block\"><\/div>\n\n<style>\n#resp-spacer-block_e5920dba23aeb82120f08163ed652fcb {\n\tmargin-top: 80px;\n}\n\n@media screen and (max-width: 1366px) {\n\t#resp-spacer-block_e5920dba23aeb82120f08163ed652fcb {\n\t\tmargin-top: 60px;\n\t}\n}\n\n@media screen and (max-width: 960px) {\n\t#resp-spacer-block_e5920dba23aeb82120f08163ed652fcb {\n\t\tmargin-top: 40px;\n\t}\n}\n<\/style>\n\n\n<div class=\"wp-block-group alignfull has-dark-gray-background-color has-background is-layout-constrained wp-block-group-is-layout-constrained\">\n<div class=\"wp-block-columns is-layout-flex wp-container-core-columns-is-layout-9d6595d7 wp-block-columns-is-layout-flex\">\n<div class=\"wp-block-column is-vertically-aligned-center is-layout-flow wp-block-column-is-layout-flow\">\n<h4 class=\"wp-block-heading has-white-color has-text-color\">L'importance du FCR et les possibilit\u00e9s d'efficacit\u00e9 de l'azote<\/h4>\n\n\n\n<p class=\"has-white-color has-text-color\"><strong>Dr. Michael Kidd<\/strong>Le Dr. K. K., de l'Universit\u00e9 de l'Arkansas (\u00c9tats-Unis), a d\u00e9couvert que la limitation des acides amin\u00e9s pouvait contribuer \u00e0 \u00e9quilibrer l'utilisation des ingr\u00e9dients et le co\u00fbt de l'alimentation animale. Il explique comment les producteurs de volailles peuvent \u00e9quilibrer leur alimentation \u00e0 l'aide d'une matrice ingr\u00e9dients\/nutriments afin de r\u00e9duire les prix \u00e9lev\u00e9s des aliments et d'\u00e9lever des oiseaux sains et productifs.<\/p>\n\n\n\n<div class=\"wp-block-buttons is-layout-flex wp-block-buttons-is-layout-flex\">\n<div class=\"wp-block-button is-style-fill\"><a class=\"wp-block-button__link has-zinpro-blue-background-color has-background wp-element-button\" href=\"https:\/\/www.zinpro.com\/wp-content\/uploads\/2025\/02\/Zinpro_CurrentState-17.pdf\" target=\"_blank\" rel=\"noreferrer noopener\">Lire la suite<\/a><\/div>\n<\/div>\n<\/div>\n\n\n\n<div class=\"wp-block-column is-layout-flow wp-block-column-is-layout-flow\">\n<figure class=\"wp-block-image size-full\"><img loading=\"lazy\" decoding=\"async\" width=\"648\" height=\"504\" src=\"https:\/\/www.zinpro.com\/wp-content\/uploads\/2023\/07\/Increased_Daily-Gain-larger.jpg\" alt=\"\" class=\"wp-image-58685\" srcset=\"https:\/\/www.zinpro.com\/wp-content\/uploads\/2023\/07\/Increased_Daily-Gain-larger.jpg 648w, https:\/\/www.zinpro.com\/wp-content\/uploads\/2023\/07\/Increased_Daily-Gain-larger-300x233.jpg 300w, https:\/\/www.zinpro.com\/wp-content\/uploads\/2023\/07\/Increased_Daily-Gain-larger-15x12.jpg 15w\" sizes=\"auto, (max-width: 648px) 100vw, 648px\" \/><\/figure>\n<\/div>\n<\/div>\n\n\n\n<div class=\"wp-block-columns is-layout-flex wp-container-core-columns-is-layout-9d6595d7 wp-block-columns-is-layout-flex\">\n<div class=\"wp-block-column is-layout-flow wp-block-column-is-layout-flow\">\n<figure class=\"wp-block-image size-full\"><img loading=\"lazy\" decoding=\"async\" width=\"648\" height=\"504\" src=\"https:\/\/www.zinpro.com\/wp-content\/uploads\/2023\/07\/Profits-larger.jpg\" alt=\"\" class=\"wp-image-58686\" srcset=\"https:\/\/www.zinpro.com\/wp-content\/uploads\/2023\/07\/Profits-larger.jpg 648w, https:\/\/www.zinpro.com\/wp-content\/uploads\/2023\/07\/Profits-larger-300x233.jpg 300w, https:\/\/www.zinpro.com\/wp-content\/uploads\/2023\/07\/Profits-larger-15x12.jpg 15w\" sizes=\"auto, (max-width: 648px) 100vw, 648px\" \/><\/figure>\n<\/div>\n\n\n\n<div class=\"wp-block-column is-vertically-aligned-center is-layout-flow wp-block-column-is-layout-flow\">\n<h4 class=\"wp-block-heading has-white-color has-text-color\">L'opportunit\u00e9 du phosphate<\/h4>\n\n\n\n<p class=\"has-white-color has-text-color\"><strong>Kyle Venter<\/strong>Venter, de Chemuniqu\u00e9, en Afrique du Sud, consid\u00e8re que le niveau record des prix du phosphate est une occasion d'innover dans l'alimentation des oiseaux. La n\u00e9cessit\u00e9 de donner du phosphate et de faire baisser les prix a conduit \u00e0 une strat\u00e9gie d'alimentation innovante que Venter pr\u00e9sente dans cet article.<\/p>\n\n\n\n<div class=\"wp-block-buttons is-layout-flex wp-block-buttons-is-layout-flex\">\n<div class=\"wp-block-button is-style-fill\"><a class=\"wp-block-button__link has-zinpro-blue-background-color has-background wp-element-button\" href=\"https:\/\/www.zinpro.com\/wp-content\/uploads\/2025\/02\/Zinpro_PhosphateOpportunity-2.pdf\" target=\"_blank\" rel=\"noreferrer noopener\">Lire la suite<\/a><\/div>\n<\/div>\n<\/div>\n<\/div>\n\n\n\n<div class=\"wp-block-columns is-layout-flex wp-container-core-columns-is-layout-9d6595d7 wp-block-columns-is-layout-flex\">\n<div class=\"wp-block-column is-vertically-aligned-center is-layout-flow wp-block-column-is-layout-flow\">\n<h4 class=\"wp-block-heading has-white-color has-text-color\">Partenariat avec Zinpro pour faire face au dilemme de la formulation des aliments pour animaux<\/h4>\n\n\n\n<p class=\"has-white-color has-text-color\"><strong>Dr. Leonardo Linares<\/strong>M. Linares, directeur des services techniques mondiaux de Zinpro, comprend l'importance de la confiance et du partenariat gr\u00e2ce \u00e0 son exp\u00e9rience sur le terrain. Dans cet article, M. Linares explique comment il aide ses clients \u00e0 aller de l'avant tout en r\u00e9duisant le fardeau des d\u00e9fis de l'industrie avicole.<\/p>\n\n\n\n<div class=\"wp-block-buttons is-layout-flex wp-block-buttons-is-layout-flex\">\n<div class=\"wp-block-button is-style-fill\"><a class=\"wp-block-button__link has-zinpro-blue-background-color has-background wp-element-button\" href=\"https:\/\/www.zinpro.com\/wp-content\/uploads\/2025\/02\/Zinpro_PartneringWithZinpro-2.pdf\" target=\"_blank\" rel=\"noreferrer noopener\">Lire la suite<\/a><\/div>\n<\/div>\n<\/div>\n\n\n\n<div class=\"wp-block-column is-layout-flow wp-block-column-is-layout-flow\">\n<figure class=\"wp-block-image size-full\"><img loading=\"lazy\" decoding=\"async\" width=\"648\" height=\"504\" src=\"https:\/\/www.zinpro.com\/wp-content\/uploads\/2023\/07\/Feed_Conversion-larger.jpg\" alt=\"\" class=\"wp-image-58687\" srcset=\"https:\/\/www.zinpro.com\/wp-content\/uploads\/2023\/07\/Feed_Conversion-larger.jpg 648w, https:\/\/www.zinpro.com\/wp-content\/uploads\/2023\/07\/Feed_Conversion-larger-300x233.jpg 300w, https:\/\/www.zinpro.com\/wp-content\/uploads\/2023\/07\/Feed_Conversion-larger-15x12.jpg 15w\" sizes=\"auto, (max-width: 648px) 100vw, 648px\" \/><\/figure>\n<\/div>\n<\/div>\n<\/div>\n\n\n\n\n<div id=\"resp-spacer-block_e5920dba23aeb82120f08163ed652fcb\" class=\"zinpro-spacer-block\"><\/div>\n\n<style>\n#resp-spacer-block_e5920dba23aeb82120f08163ed652fcb {\n\tmargin-top: 80px;\n}\n\n@media screen and (max-width: 1366px) {\n\t#resp-spacer-block_e5920dba23aeb82120f08163ed652fcb {\n\t\tmargin-top: 60px;\n\t}\n}\n\n@media screen and (max-width: 960px) {\n\t#resp-spacer-block_e5920dba23aeb82120f08163ed652fcb {\n\t\tmargin-top: 40px;\n\t}\n}\n<\/style>\n\n\n<div class=\"wp-block-columns is-layout-flex wp-container-core-columns-is-layout-9d6595d7 wp-block-columns-is-layout-flex\">\n<div class=\"wp-block-column is-layout-flow wp-block-column-is-layout-flow\" style=\"flex-basis:66.66%\">\n<h4 class=\"wp-block-heading\">Ensemble, nous pouvons maximiser vos nutriments et minimiser vos co\u00fbts.<\/h4>\n\n\n\n<p>L'incertitude qui plane est due aux multiples obstacles \u00e0 la production qui affectent l'industrie de la volaille. Cela n\u00e9cessite une attention suppl\u00e9mentaire dans plusieurs domaines de l'exploitation, notamment :<\/p>\n\n\n\n<ul class=\"wp-block-list\">\n<li>Am\u00e9lioration de l'indice de consommation<\/li>\n\n\n\n<li>R\u00e9tention de l'azote, opportunit\u00e9s pour le phosphate<\/li>\n\n\n\n<li>Absorption des min\u00e9raux<\/li>\n\n\n\n<li>Prestations de remplacement int\u00e9gral<\/li>\n\n\n\n<li>Pratiques durables<\/li>\n<\/ul>\n\n\n\n<p>Contactez un expert Zinpro pour vous aider \u00e0 relever ces d\u00e9fis et \u00e0 identifier les principales opportunit\u00e9s de r\u00e9ussite.<\/p>\n\n\n\n<div class=\"wp-block-buttons is-layout-flex wp-block-buttons-is-layout-flex\">\n<div class=\"wp-block-button\"><a class=\"wp-block-button__link wp-element-button\" href=\"https:\/\/www.zinpro.com\/fr\/contact-sales\/?_expert_type=representative\">Contacter un expert Zinpro<\/a><\/div>\n<\/div>\n<\/div>\n\n\n\n<div class=\"wp-block-column is-layout-flow wp-block-column-is-layout-flow\" style=\"flex-basis:33.33%\"><\/div>\n<\/div>\n\n\n\n\n<div id=\"resp-spacer-block_e5920dba23aeb82120f08163ed652fcb\" class=\"zinpro-spacer-block\"><\/div>\n\n<style>\n#resp-spacer-block_e5920dba23aeb82120f08163ed652fcb {\n\tmargin-top: 80px;\n}\n\n@media screen and (max-width: 1366px) {\n\t#resp-spacer-block_e5920dba23aeb82120f08163ed652fcb {\n\t\tmargin-top: 60px;\n\t}\n}\n\n@media screen and (max-width: 960px) {\n\t#resp-spacer-block_e5920dba23aeb82120f08163ed652fcb {\n\t\tmargin-top: 40px;\n\t}\n}\n<\/style>","protected":false},"excerpt":{"rendered":"<p class=\"has-text-align-center has-large-font-size\">\n<p>Together We Can <br \/>Maximize Your <br \/>Nutrients and <br \/>Minimize Your Costs<\/p>\n<p>#resp-spacer-block_e5920dba23aeb82120f08163ed652fcb {<br \/>\n\tmargin-top: 80px;<br \/>\n}<\/p>\n<p>@media screen and (max-width: 1366px) {<br \/>\n\t#resp-spacer-block_e5920dba23aeb82120f08163ed652fcb {<br \/>\n\t\tmargin-top: 60px;<br \/>\n\t}<br \/>\n}<\/p>\n<p>@media screen and (max-width: 960px) [&#8230;]<\/p>\n","protected":false},"author":8,"featured_media":0,"parent":0,"menu_order":0,"comment_status":"closed","ping_status":"closed","template":"","meta":{"_acf_changed":false,"_tec_requires_first_save":true,"_eb_attr":"","_uag_custom_page_level_css":"","_EventAllDay":false,"_EventTimezone":"","_EventStartDate":"","_EventEndDate":"","_EventStartDateUTC":"","_EventEndDateUTC":"","_EventShowMap":false,"_EventShowMapLink":false,"_EventURL":"","_EventCost":"","_EventCostDescription":"","_EventCurrencySymbol":"","_EventCurrencyCode":"","_EventCurrencyPosition":"","_EventDateTimeSeparator":"","_EventTimeRangeSeparator":"","_EventOrganizerID":[],"_EventVenueID":[],"_OrganizerEmail":"","_OrganizerPhone":"","_OrganizerWebsite":"","_VenueAddress":"","_VenueCity":"","_VenueCountry":"","_VenueProvince":"","_VenueState":"","_VenueZip":"","_VenuePhone":"","_VenueURL":"","_VenueStateProvince":"","_VenueLat":"","_VenueLng":"","_VenueShowMap":false,"_VenueShowMapLink":false,"_tribe_blocks_recurrence_rules":"","_tribe_blocks_recurrence_description":"","_tribe_blocks_recurrence_exclusions":"","_ecp_custom_2":"","footnotes":""},"class_list":["post-58684","page","type-page","status-publish","hentry"],"acf":[],"yoast_head":"<!-- This site is optimized with the Yoast SEO Premium plugin v27.4 (Yoast SEO v27.4) - https:\/\/yoast.com\/product\/yoast-seo-premium-wordpress\/ -->\n<title>Feed Zinpro Confirmation &#8211; Zinpro\u00ae<\/title>\n<meta name=\"description\" content=\"Read more about Feed Zinpro Confirmation and from Zinpro\u00ae here.\" \/>\n<meta name=\"robots\" content=\"index, follow, max-snippet:-1, max-image-preview:large, max-video-preview:-1\" \/>\n<link rel=\"canonical\" href=\"https:\/\/www.zinpro.com\/fr\/feedzinpro-confirmation\/\" \/>\n<meta property=\"og:locale\" content=\"fr_FR\" \/>\n<meta property=\"og:type\" content=\"article\" \/>\n<meta property=\"og:title\" content=\"Feed Zinpro Confirmation &#8211; Zinpro\u00ae\" \/>\n<meta property=\"og:description\" content=\"Read more about Feed Zinpro Confirmation and from Zinpro\u00ae here.\" \/>\n<meta property=\"og:url\" content=\"https:\/\/www.zinpro.com\/fr\/feedzinpro-confirmation\/\" \/>\n<meta property=\"og:site_name\" content=\"Zinpro\u00ae\" \/>\n<meta property=\"article:publisher\" content=\"https:\/\/www.facebook.com\/ZinproCorp\/\" \/>\n<meta property=\"article:modified_time\" content=\"2025-02-19T23:00:56+00:00\" \/>\n<meta property=\"og:image\" content=\"https:\/\/www.zinpro.com\/wp-content\/uploads\/2023\/07\/WATT-FeedFormulation_1440x420.jpg\" \/>\n\t<meta property=\"og:image:width\" content=\"1440\" \/>\n\t<meta property=\"og:image:height\" content=\"420\" \/>\n\t<meta property=\"og:image:type\" content=\"image\/jpeg\" \/>\n<meta name=\"twitter:card\" content=\"summary_large_image\" \/>\n<meta name=\"twitter:site\" content=\"@wdolezal\" \/>\n<meta name=\"twitter:label1\" content=\"Dur\u00e9e de lecture estim\u00e9e\" \/>\n\t<meta name=\"twitter:data1\" content=\"2 minutes\" \/>\n<script type=\"application\/ld+json\" class=\"yoast-schema-graph\">{\"@context\":\"https:\\\/\\\/schema.org\",\"@graph\":[{\"@type\":\"WebPage\",\"@id\":\"https:\\\/\\\/www.zinpro.com\\\/feedzinpro-confirmation\\\/\",\"url\":\"https:\\\/\\\/www.zinpro.com\\\/feedzinpro-confirmation\\\/\",\"name\":\"Feed Zinpro Confirmation &#8211; Zinpro\u00ae\",\"isPartOf\":{\"@id\":\"https:\\\/\\\/www.zinpro.com\\\/#website\"},\"primaryImageOfPage\":{\"@id\":\"https:\\\/\\\/www.zinpro.com\\\/feedzinpro-confirmation\\\/#primaryimage\"},\"image\":{\"@id\":\"https:\\\/\\\/www.zinpro.com\\\/feedzinpro-confirmation\\\/#primaryimage\"},\"thumbnailUrl\":\"https:\\\/\\\/www.zinpro.com\\\/wp-content\\\/uploads\\\/2023\\\/07\\\/WATT-FeedFormulation_1440x420.jpg\",\"datePublished\":\"2023-07-11T20:59:24+00:00\",\"dateModified\":\"2025-02-19T23:00:56+00:00\",\"description\":\"Read more about Feed Zinpro Confirmation and from Zinpro\u00ae here.\",\"inLanguage\":\"fr-FR\",\"potentialAction\":[{\"@type\":\"ReadAction\",\"target\":[\"https:\\\/\\\/www.zinpro.com\\\/feedzinpro-confirmation\\\/\"]}]},{\"@type\":\"ImageObject\",\"inLanguage\":\"fr-FR\",\"@id\":\"https:\\\/\\\/www.zinpro.com\\\/feedzinpro-confirmation\\\/#primaryimage\",\"url\":\"https:\\\/\\\/www.zinpro.com\\\/wp-content\\\/uploads\\\/2023\\\/07\\\/WATT-FeedFormulation_1440x420.jpg\",\"contentUrl\":\"https:\\\/\\\/www.zinpro.com\\\/wp-content\\\/uploads\\\/2023\\\/07\\\/WATT-FeedFormulation_1440x420.jpg\"},{\"@type\":\"WebSite\",\"@id\":\"https:\\\/\\\/www.zinpro.com\\\/#website\",\"url\":\"https:\\\/\\\/www.zinpro.com\\\/\",\"name\":\"Zinpro\u00ae\",\"description\":\"\",\"potentialAction\":[{\"@type\":\"SearchAction\",\"target\":{\"@type\":\"EntryPoint\",\"urlTemplate\":\"https:\\\/\\\/www.zinpro.com\\\/?s={search_term_string}\"},\"query-input\":{\"@type\":\"PropertyValueSpecification\",\"valueRequired\":true,\"valueName\":\"search_term_string\"}}],\"inLanguage\":\"fr-FR\"}]}<\/script>\n<!-- \/ Yoast SEO Premium plugin. -->","yoast_head_json":{"title":"Confirmation de l'alimentation en Zinpro - Zinpro\u00ae.","description":"Pour en savoir plus sur Feed Zinpro Confirmation et sur Zinpro\u00ae, cliquez ici.","robots":{"index":"index","follow":"follow","max-snippet":"max-snippet:-1","max-image-preview":"max-image-preview:large","max-video-preview":"max-video-preview:-1"},"canonical":"https:\/\/www.zinpro.com\/fr\/feedzinpro-confirmation\/","og_locale":"fr_FR","og_type":"article","og_title":"Feed Zinpro Confirmation &#8211; Zinpro\u00ae","og_description":"Read more about Feed Zinpro Confirmation and from Zinpro\u00ae here.","og_url":"https:\/\/www.zinpro.com\/fr\/feedzinpro-confirmation\/","og_site_name":"Zinpro\u00ae","article_publisher":"https:\/\/www.facebook.com\/ZinproCorp\/","article_modified_time":"2025-02-19T23:00:56+00:00","og_image":[{"width":1440,"height":420,"url":"https:\/\/www.zinpro.com\/wp-content\/uploads\/2023\/07\/WATT-FeedFormulation_1440x420.jpg","type":"image\/jpeg"}],"twitter_card":"summary_large_image","twitter_site":"@wdolezal","twitter_misc":{"Dur\u00e9e de lecture estim\u00e9e":"2 minutes"},"schema":{"@context":"https:\/\/schema.org","@graph":[{"@type":"WebPage","@id":"https:\/\/www.zinpro.com\/feedzinpro-confirmation\/","url":"https:\/\/www.zinpro.com\/feedzinpro-confirmation\/","name":"Confirmation de l'alimentation en Zinpro - Zinpro\u00ae.","isPartOf":{"@id":"https:\/\/www.zinpro.com\/#website"},"primaryImageOfPage":{"@id":"https:\/\/www.zinpro.com\/feedzinpro-confirmation\/#primaryimage"},"image":{"@id":"https:\/\/www.zinpro.com\/feedzinpro-confirmation\/#primaryimage"},"thumbnailUrl":"https:\/\/www.zinpro.com\/wp-content\/uploads\/2023\/07\/WATT-FeedFormulation_1440x420.jpg","datePublished":"2023-07-11T20:59:24+00:00","dateModified":"2025-02-19T23:00:56+00:00","description":"Pour en savoir plus sur Feed Zinpro Confirmation et sur Zinpro\u00ae, cliquez ici.","inLanguage":"fr-FR","potentialAction":[{"@type":"ReadAction","target":["https:\/\/www.zinpro.com\/feedzinpro-confirmation\/"]}]},{"@type":"ImageObject","inLanguage":"fr-FR","@id":"https:\/\/www.zinpro.com\/feedzinpro-confirmation\/#primaryimage","url":"https:\/\/www.zinpro.com\/wp-content\/uploads\/2023\/07\/WATT-FeedFormulation_1440x420.jpg","contentUrl":"https:\/\/www.zinpro.com\/wp-content\/uploads\/2023\/07\/WATT-FeedFormulation_1440x420.jpg"},{"@type":"WebSite","@id":"https:\/\/www.zinpro.com\/#website","url":"https:\/\/www.zinpro.com\/","name":"Zinpro\u00ae","description":"","potentialAction":[{"@type":"SearchAction","target":{"@type":"EntryPoint","urlTemplate":"https:\/\/www.zinpro.com\/?s={search_term_string}"},"query-input":{"@type":"PropertyValueSpecification","valueRequired":true,"valueName":"search_term_string"}}],"inLanguage":"fr-FR"}]}},"spectra_custom_meta":{"_edit_lock":["1740006238:14"],"_edit_last":["14"],"ss_social_share_disable":[""],"_yoast_wpseo_content_score":["90"],"_yoast_wpseo_focuskeywords":["[]"],"_yoast_wpseo_keywordsynonyms":["[\"\"]"],"_yoast_wpseo_estimated-reading-time-minutes":["2"],"_yoast_wpseo_wordproof_timestamp":[""],"_wp_page_template":["default"],"_eb_reusable_block_ids":["a:0:{}"],"_uag_css_file_name":["uag-css-58684.css"],"_uag_page_assets":["a:9:{s:3:\"css\";s:263:\".uag-blocks-common-selector{z-index:var(--z-index-desktop) !important}@media (max-width: 976px){.uag-blocks-common-selector{z-index:var(--z-index-tablet) !important}}@media (max-width: 767px){.uag-blocks-common-selector{z-index:var(--z-index-mobile) !important}}\n\";s:2:\"js\";s:0:\"\";s:18:\"current_block_list\";a:20:{i:0;s:10:\"core\/cover\";i:1;s:14:\"core\/paragraph\";i:2;s:12:\"core\/heading\";i:3;s:24:\"zinpro\/responsive-spacer\";i:4;s:10:\"core\/group\";i:5;s:12:\"core\/columns\";i:6;s:11:\"core\/column\";i:7;s:12:\"core\/buttons\";i:8;s:11:\"core\/button\";i:10;s:10:\"core\/image\";i:11;s:9:\"core\/list\";i:12;s:14:\"core\/list-item\";i:13;s:11:\"core\/search\";i:14;s:17:\"core\/latest-posts\";i:15;s:20:\"core\/latest-comments\";i:16;s:13:\"core\/archives\";i:17;s:15:\"core\/categories\";i:18;s:17:\"core\/social-links\";i:19;s:16:\"core\/social-link\";i:20;s:11:\"core\/spacer\";}s:8:\"uag_flag\";b:0;s:11:\"uag_version\";s:10:\"1777036462\";s:6:\"gfonts\";a:0:{}s:10:\"gfonts_url\";s:0:\"\";s:12:\"gfonts_files\";a:0:{}s:14:\"uag_faq_layout\";b:0;}"]},"uagb_featured_image_src":{"full":false,"thumbnail":false,"medium":false,"medium_large":false,"large":false,"gs-tiny":false,"xl":false,"xxl":false,"xxxl":false,"xxxxl":false,"xxxxxl":false,"1536x1536":false,"2048x2048":false,"trp-custom-language-flag":false,"gform-image-choice-sm":false,"gform-image-choice-md":false,"gform-image-choice-lg":false,"menu-24x24":false,"menu-36x36":false,"menu-48x48":false},"uagb_author_info":{"display_name":"Matt Wolleat","author_link":"https:\/\/www.zinpro.com\/fr\/resource-center\/author\/mwolleatzinpro-com\/"},"uagb_comment_info":0,"uagb_excerpt":"Together We Can Maximize Your Nutrients and Minimize Your Costs #resp-spacer-block_e5920dba23aeb82120f08163ed652fcb { margin-top: 80px; } @media screen and (max-width: 1366px) { #resp-spacer-block_e5920dba23aeb82120f08163ed652fcb { margin-top: 60px; } } @media screen and (max-width: 960px) [...]","_links":{"self":[{"href":"https:\/\/www.zinpro.com\/fr\/wp-json\/wp\/v2\/pages\/58684","targetHints":{"allow":["GET"]}}],"collection":[{"href":"https:\/\/www.zinpro.com\/fr\/wp-json\/wp\/v2\/pages"}],"about":[{"href":"https:\/\/www.zinpro.com\/fr\/wp-json\/wp\/v2\/types\/page"}],"author":[{"embeddable":true,"href":"https:\/\/www.zinpro.com\/fr\/wp-json\/wp\/v2\/users\/8"}],"replies":[{"embeddable":true,"href":"https:\/\/www.zinpro.com\/fr\/wp-json\/wp\/v2\/comments?post=58684"}],"version-history":[{"count":0,"href":"https:\/\/www.zinpro.com\/fr\/wp-json\/wp\/v2\/pages\/58684\/revisions"}],"wp:attachment":[{"href":"https:\/\/www.zinpro.com\/fr\/wp-json\/wp\/v2\/media?parent=58684"}],"curies":[{"name":"wp","href":"https:\/\/api.w.org\/{rel}","templated":true}]}}