

{"id":58463,"date":"2023-07-06T15:20:42","date_gmt":"2023-07-06T15:20:42","guid":{"rendered":"https:\/\/www.zinpro.com\/?page_id=58463"},"modified":"2024-11-19T15:09:43","modified_gmt":"2024-11-19T20:09:43","slug":"beef-calculator-confirmation","status":"publish","type":"page","link":"https:\/\/www.zinpro.com\/fr\/species\/beef\/cow-calf\/beef-calculator-confirmation\/","title":{"rendered":"Confirmation du calculateur de viande bovine"},"content":{"rendered":"<div id=\"resp-spacer-block_7e7a76a7cf21de537be6069a5bb729a8\" class=\"zinpro-spacer-block\"><\/div>\n\n<style>\n#resp-spacer-block_7e7a76a7cf21de537be6069a5bb729a8 {\n\tmargin-top: 60px;\n}\n\n@media screen and (max-width: 1366px) {\n\t#resp-spacer-block_7e7a76a7cf21de537be6069a5bb729a8 {\n\t\tmargin-top: 60px;\n\t}\n}\n\n@media screen and (max-width: 960px) {\n\t#resp-spacer-block_7e7a76a7cf21de537be6069a5bb729a8 {\n\t\tmargin-top: 40px;\n\t}\n}\n<\/style>\n\n\n<p>Merci de remplir notre formulaire ! Vous serez contact\u00e9 dans les plus brefs d\u00e9lais.<\/p>\n\n\n\n<div class=\"wp-block-buttons is-layout-flex wp-block-buttons-is-layout-flex\">\n<div class=\"wp-block-button\"><a class=\"wp-block-button__link wp-element-button\" href=\"https:\/\/www.zinpro.com\/fr\/species\/beef\/cow-calf\/\">Retour \u00e0 la page Vache Veau<\/a><\/div>\n<\/div>\n\n\n\n\n<div id=\"resp-spacer-block_2085319355fa2f8edeb4a5051bd64028\" class=\"zinpro-spacer-block\"><\/div>\n\n<style>\n#resp-spacer-block_2085319355fa2f8edeb4a5051bd64028 {\n\tmargin-top: 80px;\n}\n\n@media screen and (max-width: 1366px) {\n\t#resp-spacer-block_2085319355fa2f8edeb4a5051bd64028 {\n\t\tmargin-top: 60px;\n\t}\n}\n\n@media screen and (max-width: 960px) {\n\t#resp-spacer-block_2085319355fa2f8edeb4a5051bd64028 {\n\t\tmargin-top: 40px;\n\t}\n}\n<\/style>","protected":false},"excerpt":{"rendered":"<p>#resp-spacer-block_7e7a76a7cf21de537be6069a5bb729a8 {<br \/>\n\tmargin-top: 60px;<br \/>\n}<\/p>\n<p>@media screen and (max-width: 1366px) {<br \/>\n\t#resp-spacer-block_7e7a76a7cf21de537be6069a5bb729a8 {<br \/>\n\t\tmargin-top: 60px;<br \/>\n\t}<br \/>\n}<\/p>\n<p>@media screen and (max-width: 960px) {<br \/>\n\t#resp-spacer-block_7e7a76a7cf21de537be6069a5bb729a8 {<br \/>\n\t\tmargin-top: 40px;<br \/>\n\t}<br \/>\n}<\/p>\n<p>Thank you for filling out our form! You will [&#8230;]<\/p>\n","protected":false},"author":8,"featured_media":0,"parent":59943,"menu_order":0,"comment_status":"closed","ping_status":"closed","template":"","meta":{"_acf_changed":false,"_tec_requires_first_save":true,"_eb_attr":"","_uag_custom_page_level_css":"","_EventAllDay":false,"_EventTimezone":"","_EventStartDate":"","_EventEndDate":"","_EventStartDateUTC":"","_EventEndDateUTC":"","_EventShowMap":false,"_EventShowMapLink":false,"_EventURL":"","_EventCost":"","_EventCostDescription":"","_EventCurrencySymbol":"","_EventCurrencyCode":"","_EventCurrencyPosition":"","_EventDateTimeSeparator":"","_EventTimeRangeSeparator":"","_EventOrganizerID":[],"_EventVenueID":[],"_OrganizerEmail":"","_OrganizerPhone":"","_OrganizerWebsite":"","_VenueAddress":"","_VenueCity":"","_VenueCountry":"","_VenueProvince":"","_VenueState":"","_VenueZip":"","_VenuePhone":"","_VenueURL":"","_VenueStateProvince":"","_VenueLat":"","_VenueLng":"","_VenueShowMap":false,"_VenueShowMapLink":false,"_tribe_blocks_recurrence_rules":"","_tribe_blocks_recurrence_description":"","_tribe_blocks_recurrence_exclusions":"","_ecp_custom_2":"","footnotes":""},"class_list":["post-58463","page","type-page","status-publish","hentry"],"acf":[],"yoast_head":"<!-- This site is optimized with the Yoast SEO Premium plugin v27.4 (Yoast SEO v27.4) - https:\/\/yoast.com\/product\/yoast-seo-premium-wordpress\/ -->\n<title>Beef Calculator Confirmation &#8211; Zinpro\u00ae<\/title>\n<meta name=\"description\" content=\"Bulls are responsible for 50% of the breeding equation. When you provide for their wellbeing and health, you unlock immense benefits that maximize their overall fertility and mobility.\" \/>\n<meta name=\"robots\" content=\"index, follow, max-snippet:-1, max-image-preview:large, max-video-preview:-1\" \/>\n<link rel=\"canonical\" href=\"https:\/\/www.zinpro.com\/fr\/species\/beef\/cow-calf\/beef-calculator-confirmation\/\" \/>\n<meta property=\"og:locale\" content=\"fr_FR\" \/>\n<meta property=\"og:type\" content=\"article\" \/>\n<meta property=\"og:title\" content=\"Beef Calculator Confirmation &#8211; Zinpro\u00ae\" \/>\n<meta property=\"og:description\" content=\"Bulls are responsible for 50% of the breeding equation. When you provide for their wellbeing and health, you unlock immense benefits that maximize their overall fertility and mobility.\" \/>\n<meta property=\"og:url\" content=\"https:\/\/www.zinpro.com\/fr\/species\/beef\/cow-calf\/beef-calculator-confirmation\/\" \/>\n<meta property=\"og:site_name\" content=\"Zinpro\u00ae\" \/>\n<meta property=\"article:publisher\" content=\"https:\/\/www.facebook.com\/ZinproCorp\/\" \/>\n<meta property=\"article:modified_time\" content=\"2024-11-19T20:09:43+00:00\" \/>\n<meta name=\"twitter:card\" content=\"summary_large_image\" \/>\n<meta name=\"twitter:site\" content=\"@wdolezal\" \/>\n<meta name=\"twitter:label1\" content=\"Dur\u00e9e de lecture estim\u00e9e\" \/>\n\t<meta name=\"twitter:data1\" content=\"1 minute\" \/>\n<script type=\"application\/ld+json\" class=\"yoast-schema-graph\">{\"@context\":\"https:\\\/\\\/schema.org\",\"@graph\":[{\"@type\":\"WebPage\",\"@id\":\"https:\\\/\\\/www.zinpro.com\\\/species\\\/beef\\\/cow-calf\\\/beef-calculator-confirmation\\\/\",\"url\":\"https:\\\/\\\/www.zinpro.com\\\/species\\\/beef\\\/cow-calf\\\/beef-calculator-confirmation\\\/\",\"name\":\"Beef Calculator Confirmation &#8211; Zinpro\u00ae\",\"isPartOf\":{\"@id\":\"https:\\\/\\\/www.zinpro.com\\\/#website\"},\"datePublished\":\"2023-07-06T15:20:42+00:00\",\"dateModified\":\"2024-11-19T20:09:43+00:00\",\"description\":\"Bulls are responsible for 50% of the breeding equation. When you provide for their wellbeing and health, you unlock immense benefits that maximize their overall fertility and mobility.\",\"breadcrumb\":{\"@id\":\"https:\\\/\\\/www.zinpro.com\\\/species\\\/beef\\\/cow-calf\\\/beef-calculator-confirmation\\\/#breadcrumb\"},\"inLanguage\":\"fr-FR\",\"potentialAction\":[{\"@type\":\"ReadAction\",\"target\":[\"https:\\\/\\\/www.zinpro.com\\\/species\\\/beef\\\/cow-calf\\\/beef-calculator-confirmation\\\/\"]}]},{\"@type\":\"BreadcrumbList\",\"@id\":\"https:\\\/\\\/www.zinpro.com\\\/species\\\/beef\\\/cow-calf\\\/beef-calculator-confirmation\\\/#breadcrumb\",\"itemListElement\":[{\"@type\":\"ListItem\",\"position\":1,\"name\":\"Species\",\"item\":\"https:\\\/\\\/www.zinpro.com\\\/species\\\/\"},{\"@type\":\"ListItem\",\"position\":2,\"name\":\"Beef\",\"item\":\"https:\\\/\\\/www.zinpro.com\\\/species\\\/beef\\\/\"},{\"@type\":\"ListItem\",\"position\":3,\"name\":\"Cow Calf\",\"item\":\"https:\\\/\\\/www.zinpro.com\\\/species\\\/beef\\\/cow-calf\\\/\"},{\"@type\":\"ListItem\",\"position\":4,\"name\":\"Beef Calculator Confirmation\"}]},{\"@type\":\"WebSite\",\"@id\":\"https:\\\/\\\/www.zinpro.com\\\/#website\",\"url\":\"https:\\\/\\\/www.zinpro.com\\\/\",\"name\":\"Zinpro\u00ae\",\"description\":\"\",\"potentialAction\":[{\"@type\":\"SearchAction\",\"target\":{\"@type\":\"EntryPoint\",\"urlTemplate\":\"https:\\\/\\\/www.zinpro.com\\\/?s={search_term_string}\"},\"query-input\":{\"@type\":\"PropertyValueSpecification\",\"valueRequired\":true,\"valueName\":\"search_term_string\"}}],\"inLanguage\":\"fr-FR\"}]}<\/script>\n<!-- \/ Yoast SEO Premium plugin. -->","yoast_head_json":{"title":"Confirmation du calculateur de viande de b\u0153uf - Zinpro","description":"Les taureaux repr\u00e9sentent 50% de l'\u00e9quation de l'\u00e9levage. Lorsque vous veillez \u00e0 leur bien-\u00eatre et \u00e0 leur sant\u00e9, vous obtenez d'immenses avantages qui maximisent leur fertilit\u00e9 et leur mobilit\u00e9 globales.","robots":{"index":"index","follow":"follow","max-snippet":"max-snippet:-1","max-image-preview":"max-image-preview:large","max-video-preview":"max-video-preview:-1"},"canonical":"https:\/\/www.zinpro.com\/fr\/species\/beef\/cow-calf\/beef-calculator-confirmation\/","og_locale":"fr_FR","og_type":"article","og_title":"Beef Calculator Confirmation &#8211; Zinpro\u00ae","og_description":"Bulls are responsible for 50% of the breeding equation. When you provide for their wellbeing and health, you unlock immense benefits that maximize their overall fertility and mobility.","og_url":"https:\/\/www.zinpro.com\/fr\/species\/beef\/cow-calf\/beef-calculator-confirmation\/","og_site_name":"Zinpro\u00ae","article_publisher":"https:\/\/www.facebook.com\/ZinproCorp\/","article_modified_time":"2024-11-19T20:09:43+00:00","twitter_card":"summary_large_image","twitter_site":"@wdolezal","twitter_misc":{"Dur\u00e9e de lecture estim\u00e9e":"1 minute"},"schema":{"@context":"https:\/\/schema.org","@graph":[{"@type":"WebPage","@id":"https:\/\/www.zinpro.com\/species\/beef\/cow-calf\/beef-calculator-confirmation\/","url":"https:\/\/www.zinpro.com\/species\/beef\/cow-calf\/beef-calculator-confirmation\/","name":"Confirmation du calculateur de viande de b\u0153uf - Zinpro","isPartOf":{"@id":"https:\/\/www.zinpro.com\/#website"},"datePublished":"2023-07-06T15:20:42+00:00","dateModified":"2024-11-19T20:09:43+00:00","description":"Les taureaux repr\u00e9sentent 50% de l'\u00e9quation de l'\u00e9levage. Lorsque vous veillez \u00e0 leur bien-\u00eatre et \u00e0 leur sant\u00e9, vous obtenez d'immenses avantages qui maximisent leur fertilit\u00e9 et leur mobilit\u00e9 globales.","breadcrumb":{"@id":"https:\/\/www.zinpro.com\/species\/beef\/cow-calf\/beef-calculator-confirmation\/#breadcrumb"},"inLanguage":"fr-FR","potentialAction":[{"@type":"ReadAction","target":["https:\/\/www.zinpro.com\/species\/beef\/cow-calf\/beef-calculator-confirmation\/"]}]},{"@type":"BreadcrumbList","@id":"https:\/\/www.zinpro.com\/species\/beef\/cow-calf\/beef-calculator-confirmation\/#breadcrumb","itemListElement":[{"@type":"ListItem","position":1,"name":"Species","item":"https:\/\/www.zinpro.com\/species\/"},{"@type":"ListItem","position":2,"name":"Beef","item":"https:\/\/www.zinpro.com\/species\/beef\/"},{"@type":"ListItem","position":3,"name":"Cow Calf","item":"https:\/\/www.zinpro.com\/species\/beef\/cow-calf\/"},{"@type":"ListItem","position":4,"name":"Beef Calculator Confirmation"}]},{"@type":"WebSite","@id":"https:\/\/www.zinpro.com\/#website","url":"https:\/\/www.zinpro.com\/","name":"Zinpro\u00ae","description":"","potentialAction":[{"@type":"SearchAction","target":{"@type":"EntryPoint","urlTemplate":"https:\/\/www.zinpro.com\/?s={search_term_string}"},"query-input":{"@type":"PropertyValueSpecification","valueRequired":true,"valueName":"search_term_string"}}],"inLanguage":"fr-FR"}]}},"spectra_custom_meta":{"_edit_lock":["1732047358:14"],"_oembed_708cc253cdbaa4bc8081a8ef9ffff158":["<iframe title=\"Zinpro Brand Video\" width=\"640\" height=\"360\" src=\"https:\/\/www.youtube.com\/embed\/XWkNHeZiOGE?feature=oembed\" frameborder=\"0\" allow=\"accelerometer; autoplay; clipboard-write; encrypted-media; gyroscope; picture-in-picture; web-share\" allowfullscreen><\/iframe>"],"_oembed_time_708cc253cdbaa4bc8081a8ef9ffff158":["1681245067"],"_edit_last":["14"],"_yoast_wpseo_content_score":["90"],"_yoast_wpseo_estimated-reading-time-minutes":["1"],"_yoast_wpseo_wordproof_timestamp":[""],"_oembed_43309fb9243b0e6aa652caa76aee777d":["<iframe title=\"Partnering for Performance\" width=\"640\" height=\"360\" src=\"https:\/\/www.youtube.com\/embed\/Z8lpN53O2_I?feature=oembed\" frameborder=\"0\" allow=\"accelerometer; autoplay; clipboard-write; encrypted-media; gyroscope; picture-in-picture; web-share\" allowfullscreen><\/iframe>"],"_oembed_time_43309fb9243b0e6aa652caa76aee777d":["1684260147"],"ss_social_share_disable":[""],"_yoast_wpseo_title":["Beef Calculator Confirmation %%sep%% %%sitename%%"],"_yoast_wpseo_metadesc":["Bulls are responsible for 50% of the breeding equation. When you provide for their wellbeing and health, you unlock immense benefits that maximize their overall fertility and mobility."],"_yoast_wpseo_focuskeywords":["[]"],"_yoast_wpseo_keywordsynonyms":["[\"\"]"],"_wp_page_template":["default"],"_eb_reusable_block_ids":["a:0:{}"],"_uag_css_file_name":["uag-css-58463.css"],"_uagb_previous_block_counts":["a:90:{s:21:\"uagb\/advanced-heading\";i:0;s:15:\"uagb\/blockquote\";i:0;s:12:\"uagb\/buttons\";i:0;s:18:\"uagb\/buttons-child\";i:0;s:19:\"uagb\/call-to-action\";i:0;s:15:\"uagb\/cf7-styler\";i:0;s:11:\"uagb\/column\";i:0;s:12:\"uagb\/columns\";i:0;s:14:\"uagb\/container\";i:0;s:21:\"uagb\/content-timeline\";i:0;s:27:\"uagb\/content-timeline-child\";i:0;s:14:\"uagb\/countdown\";i:0;s:12:\"uagb\/counter\";i:0;s:8:\"uagb\/faq\";i:0;s:14:\"uagb\/faq-child\";i:0;s:10:\"uagb\/forms\";i:0;s:17:\"uagb\/forms-accept\";i:0;s:19:\"uagb\/forms-checkbox\";i:0;s:15:\"uagb\/forms-date\";i:0;s:16:\"uagb\/forms-email\";i:0;s:17:\"uagb\/forms-hidden\";i:0;s:15:\"uagb\/forms-name\";i:0;s:16:\"uagb\/forms-phone\";i:0;s:16:\"uagb\/forms-radio\";i:0;s:17:\"uagb\/forms-select\";i:0;s:19:\"uagb\/forms-textarea\";i:0;s:17:\"uagb\/forms-toggle\";i:0;s:14:\"uagb\/forms-url\";i:0;s:14:\"uagb\/gf-styler\";i:0;s:15:\"uagb\/google-map\";i:0;s:11:\"uagb\/how-to\";i:0;s:16:\"uagb\/how-to-step\";i:0;s:9:\"uagb\/icon\";i:0;s:14:\"uagb\/icon-list\";i:0;s:20:\"uagb\/icon-list-child\";i:0;s:10:\"uagb\/image\";i:0;s:18:\"uagb\/image-gallery\";i:0;s:13:\"uagb\/info-box\";i:0;s:18:\"uagb\/inline-notice\";i:0;s:11:\"uagb\/lottie\";i:0;s:21:\"uagb\/marketing-button\";i:0;s:10:\"uagb\/modal\";i:0;s:18:\"uagb\/popup-builder\";i:0;s:16:\"uagb\/post-button\";i:0;s:18:\"uagb\/post-carousel\";i:0;s:17:\"uagb\/post-excerpt\";i:0;s:14:\"uagb\/post-grid\";i:0;s:15:\"uagb\/post-image\";i:0;s:17:\"uagb\/post-masonry\";i:0;s:14:\"uagb\/post-meta\";i:0;s:18:\"uagb\/post-taxonomy\";i:0;s:18:\"uagb\/post-timeline\";i:0;s:15:\"uagb\/post-title\";i:0;s:20:\"uagb\/restaurant-menu\";i:0;s:26:\"uagb\/restaurant-menu-child\";i:0;s:11:\"uagb\/review\";i:0;s:12:\"uagb\/section\";i:0;s:14:\"uagb\/separator\";i:0;s:11:\"uagb\/slider\";i:0;s:17:\"uagb\/slider-child\";i:0;s:17:\"uagb\/social-share\";i:0;s:23:\"uagb\/social-share-child\";i:0;s:16:\"uagb\/star-rating\";i:0;s:23:\"uagb\/sure-cart-checkout\";i:0;s:22:\"uagb\/sure-cart-product\";i:0;s:15:\"uagb\/sure-forms\";i:0;s:22:\"uagb\/table-of-contents\";i:0;s:9:\"uagb\/tabs\";i:0;s:15:\"uagb\/tabs-child\";i:0;s:18:\"uagb\/taxonomy-list\";i:0;s:9:\"uagb\/team\";i:0;s:16:\"uagb\/testimonial\";i:0;s:14:\"uagb\/wp-search\";i:0;s:19:\"uagb\/instagram-feed\";i:0;s:10:\"uagb\/login\";i:0;s:17:\"uagb\/loop-builder\";i:0;s:18:\"uagb\/loop-category\";i:0;s:20:\"uagb\/loop-pagination\";i:0;s:15:\"uagb\/loop-reset\";i:0;s:16:\"uagb\/loop-search\";i:0;s:14:\"uagb\/loop-sort\";i:0;s:17:\"uagb\/loop-wrapper\";i:0;s:13:\"uagb\/register\";i:0;s:19:\"uagb\/register-email\";i:0;s:24:\"uagb\/register-first-name\";i:0;s:23:\"uagb\/register-last-name\";i:0;s:22:\"uagb\/register-password\";i:0;s:30:\"uagb\/register-reenter-password\";i:0;s:19:\"uagb\/register-terms\";i:0;s:22:\"uagb\/register-username\";i:0;}"],"_uag_page_assets":["a:9:{s:3:\"css\";s:260:\".uag-blocks-common-selector{z-index:var(--z-index-desktop) !important}@media(max-width: 976px){.uag-blocks-common-selector{z-index:var(--z-index-tablet) !important}}@media(max-width: 767px){.uag-blocks-common-selector{z-index:var(--z-index-mobile) !important}}\";s:2:\"js\";s:0:\"\";s:18:\"current_block_list\";a:15:{i:0;s:24:\"zinpro\/responsive-spacer\";i:1;s:14:\"core\/paragraph\";i:2;s:12:\"core\/buttons\";i:3;s:11:\"core\/button\";i:4;s:11:\"core\/search\";i:5;s:10:\"core\/group\";i:6;s:12:\"core\/heading\";i:7;s:17:\"core\/latest-posts\";i:8;s:20:\"core\/latest-comments\";i:9;s:13:\"core\/archives\";i:10;s:15:\"core\/categories\";i:11;s:17:\"core\/social-links\";i:12;s:16:\"core\/social-link\";i:13;s:11:\"core\/spacer\";i:14;s:10:\"core\/image\";}s:8:\"uag_flag\";b:0;s:11:\"uag_version\";s:10:\"1777426717\";s:6:\"gfonts\";a:0:{}s:10:\"gfonts_url\";s:0:\"\";s:12:\"gfonts_files\";a:0:{}s:14:\"uag_faq_layout\";b:0;}"]},"uagb_featured_image_src":{"full":false,"thumbnail":false,"medium":false,"medium_large":false,"large":false,"gs-tiny":false,"xl":false,"xxl":false,"xxxl":false,"xxxxl":false,"xxxxxl":false,"1536x1536":false,"2048x2048":false,"trp-custom-language-flag":false,"gform-image-choice-sm":false,"gform-image-choice-md":false,"gform-image-choice-lg":false,"menu-24x24":false,"menu-36x36":false,"menu-48x48":false},"uagb_author_info":{"display_name":"Matt Wolleat","author_link":"https:\/\/www.zinpro.com\/fr\/resource-center\/author\/mwolleatzinpro-com\/"},"uagb_comment_info":0,"uagb_excerpt":"#resp-spacer-block_7e7a76a7cf21de537be6069a5bb729a8 { margin-top: 60px; } @media screen and (max-width: 1366px) { #resp-spacer-block_7e7a76a7cf21de537be6069a5bb729a8 { margin-top: 60px; } } @media screen and (max-width: 960px) { #resp-spacer-block_7e7a76a7cf21de537be6069a5bb729a8 { margin-top: 40px; } } Thank you for filling out our form! You will [...]","_links":{"self":[{"href":"https:\/\/www.zinpro.com\/fr\/wp-json\/wp\/v2\/pages\/58463","targetHints":{"allow":["GET"]}}],"collection":[{"href":"https:\/\/www.zinpro.com\/fr\/wp-json\/wp\/v2\/pages"}],"about":[{"href":"https:\/\/www.zinpro.com\/fr\/wp-json\/wp\/v2\/types\/page"}],"author":[{"embeddable":true,"href":"https:\/\/www.zinpro.com\/fr\/wp-json\/wp\/v2\/users\/8"}],"replies":[{"embeddable":true,"href":"https:\/\/www.zinpro.com\/fr\/wp-json\/wp\/v2\/comments?post=58463"}],"version-history":[{"count":0,"href":"https:\/\/www.zinpro.com\/fr\/wp-json\/wp\/v2\/pages\/58463\/revisions"}],"up":[{"embeddable":true,"href":"https:\/\/www.zinpro.com\/fr\/wp-json\/wp\/v2\/pages\/59943"}],"wp:attachment":[{"href":"https:\/\/www.zinpro.com\/fr\/wp-json\/wp\/v2\/media?parent=58463"}],"curies":[{"name":"wp","href":"https:\/\/api.w.org\/{rel}","templated":true}]}}