{"id":636,"date":"2022-08-29T15:13:58","date_gmt":"2022-08-29T15:13:58","guid":{"rendered":"http:\/\/localhost:10048\/?page_id=636"},"modified":"2023-07-19T15:02:27","modified_gmt":"2023-07-19T20:02:27","slug":"our-commitment-to-quality","status":"publish","type":"page","link":"https:\/\/www.zinpro.com\/es_mx\/our-commitment-to-quality\/","title":{"rendered":"Calidad (Quality)"},"content":{"rendered":"<div class=\"wp-block-cover alignfull is-light\"><span aria-hidden=\"true\" class=\"wp-block-cover__background has-background-dim-10 has-background-dim\"><\/span><img loading=\"lazy\" decoding=\"async\" width=\"2400\" height=\"950\" class=\"wp-block-cover__image-background wp-image-48229\" alt=\"\" src=\"https:\/\/www.zinpro.com\/wp-content\/uploads\/2023\/04\/QualityHero.jpg\" data-object-fit=\"cover\" srcset=\"https:\/\/www.zinpro.com\/wp-content\/uploads\/2023\/04\/QualityHero.jpg 2400w, https:\/\/www.zinpro.com\/wp-content\/uploads\/2023\/04\/QualityHero-300x119.jpg 300w, https:\/\/www.zinpro.com\/wp-content\/uploads\/2023\/04\/QualityHero-1024x405.jpg 1024w, https:\/\/www.zinpro.com\/wp-content\/uploads\/2023\/04\/QualityHero-1600x633.jpg 1600w, https:\/\/www.zinpro.com\/wp-content\/uploads\/2023\/04\/QualityHero-1536x608.jpg 1536w, https:\/\/www.zinpro.com\/wp-content\/uploads\/2023\/04\/QualityHero-2048x811.jpg 2048w, https:\/\/www.zinpro.com\/wp-content\/uploads\/2023\/04\/QualityHero-18x7.jpg 18w\" sizes=\"auto, (max-width: 2400px) 100vw, 2400px\" \/><div class=\"wp-block-cover__inner-container is-layout-flow wp-block-cover-is-layout-flow\">\n<h1 class=\"wp-block-heading has-text-align-left has-white-color has-text-color translation-block\" id=\"h-quality-solutions-for-advanced-performance\">Soluciones de calidad para un rendimiento <br>avanzado<\/h1>\n<\/div><\/div>\n\n\n\n\n<div id=\"resp-spacer-block_01bdd938e9935997bff0d5e1fcab3040\" class=\"zinpro-spacer-block\"><\/div>\n\n<style>\n#resp-spacer-block_01bdd938e9935997bff0d5e1fcab3040 {\n\tmargin-top: 80px;\n}\n\n@media screen and (max-width: 1366px) {\n\t#resp-spacer-block_01bdd938e9935997bff0d5e1fcab3040 {\n\t\tmargin-top: 60px;\n\t}\n}\n\n@media screen and (max-width: 960px) {\n\t#resp-spacer-block_01bdd938e9935997bff0d5e1fcab3040 {\n\t\tmargin-top: 40px;\n\t}\n}\n<\/style>\n\n\n<h3 class=\"wp-block-heading\" id=\"h-our-quality-associations\">Nuestras asociaciones de calidad<\/h3>\n\n\n\n<p>Hemos solicitado y recibido las siguientes certificaciones de calidad y seguridad alimentaria, que demuestran que cumplimos satisfactoriamente las normas nacionales e internacionales de calidad y seguridad alimentaria.<\/p>\n\n\n\n\n<div id=\"resp-spacer-block_01bdd938e9935997bff0d5e1fcab3040\" class=\"zinpro-spacer-block\"><\/div>\n\n<style>\n#resp-spacer-block_01bdd938e9935997bff0d5e1fcab3040 {\n\tmargin-top: 80px;\n}\n\n@media screen and (max-width: 1366px) {\n\t#resp-spacer-block_01bdd938e9935997bff0d5e1fcab3040 {\n\t\tmargin-top: 60px;\n\t}\n}\n\n@media screen and (max-width: 960px) {\n\t#resp-spacer-block_01bdd938e9935997bff0d5e1fcab3040 {\n\t\tmargin-top: 40px;\n\t}\n}\n<\/style>\n\n\n<div class=\"wp-block-columns is-layout-flex wp-container-core-columns-is-layout-9d6595d7 wp-block-columns-is-layout-flex\">\n<div class=\"wp-block-column is-layout-flow wp-block-column-is-layout-flow\">\n<figure class=\"wp-block-image aligncenter size-full\"><img loading=\"lazy\" decoding=\"async\" width=\"360\" height=\"240\" src=\"http:\/\/www.zinpro.com\/wp-content\/uploads\/2022\/08\/SGS-Tile-1.png\" alt=\"\" class=\"wp-image-653\" srcset=\"https:\/\/www.zinpro.com\/wp-content\/uploads\/2022\/08\/SGS-Tile-1.png 360w, https:\/\/www.zinpro.com\/wp-content\/uploads\/2022\/08\/SGS-Tile-1-300x200.png 300w, https:\/\/www.zinpro.com\/wp-content\/uploads\/2022\/08\/SGS-Tile-1-18x12.png 18w\" sizes=\"auto, (max-width: 360px) 100vw, 360px\" \/><\/figure>\n\n\n\n<h6 class=\"wp-block-heading\" id=\"h-international-organization-for-standardization-iso-9001\">Organizaci\u00f3n Internacional de Normalizaci\u00f3n ISO 9001<\/h6>\n\n\n\n<p>La Organizaci\u00f3n Internacional de Normalizaci\u00f3n certifica que las instituciones cumplen los requisitos espec\u00edficos de las normas del sector. La designaci\u00f3n ISO 9001 reconoce que una instituci\u00f3n ha cumplido las rigurosas normas de ISO sobre sistemas de gesti\u00f3n de la calidad.<\/p>\n<\/div>\n\n\n\n<div class=\"wp-block-column is-layout-flow wp-block-column-is-layout-flow\">\n<figure class=\"wp-block-image aligncenter size-full\"><img loading=\"lazy\" decoding=\"async\" width=\"300\" height=\"200\" src=\"http:\/\/www.zinpro.com\/wp-content\/uploads\/2022\/08\/fami.jpg\" alt=\"\" class=\"wp-image-638\" srcset=\"https:\/\/www.zinpro.com\/wp-content\/uploads\/2022\/08\/fami.jpg 300w, https:\/\/www.zinpro.com\/wp-content\/uploads\/2022\/08\/fami-18x12.jpg 18w\" sizes=\"auto, (max-width: 300px) 100vw, 300px\" \/><\/figure>\n\n\n\n<h6 class=\"wp-block-heading\" id=\"h-the-feed-additives-and-premixtures-quality-system-fami-qs\">Sistema de calidad de aditivos y premezclas para piensos (FAMI-QS)<\/h6>\n\n\n\n<p>El C\u00f3digo de Pr\u00e1cticas FAMI-QS certifica que se est\u00e1n aplicando los requisitos sobre Buenas Pr\u00e1cticas de Fabricaci\u00f3n y el programa de An\u00e1lisis de Peligros y Puntos Cr\u00edticos de Control. Tambi\u00e9n incluye sugerencias sobre mejoras continuas en el dise\u00f1o de la gesti\u00f3n de las operaciones y los riesgos, con el objetivo de mantener la seguridad y la calidad de los piensos.<\/p>\n<\/div>\n\n\n\n<div class=\"wp-block-column is-layout-flow wp-block-column-is-layout-flow\">\n<figure class=\"wp-block-image aligncenter size-full\"><img loading=\"lazy\" decoding=\"async\" width=\"360\" height=\"240\" src=\"http:\/\/www.zinpro.com\/wp-content\/uploads\/2022\/08\/SQF-Tile.png\" alt=\"\" class=\"wp-image-639\" srcset=\"https:\/\/www.zinpro.com\/wp-content\/uploads\/2022\/08\/SQF-Tile.png 360w, https:\/\/www.zinpro.com\/wp-content\/uploads\/2022\/08\/SQF-Tile-300x200.png 300w, https:\/\/www.zinpro.com\/wp-content\/uploads\/2022\/08\/SQF-Tile-18x12.png 18w\" sizes=\"auto, (max-width: 360px) 100vw, 360px\" \/><\/figure>\n\n\n\n<h6 class=\"wp-block-heading\" id=\"h-safe-quality-food-code-for-manufacturing-sqf\">C\u00f3digo de calidad alimentaria segura para la fabricaci\u00f3n (SQF)<\/h6>\n\n\n\n<p>El programa de certificaci\u00f3n del C\u00f3digo de calidad alimentaria segura para la fabricaci\u00f3n ofrece un sistema riguroso para gestionar los riesgos de seguridad alimentaria y proporcionar productos seguros a las empresas del sector alimentario. Nuestras instalaciones de fabricaci\u00f3n de Garner est\u00e1n certificadas para la categor\u00eda 32 del sector alimentario (FSC), fabricaci\u00f3n de alimentos para animales de compa\u00f1\u00eda.<\/p>\n<\/div>\n<\/div>\n\n\n\n\n<div id=\"resp-spacer-block_01bdd938e9935997bff0d5e1fcab3040\" class=\"zinpro-spacer-block\"><\/div>\n\n<style>\n#resp-spacer-block_01bdd938e9935997bff0d5e1fcab3040 {\n\tmargin-top: 80px;\n}\n\n@media screen and (max-width: 1366px) {\n\t#resp-spacer-block_01bdd938e9935997bff0d5e1fcab3040 {\n\t\tmargin-top: 60px;\n\t}\n}\n\n@media screen and (max-width: 960px) {\n\t#resp-spacer-block_01bdd938e9935997bff0d5e1fcab3040 {\n\t\tmargin-top: 40px;\n\t}\n}\n<\/style>\n\n\n<div class=\"wp-block-columns is-layout-flex wp-container-core-columns-is-layout-9d6595d7 wp-block-columns-is-layout-flex\">\n<div class=\"wp-block-column is-layout-flow wp-block-column-is-layout-flow\">\n<figure class=\"wp-block-image aligncenter size-full\"><img loading=\"lazy\" decoding=\"async\" width=\"400\" height=\"267\" src=\"https:\/\/www.zinpro.com\/wp-content\/uploads\/2023\/04\/Validus-WFCF-RUPP-logo-1.jpg\" alt=\"\" class=\"wp-image-48065\" srcset=\"https:\/\/www.zinpro.com\/wp-content\/uploads\/2023\/04\/Validus-WFCF-RUPP-logo-1.jpg 400w, https:\/\/www.zinpro.com\/wp-content\/uploads\/2023\/04\/Validus-WFCF-RUPP-logo-1-300x200.jpg 300w, https:\/\/www.zinpro.com\/wp-content\/uploads\/2023\/04\/Validus-WFCF-RUPP-logo-1-18x12.jpg 18w\" sizes=\"auto, (max-width: 400px) 100vw, 400px\" \/><\/figure>\n\n\n\n<h6 class=\"wp-block-heading\" id=\"h-restricted-use-protein-products-rupp\">Productos prote\u00ednicos de uso restringido (RUPP)<\/h6>\n\n\n\n<p>La certificaci\u00f3n de Productos Proteicos de Uso Restringido denota que existe una norma escrita de puntos de verificaci\u00f3n de control de calidad para aumentar la confianza del consumidor en el suministro de piensos y alimentos espec\u00edficos para reducir la posibilidad de contaminaci\u00f3n cruzada. Esta certificaci\u00f3n incorpora el programa de inspecci\u00f3n de la FDA para el cumplimiento del T\u00edtulo 21, CFR \u00a7 589.2000 - Prote\u00ednas animales prohibidas en piensos para rumiantes, y el T\u00edtulo 21, CFR \u00a7 589.2001 - Materiales de origen bovino prohibidos en alimentos o piensos para animales para prevenir la transmisi\u00f3n de la encefalopat\u00eda espongiforme bovina (EEB).<\/p>\n<\/div>\n\n\n\n<div class=\"wp-block-column is-layout-flow wp-block-column-is-layout-flow\">\n<figure class=\"wp-block-image aligncenter size-full\"><img loading=\"lazy\" decoding=\"async\" width=\"400\" height=\"267\" src=\"http:\/\/www.zinpro.com\/wp-content\/uploads\/2022\/08\/HACCP-tile.jpg\" alt=\"\" class=\"wp-image-648\" srcset=\"https:\/\/www.zinpro.com\/wp-content\/uploads\/2022\/08\/HACCP-tile.jpg 400w, https:\/\/www.zinpro.com\/wp-content\/uploads\/2022\/08\/HACCP-tile-300x200.jpg 300w, https:\/\/www.zinpro.com\/wp-content\/uploads\/2022\/08\/HACCP-tile-18x12.jpg 18w\" sizes=\"auto, (max-width: 400px) 100vw, 400px\" \/><\/figure>\n\n\n\n<h6 class=\"wp-block-heading\" id=\"h-hazard-analysis-and-critical-control-point-haccp\">An\u00e1lisis de peligros y puntos de control cr\u00edtico (APPCC)<\/h6>\n\n\n\n<p>El An\u00e1lisis de Peligros y Puntos Cr\u00edticos de Control es un sistema de gesti\u00f3n reconocido internacionalmente para garantizar la seguridad alimentaria. Sus principios incluyen el an\u00e1lisis de peligros, la identificaci\u00f3n de puntos cr\u00edticos de control, el establecimiento de l\u00edmites cr\u00edticos, los procedimientos de vigilancia, las medidas correctoras, los procedimientos de verificaci\u00f3n y el mantenimiento de registros y documentaci\u00f3n. Los organismos de certificaci\u00f3n externos auditan y eval\u00faan las instalaciones de producci\u00f3n de alimentos para certificar su cumplimiento.<\/p>\n<\/div>\n\n\n\n<div class=\"wp-block-column is-layout-flow wp-block-column-is-layout-flow\">\n<figure class=\"wp-block-image aligncenter size-full\"><img loading=\"lazy\" decoding=\"async\" width=\"360\" height=\"240\" src=\"http:\/\/www.zinpro.com\/wp-content\/uploads\/2022\/08\/AFIA-Tile.png\" alt=\"\" class=\"wp-image-650\" srcset=\"https:\/\/www.zinpro.com\/wp-content\/uploads\/2022\/08\/AFIA-Tile.png 360w, https:\/\/www.zinpro.com\/wp-content\/uploads\/2022\/08\/AFIA-Tile-300x200.png 300w, https:\/\/www.zinpro.com\/wp-content\/uploads\/2022\/08\/AFIA-Tile-18x12.png 18w\" sizes=\"auto, (max-width: 360px) 100vw, 360px\" \/><\/figure>\n\n\n\n<h6 class=\"wp-block-heading\" id=\"h-american-feed-industry-association-and-feed-additives-and-premixtures-association-international-safe-feed-and-safe-food\">Asociaci\u00f3n Americana de la Industria de Piensos y Asociaci\u00f3n Internacional de Aditivos y Premezclas para Piensos Safe Feed y Safe Food<\/h6>\n\n\n\n<p>Este programa est\u00e1 regulado por la American Feed Industry Association, en colaboraci\u00f3n con su hom\u00f3loga europea, la Feed Additives and Premixtures Association. La certificaci\u00f3n internacional Safe Feed\/Safe Food reconoce que una instalaci\u00f3n ha demostrado y garantizado una mejora continua en el suministro de piensos seguros y saludables para el crecimiento y cuidado de los animales de acuerdo con las normas establecidas por los reguladores.<\/p>\n<\/div>\n<\/div>\n\n\n\n\n<div id=\"resp-spacer-block_01bdd938e9935997bff0d5e1fcab3040\" class=\"zinpro-spacer-block\"><\/div>\n\n<style>\n#resp-spacer-block_01bdd938e9935997bff0d5e1fcab3040 {\n\tmargin-top: 80px;\n}\n\n@media screen and (max-width: 1366px) {\n\t#resp-spacer-block_01bdd938e9935997bff0d5e1fcab3040 {\n\t\tmargin-top: 60px;\n\t}\n}\n\n@media screen and (max-width: 960px) {\n\t#resp-spacer-block_01bdd938e9935997bff0d5e1fcab3040 {\n\t\tmargin-top: 40px;\n\t}\n}\n<\/style>","protected":false},"excerpt":{"rendered":"<p>Quality Solutions for <br \/>Advanced Performance<\/p>\n<p>#resp-spacer-block_01bdd938e9935997bff0d5e1fcab3040 {<br \/>\n\tmargin-top: 80px;<br \/>\n}<\/p>\n<p>@media screen and (max-width: 1366px) {<br \/>\n\t#resp-spacer-block_01bdd938e9935997bff0d5e1fcab3040 {<br \/>\n\t\tmargin-top: 60px;<br \/>\n\t}<br \/>\n}<\/p>\n<p>@media screen and (max-width: 960px) {<br \/>\n\t#resp-spacer-block_01bdd938e9935997bff0d5e1fcab3040 {<br \/>\n\t\tmargin-top: 40px;<br \/>\n\t}<br \/>\n}<\/p>\n<p>Our&nbsp;Quality Associations<\/p>\n<p>We have sought and [&#8230;]<\/p>\n","protected":false},"author":2,"featured_media":0,"parent":0,"menu_order":0,"comment_status":"closed","ping_status":"closed","template":"","meta":{"_acf_changed":false,"_tec_requires_first_save":true,"_eb_attr":"","_uag_custom_page_level_css":"","_EventAllDay":false,"_EventTimezone":"","_EventStartDate":"","_EventEndDate":"","_EventStartDateUTC":"","_EventEndDateUTC":"","_EventShowMap":false,"_EventShowMapLink":false,"_EventURL":"","_EventCost":"","_EventCostDescription":"","_EventCurrencySymbol":"","_EventCurrencyCode":"","_EventCurrencyPosition":"","_EventDateTimeSeparator":"","_EventTimeRangeSeparator":"","_EventOrganizerID":[],"_EventVenueID":[],"_OrganizerEmail":"","_OrganizerPhone":"","_OrganizerWebsite":"","_VenueAddress":"","_VenueCity":"","_VenueCountry":"","_VenueProvince":"","_VenueState":"","_VenueZip":"","_VenuePhone":"","_VenueURL":"","_VenueStateProvince":"","_VenueLat":"","_VenueLng":"","_VenueShowMap":false,"_VenueShowMapLink":false,"_tribe_blocks_recurrence_rules":"","_tribe_blocks_recurrence_description":"","_tribe_blocks_recurrence_exclusions":"","_ecp_custom_2":"","footnotes":""},"class_list":["post-636","page","type-page","status-publish","hentry"],"acf":[],"yoast_head":"<!-- This site is optimized with the Yoast SEO Premium plugin v27.2 (Yoast SEO v27.2) - https:\/\/yoast.com\/product\/yoast-seo-premium-wordpress\/ -->\n<title>Quality &#8211; Zinpro\u00ae<\/title>\n<meta name=\"description\" content=\"Read more about Quality and from Zinpro\u00ae here.\" \/>\n<meta name=\"robots\" content=\"index, follow, max-snippet:-1, max-image-preview:large, max-video-preview:-1\" \/>\n<link rel=\"canonical\" href=\"https:\/\/www.zinpro.com\/es_mx\/our-commitment-to-quality\/\" \/>\n<meta property=\"og:locale\" content=\"es_MX\" \/>\n<meta property=\"og:type\" content=\"article\" \/>\n<meta property=\"og:title\" content=\"Quality &#8211; Zinpro\u00ae\" \/>\n<meta property=\"og:description\" content=\"Read more about Quality and from Zinpro\u00ae here.\" \/>\n<meta property=\"og:url\" content=\"https:\/\/www.zinpro.com\/es_mx\/our-commitment-to-quality\/\" \/>\n<meta property=\"og:site_name\" content=\"Zinpro\u00ae\" \/>\n<meta property=\"article:publisher\" content=\"https:\/\/www.facebook.com\/ZinproCorp\/\" \/>\n<meta property=\"article:modified_time\" content=\"2023-07-19T20:02:27+00:00\" \/>\n<meta property=\"og:image\" content=\"https:\/\/www.zinpro.com\/wp-content\/uploads\/2023\/04\/QualityHero.jpg\" \/>\n<meta name=\"twitter:card\" content=\"summary_large_image\" \/>\n<meta name=\"twitter:site\" content=\"@wdolezal\" \/>\n<meta name=\"twitter:label1\" content=\"Tiempo de lectura\" \/>\n\t<meta name=\"twitter:data1\" content=\"4 minutos\" \/>\n<script type=\"application\/ld+json\" class=\"yoast-schema-graph\">{\"@context\":\"https:\/\/schema.org\",\"@graph\":[{\"@type\":\"WebPage\",\"@id\":\"https:\/\/www.zinpro.com\/our-commitment-to-quality\/\",\"url\":\"https:\/\/www.zinpro.com\/our-commitment-to-quality\/\",\"name\":\"Quality &#8211; Zinpro\u00ae\",\"isPartOf\":{\"@id\":\"https:\/\/www.zinpro.com\/#website\"},\"primaryImageOfPage\":{\"@id\":\"https:\/\/www.zinpro.com\/our-commitment-to-quality\/#primaryimage\"},\"image\":{\"@id\":\"https:\/\/www.zinpro.com\/our-commitment-to-quality\/#primaryimage\"},\"thumbnailUrl\":\"https:\/\/www.zinpro.com\/wp-content\/uploads\/2023\/04\/QualityHero.jpg\",\"datePublished\":\"2022-08-29T15:13:58+00:00\",\"dateModified\":\"2023-07-19T20:02:27+00:00\",\"description\":\"Read more about Quality and from Zinpro\u00ae here.\",\"inLanguage\":\"es\",\"potentialAction\":[{\"@type\":\"ReadAction\",\"target\":[\"https:\/\/www.zinpro.com\/our-commitment-to-quality\/\"]}]},{\"@type\":\"ImageObject\",\"inLanguage\":\"es\",\"@id\":\"https:\/\/www.zinpro.com\/our-commitment-to-quality\/#primaryimage\",\"url\":\"https:\/\/www.zinpro.com\/wp-content\/uploads\/2023\/04\/QualityHero.jpg\",\"contentUrl\":\"https:\/\/www.zinpro.com\/wp-content\/uploads\/2023\/04\/QualityHero.jpg\"},{\"@type\":\"WebSite\",\"@id\":\"https:\/\/www.zinpro.com\/#website\",\"url\":\"https:\/\/www.zinpro.com\/\",\"name\":\"Zinpro\u00ae\",\"description\":\"\",\"potentialAction\":[{\"@type\":\"SearchAction\",\"target\":{\"@type\":\"EntryPoint\",\"urlTemplate\":\"https:\/\/www.zinpro.com\/?s={search_term_string}\"},\"query-input\":{\"@type\":\"PropertyValueSpecification\",\"valueRequired\":true,\"valueName\":\"search_term_string\"}}],\"inLanguage\":\"es\"}]}<\/script>\n<!-- \/ Yoast SEO Premium plugin. -->","yoast_head_json":{"title":"Calidad - Zinpro","description":"M\u00e1s informaci\u00f3n sobre Calidad y de Zinpro\u00ae aqu\u00ed.","robots":{"index":"index","follow":"follow","max-snippet":"max-snippet:-1","max-image-preview":"max-image-preview:large","max-video-preview":"max-video-preview:-1"},"canonical":"https:\/\/www.zinpro.com\/es_mx\/our-commitment-to-quality\/","og_locale":"es_MX","og_type":"article","og_title":"Quality &#8211; Zinpro\u00ae","og_description":"Read more about Quality and from Zinpro\u00ae here.","og_url":"https:\/\/www.zinpro.com\/es_mx\/our-commitment-to-quality\/","og_site_name":"Zinpro\u00ae","article_publisher":"https:\/\/www.facebook.com\/ZinproCorp\/","article_modified_time":"2023-07-19T20:02:27+00:00","og_image":[{"url":"https:\/\/www.zinpro.com\/wp-content\/uploads\/2023\/04\/QualityHero.jpg","type":"","width":"","height":""}],"twitter_card":"summary_large_image","twitter_site":"@wdolezal","twitter_misc":{"Tiempo de lectura":"4 minutos"},"schema":{"@context":"https:\/\/schema.org","@graph":[{"@type":"WebPage","@id":"https:\/\/www.zinpro.com\/our-commitment-to-quality\/","url":"https:\/\/www.zinpro.com\/our-commitment-to-quality\/","name":"Calidad - Zinpro","isPartOf":{"@id":"https:\/\/www.zinpro.com\/#website"},"primaryImageOfPage":{"@id":"https:\/\/www.zinpro.com\/our-commitment-to-quality\/#primaryimage"},"image":{"@id":"https:\/\/www.zinpro.com\/our-commitment-to-quality\/#primaryimage"},"thumbnailUrl":"https:\/\/www.zinpro.com\/wp-content\/uploads\/2023\/04\/QualityHero.jpg","datePublished":"2022-08-29T15:13:58+00:00","dateModified":"2023-07-19T20:02:27+00:00","description":"M\u00e1s informaci\u00f3n sobre Calidad y de Zinpro\u00ae aqu\u00ed.","inLanguage":"es","potentialAction":[{"@type":"ReadAction","target":["https:\/\/www.zinpro.com\/our-commitment-to-quality\/"]}]},{"@type":"ImageObject","inLanguage":"es","@id":"https:\/\/www.zinpro.com\/our-commitment-to-quality\/#primaryimage","url":"https:\/\/www.zinpro.com\/wp-content\/uploads\/2023\/04\/QualityHero.jpg","contentUrl":"https:\/\/www.zinpro.com\/wp-content\/uploads\/2023\/04\/QualityHero.jpg"},{"@type":"WebSite","@id":"https:\/\/www.zinpro.com\/#website","url":"https:\/\/www.zinpro.com\/","name":"Zinpro","description":"","potentialAction":[{"@type":"SearchAction","target":{"@type":"EntryPoint","urlTemplate":"https:\/\/www.zinpro.com\/?s={search_term_string}"},"query-input":{"@type":"PropertyValueSpecification","valueRequired":true,"valueName":"search_term_string"}}],"inLanguage":"es"}]}},"spectra_custom_meta":{"_edit_lock":["1689797530:8"],"_edit_last":["8"],"_yoast_wpseo_content_score":["30"],"_yoast_wpseo_estimated-reading-time-minutes":["4"],"_yoast_wpseo_wordproof_timestamp":[""],"ss_social_share_disable":[""],"_yoast_wpseo_focuskeywords":["[]"],"_yoast_wpseo_keywordsynonyms":["[\"\"]"],"_eb_reusable_block_ids":["a:0:{}"],"_uag_css_file_name":["uag-css-636.css"],"_uag_page_assets":["a:9:{s:3:\"css\";s:263:\".uag-blocks-common-selector{z-index:var(--z-index-desktop) !important}@media (max-width: 976px){.uag-blocks-common-selector{z-index:var(--z-index-tablet) !important}}@media (max-width: 767px){.uag-blocks-common-selector{z-index:var(--z-index-mobile) !important}}\n\";s:2:\"js\";s:0:\"\";s:18:\"current_block_list\";a:16:{i:0;s:10:\"core\/cover\";i:1;s:12:\"core\/heading\";i:2;s:24:\"zinpro\/responsive-spacer\";i:3;s:14:\"core\/paragraph\";i:4;s:12:\"core\/columns\";i:5;s:11:\"core\/column\";i:6;s:10:\"core\/image\";i:7;s:11:\"core\/search\";i:8;s:10:\"core\/group\";i:9;s:17:\"core\/latest-posts\";i:10;s:20:\"core\/latest-comments\";i:11;s:13:\"core\/archives\";i:12;s:15:\"core\/categories\";i:13;s:17:\"core\/social-links\";i:14;s:16:\"core\/social-link\";i:15;s:11:\"core\/spacer\";}s:8:\"uag_flag\";b:0;s:11:\"uag_version\";s:10:\"1775254961\";s:6:\"gfonts\";a:0:{}s:10:\"gfonts_url\";s:0:\"\";s:12:\"gfonts_files\";a:0:{}s:14:\"uag_faq_layout\";b:0;}"]},"uagb_featured_image_src":{"full":false,"thumbnail":false,"medium":false,"medium_large":false,"large":false,"gs-tiny":false,"xl":false,"xxl":false,"xxxl":false,"xxxxl":false,"xxxxxl":false,"1536x1536":false,"2048x2048":false,"trp-custom-language-flag":false,"gform-image-choice-sm":false,"gform-image-choice-md":false,"gform-image-choice-lg":false,"menu-24x24":false,"menu-36x36":false,"menu-48x48":false},"uagb_author_info":{"display_name":"mrwolleat","author_link":"https:\/\/www.zinpro.com\/es_mx\/resource-center\/author\/mrwolleat\/"},"uagb_comment_info":0,"uagb_excerpt":"Quality Solutions for Advanced Performance #resp-spacer-block_01bdd938e9935997bff0d5e1fcab3040 { margin-top: 80px; } @media screen and (max-width: 1366px) { #resp-spacer-block_01bdd938e9935997bff0d5e1fcab3040 { margin-top: 60px; } } @media screen and (max-width: 960px) { #resp-spacer-block_01bdd938e9935997bff0d5e1fcab3040 { margin-top: 40px; } } Our&nbsp;Quality Associations We have sought and [...]","_links":{"self":[{"href":"https:\/\/www.zinpro.com\/es_mx\/wp-json\/wp\/v2\/pages\/636","targetHints":{"allow":["GET"]}}],"collection":[{"href":"https:\/\/www.zinpro.com\/es_mx\/wp-json\/wp\/v2\/pages"}],"about":[{"href":"https:\/\/www.zinpro.com\/es_mx\/wp-json\/wp\/v2\/types\/page"}],"author":[{"embeddable":true,"href":"https:\/\/www.zinpro.com\/es_mx\/wp-json\/wp\/v2\/users\/2"}],"replies":[{"embeddable":true,"href":"https:\/\/www.zinpro.com\/es_mx\/wp-json\/wp\/v2\/comments?post=636"}],"version-history":[{"count":0,"href":"https:\/\/www.zinpro.com\/es_mx\/wp-json\/wp\/v2\/pages\/636\/revisions"}],"wp:attachment":[{"href":"https:\/\/www.zinpro.com\/es_mx\/wp-json\/wp\/v2\/media?parent=636"}],"curies":[{"name":"wp","href":"https:\/\/api.w.org\/{rel}","templated":true}]}}