{"id":629,"date":"2022-08-29T14:40:29","date_gmt":"2022-08-29T14:40:29","guid":{"rendered":"http:\/\/localhost:10048\/?page_id=629"},"modified":"2023-06-14T14:22:46","modified_gmt":"2023-06-14T14:22:46","slug":"company-statements","status":"publish","type":"page","link":"https:\/\/www.zinpro.com\/es_mx\/company-statements\/","title":{"rendered":"Declaraciones de la empresa"},"content":{"rendered":"<div id=\"resp-spacer-block_cb03d1e077c69c45928a326e1bb4ea7c\" class=\"zinpro-spacer-block\"><\/div>\n\n<style>\n#resp-spacer-block_cb03d1e077c69c45928a326e1bb4ea7c {\n\tmargin-top: 80px;\n}\n\n@media screen and (max-width: 1366px) {\n\t#resp-spacer-block_cb03d1e077c69c45928a326e1bb4ea7c {\n\t\tmargin-top: 60px;\n\t}\n}\n\n@media screen and (max-width: 960px) {\n\t#resp-spacer-block_cb03d1e077c69c45928a326e1bb4ea7c {\n\t\tmargin-top: 40px;\n\t}\n}\n<\/style>\n\n\n<div class=\"wp-block-columns is-layout-flex wp-container-core-columns-is-layout-9d6595d7 wp-block-columns-is-layout-flex\">\n<div class=\"wp-block-column is-layout-flow wp-block-column-is-layout-flow\">\n<h2 class=\"wp-block-heading\">Declaraciones de la empresa<\/h2>\n\n\n\n<h5 class=\"wp-block-heading\">Informaci\u00f3n sobre la cadena de suministro<\/h5>\n\n\n\n<p>Zinpro Corporation se compromete a cumplir todas las leyes laborales, c\u00f3digos sanitarios, leyes medioambientales y pr\u00e1cticas \u00e9ticas empresariales relacionadas con nuestras operaciones globales y los materiales y mano de obra utilizados en la fabricaci\u00f3n de productos. Estamos igualmente comprometidos a evaluar y abordar el potencial de trata de seres humanos y esclavitud en nuestras cadenas de suministro y hemos pedido a nuestros principales proveedores que asuman el mismo compromiso.<\/p>\n\n\n\n<p>De acuerdo con este compromiso de cumplimiento, las divulgaciones de Zinpro son las siguientes:<\/p>\n\n\n\n<ol class=\"wp-block-list\">\n<li>Verificaci\u00f3n. Esperamos que nuestros proveedores cumplan todas las leyes laborales mundiales relacionadas con la trata de seres humanos y la esclavitud, y estamos estudiando la forma de plasmarlo por escrito en futuros acuerdos contractuales.<\/li>\n\n\n\n<li>Auditor\u00edas. Actualmente estamos evaluando c\u00f3mo ampliar nuestro actual programa de auditor\u00eda para incorporar normas sobre trata y esclavitud que podr\u00edan incluir la realizaci\u00f3n de auditor\u00edas in situ.<\/li>\n\n\n\n<li>Certificaci\u00f3n. Exigimos a todos nuestros fabricantes y proveedores contratados que cumplan todas las leyes y normativas gubernamentales, as\u00ed como las pol\u00edticas y procedimientos de Zinpro.<\/li>\n\n\n\n<li>Responsabilidad. Responsabilizamos a nuestros empleados de respetar nuestro c\u00f3digo de conducta y nuestras normas relacionadas con la trata de seres humanos y la esclavitud, tal y como se establece en la secci\u00f3n Expectativas de los empleados de nuestro Manual del empleado.<\/li>\n\n\n\n<li>Formaci\u00f3n. Nos comprometemos a formar a los empleados sobre nuestras expectativas de conducta, incluidas las cuestiones relacionadas con la trata de seres humanos y la esclavitud y los procedimientos y pol\u00edticas de abastecimiento \u00e9tico, a trav\u00e9s de nuestro sistema de formaci\u00f3n en l\u00ednea Compliance Quest.<\/li>\n\n\n\n<li>Los vendedores y proveedores que no cumplan plenamente las normas, pol\u00edticas y procedimientos de Zinpro Corporation, incluidas, entre otras, las leyes relativas a la trata de seres humanos y la esclavitud, pueden dar lugar a la cancelaci\u00f3n de pedidos de Zinpro, a la rescisi\u00f3n de la relaci\u00f3n con el proveedor y\/o a acciones legales.<\/li>\n<\/ol>\n\n\n\n<p>Citaciones:<\/p>\n\n\n\n<ul class=\"wp-block-list\">\n<li><a href=\"https:\/\/www.unodc.org\/unodc\/en\/human-trafficking\/index.html\" target=\"_blank\" rel=\"noreferrer noopener\">http:\/\/www.unodc.org\/unodc\/en\/human-trafficking\/index.html<\/a><\/li>\n\n\n\n<li><a href=\"https:\/\/wrapcompliance.org\/\" target=\"_blank\" rel=\"noreferrer noopener\">http:\/\/www.wrapcompliance.org\/<\/a><\/li>\n<\/ul>\n\n\n\n<h3 class=\"wp-block-heading\">Procedimiento de bioseguridad para visitantes<\/h3>\n\n\n\n<h5 class=\"wp-block-heading\">Como visitante, usted es responsable de seguir las directrices de CGMP y bioseguridad para evitar la propagaci\u00f3n de enfermedades animales y la contaminaci\u00f3n del producto.<\/h5>\n\n\n\n<p><strong>Lo har\u00e1s:<\/strong><\/p>\n\n\n\n<ul class=\"wp-block-list\">\n<li>Lleve ropa y calzado que no hayan estado expuestos al ganado.<\/li>\n\n\n\n<li>No haber visitado recientemente un pa\u00eds en el que se haya producido un brote de enfermedad animal.<\/li>\n\n\n\n<li>Guarde los objetos personales como mochilas, maletines, c\u00e1maras, ordenadores, tabletas y tel\u00e9fonos m\u00f3viles en su coche o en la oficina\/sala de conferencias.<\/li>\n\n\n\n<li>Seguir los procedimientos de calidad y seguridad alimentaria de Zinpro.<\/li>\n\n\n\n<li>Llevar la indumentaria adecuada, que incluye, si procede, calzado de seguridad, ropa de protecci\u00f3n, casco, protecci\u00f3n ocular y protecci\u00f3n auditiva.<\/li>\n\n\n\n<li>Retire o asegure las joyas y otros objetos que puedan caer en la comida, el equipo o los contenedores de los animales.<\/li>\n\n\n\n<li>Fumar \u00fanicamente en las zonas designadas fuera de las instalaciones, lo que incluye el uso de dispositivos electr\u00f3nicos para fumar.<\/li>\n\n\n\n<li>L\u00e1vese\/desinf\u00e9ctese las manos antes de entrar en las zonas de fabricaci\u00f3n.<\/li>\n\n\n\n<li>No comer, beber ni escupir en las zonas de producci\u00f3n.<\/li>\n\n\n\n<li>Lleve protecci\u00f3n si tiene heridas o llagas abiertas, para evitar la contaminaci\u00f3n de los alimentos.<\/li>\n\n\n\n<li>Tome medidas preventivas para evitar el contagio si tiene una enfermedad transmisible.<\/li>\n\n\n\n<li>No toque el equipo ni los materiales, a menos que sea necesario para los fines de su visita.<\/li>\n\n\n\n<li>Vaya siempre acompa\u00f1ado de un empleado de Zinpro, a menos que sea un contratista o proveedor de servicios que haya le\u00eddo y firmado el formulario de formaci\u00f3n de servicio por contrato.<\/li>\n\n\n\n<li>No transportar a las instalaciones de producci\u00f3n contenedores no homologados, mercanc\u00edas peligrosas, medicamentos con receta y\/o c\u00e1maras fotogr\u00e1ficas.<\/li>\n\n\n\n<li>Rellene y firme el registro de visitantes.<\/li>\n<\/ul>\n\n\n\n<p>Los empleados de Zinpro que no se encuentren en las instalaciones y los contratistas pueden traer objetos personales siempre que no hayan estado expuestos al ganado recientemente.<\/p>\n\n\n\n<h3 class=\"wp-block-heading\">Declaraci\u00f3n de neutralidad pol\u00edtica<\/h3>\n\n\n\n<p>Zinpro Corporation est\u00e1 comprometida con la neutralidad pol\u00edtica en materia de partidos pol\u00edticos. Zinpro Corporation no respalda, apoya ni promociona ning\u00fan partido pol\u00edtico, candidato o cargo electo del gobierno.<\/p>\n<\/div>\n<\/div>\n\n\n\n\n<div id=\"resp-spacer-block_cb03d1e077c69c45928a326e1bb4ea7c\" class=\"zinpro-spacer-block\"><\/div>\n\n<style>\n#resp-spacer-block_cb03d1e077c69c45928a326e1bb4ea7c {\n\tmargin-top: 80px;\n}\n\n@media screen and (max-width: 1366px) {\n\t#resp-spacer-block_cb03d1e077c69c45928a326e1bb4ea7c {\n\t\tmargin-top: 60px;\n\t}\n}\n\n@media screen and (max-width: 960px) {\n\t#resp-spacer-block_cb03d1e077c69c45928a326e1bb4ea7c {\n\t\tmargin-top: 40px;\n\t}\n}\n<\/style>","protected":false},"excerpt":{"rendered":"<p>#resp-spacer-block_cb03d1e077c69c45928a326e1bb4ea7c {<br \/>\n\tmargin-top: 80px;<br \/>\n}<\/p>\n<p>@media screen and (max-width: 1366px) {<br \/>\n\t#resp-spacer-block_cb03d1e077c69c45928a326e1bb4ea7c {<br \/>\n\t\tmargin-top: 60px;<br \/>\n\t}<br \/>\n}<\/p>\n<p>@media screen and (max-width: 960px) {<br \/>\n\t#resp-spacer-block_cb03d1e077c69c45928a326e1bb4ea7c {<br \/>\n\t\tmargin-top: 40px;<br \/>\n\t}<br \/>\n}<\/p>\n<p>Company Statements<\/p>\n<p>Supply Chain Disclosures<\/p>\n<p>Zinpro Corporation is committed to compliance [&#8230;]<\/p>\n","protected":false},"author":2,"featured_media":0,"parent":0,"menu_order":0,"comment_status":"closed","ping_status":"closed","template":"","meta":{"_acf_changed":false,"_tec_requires_first_save":true,"_eb_attr":"","_uag_custom_page_level_css":"","_EventAllDay":false,"_EventTimezone":"","_EventStartDate":"","_EventEndDate":"","_EventStartDateUTC":"","_EventEndDateUTC":"","_EventShowMap":false,"_EventShowMapLink":false,"_EventURL":"","_EventCost":"","_EventCostDescription":"","_EventCurrencySymbol":"","_EventCurrencyCode":"","_EventCurrencyPosition":"","_EventDateTimeSeparator":"","_EventTimeRangeSeparator":"","_EventOrganizerID":[],"_EventVenueID":[],"_OrganizerEmail":"","_OrganizerPhone":"","_OrganizerWebsite":"","_VenueAddress":"","_VenueCity":"","_VenueCountry":"","_VenueProvince":"","_VenueState":"","_VenueZip":"","_VenuePhone":"","_VenueURL":"","_VenueStateProvince":"","_VenueLat":"","_VenueLng":"","_VenueShowMap":false,"_VenueShowMapLink":false,"_tribe_blocks_recurrence_rules":"","_tribe_blocks_recurrence_description":"","_tribe_blocks_recurrence_exclusions":"","_ecp_custom_2":"","footnotes":""},"class_list":["post-629","page","type-page","status-publish","hentry"],"acf":[],"yoast_head":"<!-- This site is optimized with the Yoast SEO Premium plugin v27.3 (Yoast SEO v27.3) - https:\/\/yoast.com\/product\/yoast-seo-premium-wordpress\/ -->\n<title>Company Statements &#8211; Zinpro\u00ae<\/title>\n<meta name=\"description\" content=\"Read more about Company Statements and from Zinpro\u00ae here.\" \/>\n<meta name=\"robots\" content=\"index, follow, max-snippet:-1, max-image-preview:large, max-video-preview:-1\" \/>\n<link rel=\"canonical\" href=\"https:\/\/www.zinpro.com\/es_mx\/company-statements\/\" \/>\n<meta property=\"og:locale\" content=\"es_MX\" \/>\n<meta property=\"og:type\" content=\"article\" \/>\n<meta property=\"og:title\" content=\"Company Statements &#8211; Zinpro\u00ae\" \/>\n<meta property=\"og:description\" content=\"Read more about Company Statements and from Zinpro\u00ae here.\" \/>\n<meta property=\"og:url\" content=\"https:\/\/www.zinpro.com\/es_mx\/company-statements\/\" \/>\n<meta property=\"og:site_name\" content=\"Zinpro\u00ae\" \/>\n<meta property=\"article:publisher\" content=\"https:\/\/www.facebook.com\/ZinproCorp\/\" \/>\n<meta property=\"article:modified_time\" content=\"2023-06-14T14:22:46+00:00\" \/>\n<meta name=\"twitter:card\" content=\"summary_large_image\" \/>\n<meta name=\"twitter:site\" content=\"@wdolezal\" \/>\n<meta name=\"twitter:label1\" content=\"Tiempo de lectura\" \/>\n\t<meta name=\"twitter:data1\" content=\"3 minutos\" \/>\n<script type=\"application\/ld+json\" class=\"yoast-schema-graph\">{\"@context\":\"https:\\\/\\\/schema.org\",\"@graph\":[{\"@type\":\"WebPage\",\"@id\":\"https:\\\/\\\/www.zinpro.com\\\/company-statements\\\/\",\"url\":\"https:\\\/\\\/www.zinpro.com\\\/company-statements\\\/\",\"name\":\"Company Statements &#8211; Zinpro\u00ae\",\"isPartOf\":{\"@id\":\"https:\\\/\\\/www.zinpro.com\\\/#website\"},\"datePublished\":\"2022-08-29T14:40:29+00:00\",\"dateModified\":\"2023-06-14T14:22:46+00:00\",\"description\":\"Read more about Company Statements and from Zinpro\u00ae here.\",\"inLanguage\":\"es\",\"potentialAction\":[{\"@type\":\"ReadAction\",\"target\":[\"https:\\\/\\\/www.zinpro.com\\\/company-statements\\\/\"]}]},{\"@type\":\"WebSite\",\"@id\":\"https:\\\/\\\/www.zinpro.com\\\/#website\",\"url\":\"https:\\\/\\\/www.zinpro.com\\\/\",\"name\":\"Zinpro\u00ae\",\"description\":\"\",\"potentialAction\":[{\"@type\":\"SearchAction\",\"target\":{\"@type\":\"EntryPoint\",\"urlTemplate\":\"https:\\\/\\\/www.zinpro.com\\\/?s={search_term_string}\"},\"query-input\":{\"@type\":\"PropertyValueSpecification\",\"valueRequired\":true,\"valueName\":\"search_term_string\"}}],\"inLanguage\":\"es\"}]}<\/script>\n<!-- \/ Yoast SEO Premium plugin. -->","yoast_head_json":{"title":"Declaraciones de la empresa - Zinpro","description":"M\u00e1s informaci\u00f3n sobre las declaraciones de la empresa y de Zinpro\u00ae aqu\u00ed.","robots":{"index":"index","follow":"follow","max-snippet":"max-snippet:-1","max-image-preview":"max-image-preview:large","max-video-preview":"max-video-preview:-1"},"canonical":"https:\/\/www.zinpro.com\/es_mx\/company-statements\/","og_locale":"es_MX","og_type":"article","og_title":"Company Statements &#8211; Zinpro\u00ae","og_description":"Read more about Company Statements and from Zinpro\u00ae here.","og_url":"https:\/\/www.zinpro.com\/es_mx\/company-statements\/","og_site_name":"Zinpro\u00ae","article_publisher":"https:\/\/www.facebook.com\/ZinproCorp\/","article_modified_time":"2023-06-14T14:22:46+00:00","twitter_card":"summary_large_image","twitter_site":"@wdolezal","twitter_misc":{"Tiempo de lectura":"3 minutos"},"schema":{"@context":"https:\/\/schema.org","@graph":[{"@type":"WebPage","@id":"https:\/\/www.zinpro.com\/company-statements\/","url":"https:\/\/www.zinpro.com\/company-statements\/","name":"Declaraciones de la empresa - Zinpro","isPartOf":{"@id":"https:\/\/www.zinpro.com\/#website"},"datePublished":"2022-08-29T14:40:29+00:00","dateModified":"2023-06-14T14:22:46+00:00","description":"M\u00e1s informaci\u00f3n sobre las declaraciones de la empresa y de Zinpro\u00ae aqu\u00ed.","inLanguage":"es","potentialAction":[{"@type":"ReadAction","target":["https:\/\/www.zinpro.com\/company-statements\/"]}]},{"@type":"WebSite","@id":"https:\/\/www.zinpro.com\/#website","url":"https:\/\/www.zinpro.com\/","name":"Zinpro","description":"","potentialAction":[{"@type":"SearchAction","target":{"@type":"EntryPoint","urlTemplate":"https:\/\/www.zinpro.com\/?s={search_term_string}"},"query-input":{"@type":"PropertyValueSpecification","valueRequired":true,"valueName":"search_term_string"}}],"inLanguage":"es"}]}},"spectra_custom_meta":{"_edit_lock":["1687887674:8"],"_edit_last":["8"],"ss_social_share_disable":[""],"_yoast_wpseo_content_score":["30"],"_yoast_wpseo_estimated-reading-time-minutes":["3"],"_yoast_wpseo_wordproof_timestamp":[""],"_eb_reusable_block_ids":["a:0:{}"],"_uag_css_file_name":["uag-css-629.css"],"_uag_page_assets":["a:9:{s:3:\"css\";s:263:\".uag-blocks-common-selector{z-index:var(--z-index-desktop) !important}@media (max-width: 976px){.uag-blocks-common-selector{z-index:var(--z-index-tablet) !important}}@media (max-width: 767px){.uag-blocks-common-selector{z-index:var(--z-index-mobile) !important}}\n\";s:2:\"js\";s:0:\"\";s:18:\"current_block_list\";a:17:{i:0;s:24:\"zinpro\/responsive-spacer\";i:1;s:12:\"core\/columns\";i:2;s:11:\"core\/column\";i:3;s:12:\"core\/heading\";i:4;s:14:\"core\/paragraph\";i:5;s:9:\"core\/list\";i:6;s:14:\"core\/list-item\";i:7;s:11:\"core\/search\";i:8;s:10:\"core\/group\";i:9;s:17:\"core\/latest-posts\";i:10;s:20:\"core\/latest-comments\";i:11;s:13:\"core\/archives\";i:12;s:15:\"core\/categories\";i:13;s:17:\"core\/social-links\";i:14;s:16:\"core\/social-link\";i:15;s:11:\"core\/spacer\";i:16;s:10:\"core\/image\";}s:8:\"uag_flag\";b:0;s:11:\"uag_version\";s:10:\"1775752991\";s:6:\"gfonts\";a:0:{}s:10:\"gfonts_url\";s:0:\"\";s:12:\"gfonts_files\";a:0:{}s:14:\"uag_faq_layout\";b:0;}"]},"uagb_featured_image_src":{"full":false,"thumbnail":false,"medium":false,"medium_large":false,"large":false,"gs-tiny":false,"xl":false,"xxl":false,"xxxl":false,"xxxxl":false,"xxxxxl":false,"1536x1536":false,"2048x2048":false,"trp-custom-language-flag":false,"gform-image-choice-sm":false,"gform-image-choice-md":false,"gform-image-choice-lg":false,"menu-24x24":false,"menu-36x36":false,"menu-48x48":false},"uagb_author_info":{"display_name":"mrwolleat","author_link":"https:\/\/www.zinpro.com\/es_mx\/resource-center\/author\/mrwolleat\/"},"uagb_comment_info":0,"uagb_excerpt":"#resp-spacer-block_cb03d1e077c69c45928a326e1bb4ea7c { margin-top: 80px; } @media screen and (max-width: 1366px) { #resp-spacer-block_cb03d1e077c69c45928a326e1bb4ea7c { margin-top: 60px; } } @media screen and (max-width: 960px) { #resp-spacer-block_cb03d1e077c69c45928a326e1bb4ea7c { margin-top: 40px; } } Company Statements Supply Chain Disclosures Zinpro Corporation is committed to compliance [...]","_links":{"self":[{"href":"https:\/\/www.zinpro.com\/es_mx\/wp-json\/wp\/v2\/pages\/629","targetHints":{"allow":["GET"]}}],"collection":[{"href":"https:\/\/www.zinpro.com\/es_mx\/wp-json\/wp\/v2\/pages"}],"about":[{"href":"https:\/\/www.zinpro.com\/es_mx\/wp-json\/wp\/v2\/types\/page"}],"author":[{"embeddable":true,"href":"https:\/\/www.zinpro.com\/es_mx\/wp-json\/wp\/v2\/users\/2"}],"replies":[{"embeddable":true,"href":"https:\/\/www.zinpro.com\/es_mx\/wp-json\/wp\/v2\/comments?post=629"}],"version-history":[{"count":0,"href":"https:\/\/www.zinpro.com\/es_mx\/wp-json\/wp\/v2\/pages\/629\/revisions"}],"wp:attachment":[{"href":"https:\/\/www.zinpro.com\/es_mx\/wp-json\/wp\/v2\/media?parent=629"}],"curies":[{"name":"wp","href":"https:\/\/api.w.org\/{rel}","templated":true}]}}