{"id":58455,"date":"2023-07-06T14:22:56","date_gmt":"2023-07-06T14:22:56","guid":{"rendered":"https:\/\/www.zinpro.com\/?page_id=58455"},"modified":"2023-07-06T14:22:58","modified_gmt":"2023-07-06T14:22:58","slug":"subscription-confirmation","status":"publish","type":"page","link":"https:\/\/www.zinpro.com\/es_mx\/subscription-confirmation\/","title":{"rendered":"Confirmaci\u00f3n de suscripci\u00f3n"},"content":{"rendered":"<div id=\"resp-spacer-block_017d65fa6540b32d0b02352cb1a0b701\" class=\"zinpro-spacer-block\"><\/div>\n\n<style>\n#resp-spacer-block_017d65fa6540b32d0b02352cb1a0b701 {\n\tmargin-top: 80px;\n}\n\n@media screen and (max-width: 1366px) {\n\t#resp-spacer-block_017d65fa6540b32d0b02352cb1a0b701 {\n\t\tmargin-top: 60px;\n\t}\n}\n\n@media screen and (max-width: 960px) {\n\t#resp-spacer-block_017d65fa6540b32d0b02352cb1a0b701 {\n\t\tmargin-top: 40px;\n\t}\n}\n<\/style>\n\n\n<h5 class=\"wp-block-heading\" id=\"h-thank-you-for-subscribing-please-visit-our-resource-center-to-receive-practical-information-on-how-to-help-you-enhance-the-wellness-of-your-animals-and-improve-the-performance-of-your-operations\">Gracias por suscribirse. Visite nuestro\u00a0<a href=\"\/es_mx\/resource-center\/\">Centro de Recursos<\/a>\u00a0para recibir informaci\u00f3n pr\u00e1ctica sobre c\u00f3mo ayudarle a mejorar el bienestar de sus animales y el rendimiento de sus operaciones.<\/h5>","protected":false},"excerpt":{"rendered":"<p>#resp-spacer-block_017d65fa6540b32d0b02352cb1a0b701 {<br \/>\n\tmargin-top: 80px;<br \/>\n}<\/p>\n<p>@media screen and (max-width: 1366px) {<br \/>\n\t#resp-spacer-block_017d65fa6540b32d0b02352cb1a0b701 {<br \/>\n\t\tmargin-top: 60px;<br \/>\n\t}<br \/>\n}<\/p>\n<p>@media screen and (max-width: 960px) {<br \/>\n\t#resp-spacer-block_017d65fa6540b32d0b02352cb1a0b701 {<br \/>\n\t\tmargin-top: 40px;<br \/>\n\t}<br \/>\n}<\/p>\n<p>Thank you for subscribing. Please visit our\u00a0<a href=\"\/resource-center\/\">Resource Center<\/a>\u00a0to [&#8230;]<\/p>\n","protected":false},"author":8,"featured_media":0,"parent":0,"menu_order":0,"comment_status":"closed","ping_status":"closed","template":"","meta":{"_acf_changed":false,"_tec_requires_first_save":true,"_eb_attr":"","_uag_custom_page_level_css":"","_EventAllDay":false,"_EventTimezone":"","_EventStartDate":"","_EventEndDate":"","_EventStartDateUTC":"","_EventEndDateUTC":"","_EventShowMap":false,"_EventShowMapLink":false,"_EventURL":"","_EventCost":"","_EventCostDescription":"","_EventCurrencySymbol":"","_EventCurrencyCode":"","_EventCurrencyPosition":"","_EventDateTimeSeparator":"","_EventTimeRangeSeparator":"","_EventOrganizerID":[],"_EventVenueID":[],"_OrganizerEmail":"","_OrganizerPhone":"","_OrganizerWebsite":"","_VenueAddress":"","_VenueCity":"","_VenueCountry":"","_VenueProvince":"","_VenueState":"","_VenueZip":"","_VenuePhone":"","_VenueURL":"","_VenueStateProvince":"","_VenueLat":"","_VenueLng":"","_VenueShowMap":false,"_VenueShowMapLink":false,"_tribe_blocks_recurrence_rules":"","_tribe_blocks_recurrence_description":"","_tribe_blocks_recurrence_exclusions":"","_ecp_custom_2":"","footnotes":""},"class_list":["post-58455","page","type-page","status-publish","hentry"],"acf":[],"yoast_head":"<!-- This site is optimized with the Yoast SEO Premium plugin v27.2 (Yoast SEO v27.2) - https:\/\/yoast.com\/product\/yoast-seo-premium-wordpress\/ -->\n<title>Subscription Confirmation &#8211; Zinpro\u00ae<\/title>\n<meta name=\"description\" content=\"Read more about Subscription Confirmation and from Zinpro\u00ae here.\" \/>\n<meta name=\"robots\" content=\"index, follow, max-snippet:-1, max-image-preview:large, max-video-preview:-1\" \/>\n<link rel=\"canonical\" href=\"https:\/\/www.zinpro.com\/es_mx\/subscription-confirmation\/\" \/>\n<meta property=\"og:locale\" content=\"es_MX\" \/>\n<meta property=\"og:type\" content=\"article\" \/>\n<meta property=\"og:title\" content=\"Subscription Confirmation &#8211; Zinpro\u00ae\" \/>\n<meta property=\"og:description\" content=\"Read more about Subscription Confirmation and from Zinpro\u00ae here.\" \/>\n<meta property=\"og:url\" content=\"https:\/\/www.zinpro.com\/es_mx\/subscription-confirmation\/\" \/>\n<meta property=\"og:site_name\" content=\"Zinpro\u00ae\" \/>\n<meta property=\"article:publisher\" content=\"https:\/\/www.facebook.com\/ZinproCorp\/\" \/>\n<meta property=\"article:modified_time\" content=\"2023-07-06T14:22:58+00:00\" \/>\n<meta name=\"twitter:card\" content=\"summary_large_image\" \/>\n<meta name=\"twitter:site\" content=\"@wdolezal\" \/>\n<meta name=\"twitter:label1\" content=\"Tiempo de lectura\" \/>\n\t<meta name=\"twitter:data1\" content=\"1 minuto\" \/>\n<script type=\"application\/ld+json\" class=\"yoast-schema-graph\">{\"@context\":\"https:\/\/schema.org\",\"@graph\":[{\"@type\":\"WebPage\",\"@id\":\"https:\/\/www.zinpro.com\/subscription-confirmation\/\",\"url\":\"https:\/\/www.zinpro.com\/subscription-confirmation\/\",\"name\":\"Subscription Confirmation &#8211; Zinpro\u00ae\",\"isPartOf\":{\"@id\":\"https:\/\/www.zinpro.com\/#website\"},\"datePublished\":\"2023-07-06T14:22:56+00:00\",\"dateModified\":\"2023-07-06T14:22:58+00:00\",\"description\":\"Read more about Subscription Confirmation and from Zinpro\u00ae here.\",\"inLanguage\":\"es\",\"potentialAction\":[{\"@type\":\"ReadAction\",\"target\":[\"https:\/\/www.zinpro.com\/subscription-confirmation\/\"]}]},{\"@type\":\"WebSite\",\"@id\":\"https:\/\/www.zinpro.com\/#website\",\"url\":\"https:\/\/www.zinpro.com\/\",\"name\":\"Zinpro\u00ae\",\"description\":\"\",\"potentialAction\":[{\"@type\":\"SearchAction\",\"target\":{\"@type\":\"EntryPoint\",\"urlTemplate\":\"https:\/\/www.zinpro.com\/?s={search_term_string}\"},\"query-input\":{\"@type\":\"PropertyValueSpecification\",\"valueRequired\":true,\"valueName\":\"search_term_string\"}}],\"inLanguage\":\"es\"}]}<\/script>\n<!-- \/ Yoast SEO Premium plugin. -->","yoast_head_json":{"title":"Confirmaci\u00f3n de suscripci\u00f3n - Zinpro","description":"M\u00e1s informaci\u00f3n sobre la Confirmaci\u00f3n de suscripci\u00f3n y de Zinpro\u00ae aqu\u00ed.","robots":{"index":"index","follow":"follow","max-snippet":"max-snippet:-1","max-image-preview":"max-image-preview:large","max-video-preview":"max-video-preview:-1"},"canonical":"https:\/\/www.zinpro.com\/es_mx\/subscription-confirmation\/","og_locale":"es_MX","og_type":"article","og_title":"Subscription Confirmation &#8211; Zinpro\u00ae","og_description":"Read more about Subscription Confirmation and from Zinpro\u00ae here.","og_url":"https:\/\/www.zinpro.com\/es_mx\/subscription-confirmation\/","og_site_name":"Zinpro\u00ae","article_publisher":"https:\/\/www.facebook.com\/ZinproCorp\/","article_modified_time":"2023-07-06T14:22:58+00:00","twitter_card":"summary_large_image","twitter_site":"@wdolezal","twitter_misc":{"Tiempo de lectura":"1 minuto"},"schema":{"@context":"https:\/\/schema.org","@graph":[{"@type":"WebPage","@id":"https:\/\/www.zinpro.com\/subscription-confirmation\/","url":"https:\/\/www.zinpro.com\/subscription-confirmation\/","name":"Confirmaci\u00f3n de suscripci\u00f3n - Zinpro","isPartOf":{"@id":"https:\/\/www.zinpro.com\/#website"},"datePublished":"2023-07-06T14:22:56+00:00","dateModified":"2023-07-06T14:22:58+00:00","description":"M\u00e1s informaci\u00f3n sobre la Confirmaci\u00f3n de suscripci\u00f3n y de Zinpro\u00ae aqu\u00ed.","inLanguage":"es","potentialAction":[{"@type":"ReadAction","target":["https:\/\/www.zinpro.com\/subscription-confirmation\/"]}]},{"@type":"WebSite","@id":"https:\/\/www.zinpro.com\/#website","url":"https:\/\/www.zinpro.com\/","name":"Zinpro","description":"","potentialAction":[{"@type":"SearchAction","target":{"@type":"EntryPoint","urlTemplate":"https:\/\/www.zinpro.com\/?s={search_term_string}"},"query-input":{"@type":"PropertyValueSpecification","valueRequired":true,"valueName":"search_term_string"}}],"inLanguage":"es"}]}},"spectra_custom_meta":{"_edit_lock":["1688653380:8"],"_edit_last":["8"],"ss_social_share_disable":[""],"_yoast_wpseo_content_score":["90"],"_yoast_wpseo_focuskeywords":["[]"],"_yoast_wpseo_keywordsynonyms":["[\"\"]"],"_yoast_wpseo_estimated-reading-time-minutes":["1"],"_yoast_wpseo_wordproof_timestamp":[""],"_eb_reusable_block_ids":["a:0:{}"],"_uag_css_file_name":["uag-css-58455.css"],"_uag_page_assets":["a:9:{s:3:\"css\";s:263:\".uag-blocks-common-selector{z-index:var(--z-index-desktop) !important}@media (max-width: 976px){.uag-blocks-common-selector{z-index:var(--z-index-tablet) !important}}@media (max-width: 767px){.uag-blocks-common-selector{z-index:var(--z-index-mobile) !important}}\n\";s:2:\"js\";s:0:\"\";s:18:\"current_block_list\";a:13:{i:0;s:24:\"zinpro\/responsive-spacer\";i:1;s:12:\"core\/heading\";i:2;s:11:\"core\/search\";i:3;s:10:\"core\/group\";i:4;s:17:\"core\/latest-posts\";i:5;s:20:\"core\/latest-comments\";i:6;s:13:\"core\/archives\";i:7;s:15:\"core\/categories\";i:8;s:14:\"core\/paragraph\";i:9;s:17:\"core\/social-links\";i:10;s:16:\"core\/social-link\";i:11;s:11:\"core\/spacer\";i:12;s:10:\"core\/image\";}s:8:\"uag_flag\";b:0;s:11:\"uag_version\";s:10:\"1775254961\";s:6:\"gfonts\";a:0:{}s:10:\"gfonts_url\";s:0:\"\";s:12:\"gfonts_files\";a:0:{}s:14:\"uag_faq_layout\";b:0;}"]},"uagb_featured_image_src":{"full":false,"thumbnail":false,"medium":false,"medium_large":false,"large":false,"gs-tiny":false,"xl":false,"xxl":false,"xxxl":false,"xxxxl":false,"xxxxxl":false,"1536x1536":false,"2048x2048":false,"trp-custom-language-flag":false,"gform-image-choice-sm":false,"gform-image-choice-md":false,"gform-image-choice-lg":false,"menu-24x24":false,"menu-36x36":false,"menu-48x48":false},"uagb_author_info":{"display_name":"Matt Wolleat","author_link":"https:\/\/www.zinpro.com\/es_mx\/resource-center\/author\/mwolleatzinpro-com\/"},"uagb_comment_info":0,"uagb_excerpt":"#resp-spacer-block_017d65fa6540b32d0b02352cb1a0b701 { margin-top: 80px; } @media screen and (max-width: 1366px) { #resp-spacer-block_017d65fa6540b32d0b02352cb1a0b701 { margin-top: 60px; } } @media screen and (max-width: 960px) { #resp-spacer-block_017d65fa6540b32d0b02352cb1a0b701 { margin-top: 40px; } } Thank you for subscribing. Please visit our\u00a0Resource Center\u00a0to [...]","_links":{"self":[{"href":"https:\/\/www.zinpro.com\/es_mx\/wp-json\/wp\/v2\/pages\/58455","targetHints":{"allow":["GET"]}}],"collection":[{"href":"https:\/\/www.zinpro.com\/es_mx\/wp-json\/wp\/v2\/pages"}],"about":[{"href":"https:\/\/www.zinpro.com\/es_mx\/wp-json\/wp\/v2\/types\/page"}],"author":[{"embeddable":true,"href":"https:\/\/www.zinpro.com\/es_mx\/wp-json\/wp\/v2\/users\/8"}],"replies":[{"embeddable":true,"href":"https:\/\/www.zinpro.com\/es_mx\/wp-json\/wp\/v2\/comments?post=58455"}],"version-history":[{"count":0,"href":"https:\/\/www.zinpro.com\/es_mx\/wp-json\/wp\/v2\/pages\/58455\/revisions"}],"wp:attachment":[{"href":"https:\/\/www.zinpro.com\/es_mx\/wp-json\/wp\/v2\/media?parent=58455"}],"curies":[{"name":"wp","href":"https:\/\/api.w.org\/{rel}","templated":true}]}}