{"id":65196,"date":"2024-12-16T17:15:03","date_gmt":"2024-12-16T22:15:03","guid":{"rendered":"https:\/\/www.zinpro.com\/?post_type=product&#038;p=65196"},"modified":"2024-12-17T11:48:27","modified_gmt":"2024-12-17T16:48:27","slug":"broiler-placement-kit","status":"publish","type":"product","link":"https:\/\/www.zinpro.com\/es_es\/product\/broiler-placement-kit\/","title":{"rendered":"Kit de colocaci\u00f3n de parrillas"},"author":14,"featured_media":65198,"parent":0,"template":"","species":[],"region":[],"product-line":[],"sub-species":[],"class_list":["post-65196","product","type-product","status-publish","has-post-thumbnail","hentry"],"acf":[],"yoast_head":"<!-- This site is optimized with the Yoast SEO Premium plugin v27.3 (Yoast SEO v27.3) - https:\/\/yoast.com\/product\/yoast-seo-premium-wordpress\/ -->\n<title>Broiler Placement Kit from Zinpro\u00ae<\/title>\n<meta name=\"description\" content=\"Learn about howBroiler Placement Kit delivers a Performance Solution.\" \/>\n<meta name=\"robots\" content=\"index, follow, max-snippet:-1, max-image-preview:large, max-video-preview:-1\" \/>\n<link rel=\"canonical\" href=\"https:\/\/www.zinpro.com\/es_es\/product\/broiler-placement-kit\/\" \/>\n<meta property=\"og:locale\" content=\"es_ES\" \/>\n<meta property=\"og:type\" content=\"article\" \/>\n<meta property=\"og:title\" content=\"Broiler Placement Kit from Zinpro\u00ae\" \/>\n<meta property=\"og:description\" content=\"Learn about howBroiler Placement Kit delivers a Performance Solution.\" \/>\n<meta property=\"og:url\" content=\"https:\/\/www.zinpro.com\/es_es\/product\/broiler-placement-kit\/\" \/>\n<meta property=\"og:site_name\" content=\"Zinpro\u00ae\" \/>\n<meta property=\"article:publisher\" content=\"https:\/\/www.facebook.com\/ZinproCorp\/\" \/>\n<meta property=\"article:modified_time\" content=\"2024-12-17T16:48:27+00:00\" \/>\n<meta property=\"og:image\" content=\"https:\/\/www.zinpro.com\/wp-content\/uploads\/2024\/12\/Broiler-Placement-Kit-Product-Image-1024x802.png\" \/>\n\t<meta property=\"og:image:width\" content=\"1024\" \/>\n\t<meta property=\"og:image:height\" content=\"802\" \/>\n\t<meta property=\"og:image:type\" content=\"image\/png\" \/>\n<meta name=\"twitter:card\" content=\"summary_large_image\" \/>\n<meta name=\"twitter:site\" content=\"@wdolezal\" \/>\n<meta name=\"twitter:label1\" content=\"Tiempo de lectura\" \/>\n\t<meta name=\"twitter:data1\" content=\"1 minuto\" \/>\n<script type=\"application\/ld+json\" class=\"yoast-schema-graph\">{\"@context\":\"https:\\\/\\\/schema.org\",\"@graph\":[{\"@type\":\"WebPage\",\"@id\":\"https:\\\/\\\/www.zinpro.com\\\/product\\\/broiler-placement-kit\\\/\",\"url\":\"https:\\\/\\\/www.zinpro.com\\\/product\\\/broiler-placement-kit\\\/\",\"name\":\"Broiler Placement Kit from Zinpro\u00ae\",\"isPartOf\":{\"@id\":\"https:\\\/\\\/www.zinpro.com\\\/#website\"},\"primaryImageOfPage\":{\"@id\":\"https:\\\/\\\/www.zinpro.com\\\/product\\\/broiler-placement-kit\\\/#primaryimage\"},\"image\":{\"@id\":\"https:\\\/\\\/www.zinpro.com\\\/product\\\/broiler-placement-kit\\\/#primaryimage\"},\"thumbnailUrl\":\"https:\\\/\\\/www.zinpro.com\\\/wp-content\\\/uploads\\\/2024\\\/12\\\/Broiler-Placement-Kit-Product-Image.png\",\"datePublished\":\"2024-12-16T22:15:03+00:00\",\"dateModified\":\"2024-12-17T16:48:27+00:00\",\"description\":\"Learn about howBroiler Placement Kit delivers a Performance Solution.\",\"inLanguage\":\"es\",\"potentialAction\":[{\"@type\":\"ReadAction\",\"target\":[\"https:\\\/\\\/www.zinpro.com\\\/product\\\/broiler-placement-kit\\\/\"]}]},{\"@type\":\"ImageObject\",\"inLanguage\":\"es\",\"@id\":\"https:\\\/\\\/www.zinpro.com\\\/product\\\/broiler-placement-kit\\\/#primaryimage\",\"url\":\"https:\\\/\\\/www.zinpro.com\\\/wp-content\\\/uploads\\\/2024\\\/12\\\/Broiler-Placement-Kit-Product-Image.png\",\"contentUrl\":\"https:\\\/\\\/www.zinpro.com\\\/wp-content\\\/uploads\\\/2024\\\/12\\\/Broiler-Placement-Kit-Product-Image.png\",\"width\":3000,\"height\":2350},{\"@type\":\"WebSite\",\"@id\":\"https:\\\/\\\/www.zinpro.com\\\/#website\",\"url\":\"https:\\\/\\\/www.zinpro.com\\\/\",\"name\":\"Zinpro\u00ae\",\"description\":\"\",\"potentialAction\":[{\"@type\":\"SearchAction\",\"target\":{\"@type\":\"EntryPoint\",\"urlTemplate\":\"https:\\\/\\\/www.zinpro.com\\\/?s={search_term_string}\"},\"query-input\":{\"@type\":\"PropertyValueSpecification\",\"valueRequired\":true,\"valueName\":\"search_term_string\"}}],\"inLanguage\":\"es\"}]}<\/script>\n<!-- \/ Yoast SEO Premium plugin. -->","yoast_head_json":{"title":"Kit de colocaci\u00f3n de pollos de engorde de Zinpro","description":"Descubra c\u00f3mo el kit de colocaci\u00f3n de calderas ofrece una soluci\u00f3n de alto rendimiento.","robots":{"index":"index","follow":"follow","max-snippet":"max-snippet:-1","max-image-preview":"max-image-preview:large","max-video-preview":"max-video-preview:-1"},"canonical":"https:\/\/www.zinpro.com\/es_es\/product\/broiler-placement-kit\/","og_locale":"es_ES","og_type":"article","og_title":"Broiler Placement Kit from Zinpro\u00ae","og_description":"Learn about howBroiler Placement Kit delivers a Performance Solution.","og_url":"https:\/\/www.zinpro.com\/es_es\/product\/broiler-placement-kit\/","og_site_name":"Zinpro\u00ae","article_publisher":"https:\/\/www.facebook.com\/ZinproCorp\/","article_modified_time":"2024-12-17T16:48:27+00:00","og_image":[{"width":1024,"height":802,"url":"https:\/\/www.zinpro.com\/wp-content\/uploads\/2024\/12\/Broiler-Placement-Kit-Product-Image-1024x802.png","type":"image\/png"}],"twitter_card":"summary_large_image","twitter_site":"@wdolezal","twitter_misc":{"Tiempo de lectura":"1 minuto"},"schema":{"@context":"https:\/\/schema.org","@graph":[{"@type":"WebPage","@id":"https:\/\/www.zinpro.com\/product\/broiler-placement-kit\/","url":"https:\/\/www.zinpro.com\/product\/broiler-placement-kit\/","name":"Kit de colocaci\u00f3n de pollos de engorde de Zinpro","isPartOf":{"@id":"https:\/\/www.zinpro.com\/#website"},"primaryImageOfPage":{"@id":"https:\/\/www.zinpro.com\/product\/broiler-placement-kit\/#primaryimage"},"image":{"@id":"https:\/\/www.zinpro.com\/product\/broiler-placement-kit\/#primaryimage"},"thumbnailUrl":"https:\/\/www.zinpro.com\/wp-content\/uploads\/2024\/12\/Broiler-Placement-Kit-Product-Image.png","datePublished":"2024-12-16T22:15:03+00:00","dateModified":"2024-12-17T16:48:27+00:00","description":"Descubra c\u00f3mo el kit de colocaci\u00f3n de calderas ofrece una soluci\u00f3n de alto rendimiento.","inLanguage":"es","potentialAction":[{"@type":"ReadAction","target":["https:\/\/www.zinpro.com\/product\/broiler-placement-kit\/"]}]},{"@type":"ImageObject","inLanguage":"es","@id":"https:\/\/www.zinpro.com\/product\/broiler-placement-kit\/#primaryimage","url":"https:\/\/www.zinpro.com\/wp-content\/uploads\/2024\/12\/Broiler-Placement-Kit-Product-Image.png","contentUrl":"https:\/\/www.zinpro.com\/wp-content\/uploads\/2024\/12\/Broiler-Placement-Kit-Product-Image.png","width":3000,"height":2350},{"@type":"WebSite","@id":"https:\/\/www.zinpro.com\/#website","url":"https:\/\/www.zinpro.com\/","name":"Zinpro","description":"","potentialAction":[{"@type":"SearchAction","target":{"@type":"EntryPoint","urlTemplate":"https:\/\/www.zinpro.com\/?s={search_term_string}"},"query-input":{"@type":"PropertyValueSpecification","valueRequired":true,"valueName":"search_term_string"}}],"inLanguage":"es"}]}},"spectra_custom_meta":{"_edit_lock":["1772573915:10"],"_edit_last":["14"],"description":["Zinpro Specialty Products Broiler Placement Kit is an all-in-one solution for producers of broiler birds designed to give your broiler birds the best start. The first 10 days of life are critical, and this kit includes all the ZSP products you need to support them during this crucial period. By investing in this kit, you can help reduce mortality rates by encouraging the birds to drink more water and better utilize nutrients from their feed. Plus, it takes out the guesswork by providing everything you need for the best results.\r\n\r\n"],"_description":["field_6361311da0b4e"],"product_sheets":[""],"_product_sheets":["field_636131a3a0b50"],"safe_handling_and_storage":[""],"_safe_handling_and_storage":["field_6361325ca0b51"],"product_features_and_benefits":["This kit contains: \r\n\r\n1 Quart of <a href=\"https:\/\/www.zinpro.com\/product\/zinpro-aqua-x-cell-starter\/\" rel=\"noopener\" target=\"_blank\">Zinpro\u00ae Aqua -X-Cell\u00ae Starter<\/a>\r\n3 Packets of <a href=\"https:\/\/www.zinpro.com\/product\/zinpro-complete\/\" rel=\"noopener\" target=\"_blank\">Zinpro\u00ae Complete Vitamin and Electrolyte <\/a>\r\n5 Packets of <a href=\"https:\/\/www.zinpro.com\/product\/zinpro-propath-lq-zn\/\" rel=\"noopener\" target=\"_blank\">Zinpro\u00ae ProPath\u00ae LQ Zn<\/a> \r\n1 Gallon of <a href=\"https:\/\/www.zinpro.com\/product\/zinpro-perform-max\/\" rel=\"noopener\" target=\"_blank\">Zinpro Performax<\/a>\r\n1 Gallon of Zinpro Dropzone\r\n\r\n"],"_product_features_and_benefits":["field_649c98dd9fbc8"],"ss_social_share_disable":[""],"_yoast_wpseo_primary_species":[""],"_yoast_wpseo_primary_region":[""],"_yoast_wpseo_primary_sub-species":[""],"_yoast_wpseo_focuskeywords":[""],"_yoast_wpseo_keywordsynonyms":[""],"_yoast_wpseo_estimated-reading-time-minutes":["1"],"_thumbnail_id":["65198"],"_uag_css_file_name":["uag-css-65196.css"],"_uag_page_assets":["a:9:{s:3:\"css\";s:263:\".uag-blocks-common-selector{z-index:var(--z-index-desktop) !important}@media (max-width: 976px){.uag-blocks-common-selector{z-index:var(--z-index-tablet) !important}}@media (max-width: 767px){.uag-blocks-common-selector{z-index:var(--z-index-mobile) !important}}\n\";s:2:\"js\";s:0:\"\";s:18:\"current_block_list\";a:12:{i:0;s:11:\"core\/search\";i:1;s:10:\"core\/group\";i:2;s:12:\"core\/heading\";i:3;s:17:\"core\/latest-posts\";i:4;s:20:\"core\/latest-comments\";i:5;s:13:\"core\/archives\";i:6;s:15:\"core\/categories\";i:7;s:14:\"core\/paragraph\";i:8;s:17:\"core\/social-links\";i:9;s:16:\"core\/social-link\";i:10;s:11:\"core\/spacer\";i:11;s:10:\"core\/image\";}s:8:\"uag_flag\";b:0;s:11:\"uag_version\";s:10:\"1775511378\";s:6:\"gfonts\";a:0:{}s:10:\"gfonts_url\";s:0:\"\";s:12:\"gfonts_files\";a:0:{}s:14:\"uag_faq_layout\";b:0;}"]},"uagb_featured_image_src":{"full":["https:\/\/www.zinpro.com\/wp-content\/uploads\/2024\/12\/Broiler-Placement-Kit-Product-Image.png",3000,2350,false],"thumbnail":["https:\/\/www.zinpro.com\/wp-content\/uploads\/2024\/12\/Broiler-Placement-Kit-Product-Image-150x150.png",150,150,true],"medium":["https:\/\/www.zinpro.com\/wp-content\/uploads\/2024\/12\/Broiler-Placement-Kit-Product-Image-300x235.png",300,235,true],"medium_large":["https:\/\/www.zinpro.com\/wp-content\/uploads\/2024\/12\/Broiler-Placement-Kit-Product-Image.png",640,501,false],"large":["https:\/\/www.zinpro.com\/wp-content\/uploads\/2024\/12\/Broiler-Placement-Kit-Product-Image-1024x802.png",640,501,true],"gs-tiny":["https:\/\/www.zinpro.com\/wp-content\/uploads\/2024\/12\/Broiler-Placement-Kit-Product-Image-50x39.png",50,39,true],"xl":["https:\/\/www.zinpro.com\/wp-content\/uploads\/2024\/12\/Broiler-Placement-Kit-Product-Image-1600x1253.png",1600,1253,true],"xxl":["https:\/\/www.zinpro.com\/wp-content\/uploads\/2024\/12\/Broiler-Placement-Kit-Product-Image-2200x1723.png",2200,1723,true],"xxxl":["https:\/\/www.zinpro.com\/wp-content\/uploads\/2024\/12\/Broiler-Placement-Kit-Product-Image-2800x2193.png",2800,2193,true],"xxxxl":["https:\/\/www.zinpro.com\/wp-content\/uploads\/2024\/12\/Broiler-Placement-Kit-Product-Image.png",3000,2350,false],"xxxxxl":["https:\/\/www.zinpro.com\/wp-content\/uploads\/2024\/12\/Broiler-Placement-Kit-Product-Image.png",3000,2350,false],"1536x1536":["https:\/\/www.zinpro.com\/wp-content\/uploads\/2024\/12\/Broiler-Placement-Kit-Product-Image-1536x1203.png",1536,1203,true],"2048x2048":["https:\/\/www.zinpro.com\/wp-content\/uploads\/2024\/12\/Broiler-Placement-Kit-Product-Image-2048x1604.png",2048,1604,true],"trp-custom-language-flag":["https:\/\/www.zinpro.com\/wp-content\/uploads\/2024\/12\/Broiler-Placement-Kit-Product-Image-15x12.png",15,12,true],"gform-image-choice-sm":["https:\/\/www.zinpro.com\/wp-content\/uploads\/2024\/12\/Broiler-Placement-Kit-Product-Image-300x300.png",300,300,true],"gform-image-choice-md":["https:\/\/www.zinpro.com\/wp-content\/uploads\/2024\/12\/Broiler-Placement-Kit-Product-Image-400x400.png",400,400,true],"gform-image-choice-lg":["https:\/\/www.zinpro.com\/wp-content\/uploads\/2024\/12\/Broiler-Placement-Kit-Product-Image-600x600.png",600,600,true],"menu-24x24":["https:\/\/www.zinpro.com\/wp-content\/uploads\/2024\/12\/Broiler-Placement-Kit-Product-Image.png",24,19,false],"menu-36x36":["https:\/\/www.zinpro.com\/wp-content\/uploads\/2024\/12\/Broiler-Placement-Kit-Product-Image.png",36,28,false],"menu-48x48":["https:\/\/www.zinpro.com\/wp-content\/uploads\/2024\/12\/Broiler-Placement-Kit-Product-Image.png",48,38,false]},"uagb_author_info":{"display_name":"cjohnson","author_link":"https:\/\/www.zinpro.com\/es_es\/resource-center\/author\/cjohnson\/"},"uagb_comment_info":0,"uagb_excerpt":null,"_links":{"self":[{"href":"https:\/\/www.zinpro.com\/es_es\/wp-json\/wp\/v2\/product\/65196","targetHints":{"allow":["GET"]}}],"collection":[{"href":"https:\/\/www.zinpro.com\/es_es\/wp-json\/wp\/v2\/product"}],"about":[{"href":"https:\/\/www.zinpro.com\/es_es\/wp-json\/wp\/v2\/types\/product"}],"author":[{"embeddable":true,"href":"https:\/\/www.zinpro.com\/es_es\/wp-json\/wp\/v2\/users\/14"}],"version-history":[{"count":0,"href":"https:\/\/www.zinpro.com\/es_es\/wp-json\/wp\/v2\/product\/65196\/revisions"}],"wp:featuredmedia":[{"embeddable":true,"href":"https:\/\/www.zinpro.com\/es_es\/wp-json\/wp\/v2\/media\/65198"}],"wp:attachment":[{"href":"https:\/\/www.zinpro.com\/es_es\/wp-json\/wp\/v2\/media?parent=65196"}],"wp:term":[{"taxonomy":"species","embeddable":true,"href":"https:\/\/www.zinpro.com\/es_es\/wp-json\/wp\/v2\/species?post=65196"},{"taxonomy":"region","embeddable":true,"href":"https:\/\/www.zinpro.com\/es_es\/wp-json\/wp\/v2\/region?post=65196"},{"taxonomy":"product-line","embeddable":true,"href":"https:\/\/www.zinpro.com\/es_es\/wp-json\/wp\/v2\/product-line?post=65196"},{"taxonomy":"sub-species","embeddable":true,"href":"https:\/\/www.zinpro.com\/es_es\/wp-json\/wp\/v2\/sub-species?post=65196"}],"curies":[{"name":"wp","href":"https:\/\/api.w.org\/{rel}","templated":true}]}}