{"id":49859,"date":"2026-03-24T16:19:01","date_gmt":"2026-03-24T21:19:01","guid":{"rendered":"https:\/\/www.zinpro.com\/product\/zinpro-availa-fe\/"},"modified":"2026-03-24T16:19:01","modified_gmt":"2026-03-24T21:19:01","slug":"zinpro-availa-fe","status":"publish","type":"product","link":"http:\/\/www.zinpro.com\/pl\/product\/zinpro-availa-fe\/","title":{"rendered":"Zinpro\u00ae Availa\u00ae Fe"},"author":8,"featured_media":68733,"parent":0,"template":"","species":[987,938,1271,940,1270,942,1184,943],"region":[2471,2613,2473,2474,2513,2464,2475,2503,2476,2477,2478,2504,2496,2465,2481,2479,2505,2482,2506,2484,2488,2466,2487,2490,2489,2491,2492,2493,2467,2507,2502,2483,2498,2497,2509,2468,2499,2501],"product-line":[1191],"sub-species":[1192,1216,1217,1193,1194,1201,1208,1202,1203,1218,1205,1209,1212,1213,2074,1214,1215,1219],"class_list":["post-49859","product","type-product","status-publish","has-post-thumbnail","hentry"],"acf":[],"yoast_head":"<!-- This site is optimized with the Yoast SEO Premium plugin v27.3 (Yoast SEO v27.3) - https:\/\/yoast.com\/product\/yoast-seo-premium-wordpress\/ -->\n<title>Zinpro\u00ae Availa\u00ae Fe from Zinpro\u00ae<\/title>\n<meta name=\"description\" content=\"Learn about howZinpro\u00ae Availa\u00ae Fe delivers a Performance Solution.\" \/>\n<meta name=\"robots\" content=\"index, follow, max-snippet:-1, max-image-preview:large, max-video-preview:-1\" \/>\n<link rel=\"canonical\" href=\"https:\/\/www.zinpro.com\/pl\/product\/zinpro-availa-fe\/\" \/>\n<meta property=\"og:locale\" content=\"pl_PL\" \/>\n<meta property=\"og:type\" content=\"article\" \/>\n<meta property=\"og:title\" content=\"Zinpro\u00ae Availa\u00ae Fe from Zinpro\u00ae\" \/>\n<meta property=\"og:description\" content=\"Learn about howZinpro\u00ae Availa\u00ae Fe delivers a Performance Solution.\" \/>\n<meta property=\"og:url\" content=\"https:\/\/www.zinpro.com\/pl\/product\/zinpro-availa-fe\/\" \/>\n<meta property=\"og:site_name\" content=\"Zinpro\u00ae\" \/>\n<meta property=\"article:publisher\" content=\"https:\/\/www.facebook.com\/ZinproCorp\/\" \/>\n<meta property=\"og:image\" content=\"https:\/\/www.zinpro.com\/wp-content\/uploads\/2025\/05\/Availa-Fe_RGB.png\" \/>\n\t<meta property=\"og:image:width\" content=\"418\" \/>\n\t<meta property=\"og:image:height\" content=\"550\" \/>\n\t<meta property=\"og:image:type\" content=\"image\/png\" \/>\n<meta name=\"twitter:card\" content=\"summary_large_image\" \/>\n<meta name=\"twitter:site\" content=\"@wdolezal\" \/>\n<meta name=\"twitter:label1\" content=\"Szacowany czas czytania\" \/>\n\t<meta name=\"twitter:data1\" content=\"1 minuta\" \/>\n<script type=\"application\/ld+json\" class=\"yoast-schema-graph\">{\"@context\":\"https:\\\/\\\/schema.org\",\"@graph\":[{\"@type\":\"WebPage\",\"@id\":\"https:\\\/\\\/www.zinpro.com\\\/product\\\/zinpro-availa-fe\\\/\",\"url\":\"https:\\\/\\\/www.zinpro.com\\\/product\\\/zinpro-availa-fe\\\/\",\"name\":\"Zinpro\u00ae Availa\u00ae Fe from Zinpro\u00ae\",\"isPartOf\":{\"@id\":\"https:\\\/\\\/www.zinpro.com\\\/#website\"},\"primaryImageOfPage\":{\"@id\":\"https:\\\/\\\/www.zinpro.com\\\/product\\\/zinpro-availa-fe\\\/#primaryimage\"},\"image\":{\"@id\":\"https:\\\/\\\/www.zinpro.com\\\/product\\\/zinpro-availa-fe\\\/#primaryimage\"},\"thumbnailUrl\":\"https:\\\/\\\/www.zinpro.com\\\/wp-content\\\/uploads\\\/2025\\\/05\\\/Availa-Fe_RGB.png\",\"datePublished\":\"2026-03-24T21:19:01+00:00\",\"description\":\"Learn about howZinpro\u00ae Availa\u00ae Fe delivers a Performance Solution.\",\"inLanguage\":\"pl-PL\",\"potentialAction\":[{\"@type\":\"ReadAction\",\"target\":[\"https:\\\/\\\/www.zinpro.com\\\/product\\\/zinpro-availa-fe\\\/\"]}]},{\"@type\":\"ImageObject\",\"inLanguage\":\"pl-PL\",\"@id\":\"https:\\\/\\\/www.zinpro.com\\\/product\\\/zinpro-availa-fe\\\/#primaryimage\",\"url\":\"https:\\\/\\\/www.zinpro.com\\\/wp-content\\\/uploads\\\/2025\\\/05\\\/Availa-Fe_RGB.png\",\"contentUrl\":\"https:\\\/\\\/www.zinpro.com\\\/wp-content\\\/uploads\\\/2025\\\/05\\\/Availa-Fe_RGB.png\",\"width\":418,\"height\":550},{\"@type\":\"WebSite\",\"@id\":\"https:\\\/\\\/www.zinpro.com\\\/#website\",\"url\":\"https:\\\/\\\/www.zinpro.com\\\/\",\"name\":\"Zinpro\u00ae\",\"description\":\"\",\"potentialAction\":[{\"@type\":\"SearchAction\",\"target\":{\"@type\":\"EntryPoint\",\"urlTemplate\":\"https:\\\/\\\/www.zinpro.com\\\/?s={search_term_string}\"},\"query-input\":{\"@type\":\"PropertyValueSpecification\",\"valueRequired\":true,\"valueName\":\"search_term_string\"}}],\"inLanguage\":\"pl-PL\"}]}<\/script>\n<!-- \/ Yoast SEO Premium plugin. -->","yoast_head_json":{"title":"Zinpro\u00ae Availa\u00ae Fe od Zinpro\u00ae","description":"Dowiedz si\u0119, w jaki spos\u00f3b Zinpro\u00ae Availa\u00ae Fe zapewnia rozwi\u0105zanie zwi\u0119kszaj\u0105ce wydajno\u015b\u0107.","robots":{"index":"index","follow":"follow","max-snippet":"max-snippet:-1","max-image-preview":"max-image-preview:large","max-video-preview":"max-video-preview:-1"},"canonical":"https:\/\/www.zinpro.com\/pl\/product\/zinpro-availa-fe\/","og_locale":"pl_PL","og_type":"article","og_title":"Zinpro\u00ae Availa\u00ae Fe from Zinpro\u00ae","og_description":"Learn about howZinpro\u00ae Availa\u00ae Fe delivers a Performance Solution.","og_url":"https:\/\/www.zinpro.com\/pl\/product\/zinpro-availa-fe\/","og_site_name":"Zinpro\u00ae","article_publisher":"https:\/\/www.facebook.com\/ZinproCorp\/","og_image":[{"width":418,"height":550,"url":"https:\/\/www.zinpro.com\/wp-content\/uploads\/2025\/05\/Availa-Fe_RGB.png","type":"image\/png"}],"twitter_card":"summary_large_image","twitter_site":"@wdolezal","twitter_misc":{"Szacowany czas czytania":"1 minuta"},"schema":{"@context":"https:\/\/schema.org","@graph":[{"@type":"WebPage","@id":"https:\/\/www.zinpro.com\/product\/zinpro-availa-fe\/","url":"https:\/\/www.zinpro.com\/product\/zinpro-availa-fe\/","name":"Zinpro\u00ae Availa\u00ae Fe od Zinpro\u00ae","isPartOf":{"@id":"https:\/\/www.zinpro.com\/#website"},"primaryImageOfPage":{"@id":"https:\/\/www.zinpro.com\/product\/zinpro-availa-fe\/#primaryimage"},"image":{"@id":"https:\/\/www.zinpro.com\/product\/zinpro-availa-fe\/#primaryimage"},"thumbnailUrl":"https:\/\/www.zinpro.com\/wp-content\/uploads\/2025\/05\/Availa-Fe_RGB.png","datePublished":"2026-03-24T21:19:01+00:00","description":"Dowiedz si\u0119, w jaki spos\u00f3b Zinpro\u00ae Availa\u00ae Fe zapewnia rozwi\u0105zanie zwi\u0119kszaj\u0105ce wydajno\u015b\u0107.","inLanguage":"pl-PL","potentialAction":[{"@type":"ReadAction","target":["https:\/\/www.zinpro.com\/product\/zinpro-availa-fe\/"]}]},{"@type":"ImageObject","inLanguage":"pl-PL","@id":"https:\/\/www.zinpro.com\/product\/zinpro-availa-fe\/#primaryimage","url":"https:\/\/www.zinpro.com\/wp-content\/uploads\/2025\/05\/Availa-Fe_RGB.png","contentUrl":"https:\/\/www.zinpro.com\/wp-content\/uploads\/2025\/05\/Availa-Fe_RGB.png","width":418,"height":550},{"@type":"WebSite","@id":"https:\/\/www.zinpro.com\/#website","url":"https:\/\/www.zinpro.com\/","name":"Zinpro\u00ae","description":"","potentialAction":[{"@type":"SearchAction","target":{"@type":"EntryPoint","urlTemplate":"https:\/\/www.zinpro.com\/?s={search_term_string}"},"query-input":{"@type":"PropertyValueSpecification","valueRequired":true,"valueName":"search_term_string"}}],"inLanguage":"pl-PL"}]}},"spectra_custom_meta":{"_wp_page_template":["default"],"_description":["field_6361311da0b4e"],"description":["Zinpro Availa Fe (iron amino acid complex) is a nutritional feed ingredient for animals that contains organic iron. The trace mineral iron is\u00a0required by animals for numerous functions, including: oxygen transport, immunity, milk production and muscle development. In addition, when an animal has the proper balance of trace minerals it is better able to cope with the challenging effects of stress.\r\n\r\nZinpro Availa Fe, is built on a unique, patented molecule that consists of one metal ion bound to one amino acid ion \u2013 called a metal amino acid complex. Zinpro\u00ae Performance Minerals\u00ae provide the highest biological efficacy of any trace mineral products on the market, which means more of the minerals are absorbed by the animal to deliver their full benefit. For more than 50 years, Zinpro Performance Minerals have delivered positive animal performance responses and a strong return on investment in operations around the world.\r\n\r\n<em>Note: Not all products available in all markets.\u00a0Contact your Zinpro representative\u00a0for more information.<\/em>"],"_product_sheets":["field_636131a3a0b50"],"product_sheets":["a:41:{i:0;s:5:\"47490\";i:1;s:5:\"47509\";i:2;s:5:\"47513\";i:3;s:5:\"47487\";i:4;s:5:\"47488\";i:5;s:5:\"47489\";i:6;s:5:\"47491\";i:7;s:5:\"47492\";i:8;s:5:\"47494\";i:9;s:5:\"47510\";i:10;s:5:\"47495\";i:11;s:5:\"47497\";i:12;s:5:\"47496\";i:13;s:5:\"47498\";i:14;s:5:\"47500\";i:15;s:5:\"47503\";i:16;s:5:\"47505\";i:17;s:5:\"47506\";i:18;s:5:\"47507\";i:19;s:5:\"47508\";i:20;s:5:\"47516\";i:21;s:5:\"47512\";i:22;s:5:\"47511\";i:23;s:5:\"47514\";i:24;s:5:\"47515\";i:25;s:5:\"47499\";i:26;s:5:\"47493\";i:27;s:5:\"47501\";i:28;s:5:\"47504\";i:29;s:5:\"47486\";i:30;s:5:\"61081\";i:31;s:5:\"47518\";i:32;s:5:\"47519\";i:33;s:5:\"47517\";i:34;s:5:\"47520\";i:35;s:5:\"47522\";i:36;s:5:\"47521\";i:37;s:5:\"47523\";i:38;s:5:\"47524\";i:39;s:5:\"47525\";i:40;s:5:\"64948\";}"],"_safe_handling_and_storage":["field_6361325ca0b51"],"safe_handling_and_storage":["When used correctly, there is no toxicity hazard in the use of Zinpro Availa Fe iron amino acid complex. Store in a clean and dry environment. Follow label directions and rotate inventory to ensure fresh product."],"_product_image_gallery":[""],"_edit_lock":["1747938544:8"],"_edit_last":["8"],"product_features_and_benefits":[""],"_product_features_and_benefits":["field_649c98dd9fbc8"],"ss_social_share_disable":[""],"_yoast_wpseo_primary_species":[""],"_yoast_wpseo_primary_region":["2471"],"_yoast_wpseo_primary_sub-species":[""],"_yoast_wpseo_focuskeywords":[""],"_yoast_wpseo_keywordsynonyms":[""],"_yoast_wpseo_estimated-reading-time-minutes":["1"],"_thumbnail_id":["68733"],"_yoast_wpseo_content_score":["90"],"_uag_css_file_name":["uag-css-49859.css"],"_uag_page_assets":["a:9:{s:3:\"css\";s:0:\"\";s:2:\"js\";s:0:\"\";s:18:\"current_block_list\";a:12:{i:0;s:11:\"core\/search\";i:1;s:10:\"core\/group\";i:2;s:12:\"core\/heading\";i:3;s:17:\"core\/latest-posts\";i:4;s:20:\"core\/latest-comments\";i:5;s:13:\"core\/archives\";i:6;s:15:\"core\/categories\";i:7;s:14:\"core\/paragraph\";i:8;s:17:\"core\/social-links\";i:9;s:16:\"core\/social-link\";i:10;s:11:\"core\/spacer\";i:11;s:10:\"core\/image\";}s:8:\"uag_flag\";b:0;s:11:\"uag_version\";s:10:\"1775752991\";s:6:\"gfonts\";a:0:{}s:10:\"gfonts_url\";s:0:\"\";s:12:\"gfonts_files\";a:0:{}s:14:\"uag_faq_layout\";b:0;}"]},"uagb_featured_image_src":{"full":["https:\/\/www.zinpro.com\/wp-content\/uploads\/2025\/05\/Availa-Fe_RGB.png",418,550,false],"thumbnail":["https:\/\/www.zinpro.com\/wp-content\/uploads\/2025\/05\/Availa-Fe_RGB-150x150.png",150,150,true],"medium":["https:\/\/www.zinpro.com\/wp-content\/uploads\/2025\/05\/Availa-Fe_RGB-228x300.png",228,300,true],"medium_large":["https:\/\/www.zinpro.com\/wp-content\/uploads\/2025\/05\/Availa-Fe_RGB.png",418,550,false],"large":["https:\/\/www.zinpro.com\/wp-content\/uploads\/2025\/05\/Availa-Fe_RGB.png",418,550,false],"gs-tiny":["https:\/\/www.zinpro.com\/wp-content\/uploads\/2025\/05\/Availa-Fe_RGB-50x66.png",50,66,true],"xl":["https:\/\/www.zinpro.com\/wp-content\/uploads\/2025\/05\/Availa-Fe_RGB.png",418,550,false],"xxl":["https:\/\/www.zinpro.com\/wp-content\/uploads\/2025\/05\/Availa-Fe_RGB.png",418,550,false],"xxxl":["https:\/\/www.zinpro.com\/wp-content\/uploads\/2025\/05\/Availa-Fe_RGB.png",418,550,false],"xxxxl":["https:\/\/www.zinpro.com\/wp-content\/uploads\/2025\/05\/Availa-Fe_RGB.png",418,550,false],"xxxxxl":["https:\/\/www.zinpro.com\/wp-content\/uploads\/2025\/05\/Availa-Fe_RGB.png",418,550,false],"1536x1536":["https:\/\/www.zinpro.com\/wp-content\/uploads\/2025\/05\/Availa-Fe_RGB.png",418,550,false],"2048x2048":["https:\/\/www.zinpro.com\/wp-content\/uploads\/2025\/05\/Availa-Fe_RGB.png",418,550,false],"trp-custom-language-flag":["https:\/\/www.zinpro.com\/wp-content\/uploads\/2025\/05\/Availa-Fe_RGB-9x12.png",9,12,true],"gform-image-choice-sm":["https:\/\/www.zinpro.com\/wp-content\/uploads\/2025\/05\/Availa-Fe_RGB.png",228,300,false],"gform-image-choice-md":["https:\/\/www.zinpro.com\/wp-content\/uploads\/2025\/05\/Availa-Fe_RGB.png",304,400,false],"gform-image-choice-lg":["https:\/\/www.zinpro.com\/wp-content\/uploads\/2025\/05\/Availa-Fe_RGB.png",418,550,false],"menu-24x24":["https:\/\/www.zinpro.com\/wp-content\/uploads\/2025\/05\/Availa-Fe_RGB.png",18,24,false],"menu-36x36":["https:\/\/www.zinpro.com\/wp-content\/uploads\/2025\/05\/Availa-Fe_RGB.png",27,36,false],"menu-48x48":["https:\/\/www.zinpro.com\/wp-content\/uploads\/2025\/05\/Availa-Fe_RGB.png",36,48,false]},"uagb_author_info":{"display_name":"Matt Wolleat","author_link":"http:\/\/www.zinpro.com\/pl\/resource-center\/author\/mwolleatzinpro-com\/"},"uagb_comment_info":0,"uagb_excerpt":null,"_links":{"self":[{"href":"http:\/\/www.zinpro.com\/pl\/wp-json\/wp\/v2\/product\/49859","targetHints":{"allow":["GET"]}}],"collection":[{"href":"http:\/\/www.zinpro.com\/pl\/wp-json\/wp\/v2\/product"}],"about":[{"href":"http:\/\/www.zinpro.com\/pl\/wp-json\/wp\/v2\/types\/product"}],"author":[{"embeddable":true,"href":"http:\/\/www.zinpro.com\/pl\/wp-json\/wp\/v2\/users\/8"}],"version-history":[{"count":0,"href":"http:\/\/www.zinpro.com\/pl\/wp-json\/wp\/v2\/product\/49859\/revisions"}],"wp:featuredmedia":[{"embeddable":true,"href":"http:\/\/www.zinpro.com\/pl\/wp-json\/wp\/v2\/media\/68733"}],"wp:attachment":[{"href":"http:\/\/www.zinpro.com\/pl\/wp-json\/wp\/v2\/media?parent=49859"}],"wp:term":[{"taxonomy":"species","embeddable":true,"href":"http:\/\/www.zinpro.com\/pl\/wp-json\/wp\/v2\/species?post=49859"},{"taxonomy":"region","embeddable":true,"href":"http:\/\/www.zinpro.com\/pl\/wp-json\/wp\/v2\/region?post=49859"},{"taxonomy":"product-line","embeddable":true,"href":"http:\/\/www.zinpro.com\/pl\/wp-json\/wp\/v2\/product-line?post=49859"},{"taxonomy":"sub-species","embeddable":true,"href":"http:\/\/www.zinpro.com\/pl\/wp-json\/wp\/v2\/sub-species?post=49859"}],"curies":[{"name":"wp","href":"https:\/\/api.w.org\/{rel}","templated":true}]}}