{"id":48107,"date":"2023-04-11T20:27:59","date_gmt":"2023-04-11T20:27:59","guid":{"rendered":"https:\/\/www.zinpro.com\/?page_id=48107"},"modified":"2024-05-15T10:46:41","modified_gmt":"2024-05-15T15:46:41","slug":"performance-solutions","status":"publish","type":"page","link":"http:\/\/www.zinpro.com\/es_mx\/performance-solutions\/","title":{"rendered":"Soluciones de rendimiento"},"content":{"rendered":"<div class=\"wp-block-cover alignfull is-light is-style-default\"><span aria-hidden=\"true\" class=\"wp-block-cover__background has-background-dim-10 has-background-dim\"><\/span><img loading=\"lazy\" decoding=\"async\" width=\"2400\" height=\"919\" class=\"wp-block-cover__image-background wp-image-48109\" alt=\"\" src=\"https:\/\/www.zinpro.com\/wp-content\/uploads\/2023\/04\/SolutionsHero.jpg\" style=\"object-position:53% 22%\" data-object-fit=\"cover\" data-object-position=\"53% 22%\" srcset=\"https:\/\/www.zinpro.com\/wp-content\/uploads\/2023\/04\/SolutionsHero.jpg 2400w, https:\/\/www.zinpro.com\/wp-content\/uploads\/2023\/04\/SolutionsHero-300x115.jpg 300w, https:\/\/www.zinpro.com\/wp-content\/uploads\/2023\/04\/SolutionsHero-1024x392.jpg 1024w, https:\/\/www.zinpro.com\/wp-content\/uploads\/2023\/04\/SolutionsHero-1600x613.jpg 1600w, https:\/\/www.zinpro.com\/wp-content\/uploads\/2023\/04\/SolutionsHero-1536x588.jpg 1536w, https:\/\/www.zinpro.com\/wp-content\/uploads\/2023\/04\/SolutionsHero-2048x784.jpg 2048w, https:\/\/www.zinpro.com\/wp-content\/uploads\/2023\/04\/SolutionsHero-18x7.jpg 18w\" sizes=\"auto, (max-width: 2400px) 100vw, 2400px\" \/><div class=\"wp-block-cover__inner-container is-layout-flow wp-block-cover-is-layout-flow\">\n<h1 class=\"wp-block-heading has-text-align-left wow fadeInUp anim-delay-300ms has-white-color has-text-color translation-block\" id=\"h-not-just-performance-minerals-performance-solutions\">No s\u00f3lo minerales de alto rendimiento. <br>Soluciones de rendimiento.<\/h1>\n<\/div><\/div>\n\n\n\n<div class=\"wp-block-group is-layout-constrained wp-block-group-is-layout-constrained\">\n<h5 class=\"wp-block-heading wow fadeInUp\" id=\"h-at-zinpro-we-don-t-just-provide-performance-minerals-we-provide-a-full-range-of-products-services-and-expertise-to-ensure-every-animal-gets-everything-they-need-to-maximize-wellbeing-and-productivity\">En Zinpro\u00ae, no s\u00f3lo proporcionamos minerales para el desempe\u00f1o. Ofrecemos una gama completa de productos, servicios y experiencia para garantizar que cada animal reciba todo lo que necesita para maximizar su bienestar y productividad.<\/h5>\n<\/div>\n\n\n\n<div class=\"wp-block-group alignwide is-layout-constrained wp-block-group-is-layout-constrained\">\n<div class=\"wp-block-columns is-layout-flex wp-container-core-columns-is-layout-9d6595d7 wp-block-columns-is-layout-flex\">\n<div class=\"wp-block-column wow fadeInUp is-layout-flow wp-block-column-is-layout-flow\">\n<div class=\"wp-block-cover is-light has-custom-content-position is-position-bottom-left\" style=\"min-height:55vh;aspect-ratio:unset;\"><span aria-hidden=\"true\" class=\"wp-block-cover__background has-background-dim-20 has-background-dim\"><\/span><img loading=\"lazy\" decoding=\"async\" width=\"750\" height=\"750\" class=\"wp-block-cover__image-background wp-image-48114\" alt=\"\" src=\"http:\/\/www.zinpro.com\/wp-content\/uploads\/2023\/04\/Poultry-750x750-1.jpg\" data-object-fit=\"cover\" srcset=\"https:\/\/www.zinpro.com\/wp-content\/uploads\/2023\/04\/Poultry-750x750-1.jpg 750w, https:\/\/www.zinpro.com\/wp-content\/uploads\/2023\/04\/Poultry-750x750-1-300x300.jpg 300w, https:\/\/www.zinpro.com\/wp-content\/uploads\/2023\/04\/Poultry-750x750-1-150x150.jpg 150w, https:\/\/www.zinpro.com\/wp-content\/uploads\/2023\/04\/Poultry-750x750-1-12x12.jpg 12w\" sizes=\"auto, (max-width: 750px) 100vw, 750px\" \/><div class=\"wp-block-cover__inner-container is-layout-flow wp-block-cover-is-layout-flow\">\n<h3 class=\"wp-block-heading has-white-color has-text-color\" id=\"h-we-know-trace-minerals\">Conocemos los Minerales Traza<\/h3>\n\n\n\n<p class=\"has-white-color has-text-color\">Los \u00fanicos verdaderos minerales de rendimiento para una captaci\u00f3n y absorci\u00f3n avanzadas.<\/p>\n\n\n\n<div class=\"wp-block-buttons is-layout-flex wp-block-buttons-is-layout-flex\">\n<div class=\"wp-block-button is-style-outline is-style-outline--1\"><a class=\"wp-block-button__link has-white-color has-text-color wp-element-button\" href=\"https:\/\/www.zinpro.com\/es_mx\/performance-solutions\/we-know-trace-minerals\/\">M\u00e1s Informaci\u00f3n<\/a><\/div>\n<\/div>\n<\/div><\/div>\n<\/div>\n\n\n\n<div class=\"wp-block-column wow fadeInUp anim-delay-300ms is-layout-flow wp-block-column-is-layout-flow\">\n<div class=\"wp-block-cover has-custom-content-position is-position-bottom-left\" style=\"min-height:55vh;aspect-ratio:unset;\"><span aria-hidden=\"true\" class=\"wp-block-cover__background has-background-dim-20 has-background-dim\"><\/span><img loading=\"lazy\" decoding=\"async\" width=\"560\" height=\"450\" class=\"wp-block-cover__image-background wp-image-48115\" alt=\"\" src=\"http:\/\/www.zinpro.com\/wp-content\/uploads\/2023\/04\/solutions-tile-trace-minerals.jpg\" data-object-fit=\"cover\" srcset=\"https:\/\/www.zinpro.com\/wp-content\/uploads\/2023\/04\/solutions-tile-trace-minerals.jpg 560w, https:\/\/www.zinpro.com\/wp-content\/uploads\/2023\/04\/solutions-tile-trace-minerals-300x241.jpg 300w, https:\/\/www.zinpro.com\/wp-content\/uploads\/2023\/04\/solutions-tile-trace-minerals-15x12.jpg 15w\" sizes=\"auto, (max-width: 560px) 100vw, 560px\" \/><div class=\"wp-block-cover__inner-container is-layout-flow wp-block-cover-is-layout-flow\">\n<h3 class=\"wp-block-heading\" id=\"h-we-re-leaders-in-lameness-prevention\">Somos l\u00edderes en prevenci\u00f3n de cojeras<\/h3>\n\n\n\n<p>Un enfoque integral de la prevenci\u00f3n de cojeras y la salud del pie.<\/p>\n\n\n\n<div class=\"wp-block-buttons is-layout-flex wp-block-buttons-is-layout-flex\">\n<div class=\"wp-block-button is-style-outline is-style-outline--2\"><a class=\"wp-block-button__link has-white-color has-text-color has-link-color wp-element-button\" href=\"https:\/\/www.zinpro.com\/es_mx\/performance-solutions\/lameness-prevention\/\">M\u00e1s Informaci\u00f3n<\/a><\/div>\n<\/div>\n<\/div><\/div>\n<\/div>\n<\/div>\n\n\n\n<div class=\"wp-block-columns is-layout-flex wp-container-core-columns-is-layout-9d6595d7 wp-block-columns-is-layout-flex\">\n<div class=\"wp-block-column wow fadeInUp is-layout-flow wp-block-column-is-layout-flow\">\n<div class=\"wp-block-cover has-custom-content-position is-position-bottom-left\" style=\"min-height:55vh;aspect-ratio:unset;\"><span aria-hidden=\"true\" class=\"wp-block-cover__background has-background-dim-20 has-background-dim\"><\/span><img loading=\"lazy\" decoding=\"async\" width=\"768\" height=\"878\" class=\"wp-block-cover__image-background wp-image-48130\" alt=\"\" src=\"http:\/\/www.zinpro.com\/wp-content\/uploads\/2023\/04\/Performance-Companion-560x640-1-768x878-1.jpg\" data-object-fit=\"cover\" srcset=\"https:\/\/www.zinpro.com\/wp-content\/uploads\/2023\/04\/Performance-Companion-560x640-1-768x878-1.jpg 768w, https:\/\/www.zinpro.com\/wp-content\/uploads\/2023\/04\/Performance-Companion-560x640-1-768x878-1-262x300.jpg 262w, https:\/\/www.zinpro.com\/wp-content\/uploads\/2023\/04\/Performance-Companion-560x640-1-768x878-1-10x12.jpg 10w\" sizes=\"auto, (max-width: 768px) 100vw, 768px\" \/><div class=\"wp-block-cover__inner-container is-layout-flow wp-block-cover-is-layout-flow\">\n<h3 class=\"wp-block-heading has-white-color has-text-color\" id=\"h-we-re-committed-to-zinpro-lifetime-performance\">Estamos comprometidos con Zinpro\u00ae Lifetime Performance\u00ae.<\/h3>\n\n\n\n<p class=\"has-white-color has-text-color\">Nuestra promesa de ofrecer una nutrici\u00f3n de oligoelementos probada en todas las etapas de la vida.<\/p>\n\n\n\n<div class=\"wp-block-buttons is-layout-flex wp-block-buttons-is-layout-flex\">\n<div class=\"wp-block-button is-style-outline is-style-outline--3\"><a class=\"wp-block-button__link has-white-color has-text-color wp-element-button\" href=\"https:\/\/www.zinpro.com\/es_mx\/performance-solutions\/lifetime-performance\/\">M\u00e1s Informaci\u00f3n<\/a><\/div>\n<\/div>\n<\/div><\/div>\n<\/div>\n\n\n\n<div class=\"wp-block-column wow fadeInUp anim-delay-300ms is-layout-flow wp-block-column-is-layout-flow\">\n<div class=\"wp-block-cover has-custom-content-position is-position-bottom-left\" style=\"min-height:55vh;aspect-ratio:unset;\"><span aria-hidden=\"true\" class=\"wp-block-cover__background has-background-dim-20 has-background-dim\"><\/span><img loading=\"lazy\" decoding=\"async\" width=\"560\" height=\"450\" class=\"wp-block-cover__image-background wp-image-48131\" alt=\"\" src=\"https:\/\/www.zinpro.com\/wp-content\/uploads\/2023\/04\/solutions-tiles-inflammation-management.jpg\" data-object-fit=\"cover\" srcset=\"https:\/\/www.zinpro.com\/wp-content\/uploads\/2023\/04\/solutions-tiles-inflammation-management.jpg 560w, https:\/\/www.zinpro.com\/wp-content\/uploads\/2023\/04\/solutions-tiles-inflammation-management-300x241.jpg 300w, https:\/\/www.zinpro.com\/wp-content\/uploads\/2023\/04\/solutions-tiles-inflammation-management-15x12.jpg 15w\" sizes=\"auto, (max-width: 560px) 100vw, 560px\" \/><div class=\"wp-block-cover__inner-container is-layout-flow wp-block-cover-is-layout-flow\">\n<h3 class=\"wp-block-heading\" id=\"h-we-re-experts-in-inflammation-management\">Somos expertos en el control de la inflamaci\u00f3n<\/h3>\n\n\n\n<p>Liderando la lucha contra una amenaza com\u00fan para la salud y el bienestar de los animales.<\/p>\n\n\n\n<div class=\"wp-block-buttons is-layout-flex wp-block-buttons-is-layout-flex\">\n<div class=\"wp-block-button is-style-outline is-style-outline--4\"><a class=\"wp-block-button__link has-white-color has-text-color has-link-color wp-element-button\" href=\"https:\/\/www.zinpro.com\/es_mx\/performance-solutions\/managing-inflammation\/\">M\u00e1s Informaci\u00f3n<\/a><\/div>\n<\/div>\n<\/div><\/div>\n<\/div>\n<\/div>\n<\/div>\n\n\n\n<div class=\"wp-block-group is-layout-constrained wp-block-group-is-layout-constrained\">\n<div class=\"wp-block-columns is-layout-flex wp-container-core-columns-is-layout-9d6595d7 wp-block-columns-is-layout-flex\">\n<div class=\"wp-block-column wow fadeInUp is-layout-flow wp-block-column-is-layout-flow\">\n<h3 class=\"wp-block-heading\" id=\"h-we-have-the-right-production-optimization-tools\">Disponemos de las herramientas de optimizaci\u00f3n de la producci\u00f3n adecuadas<\/h3>\n<\/div>\n\n\n\n<div class=\"wp-block-column wow fadeInUp anim-delay-300ms is-layout-flow wp-block-column-is-layout-flow\">\n<p>En Zinpro, hemos desarrollado un amplio grupo de herramientas, programas y soluciones que ayudan a mejorar la salud animal y maximizar la productividad. Nuestro equipo de expertos trabajar\u00e1 codo con codo para ayudarle con los retos \u00fanicos de su explotaci\u00f3n.<\/p>\n\n\n\n<div class=\"wp-block-buttons is-layout-flex wp-block-buttons-is-layout-flex\">\n<div class=\"wp-block-button\"><a class=\"wp-block-button__link wp-element-button\" href=\"https:\/\/www.zinpro.com\/es_mx\/performance-solutions\/production-optimization-tools\/\">M\u00e1s Informaci\u00f3n<\/a><\/div>\n<\/div>\n<\/div>\n<\/div>\n<\/div>\n\n\n\n<div class=\"wp-block-group alignfull has-background is-layout-constrained wp-block-group-is-layout-constrained\" style=\"background-color:#f7f7f7\">\n<div class=\"wp-block-cover wow fadeInUp\"><span aria-hidden=\"true\" class=\"wp-block-cover__background has-background-dim-10 has-background-dim\"><\/span><img loading=\"lazy\" decoding=\"async\" width=\"1280\" height=\"400\" class=\"wp-block-cover__image-background wp-image-48118\" alt=\"\" src=\"http:\/\/www.zinpro.com\/wp-content\/uploads\/2023\/04\/solutions-field-experts-1.jpg\" data-object-fit=\"cover\" srcset=\"https:\/\/www.zinpro.com\/wp-content\/uploads\/2023\/04\/solutions-field-experts-1.jpg 1280w, https:\/\/www.zinpro.com\/wp-content\/uploads\/2023\/04\/solutions-field-experts-1-300x94.jpg 300w, https:\/\/www.zinpro.com\/wp-content\/uploads\/2023\/04\/solutions-field-experts-1-1024x320.jpg 1024w, https:\/\/www.zinpro.com\/wp-content\/uploads\/2023\/04\/solutions-field-experts-1-18x6.jpg 18w\" sizes=\"auto, (max-width: 1280px) 100vw, 1280px\" \/><div class=\"wp-block-cover__inner-container is-layout-flow wp-block-cover-is-layout-flow\">\n<h1 class=\"wp-block-heading has-white-color has-text-color translation-block\" id=\"h-the-most-knowledgeable-experts-in-the-field\">Los <br>expertos con m\u00e1s conocimientos del sector<\/h1>\n<\/div><\/div>\n\n\n\n<div class=\"wp-block-group is-layout-constrained wp-container-core-group-is-layout-90ba889e wp-block-group-is-layout-constrained\">\n\n<div id=\"resp-spacer-block_e690006a0610d4f3bde6491cfc5143a4\" class=\"zinpro-spacer-block\"><\/div>\n\n<style>\n#resp-spacer-block_e690006a0610d4f3bde6491cfc5143a4 {\n\tmargin-top: 60px;\n}\n\n@media screen and (max-width: 1366px) {\n\t#resp-spacer-block_e690006a0610d4f3bde6491cfc5143a4 {\n\t\tmargin-top: 40px;\n\t}\n}\n\n@media screen and (max-width: 960px) {\n\t#resp-spacer-block_e690006a0610d4f3bde6491cfc5143a4 {\n\t\tmargin-top: 20px;\n\t}\n}\n<\/style>\n\n\n<h6 class=\"wp-block-heading wow fadeInUp\" id=\"h-we-provide-the-support-you-need-to-keep-your-animals-as-healthy-and-profitable-as-possible-our-dedicated-team-is-always-seeking-the-next-innovation-in-both-science-and-service\">Le proporcionamos el apoyo que necesita para mantener a sus animales lo m\u00e1s sanos y rentables posible. Nuestro entregado equipo busca siempre la pr\u00f3xima innovaci\u00f3n tanto en ciencia como en servicio.<\/h6>\n\n\n\n<div class=\"wp-block-buttons wow fadeInUp is-layout-flex wp-block-buttons-is-layout-flex\">\n<div class=\"wp-block-button\" id=\"wow-fadeInUp\"><a class=\"wp-block-button__link wp-element-button\" href=\"https:\/\/www.zinpro.com\/es_mx\/lets-connect\/\">M\u00e1s Informaci\u00f3n<\/a><\/div>\n<\/div>\n<\/div>\n<\/div>","protected":false},"excerpt":{"rendered":"<p>Not Just Performance Minerals. <br \/>Performance Solutions.<\/p>\n<p>At Zinpro\u00ae, we don\u2019t just provide performance minerals. We provide a full range of products, services and expertise to ensure [&#8230;]<\/p>\n","protected":false},"author":8,"featured_media":0,"parent":0,"menu_order":0,"comment_status":"closed","ping_status":"closed","template":"","meta":{"_acf_changed":false,"_tec_requires_first_save":true,"_eb_attr":"","_uag_custom_page_level_css":"","_EventAllDay":false,"_EventTimezone":"","_EventStartDate":"","_EventEndDate":"","_EventStartDateUTC":"","_EventEndDateUTC":"","_EventShowMap":false,"_EventShowMapLink":false,"_EventURL":"","_EventCost":"","_EventCostDescription":"","_EventCurrencySymbol":"","_EventCurrencyCode":"","_EventCurrencyPosition":"","_EventDateTimeSeparator":"","_EventTimeRangeSeparator":"","_EventOrganizerID":[],"_EventVenueID":[],"_OrganizerEmail":"","_OrganizerPhone":"","_OrganizerWebsite":"","_VenueAddress":"","_VenueCity":"","_VenueCountry":"","_VenueProvince":"","_VenueState":"","_VenueZip":"","_VenuePhone":"","_VenueURL":"","_VenueStateProvince":"","_VenueLat":"","_VenueLng":"","_VenueShowMap":false,"_VenueShowMapLink":false,"_tribe_blocks_recurrence_rules":"","_tribe_blocks_recurrence_description":"","_tribe_blocks_recurrence_exclusions":"","_ecp_custom_2":"","footnotes":""},"class_list":["post-48107","page","type-page","status-publish","hentry"],"acf":[],"yoast_head":"<!-- This site is optimized with the Yoast SEO Premium plugin v27.3 (Yoast SEO v27.3) - https:\/\/yoast.com\/product\/yoast-seo-premium-wordpress\/ -->\n<title>Animal Performance Trace Minerals and Nutrients &#8211; Zinpro\u00ae<\/title>\n<meta name=\"description\" content=\"At Zinpro, we don&#039;t just provide performance trace minerals. We provide a full range of products, services and expertise to ensure your animals get what they need to maximize wellbeing and productivity.\" \/>\n<meta name=\"robots\" content=\"index, follow, max-snippet:-1, max-image-preview:large, max-video-preview:-1\" \/>\n<link rel=\"canonical\" href=\"https:\/\/www.zinpro.com\/es_mx\/performance-solutions\/\" \/>\n<meta property=\"og:locale\" content=\"es_MX\" \/>\n<meta property=\"og:type\" content=\"article\" \/>\n<meta property=\"og:title\" content=\"Animal Performance Trace Minerals and Nutrients &#8211; Zinpro\u00ae\" \/>\n<meta property=\"og:description\" content=\"At Zinpro, we don&#039;t just provide performance trace minerals. We provide a full range of products, services and expertise to ensure your animals get what they need to maximize wellbeing and productivity.\" \/>\n<meta property=\"og:url\" content=\"https:\/\/www.zinpro.com\/es_mx\/performance-solutions\/\" \/>\n<meta property=\"og:site_name\" content=\"Zinpro\u00ae\" \/>\n<meta property=\"article:publisher\" content=\"https:\/\/www.facebook.com\/ZinproCorp\/\" \/>\n<meta property=\"article:modified_time\" content=\"2024-05-15T15:46:41+00:00\" \/>\n<meta property=\"og:image\" content=\"https:\/\/www.zinpro.com\/wp-content\/uploads\/2023\/04\/SolutionsHero.jpg\" \/>\n<meta name=\"twitter:card\" content=\"summary_large_image\" \/>\n<meta name=\"twitter:site\" content=\"@wdolezal\" \/>\n<meta name=\"twitter:label1\" content=\"Tiempo de lectura\" \/>\n\t<meta name=\"twitter:data1\" content=\"3 minutos\" \/>\n<script type=\"application\/ld+json\" class=\"yoast-schema-graph\">{\"@context\":\"https:\\\/\\\/schema.org\",\"@graph\":[{\"@type\":\"WebPage\",\"@id\":\"https:\\\/\\\/www.zinpro.com\\\/performance-solutions\\\/\",\"url\":\"https:\\\/\\\/www.zinpro.com\\\/performance-solutions\\\/\",\"name\":\"Animal Performance Trace Minerals and Nutrients &#8211; Zinpro\u00ae\",\"isPartOf\":{\"@id\":\"https:\\\/\\\/www.zinpro.com\\\/#website\"},\"primaryImageOfPage\":{\"@id\":\"https:\\\/\\\/www.zinpro.com\\\/performance-solutions\\\/#primaryimage\"},\"image\":{\"@id\":\"https:\\\/\\\/www.zinpro.com\\\/performance-solutions\\\/#primaryimage\"},\"thumbnailUrl\":\"https:\\\/\\\/www.zinpro.com\\\/wp-content\\\/uploads\\\/2023\\\/04\\\/SolutionsHero.jpg\",\"datePublished\":\"2023-04-11T20:27:59+00:00\",\"dateModified\":\"2024-05-15T15:46:41+00:00\",\"description\":\"At Zinpro, we don't just provide performance trace minerals. We provide a full range of products, services and expertise to ensure your animals get what they need to maximize wellbeing and productivity.\",\"inLanguage\":\"es\",\"potentialAction\":[{\"@type\":\"ReadAction\",\"target\":[\"https:\\\/\\\/www.zinpro.com\\\/performance-solutions\\\/\"]}]},{\"@type\":\"ImageObject\",\"inLanguage\":\"es\",\"@id\":\"https:\\\/\\\/www.zinpro.com\\\/performance-solutions\\\/#primaryimage\",\"url\":\"https:\\\/\\\/www.zinpro.com\\\/wp-content\\\/uploads\\\/2023\\\/04\\\/SolutionsHero.jpg\",\"contentUrl\":\"https:\\\/\\\/www.zinpro.com\\\/wp-content\\\/uploads\\\/2023\\\/04\\\/SolutionsHero.jpg\"},{\"@type\":\"WebSite\",\"@id\":\"https:\\\/\\\/www.zinpro.com\\\/#website\",\"url\":\"https:\\\/\\\/www.zinpro.com\\\/\",\"name\":\"Zinpro\u00ae\",\"description\":\"\",\"potentialAction\":[{\"@type\":\"SearchAction\",\"target\":{\"@type\":\"EntryPoint\",\"urlTemplate\":\"https:\\\/\\\/www.zinpro.com\\\/?s={search_term_string}\"},\"query-input\":{\"@type\":\"PropertyValueSpecification\",\"valueRequired\":true,\"valueName\":\"search_term_string\"}}],\"inLanguage\":\"es\"}]}<\/script>\n<!-- \/ Yoast SEO Premium plugin. -->","yoast_head_json":{"title":"Oligoelementos y nutrientes para el rendimiento animal - Zinpro","description":"En Zinpro, no s\u00f3lo suministramos oligoelementos de alto rendimiento. Ofrecemos una gama completa de productos, servicios y experiencia para garantizar que sus animales reciban lo que necesitan para maximizar su bienestar y productividad.","robots":{"index":"index","follow":"follow","max-snippet":"max-snippet:-1","max-image-preview":"max-image-preview:large","max-video-preview":"max-video-preview:-1"},"canonical":"https:\/\/www.zinpro.com\/es_mx\/performance-solutions\/","og_locale":"es_MX","og_type":"article","og_title":"Animal Performance Trace Minerals and Nutrients &#8211; Zinpro\u00ae","og_description":"At Zinpro, we don't just provide performance trace minerals. We provide a full range of products, services and expertise to ensure your animals get what they need to maximize wellbeing and productivity.","og_url":"https:\/\/www.zinpro.com\/es_mx\/performance-solutions\/","og_site_name":"Zinpro\u00ae","article_publisher":"https:\/\/www.facebook.com\/ZinproCorp\/","article_modified_time":"2024-05-15T15:46:41+00:00","og_image":[{"url":"https:\/\/www.zinpro.com\/wp-content\/uploads\/2023\/04\/SolutionsHero.jpg","type":"","width":"","height":""}],"twitter_card":"summary_large_image","twitter_site":"@wdolezal","twitter_misc":{"Tiempo de lectura":"3 minutos"},"schema":{"@context":"https:\/\/schema.org","@graph":[{"@type":"WebPage","@id":"https:\/\/www.zinpro.com\/performance-solutions\/","url":"https:\/\/www.zinpro.com\/performance-solutions\/","name":"Oligoelementos y nutrientes para el rendimiento animal - Zinpro","isPartOf":{"@id":"https:\/\/www.zinpro.com\/#website"},"primaryImageOfPage":{"@id":"https:\/\/www.zinpro.com\/performance-solutions\/#primaryimage"},"image":{"@id":"https:\/\/www.zinpro.com\/performance-solutions\/#primaryimage"},"thumbnailUrl":"https:\/\/www.zinpro.com\/wp-content\/uploads\/2023\/04\/SolutionsHero.jpg","datePublished":"2023-04-11T20:27:59+00:00","dateModified":"2024-05-15T15:46:41+00:00","description":"En Zinpro, no s\u00f3lo suministramos oligoelementos de alto rendimiento. Ofrecemos una gama completa de productos, servicios y experiencia para garantizar que sus animales reciban lo que necesitan para maximizar su bienestar y productividad.","inLanguage":"es","potentialAction":[{"@type":"ReadAction","target":["https:\/\/www.zinpro.com\/performance-solutions\/"]}]},{"@type":"ImageObject","inLanguage":"es","@id":"https:\/\/www.zinpro.com\/performance-solutions\/#primaryimage","url":"https:\/\/www.zinpro.com\/wp-content\/uploads\/2023\/04\/SolutionsHero.jpg","contentUrl":"https:\/\/www.zinpro.com\/wp-content\/uploads\/2023\/04\/SolutionsHero.jpg"},{"@type":"WebSite","@id":"https:\/\/www.zinpro.com\/#website","url":"https:\/\/www.zinpro.com\/","name":"Zinpro","description":"","potentialAction":[{"@type":"SearchAction","target":{"@type":"EntryPoint","urlTemplate":"https:\/\/www.zinpro.com\/?s={search_term_string}"},"query-input":{"@type":"PropertyValueSpecification","valueRequired":true,"valueName":"search_term_string"}}],"inLanguage":"es"}]}},"spectra_custom_meta":{"_edit_lock":["1725634570:8"],"_oembed_708cc253cdbaa4bc8081a8ef9ffff158":["<iframe title=\"Zinpro Brand Video\" width=\"640\" height=\"360\" src=\"https:\/\/www.youtube.com\/embed\/XWkNHeZiOGE?feature=oembed\" frameborder=\"0\" allow=\"accelerometer; autoplay; clipboard-write; encrypted-media; gyroscope; picture-in-picture; web-share\" allowfullscreen><\/iframe>"],"_oembed_time_708cc253cdbaa4bc8081a8ef9ffff158":["1681245067"],"_edit_last":["8"],"_yoast_wpseo_content_score":["90"],"_yoast_wpseo_estimated-reading-time-minutes":["3"],"_yoast_wpseo_wordproof_timestamp":[""],"ss_social_share_disable":[""],"_yoast_wpseo_title":["Animal Performance Trace Minerals and Nutrients %%sep%% %%sitename%%"],"_yoast_wpseo_metadesc":["At Zinpro, we don't just provide performance trace minerals. We provide a full range of products, services and expertise to ensure your animals get what they need to maximize wellbeing and productivity."],"_yoast_wpseo_focuskeywords":["[]"],"_yoast_wpseo_keywordsynonyms":["[\"\"]"],"_eb_reusable_block_ids":["a:0:{}"],"_uag_css_file_name":["uag-css-48107.css"],"_uag_page_assets":["a:9:{s:3:\"css\";s:263:\".uag-blocks-common-selector{z-index:var(--z-index-desktop) !important}@media (max-width: 976px){.uag-blocks-common-selector{z-index:var(--z-index-tablet) !important}}@media (max-width: 767px){.uag-blocks-common-selector{z-index:var(--z-index-mobile) !important}}\n\";s:2:\"js\";s:0:\"\";s:18:\"current_block_list\";a:18:{i:0;s:10:\"core\/cover\";i:1;s:12:\"core\/heading\";i:2;s:10:\"core\/group\";i:4;s:12:\"core\/columns\";i:5;s:11:\"core\/column\";i:6;s:14:\"core\/paragraph\";i:7;s:12:\"core\/buttons\";i:8;s:11:\"core\/button\";i:10;s:24:\"zinpro\/responsive-spacer\";i:11;s:11:\"core\/search\";i:12;s:17:\"core\/latest-posts\";i:13;s:20:\"core\/latest-comments\";i:14;s:13:\"core\/archives\";i:15;s:15:\"core\/categories\";i:16;s:17:\"core\/social-links\";i:17;s:16:\"core\/social-link\";i:18;s:11:\"core\/spacer\";i:19;s:10:\"core\/image\";}s:8:\"uag_flag\";b:0;s:11:\"uag_version\";s:10:\"1776448301\";s:6:\"gfonts\";a:0:{}s:10:\"gfonts_url\";s:0:\"\";s:12:\"gfonts_files\";a:0:{}s:14:\"uag_faq_layout\";b:0;}"]},"uagb_featured_image_src":{"full":false,"thumbnail":false,"medium":false,"medium_large":false,"large":false,"gs-tiny":false,"xl":false,"xxl":false,"xxxl":false,"xxxxl":false,"xxxxxl":false,"1536x1536":false,"2048x2048":false,"trp-custom-language-flag":false,"gform-image-choice-sm":false,"gform-image-choice-md":false,"gform-image-choice-lg":false,"menu-24x24":false,"menu-36x36":false,"menu-48x48":false},"uagb_author_info":{"display_name":"Matt Wolleat","author_link":"http:\/\/www.zinpro.com\/es_mx\/resource-center\/author\/mwolleatzinpro-com\/"},"uagb_comment_info":0,"uagb_excerpt":"Not Just Performance Minerals. Performance Solutions. At Zinpro\u00ae, we don\u2019t just provide performance minerals. We provide a full range of products, services and expertise to ensure [...]","_links":{"self":[{"href":"http:\/\/www.zinpro.com\/es_mx\/wp-json\/wp\/v2\/pages\/48107","targetHints":{"allow":["GET"]}}],"collection":[{"href":"http:\/\/www.zinpro.com\/es_mx\/wp-json\/wp\/v2\/pages"}],"about":[{"href":"http:\/\/www.zinpro.com\/es_mx\/wp-json\/wp\/v2\/types\/page"}],"author":[{"embeddable":true,"href":"http:\/\/www.zinpro.com\/es_mx\/wp-json\/wp\/v2\/users\/8"}],"replies":[{"embeddable":true,"href":"http:\/\/www.zinpro.com\/es_mx\/wp-json\/wp\/v2\/comments?post=48107"}],"version-history":[{"count":0,"href":"http:\/\/www.zinpro.com\/es_mx\/wp-json\/wp\/v2\/pages\/48107\/revisions"}],"wp:attachment":[{"href":"http:\/\/www.zinpro.com\/es_mx\/wp-json\/wp\/v2\/media?parent=48107"}],"curies":[{"name":"wp","href":"https:\/\/api.w.org\/{rel}","templated":true}]}}